{"id":5040,"date":"2024-05-17T12:37:42","date_gmt":"2024-05-17T10:37:42","guid":{"rendered":"https:\/\/www.imtlazarus.com\/impressum\/"},"modified":"2026-04-21T15:10:57","modified_gmt":"2026-04-21T13:10:57","slug":"impressum","status":"publish","type":"page","link":"https:\/\/www.imtlazarus.com\/de\/impressum\/","title":{"rendered":"Impressum"},"content":{"rendered":"<p>[et_pb_section fb_built=&#8220;1&#8243; module_class=&#8220;wpt-divi-forms&#8220; _builder_version=&#8220;4.25.1&#8243; _module_preset=&#8220;default&#8220; background_image=&#8220;https:\/\/www.imtlazarus.com\/wp-content\/uploads\/Fondo-Hexagonos.svg&#8220; parallax=&#8220;on&#8220; global_colors_info=&#8220;{}&#8220;][et_pb_row _builder_version=&#8220;4.25.1&#8243; _module_preset=&#8220;default&#8220; global_colors_info=&#8220;{}&#8220;][et_pb_column type=&#8220;4_4&#8243; _builder_version=&#8220;4.25.1&#8243; _module_preset=&#8220;default&#8220; global_colors_info=&#8220;{}&#8220;][et_pb_text _builder_version=&#8220;4.25.1&#8243; _dynamic_attributes=&#8220;content&#8220; _module_preset=&#8220;default&#8220; text_font=&#8220;|700|||||||&#8220; text_font_size=&#8220;30px&#8220; text_orientation=&#8220;center&#8220; global_colors_info=&#8220;{}&#8220; custom_margin=&#8220;||30px||false|false&#8220;]@ET-DC@eyJkeW5hbWljIjp0cnVlLCJjb250ZW50IjoicG9zdF90aXRsZSIsInNldHRpbmdzIjp7ImJlZm9yZSI6IiIsImFmdGVyIjoiIiwiZW5hYmxlX2h0bWwiOiJvZmYifX0=@[\/et_pb_text][\/et_pb_column][\/et_pb_row][et_pb_row _builder_version=&#8220;4.25.1&#8243; _module_preset=&#8220;default&#8220; custom_padding=&#8220;30px|30px|30px|30px|true|true&#8220; filter_opacity=&#8220;75%&#8220; global_colors_info=&#8220;{}&#8220; background_color=&#8220;#FFFFFF&#8220; border_radii=&#8220;on|12px|12px|12px|12px&#8220; box_shadow_style=&#8220;preset2&#8243;][et_pb_column type=&#8220;4_4&#8243; _builder_version=&#8220;4.25.1&#8243; _module_preset=&#8220;default&#8220; global_colors_info=&#8220;{}&#8220;][et_pb_text _builder_version=&#8220;4.25.1&#8243; _module_preset=&#8220;default&#8220; global_colors_info=&#8220;{}&#8220;]<\/p>\n<p style=\"text-align: justify;\">Diese Website ist Eigentum der LAZARUS INTEGRACI\u00d3N, S.L. Ihr Zweck ist es, unseren Kunden sowie allen anderen Nutzern Informationen \u00fcber die Produkte und Dienstleistungen der LAZARUS INTEGRACI\u00d3N, S.L. bereitzustellen.<\/p>\n<p style=\"text-align: justify;\">Bitte lesen Sie die folgenden Informationen sorgf\u00e4ltig durch, bevor Sie diese Website nutzen, da die Nutzung der Website den folgenden Nutzungsbedingungen unterliegt:<\/p>\n<p style=\"text-align: justify;\">I. Der gesamte Inhalt der Website ist durch die gewerblichen und geistigen Eigentumsrechte von LAZARUS INTEGRACI\u00d3N, S.L. oder gegebenenfalls deren Lizenzen gesch\u00fctzt, die der Nutzer dieser Website respektieren muss.<\/p>\n<p style=\"text-align: justify;\">II. Die Vervielf\u00e4ltigung, Kopie, Verwendung, Verteilung, Vermarktung, \u00f6ffentliche Kommunikation oder jede andere Aktivit\u00e4t, die mit den auf diesen Webseiten enthaltenen Informationen durchgef\u00fchrt werden kann und ohne ausdr\u00fcckliche Genehmigung von LAZARUS INTEGRATION, S.L. und\/oder der Inhaber der Marken ist eine Verletzung, die nach geltendem Recht bestraft wird. <\/p>\n<p style=\"text-align: justify;\">III. Die vollst\u00e4ndige oder teilweise Vervielf\u00e4ltigung, Kopie, Verwendung, Verteilung, Vermarktung, \u00f6ffentliche Kommunikation oder jede andere T\u00e4tigkeit, die mit den auf diesen Webseiten enthaltenen Informationen durchgef\u00fchrt werden kann, ist ohne ausdr\u00fcckliche Genehmigung von LAZARUS INTEGRATION untersagt, S.L. und der Markeninhaber. <\/p>\n<p style=\"text-align: justify;\">IV. Die auf diesen Seiten gezeigten Namen und Logos sind eingetragene Warenzeichen, Eigentum von LAZARUS INTEGRACI\u00d3N, S.L. <\/p>\n<p style=\"text-align: justify;\">V. ist eine registrierte Domain von LAZARUS INTEGRACI\u00d3N, S.L., die Domains von LAZARUS INTEGRACI\u00d3N, S.L. d\u00fcrfen nicht in Verbindung mit anderen Produkten oder Dienstleistungen verwendet werden, die nicht zu LAZARUS INTEGRACI\u00d3N geh\u00f6ren, S.L., und dass unter keinen Umst\u00e4nden zu Verwirrung bei den Nutzern oder einer Diskreditierung von LAZARUS INTEGRACI\u00d3N, S.L. f\u00fchren kann<\/p>\n<p style=\"text-align: justify;\">VI. LAZARUS INTEGRACI\u00d3N, S.L. lehnt jede Haftung ab, die sich aus dem Missbrauch der auf diesen Seiten dargestellten Inhalte ergibt und beh\u00e4lt sich das Recht vor, diese jederzeit zu aktualisieren, zu entfernen, einzuschr\u00e4nken oder Ihren Zugang vor\u00fcbergehend oder dauerhaft zu beschr\u00e4nken. <\/p>\n<p style=\"text-align: justify;\">VII. LAZARUS INTEGRATION, SL ist nicht verantwortlich f\u00fcr m\u00f6gliche Sicherheitsfehler, die durch die Verwendung von mit Computerviren infizierten Computern entstehen k\u00f6nnen oder f\u00fcr die Folgen, die sich aus der Fehlfunktion des Browsers oder durch die Verwendung nicht aktualisierter Versionen davon ergeben k\u00f6nnen. <\/p>\n<p style=\"text-align: justify;\">VIII. LAZARUS INTEGRACI\u00d3N, S.L. beh\u00e4lt sich das Recht vor, jederzeit und ohne vorherige Ank\u00fcndigung \u00c4nderungen oder Aktualisierungen an den auf ihrer Website enthaltenen Informationen vorzunehmen. <\/p>\n<p style=\"text-align: justify;\">IX. Um einige der auf dieser Website angebotenen Dienstleistungen nutzen zu k\u00f6nnen, m\u00fcssen die Nutzer LAZARUS INTEGRACI\u00d3N, S.L. bestimmte personenbezogene Daten zur Verf\u00fcgung stellen. LAZARUS INTEGRACI\u00d3N, S.L. verpflichtet sich daher, die Vertraulichkeit dieser Daten gem\u00e4\u00df den Bestimmungen der DSGVO zu wahren. (EU) 2016\/679 und LOPDGDD 03\/2018 vom 5. Dezember und in \u00dcbereinstimmung mit dem Gesetz 34\/2002 vom 11. Juli \u00fcber die Dienstleistungen der Informationsgesellschaft und den elektronischen Gesch\u00e4ftsverkehr bez\u00fcglich des Versands kommerzieller Mitteilungen (<a href=\"https:\/\/imtlazarus.com\/politica-de-privacidad\/\">Datenschutzrichtlinie<\/a>). <\/p>\n<p style=\"text-align: justify;\">X. Der Nutzer ist sich bewusst und akzeptiert freiwillig, dass sowohl der Zugriff auf die Website als auch die Nutzung jeglicher darin enthaltener Inhalte in jedem Fall unter seiner alleinigen und ausschlie\u00dflichen Verantwortung erfolgt und dass er verpflichtet ist, diese gem\u00e4\u00df den gesetzlichen Bestimmungen zu nutzen. die Nutzungen des Verkehrs und die vorliegenden Bedingungen, so dass Sie gegen\u00fcber LAZARUS INTEGRACI\u00d3N, S.L. oder gegen\u00fcber Dritten f\u00fcr alle Sch\u00e4den haften, die durch die Verletzung dieser Verpflichtungen verursacht werden k\u00f6nnten.<\/p>\n<p style=\"text-align: justify;\">FIRMENINFORMATIONEN:<br \/>Gesch\u00e4ftssitz:<br \/>LAZARUS INTEGRATION, S.L.<br \/>PL. DEL BOMBERO ETXANIZ, 4. 48010 BILBAO &#8211; BIZKAIA &#8211; Spanien<br \/>Tel. 944377801  <\/p>\n<p style=\"text-align: justify;\">CIF: B95843744<br \/>Eingetragen im Handelsregister von BIZKAIA, Band 5608, Blatt 0, Blatt BI-68012, Blatt 197 Abschnitt 8.<br \/>Das Logo LAZARUS INTEGRATION, S.L. ist eine eingetragene Marke.<br \/>Website: www.imtlazarus.com<\/p>\n<p>[\/et_pb_text][\/et_pb_column][\/et_pb_row][\/et_pb_section]<\/p>\n","protected":false},"excerpt":{"rendered":"<p>Diese Website ist Eigentum der LAZARUS INTEGRACI\u00d3N, S.L. Ihr Zweck ist es, unseren Kunden sowie allen anderen Nutzern Informationen \u00fcber die Produkte und Dienstleistungen der LAZARUS INTEGRACI\u00d3N, S.L. bereitzustellen. Bitte lesen Sie die folgenden Informationen sorgf\u00e4ltig durch, bevor Sie diese Website nutzen, da die Nutzung der Website den folgenden Nutzungsbedingungen unterliegt: I. Der gesamte Inhalt [&hellip;]<\/p>\n","protected":false},"author":1,"featured_media":0,"parent":0,"menu_order":0,"comment_status":"closed","ping_status":"closed","template":"","meta":{"_et_pb_use_builder":"on","_et_pb_old_content":"","_et_gb_content_width":"","content-type":"","inline_featured_image":false,"footnotes":""},"class_list":["post-5040","page","type-page","status-publish","hentry"],"yoast_head":"<!-- This site is optimized with the Yoast SEO plugin v26.2 - https:\/\/yoast.com\/wordpress\/plugins\/seo\/ -->\n<title>Impressum - IMTLazarus<\/title>\n<meta name=\"robots\" content=\"index, follow, max-snippet:-1, max-image-preview:large, max-video-preview:-1\" \/>\n<link rel=\"canonical\" href=\"https:\/\/www.imtlazarus.com\/de\/impressum\/\" \/>\n<meta property=\"og:locale\" content=\"de_DE\" \/>\n<meta property=\"og:type\" content=\"article\" \/>\n<meta property=\"og:title\" content=\"Impressum - IMTLazarus\" \/>\n<meta property=\"og:description\" content=\"Diese Website ist Eigentum der LAZARUS INTEGRACI\u00d3N, S.L. Ihr Zweck ist es, unseren Kunden sowie allen anderen Nutzern Informationen \u00fcber die Produkte und Dienstleistungen der LAZARUS INTEGRACI\u00d3N, S.L. bereitzustellen. Bitte lesen Sie die folgenden Informationen sorgf\u00e4ltig durch, bevor Sie diese Website nutzen, da die Nutzung der Website den folgenden Nutzungsbedingungen unterliegt: I. Der gesamte Inhalt [&hellip;]\" \/>\n<meta property=\"og:url\" content=\"https:\/\/www.imtlazarus.com\/de\/impressum\/\" \/>\n<meta property=\"og:site_name\" content=\"IMTLazarus\" \/>\n<meta property=\"article:modified_time\" content=\"2026-04-21T13:10:57+00:00\" \/>\n<meta name=\"twitter:card\" content=\"summary_large_image\" \/>\n<meta name=\"twitter:label1\" content=\"Gesch\u00e4tzte Lesezeit\" \/>\n\t<meta name=\"twitter:data1\" content=\"4\u00a0Minuten\" \/>\n<script type=\"application\/ld+json\" class=\"yoast-schema-graph\">{\"@context\":\"https:\/\/schema.org\",\"@graph\":[{\"@type\":\"WebPage\",\"@id\":\"https:\/\/www.imtlazarus.com\/de\/impressum\/\",\"url\":\"https:\/\/www.imtlazarus.com\/de\/impressum\/\",\"name\":\"Impressum - IMTLazarus\",\"isPartOf\":{\"@id\":\"https:\/\/www.imtlazarus.com\/#website\"},\"datePublished\":\"2024-05-17T10:37:42+00:00\",\"dateModified\":\"2026-04-21T13:10:57+00:00\",\"breadcrumb\":{\"@id\":\"https:\/\/www.imtlazarus.com\/de\/impressum\/#breadcrumb\"},\"inLanguage\":\"de\",\"potentialAction\":[{\"@type\":\"ReadAction\",\"target\":[\"https:\/\/www.imtlazarus.com\/de\/impressum\/\"]}]},{\"@type\":\"BreadcrumbList\",\"@id\":\"https:\/\/www.imtlazarus.com\/de\/impressum\/#breadcrumb\",\"itemListElement\":[{\"@type\":\"ListItem\",\"position\":1,\"name\":\"Portada\",\"item\":\"https:\/\/www.imtlazarus.com\/de\/imtlazarus-oekosystem\/\"},{\"@type\":\"ListItem\",\"position\":2,\"name\":\"Impressum\"}]},{\"@type\":\"WebSite\",\"@id\":\"https:\/\/www.imtlazarus.com\/#website\",\"url\":\"https:\/\/www.imtlazarus.com\/\",\"name\":\"IMTLazarus\",\"description\":\"\",\"potentialAction\":[{\"@type\":\"SearchAction\",\"target\":{\"@type\":\"EntryPoint\",\"urlTemplate\":\"https:\/\/www.imtlazarus.com\/?s={search_term_string}\"},\"query-input\":{\"@type\":\"PropertyValueSpecification\",\"valueRequired\":true,\"valueName\":\"search_term_string\"}}],\"inLanguage\":\"de\"}]}<\/script>\n<!-- \/ Yoast SEO plugin. -->","yoast_head_json":{"title":"Impressum - IMTLazarus","robots":{"index":"index","follow":"follow","max-snippet":"max-snippet:-1","max-image-preview":"max-image-preview:large","max-video-preview":"max-video-preview:-1"},"canonical":"https:\/\/www.imtlazarus.com\/de\/impressum\/","og_locale":"de_DE","og_type":"article","og_title":"Impressum - IMTLazarus","og_description":"Diese Website ist Eigentum der LAZARUS INTEGRACI\u00d3N, S.L. Ihr Zweck ist es, unseren Kunden sowie allen anderen Nutzern Informationen \u00fcber die Produkte und Dienstleistungen der LAZARUS INTEGRACI\u00d3N, S.L. bereitzustellen. Bitte lesen Sie die folgenden Informationen sorgf\u00e4ltig durch, bevor Sie diese Website nutzen, da die Nutzung der Website den folgenden Nutzungsbedingungen unterliegt: I. Der gesamte Inhalt [&hellip;]","og_url":"https:\/\/www.imtlazarus.com\/de\/impressum\/","og_site_name":"IMTLazarus","article_modified_time":"2026-04-21T13:10:57+00:00","twitter_card":"summary_large_image","twitter_misc":{"Gesch\u00e4tzte Lesezeit":"4\u00a0Minuten"},"schema":{"@context":"https:\/\/schema.org","@graph":[{"@type":"WebPage","@id":"https:\/\/www.imtlazarus.com\/de\/impressum\/","url":"https:\/\/www.imtlazarus.com\/de\/impressum\/","name":"Impressum - IMTLazarus","isPartOf":{"@id":"https:\/\/www.imtlazarus.com\/#website"},"datePublished":"2024-05-17T10:37:42+00:00","dateModified":"2026-04-21T13:10:57+00:00","breadcrumb":{"@id":"https:\/\/www.imtlazarus.com\/de\/impressum\/#breadcrumb"},"inLanguage":"de","potentialAction":[{"@type":"ReadAction","target":["https:\/\/www.imtlazarus.com\/de\/impressum\/"]}]},{"@type":"BreadcrumbList","@id":"https:\/\/www.imtlazarus.com\/de\/impressum\/#breadcrumb","itemListElement":[{"@type":"ListItem","position":1,"name":"Portada","item":"https:\/\/www.imtlazarus.com\/de\/imtlazarus-oekosystem\/"},{"@type":"ListItem","position":2,"name":"Impressum"}]},{"@type":"WebSite","@id":"https:\/\/www.imtlazarus.com\/#website","url":"https:\/\/www.imtlazarus.com\/","name":"IMTLazarus","description":"","potentialAction":[{"@type":"SearchAction","target":{"@type":"EntryPoint","urlTemplate":"https:\/\/www.imtlazarus.com\/?s={search_term_string}"},"query-input":{"@type":"PropertyValueSpecification","valueRequired":true,"valueName":"search_term_string"}}],"inLanguage":"de"}]}},"_links":{"self":[{"href":"https:\/\/www.imtlazarus.com\/de\/wp-json\/wp\/v2\/pages\/5040","targetHints":{"allow":["GET"]}}],"collection":[{"href":"https:\/\/www.imtlazarus.com\/de\/wp-json\/wp\/v2\/pages"}],"about":[{"href":"https:\/\/www.imtlazarus.com\/de\/wp-json\/wp\/v2\/types\/page"}],"author":[{"embeddable":true,"href":"https:\/\/www.imtlazarus.com\/de\/wp-json\/wp\/v2\/users\/1"}],"replies":[{"embeddable":true,"href":"https:\/\/www.imtlazarus.com\/de\/wp-json\/wp\/v2\/comments?post=5040"}],"version-history":[{"count":2,"href":"https:\/\/www.imtlazarus.com\/de\/wp-json\/wp\/v2\/pages\/5040\/revisions"}],"predecessor-version":[{"id":5042,"href":"https:\/\/www.imtlazarus.com\/de\/wp-json\/wp\/v2\/pages\/5040\/revisions\/5042"}],"wp:attachment":[{"href":"https:\/\/www.imtlazarus.com\/de\/wp-json\/wp\/v2\/media?parent=5040"}],"curies":[{"name":"wp","href":"https:\/\/api.w.org\/{rel}","templated":true}]}}