{"id":5071,"date":"2025-12-23T12:11:56","date_gmt":"2025-12-23T11:11:56","guid":{"rendered":"https:\/\/www.imtlazarus.com\/android-mdm\/"},"modified":"2026-04-22T16:20:51","modified_gmt":"2026-04-22T14:20:51","slug":"android-mdm","status":"publish","type":"page","link":"https:\/\/www.imtlazarus.com\/de\/android-mdm\/","title":{"rendered":"Android MDM"},"content":{"rendered":"<p>[et_pb_section fb_built=&#8220;1&#8243; theme_builder_area=&#8220;post_content&#8220; _builder_version=&#8220;4.27.5&#8243; _module_preset=&#8220;default&#8220; min_height=&#8220;410px&#8220; title_text=&#8220;android_mdm&#8220; background_image=&#8220;https:\/\/www.imtlazarus.com\/wp-content\/uploads\/android_mdm-scaled.png&#8220; hover_enabled=&#8220;0&#8243; sticky_enabled=&#8220;0&#8243;][\/et_pb_section][et_pb_section fb_built=&#8220;1&#8243; admin_label=&#8220;Fondo hex\u00e1gonos&#8220; module_class=&#8220;wpt-divi-forms wpt-divi-forms wpt-divi-forms wpt-divi-forms wpt-divi-forms wpt-divi-forms wpt-divi-forms wpt-divi-forms wpt-divi-forms&#8220; _builder_version=&#8220;4.27.4&#8243; _module_preset=&#8220;default&#8220; background_color=&#8220;rgba(233,241,254,0.2025)&#8220; background_enable_image=&#8220;off&#8220; height=&#8220;1140px&#8220; global_colors_info=&#8220;{}&#8220;][\/et_pb_section][et_pb_section fb_built=&#8220;1&#8243; admin_label=&#8220;Contenido&#8220; module_class=&#8220;wpt-divi-forms wpt-divi-forms wpt-divi-forms wpt-divi-forms wpt-divi-forms wpt-divi-forms wpt-divi-forms wpt-divi-forms wpt-divi-forms&#8220; _builder_version=&#8220;4.27.4&#8243; _module_preset=&#8220;default&#8220; background_color=&#8220;RGBA(255,255,255,0)&#8220; background_image=&#8220;https:\/\/www.imtlazarus.com\/wp-content\/uploads\/Fondo-Hexagonos.png&#8220; parallax=&#8220;on&#8220; custom_margin=&#8220;-1124px||||false|false&#8220; custom_padding=&#8220;19px||0px|||&#8220; global_colors_info=&#8220;{}&#8220;][et_pb_row column_structure=&#8220;1_3,2_3&#8243; _builder_version=&#8220;4.25.1&#8243; _module_preset=&#8220;default&#8220; custom_margin=&#8220;20px||||false|false&#8220; global_colors_info=&#8220;{}&#8220;][et_pb_column type=&#8220;1_3&#8243; _builder_version=&#8220;4.25.0&#8243; _module_preset=&#8220;default&#8220; global_colors_info=&#8220;{}&#8220;][et_pb_image src=&#8220;https:\/\/www.imtlazarus.com\/wp-content\/uploads\/IMTAndroid-MDM-H-Colour-1.svg&#8220; title_text=&#8220;IMTAndroid MDM H Colour (1)&#8220; align=&#8220;center&#8220; _builder_version=&#8220;4.27.4&#8243; _module_preset=&#8220;default&#8220; module_alignment=&#8220;center&#8220; custom_margin=&#8220;-10px||10px||false|false&#8220; global_colors_info=&#8220;{}&#8220;][\/et_pb_image][\/et_pb_column][et_pb_column type=&#8220;2_3&#8243; _builder_version=&#8220;4.25.0&#8243; _module_preset=&#8220;default&#8220; global_colors_info=&#8220;{}&#8220;][et_pb_text _builder_version=&#8220;4.25.1&#8243; _module_preset=&#8220;default&#8220; global_colors_info=&#8220;{}&#8220;]<\/p>\n<h1><strong>Android MDM<\/strong><\/h1>\n<h3><strong>Mobile Ger\u00e4teverwaltung<\/strong><\/h3>\n<p>&nbsp;<\/p>\n<p>[\/et_pb_text][\/et_pb_column][\/et_pb_row][et_pb_row column_structure=&#8220;1_3,2_3&#8243; _builder_version=&#8220;4.25.0&#8243; _module_preset=&#8220;default&#8220; global_colors_info=&#8220;{}&#8220;][et_pb_column type=&#8220;1_3&#8243; _builder_version=&#8220;4.25.0&#8243; _module_preset=&#8220;default&#8220; global_colors_info=&#8220;{}&#8220;][et_pb_text _builder_version=&#8220;4.27.4&#8243; _module_preset=&#8220;default&#8220; text_font=&#8220;|600|||||||&#8220; text_text_color=&#8220;#FFFFFF&#8220; background_color=&#8220;#242424&#8243; custom_margin=&#8220;||||false|false&#8220; custom_padding=&#8220;20px|20px|20px|20px|false|true&#8220; border_radii=&#8220;off|12px|12px||&#8220; border_width_all=&#8220;3px&#8220; border_color_all=&#8220;#FFFFFF&#8220; global_colors_info=&#8220;{}&#8220;]<\/p>\n<p>Automatische Registrierung (ZTE)<\/p>\n<p>[\/et_pb_text][et_pb_text _builder_version=&#8220;4.27.4&#8243; _module_preset=&#8220;default&#8220; text_font=&#8220;|600|||||||&#8220; text_text_color=&#8220;#FFFFFF&#8220; background_color=&#8220;#6B6B6B&#8220; custom_margin=&#8220;-35px||||false|false&#8220; custom_padding=&#8220;20px|20px|20px|20px|true|true&#8220; border_radii=&#8220;off|12px|12px||&#8220; border_width_all=&#8220;3px&#8220; border_color_all=&#8220;#FFFFFF&#8220; global_colors_info=&#8220;{}&#8220;]<\/p>\n<p>Android Enterprise f\u00fcr Bildungseinrichtungen<\/p>\n<p>[\/et_pb_text][et_pb_text _builder_version=&#8220;4.27.4&#8243; _module_preset=&#8220;default&#8220; text_font=&#8220;|600|||||||&#8220; text_text_color=&#8220;#FFFFFF&#8220; background_color=&#8220;#B3B3B3&#8243; custom_margin=&#8220;-35px||||false|false&#8220; custom_padding=&#8220;20px|20px|20px|20px|true|true&#8220; border_radii=&#8220;on|12px|12px|12px|12px&#8220; border_width_all=&#8220;3px&#8220; border_color_all=&#8220;#FFFFFF&#8220; global_colors_info=&#8220;{}&#8220;]<\/p>\n<p>Sicherer Browser (Der Vorteil von IMT)<\/p>\n<p>[\/et_pb_text][et_pb_text _builder_version=&#8220;4.27.4&#8243; _module_preset=&#8220;default&#8220; text_font=&#8220;|600|||||||&#8220; text_text_color=&#8220;#FFFFFF&#8220; background_color=&#8220;#D6D6D6&#8243; custom_margin=&#8220;-35px||||false|false&#8220; custom_padding=&#8220;20px|20px|20px|20px|true|true&#8220; border_radii=&#8220;on|12px|12px|12px|12px&#8220; border_width_all=&#8220;3px&#8220; border_color_all=&#8220;#FFFFFF&#8220; global_colors_info=&#8220;{}&#8220;]<\/p>\n<p>Android Kiosk-Modus<\/p>\n<p>[\/et_pb_text][\/et_pb_column][et_pb_column type=&#8220;2_3&#8243; _builder_version=&#8220;4.25.0&#8243; _module_preset=&#8220;default&#8220; global_colors_info=&#8220;{}&#8220;][et_pb_text _builder_version=&#8220;4.27.4&#8243; _module_preset=&#8220;default&#8220; background_color=&#8220;#FFFFFF&#8220; custom_padding=&#8220;20px|20px|20px|20px|true|true&#8220; border_radii=&#8220;on|12px|12px|12px|12px&#8220; box_shadow_style=&#8220;preset2&#8243; global_colors_info=&#8220;{}&#8220;]<\/p>\n<p>Erm\u00f6glicht IT-Teams in Bildungseinrichtungen die Kontrolle und Sicherung von Android-basierten Smartphones und Tablets.<\/p>\n<p><a href=\"https:\/\/www.imtlazarus.com\/wp-content\/uploads\/Hexa-IMT4family.svg\"><img loading=\"lazy\" decoding=\"async\" src=\"https:\/\/www.imtlazarus.com\/wp-content\/uploads\/Hexa-Android-MDM.svg\" width=\"122\" height=\"122\" alt=\"\" class=\"wp-image-2664 alignnone size-medium\" style=\"display: block; margin-left: auto; margin-right: auto;\"><\/a><\/p>\n<p>[\/et_pb_text][\/et_pb_column][\/et_pb_row][et_pb_row _builder_version=&#8220;4.25.0&#8243; _module_preset=&#8220;default&#8220; global_colors_info=&#8220;{}&#8220;][et_pb_column type=&#8220;4_4&#8243; _builder_version=&#8220;4.25.0&#8243; _module_preset=&#8220;default&#8220; global_colors_info=&#8220;{}&#8220;][et_pb_divider color=&#8220;#000000&#8243; divider_position=&#8220;center&#8220; _builder_version=&#8220;4.27.4&#8243; _module_preset=&#8220;default&#8220; global_colors_info=&#8220;{}&#8220;][\/et_pb_divider][et_pb_text _builder_version=&#8220;4.27.4&#8243; _module_preset=&#8220;default&#8220; text_text_color=&#8220;#474747&#8243; header_text_color=&#8220;#474747&#8243; custom_padding=&#8220;0px|20px|0px|20px|false|true&#8220; global_colors_info=&#8220;{}&#8220;]<\/p>\n<h1><strong>Automatische Registrierung (Zero-Touch Enrollment &#8211; ZTE)<\/strong><\/h1>\n<p>[\/et_pb_text][et_pb_text _builder_version=&#8220;4.27.4&#8243; _module_preset=&#8220;default&#8220; custom_padding=&#8220;|20px||20px|false|true&#8220; global_colors_info=&#8220;{}&#8220;]<\/p>\n<p data-path-to-node=\"3\"><b data-path-to-node=\"3\" data-index-in-node=\"0\">Nahtlose Skalierbarkeit f\u00fcr regionale Implementierungen:<\/b> Implementieren Sie schuleigene Ger\u00e4te in ganzen Regionen ohne manuellen Eingriff. Unsere Integration mit ZTE stellt sicher, dass ein Ger\u00e4t, sobald ein Sch\u00fcler sein Tablet einschaltet, bereits durch die Sicherheitsrichtlinien der Schule gesch\u00fctzt ist. <\/p>\n<p data-path-to-node=\"3\">\n<ul>\n<li style=\"list-style-type: none;\">\n<ul>\n<li style=\"list-style-type: none;\">\n<ul>\n<li data-path-to-node=\"4,0,0\"><b data-path-to-node=\"4,0,0\" data-index-in-node=\"0\">Agnostische Integration:<\/b> Funktioniert mit jeder Android-Hardware und bietet eine standardisierte Konfiguration f\u00fcr heterogene Ger\u00e4teflotten.<\/li>\n<li data-path-to-node=\"4,1,0\"><b data-path-to-node=\"4,1,0\" data-index-in-node=\"0\">Dauerhafter Schutz:<\/b> Verwaltungsprofile bleiben auch nach einem Werksreset aktiv und verhindern eine unbefugte \u201eEntkopplung\u201c.<\/li>\n<li data-path-to-node=\"4,2,0\"><b data-path-to-node=\"4,2,0\" data-index-in-node=\"0\">Keine Reibung f\u00fcr die IT:<\/b> Automatisiert die Wi-Fi-Konfiguration, die App-Verteilung und die Sicherheitszertifikate, sodass Ger\u00e4te innerhalb weniger Minuten \u201ebereit f\u00fcr den Unterricht\u201c sind.<\/li>\n<\/ul>\n<\/li>\n<\/ul>\n<\/li>\n<\/ul>\n<p>[\/et_pb_text][\/et_pb_column][\/et_pb_row][et_pb_row _builder_version=&#8220;4.25.0&#8243; _module_preset=&#8220;default&#8220; global_colors_info=&#8220;{}&#8220;][et_pb_column type=&#8220;4_4&#8243; _builder_version=&#8220;4.25.0&#8243; _module_preset=&#8220;default&#8220; global_colors_info=&#8220;{}&#8220;][et_pb_divider color=&#8220;#000000&#8243; divider_position=&#8220;center&#8220; _builder_version=&#8220;4.27.4&#8243; _module_preset=&#8220;default&#8220; global_colors_info=&#8220;{}&#8220;][\/et_pb_divider][et_pb_text _builder_version=&#8220;4.27.4&#8243; _module_preset=&#8220;default&#8220; header_text_color=&#8220;#474747&#8243; custom_padding=&#8220;0px|20px||20px|false|true&#8220; global_colors_info=&#8220;{}&#8220;]<\/p>\n<h1><strong>Android Enterprise f\u00fcr Bildungseinrichtungen<\/strong><\/h1>\n<p>[\/et_pb_text][et_pb_text _builder_version=&#8220;4.27.4&#8243; _module_preset=&#8220;default&#8220; background_color=&#8220;RGBA(255,255,255,0)&#8220; custom_padding=&#8220;0px|20px||20px|false|true&#8220; global_colors_info=&#8220;{}&#8220;]<\/p>\n<p data-path-to-node=\"6\"><b data-path-to-node=\"6\" data-index-in-node=\"0\">F\u00f6rderung der digitalen B\u00fcrgerschaft durch verwaltete Umgebungen:<\/b> IMTLazarus nutzt das Android Enterprise-\u00d6kosystem, um einen sicheren und \u00fcberwachten Raum zu schaffen, in dem Sch\u00fcler Technologie verantwortungsvoll erkunden k\u00f6nnen.<\/p>\n<ul>\n<li style=\"list-style-type: none;\">\n<ul>\n<li style=\"list-style-type: none;\">\n<ul data-path-to-node=\"7\">\n<li>\n<p data-path-to-node=\"7,0,0\"><b data-path-to-node=\"7,0,0\" data-index-in-node=\"0\">Managed Google Play:<\/b> Ausgew\u00e4hlte App-Stores, die es Lehrern erm\u00f6glichen, Bildungstools zu verteilen, w\u00e4hrend ablenkende oder unangemessene Apps blockiert werden.<\/p>\n<\/li>\n<li>\n<p data-path-to-node=\"7,1,0\"><b data-path-to-node=\"7,1,0\" data-index-in-node=\"0\">Arbeitsprofil f\u00fcr BYOD:<\/b> In 1:1-Programmen bleiben Schuldaten sicher und vom pers\u00f6nlichen Gebrauch getrennt, wodurch die Privatsph\u00e4re der Sch\u00fcler zu Hause respektiert und gleichzeitig der Fokus w\u00e4hrend der Schulzeit erhalten bleibt.<\/p>\n<\/li>\n<li>\n<p data-path-to-node=\"7,2,0\"><b data-path-to-node=\"7,2,0\" data-index-in-node=\"0\">OEMConfig-F\u00e4higkeit:<\/b> Granulare Kontrolle \u00fcber Hardwarefunktionen (Kamera, Bluetooth usw.), speziell f\u00fcr schulische Umgebungen entwickelt.<\/p>\n<\/li>\n<\/ul>\n<\/li>\n<\/ul>\n<\/li>\n<\/ul>\n<p><span style=\"font-weight: 400;\"><\/span><\/p>\n<p><span style=\"font-weight: 400;\"><\/span><\/p>\n<p><span style=\"font-weight: 400;\"><\/span><\/p>\n<p><span style=\"font-weight: 400;\"><\/span><\/p>\n<p>[\/et_pb_text][\/et_pb_column][\/et_pb_row][et_pb_row _builder_version=&#8220;4.25.0&#8243; _module_preset=&#8220;default&#8220; global_colors_info=&#8220;{}&#8220;][et_pb_column type=&#8220;4_4&#8243; _builder_version=&#8220;4.25.0&#8243; _module_preset=&#8220;default&#8220; global_colors_info=&#8220;{}&#8220;][et_pb_divider color=&#8220;#000000&#8243; divider_position=&#8220;center&#8220; _builder_version=&#8220;4.27.4&#8243; _module_preset=&#8220;default&#8220; global_colors_info=&#8220;{}&#8220;][\/et_pb_divider][et_pb_text _builder_version=&#8220;4.27.4&#8243; _module_preset=&#8220;default&#8220; header_text_color=&#8220;#474747&#8243; custom_padding=&#8220;0px|20px||20px|false|true&#8220; global_colors_info=&#8220;{}&#8220;]<\/p>\n<h1><strong>Sicherer Browser (Der Vorteil von IMT)<\/strong><\/h1>\n<p>[\/et_pb_text][et_pb_text _builder_version=&#8220;4.27.4&#8243; _module_preset=&#8220;default&#8220; background_color=&#8220;RGBA(255,255,255,0)&#8220; custom_padding=&#8220;0px|20px||20px|false|true&#8220; global_colors_info=&#8220;{}&#8220;]<\/p>\n<p data-path-to-node=\"9\"><b data-path-to-node=\"9\" data-index-in-node=\"0\">Mehr als nur Blockieren: Proaktive Sicherheit und Konzentration:<\/b> Unsere patentierte Filtertechnologie geht \u00fcber herk\u00f6mmliche MDMs hinaus. Wir bieten die f\u00fcr Bildungsministerien grundlegende \u201eSicherheit\u201c, indem wir gew\u00e4hrleisten, dass Sch\u00fcler nur Inhalte sehen, die f\u00fcr ihre Ausbildung relevant sind. <\/p>\n<p data-path-to-node=\"9\">\n<ul>\n<li style=\"list-style-type: none;\">\n<ul>\n<li style=\"list-style-type: none;\">\n<ul data-path-to-node=\"10\">\n<li>\n<p data-path-to-node=\"10,0,0\"><b data-path-to-node=\"10,0,0\" data-index-in-node=\"0\">Granulare Webfilterung:<\/b> Kategorienbasierte Filterung (Pornografie, Malware usw.) und tiefgehende YouTube-Filterung nach Stichwort oder Kanal.<\/p>\n<\/li>\n<li>\n<p data-path-to-node=\"10,1,0\"><b data-path-to-node=\"10,1,0\" data-index-in-node=\"0\">Echtzeit-Sichtbarkeit f\u00fcr Lehrer:<\/b> Lehrkr\u00e4fte k\u00f6nnen den Status der Tabs und die Aktivit\u00e4t der Sch\u00fcler einsehen, um sicherzustellen, dass diese sich auf den Unterricht konzentrieren.<\/p>\n<\/li>\n<li>\n<p data-path-to-node=\"10,2,0\"><b data-path-to-node=\"10,2,0\" data-index-in-node=\"0\">Einhaltung von CIPA und regionalen Vorschriften:<\/b> Vorkonfiguriert zur Einhaltung internationaler Sicherheitsstandards f\u00fcr den Schutz Minderj\u00e4hriger online.<\/p>\n<\/li>\n<\/ul>\n<\/li>\n<\/ul>\n<\/li>\n<\/ul>\n<p>[\/et_pb_text][\/et_pb_column][\/et_pb_row][et_pb_row _builder_version=&#8220;4.25.0&#8243; _module_preset=&#8220;default&#8220; global_colors_info=&#8220;{}&#8220;][et_pb_column type=&#8220;4_4&#8243; _builder_version=&#8220;4.25.0&#8243; _module_preset=&#8220;default&#8220; global_colors_info=&#8220;{}&#8220;][et_pb_divider color=&#8220;#000000&#8243; divider_position=&#8220;center&#8220; _builder_version=&#8220;4.27.4&#8243; _module_preset=&#8220;default&#8220; global_colors_info=&#8220;{}&#8220;][\/et_pb_divider][et_pb_text _builder_version=&#8220;4.27.4&#8243; _module_preset=&#8220;default&#8220; header_text_color=&#8220;#474747&#8243; custom_padding=&#8220;0px|20px||20px|false|true&#8220; global_colors_info=&#8220;{}&#8220;]<\/p>\n<h1><strong>Android Kiosk-Modus<\/strong><\/h1>\n<p>[\/et_pb_text][et_pb_text _builder_version=&#8220;4.27.4&#8243; _module_preset=&#8220;default&#8220; background_color=&#8220;RGBA(255,255,255,0)&#8220; custom_padding=&#8220;0px|20px||20px|false|true&#8220; global_colors_info=&#8220;{}&#8220;]<\/p>\n<p data-path-to-node=\"12\"><b data-path-to-node=\"12\" data-index-in-node=\"0\">Absolute Konzentration f\u00fcr Pr\u00fcfungen und gemeinsames Lernen:<\/b> Sperren Sie Ger\u00e4te in spezifischen Lernszenarien, um die Integrit\u00e4t zu gew\u00e4hrleisten und Ablenkungen w\u00e4hrend kritischer Aktivit\u00e4ten zu eliminieren.<\/p>\n<p data-path-to-node=\"12\">\n<ul>\n<li style=\"list-style-type: none;\">\n<ul>\n<li style=\"list-style-type: none;\">\n<ul data-path-to-node=\"13\">\n<li>\n<p data-path-to-node=\"13,0,0\"><b data-path-to-node=\"13,0,0\" data-index-in-node=\"0\">Einzel-App-Sperre (Pr\u00fcfungsmodus):<\/b> Sperren Sie Tablets sofort in einer sicheren Bewertungs-App, deaktivieren Sie Benachrichtigungen und die Navigation.<\/p>\n<\/li>\n<li>\n<p data-path-to-node=\"13,1,0\"><b data-path-to-node=\"13,1,0\" data-index-in-node=\"0\">Multi-App-Launcher:<\/b> Erstellen Sie eine personalisierte Klassenraum-Oberfl\u00e4che mit dem Logo der Einrichtung, die nur die 3 oder 4 f\u00fcr ein bestimmtes Fach ben\u00f6tigten Apps anzeigt.<\/p>\n<\/li>\n<li>\n<p data-path-to-node=\"13,2,0\"><b data-path-to-node=\"13,2,0\" data-index-in-node=\"0\">Hardware-Sperre:<\/b> Deaktivieren Sie die Home-Taste, die zuletzt verwendeten Apps und die Statusleiste, um zu verhindern, dass Sch\u00fcler die Bildungsbarrieren umgehen.<\/p>\n<\/li>\n<\/ul>\n<\/li>\n<\/ul>\n<\/li>\n<\/ul>\n<p>[\/et_pb_text][\/et_pb_column][\/et_pb_row][et_pb_row _builder_version=&#8220;4.25.0&#8243; _module_preset=&#8220;default&#8220; global_colors_info=&#8220;{}&#8220;][et_pb_column type=&#8220;4_4&#8243; _builder_version=&#8220;4.25.0&#8243; _module_preset=&#8220;default&#8220; global_colors_info=&#8220;{}&#8220;][et_pb_divider color=&#8220;#000000&#8243; divider_position=&#8220;center&#8220; _builder_version=&#8220;4.27.4&#8243; _module_preset=&#8220;default&#8220; global_colors_info=&#8220;{}&#8220;][\/et_pb_divider][\/et_pb_column][\/et_pb_row][et_pb_row _builder_version=&#8220;4.27.5&#8243; _module_preset=&#8220;default&#8220; hover_enabled=&#8220;0&#8243; sticky_enabled=&#8220;0&#8243; height=&#8220;80px&#8220;][et_pb_column _builder_version=&#8220;4.27.5&#8243; _module_preset=&#8220;default&#8220; type=&#8220;4_4&#8243;][\/et_pb_column][\/et_pb_row][\/et_pb_section]<\/p>\n","protected":false},"excerpt":{"rendered":"<p>Android MDM Mobile Ger\u00e4teverwaltung &nbsp;Automatische Registrierung (ZTE)Android Enterprise f\u00fcr BildungseinrichtungenSicherer Browser (Der Vorteil von IMT)Android Kiosk-ModusErm\u00f6glicht IT-Teams in Bildungseinrichtungen die Kontrolle und Sicherung von Android-basierten Smartphones und Tablets. Automatische Registrierung (Zero-Touch Enrollment &#8211; ZTE)Nahtlose Skalierbarkeit f\u00fcr regionale Implementierungen: Implementieren Sie schuleigene Ger\u00e4te in ganzen Regionen ohne manuellen Eingriff. Unsere Integration mit ZTE stellt sicher, dass [&hellip;]<\/p>\n","protected":false},"author":10,"featured_media":0,"parent":0,"menu_order":0,"comment_status":"closed","ping_status":"closed","template":"","meta":{"_et_pb_use_builder":"on","_et_pb_old_content":"","_et_gb_content_width":"","content-type":"","inline_featured_image":false,"footnotes":""},"class_list":["post-5071","page","type-page","status-publish","hentry"],"yoast_head":"<!-- This site is optimized with the Yoast SEO plugin v26.2 - https:\/\/yoast.com\/wordpress\/plugins\/seo\/ -->\n<title>Android MDM - IMTLazarus<\/title>\n<meta name=\"robots\" content=\"index, follow, max-snippet:-1, max-image-preview:large, max-video-preview:-1\" \/>\n<link rel=\"canonical\" href=\"https:\/\/www.imtlazarus.com\/de\/android-mdm\/\" \/>\n<meta property=\"og:locale\" content=\"de_DE\" \/>\n<meta property=\"og:type\" content=\"article\" \/>\n<meta property=\"og:title\" content=\"Android MDM - IMTLazarus\" \/>\n<meta property=\"og:description\" content=\"Android MDM Mobile Ger\u00e4teverwaltung &nbsp;Automatische Registrierung (ZTE)Android Enterprise f\u00fcr BildungseinrichtungenSicherer Browser (Der Vorteil von IMT)Android Kiosk-ModusErm\u00f6glicht IT-Teams in Bildungseinrichtungen die Kontrolle und Sicherung von Android-basierten Smartphones und Tablets. Automatische Registrierung (Zero-Touch Enrollment - ZTE)Nahtlose Skalierbarkeit f\u00fcr regionale Implementierungen: Implementieren Sie schuleigene Ger\u00e4te in ganzen Regionen ohne manuellen Eingriff. Unsere Integration mit ZTE stellt sicher, dass [&hellip;]\" \/>\n<meta property=\"og:url\" content=\"https:\/\/www.imtlazarus.com\/de\/android-mdm\/\" \/>\n<meta property=\"og:site_name\" content=\"IMTLazarus\" \/>\n<meta property=\"article:modified_time\" content=\"2026-04-22T14:20:51+00:00\" \/>\n<meta name=\"twitter:card\" content=\"summary_large_image\" \/>\n<meta name=\"twitter:label1\" content=\"Gesch\u00e4tzte Lesezeit\" \/>\n\t<meta name=\"twitter:data1\" content=\"7\u00a0Minuten\" \/>\n<script type=\"application\/ld+json\" class=\"yoast-schema-graph\">{\"@context\":\"https:\/\/schema.org\",\"@graph\":[{\"@type\":\"WebPage\",\"@id\":\"https:\/\/www.imtlazarus.com\/de\/android-mdm\/\",\"url\":\"https:\/\/www.imtlazarus.com\/de\/android-mdm\/\",\"name\":\"Android MDM - IMTLazarus\",\"isPartOf\":{\"@id\":\"https:\/\/www.imtlazarus.com\/#website\"},\"primaryImageOfPage\":{\"@id\":\"https:\/\/www.imtlazarus.com\/de\/android-mdm\/#primaryimage\"},\"image\":{\"@id\":\"https:\/\/www.imtlazarus.com\/de\/android-mdm\/#primaryimage\"},\"thumbnailUrl\":\"https:\/\/www.imtlazarus.com\/wp-content\/uploads\/Hexa-Android-MDM.svg\",\"datePublished\":\"2025-12-23T11:11:56+00:00\",\"dateModified\":\"2026-04-22T14:20:51+00:00\",\"breadcrumb\":{\"@id\":\"https:\/\/www.imtlazarus.com\/de\/android-mdm\/#breadcrumb\"},\"inLanguage\":\"de\",\"potentialAction\":[{\"@type\":\"ReadAction\",\"target\":[\"https:\/\/www.imtlazarus.com\/de\/android-mdm\/\"]}]},{\"@type\":\"ImageObject\",\"inLanguage\":\"de\",\"@id\":\"https:\/\/www.imtlazarus.com\/de\/android-mdm\/#primaryimage\",\"url\":\"https:\/\/www.imtlazarus.com\/wp-content\/uploads\/Hexa-Android-MDM.svg\",\"contentUrl\":\"https:\/\/www.imtlazarus.com\/wp-content\/uploads\/Hexa-Android-MDM.svg\"},{\"@type\":\"BreadcrumbList\",\"@id\":\"https:\/\/www.imtlazarus.com\/de\/android-mdm\/#breadcrumb\",\"itemListElement\":[{\"@type\":\"ListItem\",\"position\":1,\"name\":\"Portada\",\"item\":\"https:\/\/www.imtlazarus.com\/de\/imtlazarus-oekosystem\/\"},{\"@type\":\"ListItem\",\"position\":2,\"name\":\"Android MDM\"}]},{\"@type\":\"WebSite\",\"@id\":\"https:\/\/www.imtlazarus.com\/#website\",\"url\":\"https:\/\/www.imtlazarus.com\/\",\"name\":\"IMTLazarus\",\"description\":\"\",\"potentialAction\":[{\"@type\":\"SearchAction\",\"target\":{\"@type\":\"EntryPoint\",\"urlTemplate\":\"https:\/\/www.imtlazarus.com\/?s={search_term_string}\"},\"query-input\":{\"@type\":\"PropertyValueSpecification\",\"valueRequired\":true,\"valueName\":\"search_term_string\"}}],\"inLanguage\":\"de\"}]}<\/script>\n<!-- \/ Yoast SEO plugin. -->","yoast_head_json":{"title":"Android MDM - IMTLazarus","robots":{"index":"index","follow":"follow","max-snippet":"max-snippet:-1","max-image-preview":"max-image-preview:large","max-video-preview":"max-video-preview:-1"},"canonical":"https:\/\/www.imtlazarus.com\/de\/android-mdm\/","og_locale":"de_DE","og_type":"article","og_title":"Android MDM - IMTLazarus","og_description":"Android MDM Mobile Ger\u00e4teverwaltung &nbsp;Automatische Registrierung (ZTE)Android Enterprise f\u00fcr BildungseinrichtungenSicherer Browser (Der Vorteil von IMT)Android Kiosk-ModusErm\u00f6glicht IT-Teams in Bildungseinrichtungen die Kontrolle und Sicherung von Android-basierten Smartphones und Tablets. Automatische Registrierung (Zero-Touch Enrollment - ZTE)Nahtlose Skalierbarkeit f\u00fcr regionale Implementierungen: Implementieren Sie schuleigene Ger\u00e4te in ganzen Regionen ohne manuellen Eingriff. Unsere Integration mit ZTE stellt sicher, dass [&hellip;]","og_url":"https:\/\/www.imtlazarus.com\/de\/android-mdm\/","og_site_name":"IMTLazarus","article_modified_time":"2026-04-22T14:20:51+00:00","twitter_card":"summary_large_image","twitter_misc":{"Gesch\u00e4tzte Lesezeit":"7\u00a0Minuten"},"schema":{"@context":"https:\/\/schema.org","@graph":[{"@type":"WebPage","@id":"https:\/\/www.imtlazarus.com\/de\/android-mdm\/","url":"https:\/\/www.imtlazarus.com\/de\/android-mdm\/","name":"Android MDM - IMTLazarus","isPartOf":{"@id":"https:\/\/www.imtlazarus.com\/#website"},"primaryImageOfPage":{"@id":"https:\/\/www.imtlazarus.com\/de\/android-mdm\/#primaryimage"},"image":{"@id":"https:\/\/www.imtlazarus.com\/de\/android-mdm\/#primaryimage"},"thumbnailUrl":"https:\/\/www.imtlazarus.com\/wp-content\/uploads\/Hexa-Android-MDM.svg","datePublished":"2025-12-23T11:11:56+00:00","dateModified":"2026-04-22T14:20:51+00:00","breadcrumb":{"@id":"https:\/\/www.imtlazarus.com\/de\/android-mdm\/#breadcrumb"},"inLanguage":"de","potentialAction":[{"@type":"ReadAction","target":["https:\/\/www.imtlazarus.com\/de\/android-mdm\/"]}]},{"@type":"ImageObject","inLanguage":"de","@id":"https:\/\/www.imtlazarus.com\/de\/android-mdm\/#primaryimage","url":"https:\/\/www.imtlazarus.com\/wp-content\/uploads\/Hexa-Android-MDM.svg","contentUrl":"https:\/\/www.imtlazarus.com\/wp-content\/uploads\/Hexa-Android-MDM.svg"},{"@type":"BreadcrumbList","@id":"https:\/\/www.imtlazarus.com\/de\/android-mdm\/#breadcrumb","itemListElement":[{"@type":"ListItem","position":1,"name":"Portada","item":"https:\/\/www.imtlazarus.com\/de\/imtlazarus-oekosystem\/"},{"@type":"ListItem","position":2,"name":"Android MDM"}]},{"@type":"WebSite","@id":"https:\/\/www.imtlazarus.com\/#website","url":"https:\/\/www.imtlazarus.com\/","name":"IMTLazarus","description":"","potentialAction":[{"@type":"SearchAction","target":{"@type":"EntryPoint","urlTemplate":"https:\/\/www.imtlazarus.com\/?s={search_term_string}"},"query-input":{"@type":"PropertyValueSpecification","valueRequired":true,"valueName":"search_term_string"}}],"inLanguage":"de"}]}},"_links":{"self":[{"href":"https:\/\/www.imtlazarus.com\/de\/wp-json\/wp\/v2\/pages\/5071","targetHints":{"allow":["GET"]}}],"collection":[{"href":"https:\/\/www.imtlazarus.com\/de\/wp-json\/wp\/v2\/pages"}],"about":[{"href":"https:\/\/www.imtlazarus.com\/de\/wp-json\/wp\/v2\/types\/page"}],"author":[{"embeddable":true,"href":"https:\/\/www.imtlazarus.com\/de\/wp-json\/wp\/v2\/users\/10"}],"replies":[{"embeddable":true,"href":"https:\/\/www.imtlazarus.com\/de\/wp-json\/wp\/v2\/comments?post=5071"}],"version-history":[{"count":2,"href":"https:\/\/www.imtlazarus.com\/de\/wp-json\/wp\/v2\/pages\/5071\/revisions"}],"predecessor-version":[{"id":5073,"href":"https:\/\/www.imtlazarus.com\/de\/wp-json\/wp\/v2\/pages\/5071\/revisions\/5073"}],"wp:attachment":[{"href":"https:\/\/www.imtlazarus.com\/de\/wp-json\/wp\/v2\/media?parent=5071"}],"curies":[{"name":"wp","href":"https:\/\/api.w.org\/{rel}","templated":true}]}}