{"id":5086,"date":"2024-04-28T15:35:02","date_gmt":"2024-04-28T13:35:02","guid":{"rendered":"https:\/\/www.imtlazarus.com\/kognitive-sicherheit\/"},"modified":"2026-04-22T17:01:36","modified_gmt":"2026-04-22T15:01:36","slug":"kognitive-sicherheit","status":"publish","type":"page","link":"https:\/\/www.imtlazarus.com\/de\/kognitive-sicherheit\/","title":{"rendered":"Kognitive Sicherheit"},"content":{"rendered":"<p>[et_pb_section fb_built=&#8220;1&#8243; module_class=&#8220;wpt-divi-forms&#8220; _builder_version=&#8220;4.27.5&#8243; _module_preset=&#8220;default&#8220; background_image=&#8220;https:\/\/www.imtlazarus.com\/wp-content\/uploads\/seguridad_cognitiva-scaled.png&#8220; height=&#8220;410px&#8220; global_colors_info=&#8220;{}&#8220;][\/et_pb_section][et_pb_section fb_built=&#8220;1&#8243; admin_label=&#8220;Fondo hex\u00e1gonos&#8220; module_class=&#8220;wpt-divi-forms wpt-divi-forms wpt-divi-forms wpt-divi-forms wpt-divi-forms&#8220; _builder_version=&#8220;4.25.0&#8243; _module_preset=&#8220;default&#8220; background_color=&#8220;rgba(233,241,254,0.2025)&#8220; background_image=&#8220;https:\/\/www.imtlazarus.com\/wp-content\/uploads\/Fondo-Hexagonos.svg&#8220; parallax=&#8220;on&#8220; height=&#8220;1124px&#8220; global_colors_info=&#8220;{}&#8220;][\/et_pb_section][et_pb_section fb_built=&#8220;1&#8243; admin_label=&#8220;Contenido&#8220; module_class=&#8220;wpt-divi-forms wpt-divi-forms wpt-divi-forms wpt-divi-forms wpt-divi-forms&#8220; _builder_version=&#8220;4.25.0&#8243; _module_preset=&#8220;default&#8220; background_color=&#8220;RGBA(255,255,255,0)&#8220; background_enable_image=&#8220;off&#8220; custom_margin=&#8220;-1124px||||false|false&#8220; custom_padding=&#8220;19px||0px|||&#8220; global_colors_info=&#8220;{}&#8220;][et_pb_row column_structure=&#8220;1_3,2_3&#8243; _builder_version=&#8220;4.25.1&#8243; _module_preset=&#8220;default&#8220; custom_margin=&#8220;20px||||false|false&#8220; global_colors_info=&#8220;{}&#8220;][et_pb_column type=&#8220;1_3&#8243; _builder_version=&#8220;4.25.0&#8243; _module_preset=&#8220;default&#8220; global_colors_info=&#8220;{}&#8220;][et_pb_image src=&#8220;https:\/\/www.imtlazarus.com\/wp-content\/uploads\/imagen_fuerza_pagina_seguridad.svg&#8220; title_text=&#8220;imagen_fuerza_pagina_seguridad&#8220; align=&#8220;center&#8220; _builder_version=&#8220;4.25.1&#8243; _module_preset=&#8220;default&#8220; height=&#8220;150px&#8220; custom_margin=&#8220;-10px||10px||false|false&#8220; global_colors_info=&#8220;{}&#8220;][\/et_pb_image][\/et_pb_column][et_pb_column type=&#8220;2_3&#8243; _builder_version=&#8220;4.25.0&#8243; _module_preset=&#8220;default&#8220; global_colors_info=&#8220;{}&#8220;][et_pb_text _builder_version=&#8220;4.27.5&#8243; _module_preset=&#8220;default&#8220; global_colors_info=&#8220;{}&#8220;]<\/p>\n<h1><strong>Kognitive Sicherheit<\/strong><\/h1>\n<h3><strong>St\u00e4rkung eines Gef\u00fchls des Schutzes<\/strong><\/h3>\n<p><span style=\"font-weight: 400;\">Minderj\u00e4hrige k\u00f6nnen unangemessenen Inhalten ausgesetzt sein, die ihre Gesundheit und Entwicklung beeintr\u00e4chtigen. Es ist unerl\u00e4sslich, den Zugang zu Inhalten und\/oder Ressourcen zu kontrollieren und zu verhindern, dass diese f\u00fcr ihr Alter ungeeignet sind. <\/span><\/p>\n<p>[\/et_pb_text][\/et_pb_column][\/et_pb_row][et_pb_row column_structure=&#8220;1_3,2_3&#8243; _builder_version=&#8220;4.25.0&#8243; _module_preset=&#8220;default&#8220; global_colors_info=&#8220;{}&#8220;][et_pb_column type=&#8220;1_3&#8243; _builder_version=&#8220;4.25.0&#8243; _module_preset=&#8220;default&#8220; global_colors_info=&#8220;{}&#8220;][et_pb_text _builder_version=&#8220;4.25.0&#8243; _module_preset=&#8220;default&#8220; text_font=&#8220;|600|||||||&#8220; text_text_color=&#8220;#FFFFFF&#8220; background_color=&#8220;#063763&#8243; custom_margin=&#8220;||||false|false&#8220; custom_padding=&#8220;20px|20px|20px|20px|false|true&#8220; border_radii=&#8220;off|12px|12px||&#8220; border_width_all=&#8220;3px&#8220; border_color_all=&#8220;#FFFFFF&#8220; global_colors_info=&#8220;{}&#8220;]<\/p>\n<p>Einhaltung der Vorschriften<\/p>\n<p>[\/et_pb_text][et_pb_text _builder_version=&#8220;4.25.0&#8243; _module_preset=&#8220;default&#8220; text_font=&#8220;|600|||||||&#8220; text_text_color=&#8220;#FFFFFF&#8220; background_color=&#8220;#0b5394&#8243; custom_margin=&#8220;-35px||||false|false&#8220; custom_padding=&#8220;20px|20px|20px|20px|true|true&#8220; border_radii=&#8220;off|12px|12px||&#8220; border_width_all=&#8220;3px&#8220; border_color_all=&#8220;#FFFFFF&#8220; global_colors_info=&#8220;{}&#8220;]<\/p>\n<p>Zugriffsverwaltung<\/p>\n<p>[\/et_pb_text][et_pb_text _builder_version=&#8220;4.25.0&#8243; _module_preset=&#8220;default&#8220; text_font=&#8220;|600|||||||&#8220; text_text_color=&#8220;#FFFFFF&#8220; background_color=&#8220;#3d85c6&#8243; custom_margin=&#8220;-35px||||false|false&#8220; custom_padding=&#8220;20px|20px|20px|20px|true|true&#8220; border_radii=&#8220;on|12px|12px|12px|12px&#8220; border_width_all=&#8220;3px&#8220; border_color_all=&#8220;#FFFFFF&#8220; global_colors_info=&#8220;{}&#8220;]<\/p>\n<p>Informationsverwaltung<\/p>\n<p>[\/et_pb_text][\/et_pb_column][et_pb_column type=&#8220;2_3&#8243; _builder_version=&#8220;4.25.0&#8243; _module_preset=&#8220;default&#8220; global_colors_info=&#8220;{}&#8220;][et_pb_text _builder_version=&#8220;4.25.0&#8243; _module_preset=&#8220;default&#8220; background_color=&#8220;#FFFFFF&#8220; custom_padding=&#8220;20px|20px|20px|20px|true|true&#8220; border_radii=&#8220;on|12px|12px|12px|12px&#8220; box_shadow_style=&#8220;preset2&#8243; global_colors_info=&#8220;{}&#8220;]<\/p>\n<ul>\n<li style=\"font-weight: 400;\" aria-level=\"1\"><span style=\"font-weight: 400;\">Strikte Trennung zwischen den Vorschriften der Bildungseinrichtung und den Familien unter Ber\u00fccksichtigung sowohl des schulischen als auch des famili\u00e4ren Bereichs.<\/span><\/li>\n<li style=\"font-weight: 400;\" aria-level=\"1\"><span style=\"font-weight: 400;\">Zugriff \u00fcber das blo\u00dfe Gew\u00e4hren oder Verweigern des Zugangs hinaus. Granularer Zugriff auf Inhalte und\/oder Ressourcen durch Verwaltung der verschiedenen Elemente, die im Bildungskontext interagieren. <\/span><\/li>\n<li style=\"font-weight: 400;\" aria-level=\"1\"><span style=\"font-weight: 400;\">Verarbeitung der gesammelten Informationen gem\u00e4\u00df den Richtlinien der Bildungseinrichtung unter Anwendung der erforderlichen Sicherheit, die den Schutz Minderj\u00e4hriger erm\u00f6glicht.<\/span><span style=\"font-weight: 400;\"><\/span><\/li>\n<\/ul>\n<p>[\/et_pb_text][\/et_pb_column][\/et_pb_row][et_pb_row _builder_version=&#8220;4.25.0&#8243; _module_preset=&#8220;default&#8220; global_colors_info=&#8220;{}&#8220;][et_pb_column type=&#8220;4_4&#8243; _builder_version=&#8220;4.25.0&#8243; _module_preset=&#8220;default&#8220; global_colors_info=&#8220;{}&#8220;][et_pb_divider color=&#8220;#0081c2&#8243; divider_position=&#8220;center&#8220; _builder_version=&#8220;4.25.0&#8243; _module_preset=&#8220;default&#8220; global_colors_info=&#8220;{}&#8220;][\/et_pb_divider][et_pb_text _builder_version=&#8220;4.25.0&#8243; _module_preset=&#8220;default&#8220; custom_padding=&#8220;0px|20px|0px|20px|false|true&#8220; global_colors_info=&#8220;{}&#8220;]<\/p>\n<h1><b><span style=\"color: #0081c2;\">Sensibilisiert<\/span> f\u00fcr den Schutz Minderj\u00e4hriger<\/b><\/h1>\n<p>[\/et_pb_text][et_pb_text _builder_version=&#8220;4.25.0&#8243; _module_preset=&#8220;default&#8220; custom_padding=&#8220;|20px||20px|false|true&#8220; global_colors_info=&#8220;{}&#8220;]<\/p>\n<ul>\n<li style=\"font-weight: 400;\" aria-level=\"1\"><b>Bildungseinrichtungen<\/b><span style=\"font-weight: 400;\">. Gew\u00e4hrleistung der Informationssicherheit und der Art und Weise, wie diese identifiziert und klassifiziert wird.<\/span><\/li>\n<li style=\"font-weight: 400;\" aria-level=\"1\"><b>Lehrkr\u00e4fte<\/b><span style=\"font-weight: 400;\">. Sicherstellung, dass die Sicherheitsrichtlinien der Einrichtung eine minimale Interaktion im Bildungsprozess bieten.<\/span><\/li>\n<li style=\"font-weight: 400;\" aria-level=\"1\"><b>Familien<\/b><span style=\"font-weight: 400;\">. Ber\u00fccksichtigung des famili\u00e4ren Bereichs zur Anwendung von Sicherheit gem\u00e4\u00df ihren \u00dcberzeugungen und Grunds\u00e4tzen.<\/span><\/li>\n<\/ul>\n<p>[\/et_pb_text][\/et_pb_column][\/et_pb_row][et_pb_row _builder_version=&#8220;4.25.0&#8243; _module_preset=&#8220;default&#8220; global_colors_info=&#8220;{}&#8220;][et_pb_column type=&#8220;4_4&#8243; _builder_version=&#8220;4.25.0&#8243; _module_preset=&#8220;default&#8220; global_colors_info=&#8220;{}&#8220;][et_pb_divider color=&#8220;#0081c2&#8243; divider_position=&#8220;center&#8220; _builder_version=&#8220;4.25.0&#8243; _module_preset=&#8220;default&#8220; global_colors_info=&#8220;{}&#8220;][\/et_pb_divider][et_pb_text _builder_version=&#8220;4.25.0&#8243; _module_preset=&#8220;default&#8220; custom_padding=&#8220;0px|20px||20px|false|true&#8220; global_colors_info=&#8220;{}&#8220;]<\/p>\n<h1><b><span style=\"color: #0081c2;\">Angemessener Zugang <\/span><\/b><span style=\"color: #ff9901;\"><b><span style=\"color: #000000;\">zu Informationen und Bildungsressourcen<\/span><\/b><\/span><\/h1>\n<p>[\/et_pb_text][et_pb_text _builder_version=&#8220;4.25.0&#8243; _module_preset=&#8220;default&#8220; background_color=&#8220;RGBA(255,255,255,0)&#8220; custom_padding=&#8220;|20px||20px|false|true&#8220; global_colors_info=&#8220;{}&#8220;]<\/p>\n<ul>\n<li style=\"font-weight: 400;\" aria-level=\"1\"><span style=\"font-weight: 400;\">Zugriff auf die f\u00fcr jeden spezifischen Kontext geeigneten Inhalte und Ressourcen.<\/span><\/li>\n<li style=\"font-weight: 400;\" aria-level=\"1\"><span style=\"font-weight: 400;\">Verarbeitung der Informationen gem\u00e4\u00df den \u00dcberzeugungen der Bildungseinrichtung und der Familien.<\/span><\/li>\n<li style=\"font-weight: 400;\" aria-level=\"1\"><span style=\"font-weight: 400;\">Speicherung der Informationen zur Beobachtung der Aktivit\u00e4t Minderj\u00e4hriger. <\/span><\/li>\n<li style=\"font-weight: 400;\" aria-level=\"1\"><span style=\"font-weight: 400;\">Bereitstellung einer umfassenden, technologieunabh\u00e4ngigen und kontextbezogenen Sicherheit.<\/span><\/li>\n<\/ul>\n<p>[\/et_pb_text][\/et_pb_column][\/et_pb_row][et_pb_row _builder_version=&#8220;4.27.5&#8243; _module_preset=&#8220;default&#8220; width=&#8220;55%&#8220; height=&#8220;80px&#8220; global_colors_info=&#8220;{}&#8220;][et_pb_column type=&#8220;4_4&#8243; _builder_version=&#8220;4.25.0&#8243; _module_preset=&#8220;default&#8220; global_colors_info=&#8220;{}&#8220;][\/et_pb_column][\/et_pb_row][\/et_pb_section]<\/p>\n","protected":false},"excerpt":{"rendered":"<p>Kognitive Sicherheit St\u00e4rkung eines Gef\u00fchls des Schutzes Minderj\u00e4hrige k\u00f6nnen unangemessenen Inhalten ausgesetzt sein, die ihre Gesundheit und Entwicklung beeintr\u00e4chtigen. Es ist unerl\u00e4sslich, den Zugang zu Inhalten und\/oder Ressourcen zu kontrollieren und zu verhindern, dass diese f\u00fcr ihr Alter ungeeignet sind. Einhaltung der VorschriftenZugriffsverwaltungInformationsverwaltung Strikte Trennung zwischen den Vorschriften der Bildungseinrichtung und den Familien unter Ber\u00fccksichtigung [&hellip;]<\/p>\n","protected":false},"author":1,"featured_media":0,"parent":0,"menu_order":0,"comment_status":"closed","ping_status":"closed","template":"","meta":{"_et_pb_use_builder":"on","_et_pb_old_content":"","_et_gb_content_width":"","content-type":"","inline_featured_image":false,"footnotes":""},"class_list":["post-5086","page","type-page","status-publish","hentry"],"yoast_head":"<!-- This site is optimized with the Yoast SEO plugin v26.2 - https:\/\/yoast.com\/wordpress\/plugins\/seo\/ -->\n<title>Kognitive Sicherheit - IMTLazarus<\/title>\n<meta name=\"robots\" content=\"index, follow, max-snippet:-1, max-image-preview:large, max-video-preview:-1\" \/>\n<link rel=\"canonical\" href=\"https:\/\/www.imtlazarus.com\/de\/kognitive-sicherheit\/\" \/>\n<meta property=\"og:locale\" content=\"de_DE\" \/>\n<meta property=\"og:type\" content=\"article\" \/>\n<meta property=\"og:title\" content=\"Kognitive Sicherheit - IMTLazarus\" \/>\n<meta property=\"og:description\" content=\"Kognitive Sicherheit St\u00e4rkung eines Gef\u00fchls des Schutzes Minderj\u00e4hrige k\u00f6nnen unangemessenen Inhalten ausgesetzt sein, die ihre Gesundheit und Entwicklung beeintr\u00e4chtigen. Es ist unerl\u00e4sslich, den Zugang zu Inhalten und\/oder Ressourcen zu kontrollieren und zu verhindern, dass diese f\u00fcr ihr Alter ungeeignet sind. Einhaltung der VorschriftenZugriffsverwaltungInformationsverwaltung Strikte Trennung zwischen den Vorschriften der Bildungseinrichtung und den Familien unter Ber\u00fccksichtigung [&hellip;]\" \/>\n<meta property=\"og:url\" content=\"https:\/\/www.imtlazarus.com\/de\/kognitive-sicherheit\/\" \/>\n<meta property=\"og:site_name\" content=\"IMTLazarus\" \/>\n<meta property=\"article:modified_time\" content=\"2026-04-22T15:01:36+00:00\" \/>\n<meta name=\"twitter:card\" content=\"summary_large_image\" \/>\n<meta name=\"twitter:label1\" content=\"Gesch\u00e4tzte Lesezeit\" \/>\n\t<meta name=\"twitter:data1\" content=\"4\u00a0Minuten\" \/>\n<script type=\"application\/ld+json\" class=\"yoast-schema-graph\">{\"@context\":\"https:\/\/schema.org\",\"@graph\":[{\"@type\":\"WebPage\",\"@id\":\"https:\/\/www.imtlazarus.com\/de\/kognitive-sicherheit\/\",\"url\":\"https:\/\/www.imtlazarus.com\/de\/kognitive-sicherheit\/\",\"name\":\"Kognitive Sicherheit - IMTLazarus\",\"isPartOf\":{\"@id\":\"https:\/\/www.imtlazarus.com\/#website\"},\"datePublished\":\"2024-04-28T13:35:02+00:00\",\"dateModified\":\"2026-04-22T15:01:36+00:00\",\"breadcrumb\":{\"@id\":\"https:\/\/www.imtlazarus.com\/de\/kognitive-sicherheit\/#breadcrumb\"},\"inLanguage\":\"de\",\"potentialAction\":[{\"@type\":\"ReadAction\",\"target\":[\"https:\/\/www.imtlazarus.com\/de\/kognitive-sicherheit\/\"]}]},{\"@type\":\"BreadcrumbList\",\"@id\":\"https:\/\/www.imtlazarus.com\/de\/kognitive-sicherheit\/#breadcrumb\",\"itemListElement\":[{\"@type\":\"ListItem\",\"position\":1,\"name\":\"Portada\",\"item\":\"https:\/\/www.imtlazarus.com\/de\/imtlazarus-oekosystem\/\"},{\"@type\":\"ListItem\",\"position\":2,\"name\":\"Kognitive Sicherheit\"}]},{\"@type\":\"WebSite\",\"@id\":\"https:\/\/www.imtlazarus.com\/#website\",\"url\":\"https:\/\/www.imtlazarus.com\/\",\"name\":\"IMTLazarus\",\"description\":\"\",\"potentialAction\":[{\"@type\":\"SearchAction\",\"target\":{\"@type\":\"EntryPoint\",\"urlTemplate\":\"https:\/\/www.imtlazarus.com\/?s={search_term_string}\"},\"query-input\":{\"@type\":\"PropertyValueSpecification\",\"valueRequired\":true,\"valueName\":\"search_term_string\"}}],\"inLanguage\":\"de\"}]}<\/script>\n<!-- \/ Yoast SEO plugin. -->","yoast_head_json":{"title":"Kognitive Sicherheit - IMTLazarus","robots":{"index":"index","follow":"follow","max-snippet":"max-snippet:-1","max-image-preview":"max-image-preview:large","max-video-preview":"max-video-preview:-1"},"canonical":"https:\/\/www.imtlazarus.com\/de\/kognitive-sicherheit\/","og_locale":"de_DE","og_type":"article","og_title":"Kognitive Sicherheit - IMTLazarus","og_description":"Kognitive Sicherheit St\u00e4rkung eines Gef\u00fchls des Schutzes Minderj\u00e4hrige k\u00f6nnen unangemessenen Inhalten ausgesetzt sein, die ihre Gesundheit und Entwicklung beeintr\u00e4chtigen. Es ist unerl\u00e4sslich, den Zugang zu Inhalten und\/oder Ressourcen zu kontrollieren und zu verhindern, dass diese f\u00fcr ihr Alter ungeeignet sind. Einhaltung der VorschriftenZugriffsverwaltungInformationsverwaltung Strikte Trennung zwischen den Vorschriften der Bildungseinrichtung und den Familien unter Ber\u00fccksichtigung [&hellip;]","og_url":"https:\/\/www.imtlazarus.com\/de\/kognitive-sicherheit\/","og_site_name":"IMTLazarus","article_modified_time":"2026-04-22T15:01:36+00:00","twitter_card":"summary_large_image","twitter_misc":{"Gesch\u00e4tzte Lesezeit":"4\u00a0Minuten"},"schema":{"@context":"https:\/\/schema.org","@graph":[{"@type":"WebPage","@id":"https:\/\/www.imtlazarus.com\/de\/kognitive-sicherheit\/","url":"https:\/\/www.imtlazarus.com\/de\/kognitive-sicherheit\/","name":"Kognitive Sicherheit - IMTLazarus","isPartOf":{"@id":"https:\/\/www.imtlazarus.com\/#website"},"datePublished":"2024-04-28T13:35:02+00:00","dateModified":"2026-04-22T15:01:36+00:00","breadcrumb":{"@id":"https:\/\/www.imtlazarus.com\/de\/kognitive-sicherheit\/#breadcrumb"},"inLanguage":"de","potentialAction":[{"@type":"ReadAction","target":["https:\/\/www.imtlazarus.com\/de\/kognitive-sicherheit\/"]}]},{"@type":"BreadcrumbList","@id":"https:\/\/www.imtlazarus.com\/de\/kognitive-sicherheit\/#breadcrumb","itemListElement":[{"@type":"ListItem","position":1,"name":"Portada","item":"https:\/\/www.imtlazarus.com\/de\/imtlazarus-oekosystem\/"},{"@type":"ListItem","position":2,"name":"Kognitive Sicherheit"}]},{"@type":"WebSite","@id":"https:\/\/www.imtlazarus.com\/#website","url":"https:\/\/www.imtlazarus.com\/","name":"IMTLazarus","description":"","potentialAction":[{"@type":"SearchAction","target":{"@type":"EntryPoint","urlTemplate":"https:\/\/www.imtlazarus.com\/?s={search_term_string}"},"query-input":{"@type":"PropertyValueSpecification","valueRequired":true,"valueName":"search_term_string"}}],"inLanguage":"de"}]}},"_links":{"self":[{"href":"https:\/\/www.imtlazarus.com\/de\/wp-json\/wp\/v2\/pages\/5086","targetHints":{"allow":["GET"]}}],"collection":[{"href":"https:\/\/www.imtlazarus.com\/de\/wp-json\/wp\/v2\/pages"}],"about":[{"href":"https:\/\/www.imtlazarus.com\/de\/wp-json\/wp\/v2\/types\/page"}],"author":[{"embeddable":true,"href":"https:\/\/www.imtlazarus.com\/de\/wp-json\/wp\/v2\/users\/1"}],"replies":[{"embeddable":true,"href":"https:\/\/www.imtlazarus.com\/de\/wp-json\/wp\/v2\/comments?post=5086"}],"version-history":[{"count":2,"href":"https:\/\/www.imtlazarus.com\/de\/wp-json\/wp\/v2\/pages\/5086\/revisions"}],"predecessor-version":[{"id":5088,"href":"https:\/\/www.imtlazarus.com\/de\/wp-json\/wp\/v2\/pages\/5086\/revisions\/5088"}],"wp:attachment":[{"href":"https:\/\/www.imtlazarus.com\/de\/wp-json\/wp\/v2\/media?parent=5086"}],"curies":[{"name":"wp","href":"https:\/\/api.w.org\/{rel}","templated":true}]}}