{"id":5089,"date":"2024-04-28T15:33:49","date_gmt":"2024-04-28T13:33:49","guid":{"rendered":"https:\/\/www.imtlazarus.com\/datenschutz-durch-design\/"},"modified":"2026-04-22T17:02:12","modified_gmt":"2026-04-22T15:02:12","slug":"datenschutz-durch-design","status":"publish","type":"page","link":"https:\/\/www.imtlazarus.com\/de\/datenschutz-durch-design\/","title":{"rendered":"Datenschutz durch Design"},"content":{"rendered":"<p>[et_pb_section fb_built=&#8220;1&#8243; module_class=&#8220;wpt-divi-forms&#8220; _builder_version=&#8220;4.27.5&#8243; _module_preset=&#8220;default&#8220; background_image=&#8220;https:\/\/www.imtlazarus.com\/wp-content\/uploads\/privacidad_diseno-scaled.png&#8220; height=&#8220;410px&#8220; global_colors_info=&#8220;{}&#8220;][\/et_pb_section][et_pb_section fb_built=&#8220;1&#8243; admin_label=&#8220;Fondo hex\u00e1gonos&#8220; module_class=&#8220;wpt-divi-forms wpt-divi-forms wpt-divi-forms wpt-divi-forms wpt-divi-forms wpt-divi-forms wpt-divi-forms wpt-divi-forms&#8220; _builder_version=&#8220;4.27.4&#8243; _module_preset=&#8220;default&#8220; background_color=&#8220;rgba(217,234,211,0.2025)&#8220; background_image=&#8220;https:\/\/www.imtlazarus.com\/wp-content\/uploads\/Fondo-Hexagonos.svg&#8220; parallax=&#8220;on&#8220; height=&#8220;1500px&#8220; global_colors_info=&#8220;{}&#8220;][\/et_pb_section][et_pb_section fb_built=&#8220;1&#8243; admin_label=&#8220;Contenido&#8220; module_class=&#8220;wpt-divi-forms wpt-divi-forms wpt-divi-forms wpt-divi-forms wpt-divi-forms wpt-divi-forms wpt-divi-forms wpt-divi-forms&#8220; _builder_version=&#8220;4.27.4&#8243; _module_preset=&#8220;default&#8220; background_color=&#8220;RGBA(255,255,255,0)&#8220; background_enable_image=&#8220;off&#8220; custom_margin=&#8220;-1500px||||false|false&#8220; custom_padding=&#8220;19px||0px|||&#8220; global_colors_info=&#8220;{}&#8220;][et_pb_row column_structure=&#8220;1_3,2_3&#8243; _builder_version=&#8220;4.25.1&#8243; _module_preset=&#8220;default&#8220; custom_margin=&#8220;20px||||false|false&#8220; global_colors_info=&#8220;{}&#8220;][et_pb_column type=&#8220;1_3&#8243; _builder_version=&#8220;4.25.0&#8243; _module_preset=&#8220;default&#8220; global_colors_info=&#8220;{}&#8220;][et_pb_image src=&#8220;https:\/\/www.imtlazarus.com\/wp-content\/uploads\/imagen_fuerza_pagina_privacidad.svg&#8220; title_text=&#8220;imagen_fuerza_pagina_privacidad&#8220; align=&#8220;center&#8220; _builder_version=&#8220;4.25.1&#8243; _module_preset=&#8220;default&#8220; height=&#8220;150px&#8220; custom_margin=&#8220;-10px||10px||false|false&#8220; global_colors_info=&#8220;{}&#8220;][\/et_pb_image][\/et_pb_column][et_pb_column type=&#8220;2_3&#8243; _builder_version=&#8220;4.25.0&#8243; _module_preset=&#8220;default&#8220; global_colors_info=&#8220;{}&#8220;][et_pb_text _builder_version=&#8220;4.27.5&#8243; _module_preset=&#8220;default&#8220; global_colors_info=&#8220;{}&#8220;]<\/p>\n<h1><strong>Datenschutz durch Design<\/strong><\/h1>\n<h3><strong>Unter Wahrung des schulischen und famili\u00e4ren Rahmens<\/strong><\/h3>\n<p><span style=\"font-weight: 400;\">Wir alle haben das Recht auf Privatsph\u00e4re und darauf, unsere personenbezogenen Daten sicher zu halten \u2013 insbesondere Minderj\u00e4hrige, sowohl im Bildungs- als auch im famili\u00e4ren Umfeld.<\/span><\/p>\n<p>[\/et_pb_text][\/et_pb_column][\/et_pb_row][et_pb_row column_structure=&#8220;1_3,2_3&#8243; _builder_version=&#8220;4.25.0&#8243; _module_preset=&#8220;default&#8220; global_colors_info=&#8220;{}&#8220;][et_pb_column type=&#8220;1_3&#8243; _builder_version=&#8220;4.25.0&#8243; _module_preset=&#8220;default&#8220; global_colors_info=&#8220;{}&#8220;][et_pb_text _builder_version=&#8220;4.25.0&#8243; _module_preset=&#8220;default&#8220; text_font=&#8220;|600|||||||&#8220; text_text_color=&#8220;#FFFFFF&#8220; background_color=&#8220;#274e13&#8243; custom_margin=&#8220;||||false|false&#8220; custom_padding=&#8220;20px|20px|20px|20px|false|true&#8220; border_radii=&#8220;off|12px|12px||&#8220; border_width_all=&#8220;3px&#8220; border_color_all=&#8220;#FFFFFF&#8220; global_colors_info=&#8220;{}&#8220;]<\/p>\n<p>Verantwortungsvolle Verwaltung<\/p>\n<p>[\/et_pb_text][et_pb_text _builder_version=&#8220;4.25.0&#8243; _module_preset=&#8220;default&#8220; text_font=&#8220;|600|||||||&#8220; text_text_color=&#8220;#FFFFFF&#8220; background_color=&#8220;#38761d&#8220; custom_margin=&#8220;-35px||||false|false&#8220; custom_padding=&#8220;20px|20px|20px|20px|true|true&#8220; border_radii=&#8220;off|12px|12px||&#8220; border_width_all=&#8220;3px&#8220; border_color_all=&#8220;#FFFFFF&#8220; global_colors_info=&#8220;{}&#8220;]<\/p>\n<p>Respekt vor Daten<\/p>\n<p>[\/et_pb_text][et_pb_text _builder_version=&#8220;4.25.0&#8243; _module_preset=&#8220;default&#8220; text_font=&#8220;|600|||||||&#8220; text_text_color=&#8220;#FFFFFF&#8220; background_color=&#8220;#6aa84f&#8220; custom_margin=&#8220;-35px||||false|false&#8220; custom_padding=&#8220;20px|20px|20px|20px|true|true&#8220; border_radii=&#8220;off|12px|12px||&#8220; border_width_all=&#8220;3px&#8220; border_color_all=&#8220;#FFFFFF&#8220; global_colors_info=&#8220;{}&#8220;]<\/p>\n<p><b>Anpassung an Gesetze<\/b><\/p>\n<p>[\/et_pb_text][et_pb_text _builder_version=&#8220;4.25.0&#8243; _module_preset=&#8220;default&#8220; text_font=&#8220;|600|||||||&#8220; text_text_color=&#8220;#FFFFFF&#8220; background_color=&#8220;#93c47d&#8220; custom_margin=&#8220;-35px||||false|false&#8220; custom_padding=&#8220;20px|20px|20px|20px|true|true&#8220; border_radii=&#8220;on|12px|12px|12px|12px&#8220; border_width_all=&#8220;3px&#8220; border_color_all=&#8220;#FFFFFF&#8220; global_colors_info=&#8220;{}&#8220;]<\/p>\n<p><b>Sensibilit\u00e4t im Umgang mit Daten<\/b><\/p>\n<p>[\/et_pb_text][\/et_pb_column][et_pb_column type=&#8220;2_3&#8243; _builder_version=&#8220;4.25.0&#8243; _module_preset=&#8220;default&#8220; global_colors_info=&#8220;{}&#8220;][et_pb_text _builder_version=&#8220;4.25.0&#8243; _module_preset=&#8220;default&#8220; background_color=&#8220;#FFFFFF&#8220; custom_padding=&#8220;20px|20px|20px|20px|true|true&#8220; border_radii=&#8220;on|12px|12px|12px|12px&#8220; box_shadow_style=&#8220;preset2&#8243; global_colors_info=&#8220;{}&#8220;]<\/p>\n<ul>\n<li style=\"font-weight: 400;\" aria-level=\"1\"><span style=\"font-weight: 400;\">Verantwortungsvolle Verwaltung personenbezogener Daten durch Trennung des schulischen und des famili\u00e4ren Bereichs.<\/span><\/li>\n<li style=\"font-weight: 400;\" aria-level=\"1\"><span style=\"font-weight: 400;\">Wahrung der Privatsph\u00e4re von Familien und der Schule, indem jede Partei auf ihre jeweiligen Daten zugreift.<\/span><\/li>\n<li style=\"font-weight: 400;\" aria-level=\"1\"><span style=\"font-weight: 400;\">Gew\u00e4hrleistung der Einhaltung der geltenden Gesetze in den verschiedenen L\u00e4ndern.<\/span><\/li>\n<li style=\"font-weight: 400;\" aria-level=\"1\"><span style=\"font-weight: 400;\">Klassifizierung identifizierbarer und sensibler Daten.<\/span><\/li>\n<\/ul>\n<p>[\/et_pb_text][\/et_pb_column][\/et_pb_row][et_pb_row _builder_version=&#8220;4.25.0&#8243; _module_preset=&#8220;default&#8220; global_colors_info=&#8220;{}&#8220;][et_pb_column type=&#8220;4_4&#8243; _builder_version=&#8220;4.25.0&#8243; _module_preset=&#8220;default&#8220; global_colors_info=&#8220;{}&#8220;][et_pb_divider color=&#8220;#34a853&#8243; divider_position=&#8220;center&#8220; _builder_version=&#8220;4.25.0&#8243; _module_preset=&#8220;default&#8220; global_colors_info=&#8220;{}&#8220;][\/et_pb_divider][et_pb_text _builder_version=&#8220;4.25.0&#8243; _module_preset=&#8220;default&#8220; custom_padding=&#8220;0px|20px|0px|20px|false|true&#8220; global_colors_info=&#8220;{}&#8220;]<\/p>\n<h1><b><span style=\"color: #34a853;\">Sensibilisiert <\/span>f\u00fcr die Verarbeitung personenbezogener Daten<\/b><\/h1>\n<p>[\/et_pb_text][et_pb_text _builder_version=&#8220;4.25.0&#8243; _module_preset=&#8220;default&#8220; custom_padding=&#8220;|20px||20px|false|true&#8220; global_colors_info=&#8220;{}&#8220;]<\/p>\n<ul>\n<li style=\"font-weight: 400;\" aria-level=\"1\"><b>Staatliche Stellen<\/b><span style=\"font-weight: 400;\">. Sie m\u00fcssen die Einhaltung der verschiedenen Gesetze und Vorschriften gew\u00e4hrleisten, die den Schutz personenbezogener Daten sicherstellen, insbesondere derjenigen, die Minderj\u00e4hrige betreffen.<\/span><\/li>\n<li style=\"font-weight: 400;\" aria-level=\"1\"><b>Bildungseinrichtungen<\/b><span style=\"font-weight: 400;\">. Sie m\u00fcssen f\u00fcr eine verantwortungsvolle Verwaltung der personenbezogenen Daten aller Mitglieder der Bildungsgemeinschaft sorgen, mit besonderem Augenmerk auf Minderj\u00e4hrige.<\/span><\/li>\n<li style=\"font-weight: 400;\" aria-level=\"1\"><b>Familien<\/b><span style=\"font-weight: 400;\">. Sie m\u00fcssen sorgf\u00e4ltig mit den personenbezogenen Daten von Minderj\u00e4hrigen umgehen und auf die Daten zugreifen k\u00f6nnen, die im famili\u00e4ren Umfeld entstehen.<\/span><\/li>\n<li style=\"font-weight: 400;\" aria-level=\"1\"><b>Sch\u00fcler<\/b><span style=\"font-weight: 400;\">. In ihren personenbezogenen Daten gesch\u00fctzt und sich der Verarbeitung dieser bewusst.<\/span><\/li>\n<\/ul>\n<p>[\/et_pb_text][\/et_pb_column][\/et_pb_row][et_pb_row _builder_version=&#8220;4.25.0&#8243; _module_preset=&#8220;default&#8220; global_colors_info=&#8220;{}&#8220;][et_pb_column type=&#8220;4_4&#8243; _builder_version=&#8220;4.25.0&#8243; _module_preset=&#8220;default&#8220; global_colors_info=&#8220;{}&#8220;][et_pb_divider color=&#8220;#34a853&#8243; divider_position=&#8220;center&#8220; _builder_version=&#8220;4.25.0&#8243; _module_preset=&#8220;default&#8220; global_colors_info=&#8220;{}&#8220;][\/et_pb_divider][et_pb_text _builder_version=&#8220;4.27.4&#8243; _module_preset=&#8220;default&#8220; custom_padding=&#8220;0px|20px||20px|false|true&#8220; global_colors_info=&#8220;{}&#8220;]<\/p>\n<h1><b><span style=\"color: #000000;\">Respekt und verantwortungsvolle Verwaltung der <span style=\"color: #34a853;\">personenbezogenen Daten von Minderj\u00e4hrigen<\/span><\/span><\/b><\/h1>\n<p>[\/et_pb_text][et_pb_text _builder_version=&#8220;4.25.0&#8243; _module_preset=&#8220;default&#8220; background_color=&#8220;RGBA(255,255,255,0)&#8220; custom_padding=&#8220;|20px||20px|false|true&#8220; global_colors_info=&#8220;{}&#8220;]<\/p>\n<ul>\n<li style=\"font-weight: 400;\" aria-level=\"1\"><span style=\"font-weight: 400;\">Gew\u00e4hrleistung der Einhaltung der Gesetze und Vorschriften jedes Landes.<\/span><\/li>\n<li style=\"font-weight: 400;\" aria-level=\"1\"><span style=\"font-weight: 400;\">Indem im schulischen und famili\u00e4ren Bereich jede Partei auf ihre jeweiligen Daten zugreift.<\/span><\/li>\n<li style=\"font-weight: 400;\" aria-level=\"1\"><span style=\"font-weight: 400;\">Mit besonderer Verantwortung im Umgang mit identifizierbaren und sensiblen Daten.<\/span><\/li>\n<\/ul>\n<p>[\/et_pb_text][\/et_pb_column][\/et_pb_row][et_pb_row disabled_on=&#8220;on|on|on&#8220; _builder_version=&#8220;4.27.4&#8243; _module_preset=&#8220;default&#8220; disabled=&#8220;on&#8220; global_colors_info=&#8220;{}&#8220;][et_pb_column type=&#8220;4_4&#8243; _builder_version=&#8220;4.27.4&#8243; _module_preset=&#8220;default&#8220; global_colors_info=&#8220;{}&#8220;][et_pb_divider color=&#8220;#34a853&#8243; divider_position=&#8220;center&#8220; _builder_version=&#8220;4.25.0&#8243; _module_preset=&#8220;default&#8220; global_colors_info=&#8220;{}&#8220;][\/et_pb_divider][et_pb_text _builder_version=&#8220;4.27.4&#8243; _module_preset=&#8220;default&#8220; custom_padding=&#8220;0px|20px||20px|false|true&#8220; global_colors_info=&#8220;{}&#8220;]<\/p>\n<h1><b><span style=\"color: #000000;\">Zertifizierungsstellen und <span style=\"color: #34a853;\">Zertifikate<\/span><\/span><\/b><\/h1>\n<p>[\/et_pb_text][et_pb_gallery gallery_ids=&#8220;2385,3574,3554,3540,3543&#8243; posts_number=&#8220;5&#8243; show_title_and_caption=&#8220;off&#8220; show_pagination=&#8220;off&#8220; _builder_version=&#8220;4.27.5&#8243; _module_preset=&#8220;default&#8220; pagination_text_align=&#8220;center&#8220; width=&#8220;49.6%&#8220; max_width=&#8220;100%&#8220; module_alignment=&#8220;center&#8220; custom_margin=&#8220;|0px||0px|false|false&#8220; custom_padding=&#8220;|0px|0px|0px|false|false&#8220; border_color_all=&#8220;#7CDA24&#8243; border_color_all_image=&#8220;#93c47d&#8220; global_module=&#8220;2394&#8243; saved_tabs=&#8220;all&#8220; global_colors_info=&#8220;{}&#8220;][\/et_pb_gallery][\/et_pb_column][\/et_pb_row][et_pb_row _builder_version=&#8220;4.27.5&#8243; _module_preset=&#8220;default&#8220; height=&#8220;80px&#8220; hover_enabled=&#8220;0&#8243; sticky_enabled=&#8220;0&#8243;][et_pb_column _builder_version=&#8220;4.27.5&#8243; _module_preset=&#8220;default&#8220; type=&#8220;4_4&#8243;][\/et_pb_column][\/et_pb_row][\/et_pb_section]<\/p>\n","protected":false},"excerpt":{"rendered":"<p>Datenschutz durch Design Unter Wahrung des schulischen und famili\u00e4ren Rahmens Wir alle haben das Recht auf Privatsph\u00e4re und darauf, unsere personenbezogenen Daten sicher zu halten \u2013 insbesondere Minderj\u00e4hrige, sowohl im Bildungs- als auch im famili\u00e4ren Umfeld.Verantwortungsvolle VerwaltungRespekt vor DatenAnpassung an GesetzeSensibilit\u00e4t im Umgang mit Daten Verantwortungsvolle Verwaltung personenbezogener Daten durch Trennung des schulischen und des [&hellip;]<\/p>\n","protected":false},"author":1,"featured_media":0,"parent":0,"menu_order":0,"comment_status":"closed","ping_status":"closed","template":"","meta":{"_et_pb_use_builder":"on","_et_pb_old_content":"","_et_gb_content_width":"","content-type":"","inline_featured_image":false,"footnotes":""},"class_list":["post-5089","page","type-page","status-publish","hentry"],"yoast_head":"<!-- This site is optimized with the Yoast SEO plugin v26.2 - https:\/\/yoast.com\/wordpress\/plugins\/seo\/ -->\n<title>Datenschutz durch Design - IMTLazarus<\/title>\n<meta name=\"robots\" content=\"index, follow, max-snippet:-1, max-image-preview:large, max-video-preview:-1\" \/>\n<link rel=\"canonical\" href=\"https:\/\/www.imtlazarus.com\/de\/datenschutz-durch-design\/\" \/>\n<meta property=\"og:locale\" content=\"de_DE\" \/>\n<meta property=\"og:type\" content=\"article\" \/>\n<meta property=\"og:title\" content=\"Datenschutz durch Design - IMTLazarus\" \/>\n<meta property=\"og:description\" content=\"Datenschutz durch Design Unter Wahrung des schulischen und famili\u00e4ren Rahmens Wir alle haben das Recht auf Privatsph\u00e4re und darauf, unsere personenbezogenen Daten sicher zu halten \u2013 insbesondere Minderj\u00e4hrige, sowohl im Bildungs- als auch im famili\u00e4ren Umfeld.Verantwortungsvolle VerwaltungRespekt vor DatenAnpassung an GesetzeSensibilit\u00e4t im Umgang mit Daten Verantwortungsvolle Verwaltung personenbezogener Daten durch Trennung des schulischen und des [&hellip;]\" \/>\n<meta property=\"og:url\" content=\"https:\/\/www.imtlazarus.com\/de\/datenschutz-durch-design\/\" \/>\n<meta property=\"og:site_name\" content=\"IMTLazarus\" \/>\n<meta property=\"article:modified_time\" content=\"2026-04-22T15:02:12+00:00\" \/>\n<meta name=\"twitter:card\" content=\"summary_large_image\" \/>\n<meta name=\"twitter:label1\" content=\"Gesch\u00e4tzte Lesezeit\" \/>\n\t<meta name=\"twitter:data1\" content=\"6\u00a0Minuten\" \/>\n<script type=\"application\/ld+json\" class=\"yoast-schema-graph\">{\"@context\":\"https:\/\/schema.org\",\"@graph\":[{\"@type\":\"WebPage\",\"@id\":\"https:\/\/www.imtlazarus.com\/de\/datenschutz-durch-design\/\",\"url\":\"https:\/\/www.imtlazarus.com\/de\/datenschutz-durch-design\/\",\"name\":\"Datenschutz durch Design - IMTLazarus\",\"isPartOf\":{\"@id\":\"https:\/\/www.imtlazarus.com\/#website\"},\"datePublished\":\"2024-04-28T13:33:49+00:00\",\"dateModified\":\"2026-04-22T15:02:12+00:00\",\"breadcrumb\":{\"@id\":\"https:\/\/www.imtlazarus.com\/de\/datenschutz-durch-design\/#breadcrumb\"},\"inLanguage\":\"de\",\"potentialAction\":[{\"@type\":\"ReadAction\",\"target\":[\"https:\/\/www.imtlazarus.com\/de\/datenschutz-durch-design\/\"]}]},{\"@type\":\"BreadcrumbList\",\"@id\":\"https:\/\/www.imtlazarus.com\/de\/datenschutz-durch-design\/#breadcrumb\",\"itemListElement\":[{\"@type\":\"ListItem\",\"position\":1,\"name\":\"Portada\",\"item\":\"https:\/\/www.imtlazarus.com\/de\/imtlazarus-oekosystem\/\"},{\"@type\":\"ListItem\",\"position\":2,\"name\":\"Datenschutz durch Design\"}]},{\"@type\":\"WebSite\",\"@id\":\"https:\/\/www.imtlazarus.com\/#website\",\"url\":\"https:\/\/www.imtlazarus.com\/\",\"name\":\"IMTLazarus\",\"description\":\"\",\"potentialAction\":[{\"@type\":\"SearchAction\",\"target\":{\"@type\":\"EntryPoint\",\"urlTemplate\":\"https:\/\/www.imtlazarus.com\/?s={search_term_string}\"},\"query-input\":{\"@type\":\"PropertyValueSpecification\",\"valueRequired\":true,\"valueName\":\"search_term_string\"}}],\"inLanguage\":\"de\"}]}<\/script>\n<!-- \/ Yoast SEO plugin. -->","yoast_head_json":{"title":"Datenschutz durch Design - IMTLazarus","robots":{"index":"index","follow":"follow","max-snippet":"max-snippet:-1","max-image-preview":"max-image-preview:large","max-video-preview":"max-video-preview:-1"},"canonical":"https:\/\/www.imtlazarus.com\/de\/datenschutz-durch-design\/","og_locale":"de_DE","og_type":"article","og_title":"Datenschutz durch Design - IMTLazarus","og_description":"Datenschutz durch Design Unter Wahrung des schulischen und famili\u00e4ren Rahmens Wir alle haben das Recht auf Privatsph\u00e4re und darauf, unsere personenbezogenen Daten sicher zu halten \u2013 insbesondere Minderj\u00e4hrige, sowohl im Bildungs- als auch im famili\u00e4ren Umfeld.Verantwortungsvolle VerwaltungRespekt vor DatenAnpassung an GesetzeSensibilit\u00e4t im Umgang mit Daten Verantwortungsvolle Verwaltung personenbezogener Daten durch Trennung des schulischen und des [&hellip;]","og_url":"https:\/\/www.imtlazarus.com\/de\/datenschutz-durch-design\/","og_site_name":"IMTLazarus","article_modified_time":"2026-04-22T15:02:12+00:00","twitter_card":"summary_large_image","twitter_misc":{"Gesch\u00e4tzte Lesezeit":"6\u00a0Minuten"},"schema":{"@context":"https:\/\/schema.org","@graph":[{"@type":"WebPage","@id":"https:\/\/www.imtlazarus.com\/de\/datenschutz-durch-design\/","url":"https:\/\/www.imtlazarus.com\/de\/datenschutz-durch-design\/","name":"Datenschutz durch Design - IMTLazarus","isPartOf":{"@id":"https:\/\/www.imtlazarus.com\/#website"},"datePublished":"2024-04-28T13:33:49+00:00","dateModified":"2026-04-22T15:02:12+00:00","breadcrumb":{"@id":"https:\/\/www.imtlazarus.com\/de\/datenschutz-durch-design\/#breadcrumb"},"inLanguage":"de","potentialAction":[{"@type":"ReadAction","target":["https:\/\/www.imtlazarus.com\/de\/datenschutz-durch-design\/"]}]},{"@type":"BreadcrumbList","@id":"https:\/\/www.imtlazarus.com\/de\/datenschutz-durch-design\/#breadcrumb","itemListElement":[{"@type":"ListItem","position":1,"name":"Portada","item":"https:\/\/www.imtlazarus.com\/de\/imtlazarus-oekosystem\/"},{"@type":"ListItem","position":2,"name":"Datenschutz durch Design"}]},{"@type":"WebSite","@id":"https:\/\/www.imtlazarus.com\/#website","url":"https:\/\/www.imtlazarus.com\/","name":"IMTLazarus","description":"","potentialAction":[{"@type":"SearchAction","target":{"@type":"EntryPoint","urlTemplate":"https:\/\/www.imtlazarus.com\/?s={search_term_string}"},"query-input":{"@type":"PropertyValueSpecification","valueRequired":true,"valueName":"search_term_string"}}],"inLanguage":"de"}]}},"_links":{"self":[{"href":"https:\/\/www.imtlazarus.com\/de\/wp-json\/wp\/v2\/pages\/5089","targetHints":{"allow":["GET"]}}],"collection":[{"href":"https:\/\/www.imtlazarus.com\/de\/wp-json\/wp\/v2\/pages"}],"about":[{"href":"https:\/\/www.imtlazarus.com\/de\/wp-json\/wp\/v2\/types\/page"}],"author":[{"embeddable":true,"href":"https:\/\/www.imtlazarus.com\/de\/wp-json\/wp\/v2\/users\/1"}],"replies":[{"embeddable":true,"href":"https:\/\/www.imtlazarus.com\/de\/wp-json\/wp\/v2\/comments?post=5089"}],"version-history":[{"count":2,"href":"https:\/\/www.imtlazarus.com\/de\/wp-json\/wp\/v2\/pages\/5089\/revisions"}],"predecessor-version":[{"id":5091,"href":"https:\/\/www.imtlazarus.com\/de\/wp-json\/wp\/v2\/pages\/5089\/revisions\/5091"}],"wp:attachment":[{"href":"https:\/\/www.imtlazarus.com\/de\/wp-json\/wp\/v2\/media?parent=5089"}],"curies":[{"name":"wp","href":"https:\/\/api.w.org\/{rel}","templated":true}]}}