{"id":5092,"date":"2024-04-30T19:59:58","date_gmt":"2024-04-30T17:59:58","guid":{"rendered":"https:\/\/www.imtlazarus.com\/rechtliche-vorschriften\/"},"modified":"2026-04-22T17:03:41","modified_gmt":"2026-04-22T15:03:41","slug":"rechtliche-vorschriften","status":"publish","type":"page","link":"https:\/\/www.imtlazarus.com\/de\/rechtliche-vorschriften\/","title":{"rendered":"Rechtliche Vorschriften"},"content":{"rendered":"<p>[et_pb_section fb_built=&#8220;1&#8243; module_class=&#8220;wpt-divi-forms wpt-divi-forms&#8220; _builder_version=&#8220;4.27.5&#8243; _module_preset=&#8220;default&#8220; background_image=&#8220;https:\/\/www.imtlazarus.com\/wp-content\/uploads\/normativa_responsabilidad0-2.png&#8220; height=&#8220;410px&#8220; hover_enabled=&#8220;0&#8243; global_colors_info=&#8220;{}&#8220; sticky_enabled=&#8220;0&#8243; title_text=&#8220;normativa_responsabilidad0&#8243;][\/et_pb_section][et_pb_section fb_built=&#8220;1&#8243; admin_label=&#8220;Fondo hex\u00e1gonos&#8220; module_class=&#8220;wpt-divi-forms wpt-divi-forms wpt-divi-forms wpt-divi-forms wpt-divi-forms wpt-divi-forms wpt-divi-forms wpt-divi-forms&#8220; _builder_version=&#8220;4.25.0&#8243; _module_preset=&#8220;default&#8220; background_color=&#8220;rgba(234,209,220,0.1519)&#8220; background_image=&#8220;https:\/\/www.imtlazarus.com\/wp-content\/uploads\/Fondo-Hexagonos.svg&#8220; parallax=&#8220;on&#8220; height=&#8220;1500px&#8220; global_colors_info=&#8220;{}&#8220;][\/et_pb_section][et_pb_section fb_built=&#8220;1&#8243; admin_label=&#8220;Contenido&#8220; module_class=&#8220;wpt-divi-forms wpt-divi-forms wpt-divi-forms wpt-divi-forms wpt-divi-forms wpt-divi-forms wpt-divi-forms wpt-divi-forms&#8220; _builder_version=&#8220;4.25.1&#8243; _module_preset=&#8220;default&#8220; background_color=&#8220;RGBA(255,255,255,0)&#8220; background_enable_image=&#8220;off&#8220; custom_margin=&#8220;-1520px||||false|false&#8220; custom_padding=&#8220;||||false|false&#8220; global_colors_info=&#8220;{}&#8220;][et_pb_row column_structure=&#8220;1_3,2_3&#8243; _builder_version=&#8220;4.25.1&#8243; _module_preset=&#8220;default&#8220; custom_margin=&#8220;20px||||false|false&#8220; global_colors_info=&#8220;{}&#8220;][et_pb_column type=&#8220;1_3&#8243; _builder_version=&#8220;4.25.0&#8243; _module_preset=&#8220;default&#8220; global_colors_info=&#8220;{}&#8220;][et_pb_image src=&#8220;https:\/\/www.imtlazarus.com\/wp-content\/uploads\/icono_servicios_responsabilidad.svg&#8220; title_text=&#8220;icono_servicios_responsabilidad&#8220; align=&#8220;center&#8220; _builder_version=&#8220;4.25.1&#8243; _module_preset=&#8220;default&#8220; transform_scale=&#8220;130%|130%&#8220; height=&#8220;150px&#8220; custom_margin=&#8220;-10px||10px||false|false&#8220; global_colors_info=&#8220;{}&#8220;][\/et_pb_image][\/et_pb_column][et_pb_column type=&#8220;2_3&#8243; _builder_version=&#8220;4.25.0&#8243; _module_preset=&#8220;default&#8220; global_colors_info=&#8220;{}&#8220;][et_pb_text _builder_version=&#8220;4.27.5&#8243; _module_preset=&#8220;default&#8220; display_conditions=&#8220;W10=&#8220; custom_margin=&#8220;0px||0px||false|false&#8220; custom_padding=&#8220;0px||||false|false&#8220; global_colors_info=&#8220;{}&#8220;]<\/p>\n<h1><strong>Rechtliche Vorschriften<\/strong><\/h1>\n<p>[\/et_pb_text][et_pb_text _builder_version=&#8220;4.25.0&#8243; _module_preset=&#8220;default&#8220; global_colors_info=&#8220;{}&#8220;]<\/p>\n<h3><strong>Wir denken den Schutz der Sch\u00fcler neu<\/strong><\/h3>\n<p><span style=\"font-weight: 400; font-size: large;\">Ihre Rechte zu sch\u00fctzen ist eine Notwendigkeit f\u00fcr alle und insbesondere eine Verantwortung der Erziehungsberechtigten und der Familien. <\/span><\/p>\n<p>[\/et_pb_text][\/et_pb_column][\/et_pb_row][et_pb_row column_structure=&#8220;1_3,1_3,1_3&#8243; make_equal=&#8220;on&#8220; _builder_version=&#8220;4.25.1&#8243; _module_preset=&#8220;default&#8220; custom_margin=&#8220;30px||30px||true|false&#8220; global_colors_info=&#8220;{}&#8220;][et_pb_column type=&#8220;1_3&#8243; _builder_version=&#8220;4.25.0&#8243; _module_preset=&#8220;default&#8220; global_colors_info=&#8220;{}&#8220;][et_pb_text _builder_version=&#8220;4.25.0&#8243; _module_preset=&#8220;default&#8220; background_color=&#8220;#f8f9fa&#8220; height=&#8220;120px&#8220; custom_padding=&#8220;20px|20px|20px|20px|false|false&#8220; border_radii=&#8220;on|12px|12px|12px|12px&#8220; border_width_all=&#8220;3px&#8220; border_color_all=&#8220;#34a853&#8243; box_shadow_style=&#8220;preset2&#8243; global_colors_info=&#8220;{}&#8220;]<\/p>\n<p><span style=\"font-size: large;\"><span style=\"color: #34a853;\"><b>Datenschutz<\/b><\/span> <span style=\"font-weight: 400;\">das Grundrecht auf Schutz personenbezogener Daten.<\/span><\/span><\/p>\n<p>[\/et_pb_text][\/et_pb_column][et_pb_column type=&#8220;1_3&#8243; _builder_version=&#8220;4.25.0&#8243; _module_preset=&#8220;default&#8220; global_colors_info=&#8220;{}&#8220;][et_pb_text _builder_version=&#8220;4.25.0&#8243; _module_preset=&#8220;default&#8220; background_color=&#8220;#f8f9fa&#8220; height=&#8220;120px&#8220; custom_padding=&#8220;20px|20px|20px|20px|false|false&#8220; border_radii=&#8220;on|12px|12px|12px|12px&#8220; border_width_all=&#8220;3px&#8220; border_color_all=&#8220;#0081c2&#8243; box_shadow_style=&#8220;preset2&#8243; global_colors_info=&#8220;{}&#8220;]<\/p>\n<p><span style=\"font-size: large;\"><span style=\"color: #4285f4;\"><b>Sicherheit<\/b><\/span><span style=\"font-weight: 400;\">  vor ungeeigneten Inhalten. Recht auf Schutz des Minderj\u00e4hrigen. <\/span><\/span><\/p>\n<p>[\/et_pb_text][\/et_pb_column][et_pb_column type=&#8220;1_3&#8243; _builder_version=&#8220;4.25.0&#8243; _module_preset=&#8220;default&#8220; global_colors_info=&#8220;{}&#8220;][et_pb_text _builder_version=&#8220;4.25.0&#8243; _module_preset=&#8220;default&#8220; background_color=&#8220;#f8f9fa&#8220; height=&#8220;120px&#8220; custom_padding=&#8220;20px|20px|20px|20px|false|false&#8220; border_radii=&#8220;on|12px|12px|12px|12px&#8220; border_width_all=&#8220;3px&#8220; border_color_all=&#8220;#ff9901&#8243; box_shadow_style=&#8220;preset2&#8243; global_colors_info=&#8220;{}&#8220;]<\/p>\n<p><span style=\"font-size: large;\"><span style=\"color: #ff9901;\"><b>Verhalten<\/b><\/span> <span style=\"font-weight: 400;\">des Minderj\u00e4hrigen gegen\u00fcber m\u00f6glichen Risiken und Ablenkungen<\/span><span style=\"font-weight: 400;\">.<\/span><\/span><\/p>\n<p>[\/et_pb_text][\/et_pb_column][\/et_pb_row][et_pb_row column_structure=&#8220;3_4,1_4&#8243; _builder_version=&#8220;4.25.0&#8243; _module_preset=&#8220;default&#8220; global_colors_info=&#8220;{}&#8220;][et_pb_column type=&#8220;3_4&#8243; _builder_version=&#8220;4.25.0&#8243; _module_preset=&#8220;default&#8220; global_colors_info=&#8220;{}&#8220;][et_pb_text _builder_version=&#8220;4.25.0&#8243; _module_preset=&#8220;default&#8220; global_colors_info=&#8220;{}&#8220;]<\/p>\n<h1><b>Gemeinsam eine Zukunft der <\/b><span style=\"color: #a64d79;\"><b>geteilten Verantwortung<\/b><\/span> gestalten<\/h1>\n<p>[\/et_pb_text][\/et_pb_column][et_pb_column type=&#8220;1_4&#8243; _builder_version=&#8220;4.25.0&#8243; _module_preset=&#8220;default&#8220; global_colors_info=&#8220;{}&#8220;][\/et_pb_column][\/et_pb_row][et_pb_row column_structure=&#8220;1_2,1_2&#8243; _builder_version=&#8220;4.25.0&#8243; _module_preset=&#8220;default&#8220; global_colors_info=&#8220;{}&#8220;][et_pb_column type=&#8220;1_2&#8243; _builder_version=&#8220;4.25.0&#8243; _module_preset=&#8220;default&#8220; global_colors_info=&#8220;{}&#8220;][et_pb_text _builder_version=&#8220;4.25.0&#8243; _module_preset=&#8220;default&#8220; background_color=&#8220;RGBA(255,255,255,0)&#8220; custom_padding=&#8220;20px|20px|20px|20px|true|true&#8220; global_colors_info=&#8220;{}&#8220;]<\/p>\n<p><span style=\"font-size: large;\"><b>Die Sch\u00fclerinnen und Sch\u00fcler<\/b><span style=\"font-weight: 400;\"> surfen sicher und gesch\u00fctzt vor nicht bildungsrelevanten Seiten.<\/span><\/span><\/p>\n<p><span style=\"font-size: large;\"><b>Die Lehrkr\u00e4fte<\/b><span style=\"font-weight: 400;\"> verf\u00fcgen \u00fcber Statistiken, Risikodaten und eine vollst\u00e4ndige digitale Aufsicht \u00fcber die Sch\u00fclerschaft.<\/span><\/span><\/p>\n<p><span style=\"font-size: large;\"><b>Die Verantwortlichen im Bildungsbereich<\/b><span style=\"font-weight: 400;\"> analysieren die Daten der Einrichtung, um ihre Entscheidungen zu untermauern, und bewerten Verhaltensrisiken.<\/span><\/span><\/p>\n<p><span style=\"font-size: large;\"><b>Die IT-Administratoren<\/b><span style=\"font-weight: 400;\"> verwalten und sch\u00fctzen die Daten der Bildungseinrichtung.<\/span><\/span><\/p>\n<p><span style=\"font-size: large;\"><b>Die Familien <\/b><span style=\"font-weight: 400;\">k\u00f6nnen das digitale Verhalten ihrer Kinder \u00fcberwachen.<\/span><\/span><\/p>\n<p>[\/et_pb_text][\/et_pb_column][et_pb_column type=&#8220;1_2&#8243; _builder_version=&#8220;4.25.0&#8243; _module_preset=&#8220;default&#8220; global_colors_info=&#8220;{}&#8220;][et_pb_image src=&#8220;https:\/\/www.imtlazarus.com\/wp-content\/uploads\/Imagen-responsabilidad.svg&#8220; title_text=&#8220;Bild Verantwortung&#8220; _builder_version=&#8220;4.25.0&#8243; _module_preset=&#8220;default&#8220; custom_margin=&#8220;-40px||||false|false&#8220; global_colors_info=&#8220;{}&#8220;][\/et_pb_image][\/et_pb_column][\/et_pb_row][et_pb_row _builder_version=&#8220;4.25.0&#8243; _module_preset=&#8220;default&#8220; global_colors_info=&#8220;{}&#8220;][et_pb_column type=&#8220;4_4&#8243; _builder_version=&#8220;4.25.0&#8243; _module_preset=&#8220;default&#8220; global_colors_info=&#8220;{}&#8220;][et_pb_divider color=&#8220;#a64d79&#8243; divider_position=&#8220;center&#8220; _builder_version=&#8220;4.25.0&#8243; _module_preset=&#8220;default&#8220; global_colors_info=&#8220;{}&#8220;][\/et_pb_divider][et_pb_text _builder_version=&#8220;4.25.0&#8243; _module_preset=&#8220;default&#8220; custom_padding=&#8220;0px|20px|0px|20px|false|true&#8220; global_colors_info=&#8220;{}&#8220;]<\/p>\n<h1><b><span style=\"color: #a64d79;\">Fokussiert <\/span>auf die Verarbeitung personenbezogener Daten<\/b><\/h1>\n<p>[\/et_pb_text][et_pb_text _builder_version=&#8220;4.25.0&#8243; _module_preset=&#8220;default&#8220; custom_padding=&#8220;|20px||20px|false|true&#8220; global_colors_info=&#8220;{}&#8220;]<\/p>\n<p><span style=\"font-size: large;\"><img loading=\"lazy\" decoding=\"async\" src=\"https:\/\/www.imtlazarus.com\/wp-content\/uploads\/menu_privacidad.svg\" width=\"48\" height=\"48\" alt=\"\" class=\"wp-image-165 alignnone size-medium\" style=\"vertical-align: middle;\"> <span style=\"color: #34a853;\"><strong>Schutz Ihrer Daten<\/strong><\/span><\/span><\/p>\n<p><span style=\"font-size: large;\"><strong><img loading=\"lazy\" decoding=\"async\" src=\"https:\/\/www.imtlazarus.com\/wp-content\/uploads\/menu_seguridad.svg\" width=\"50\" height=\"50\" alt=\"\" class=\"wp-image-168 alignnone size-medium\" style=\"vertical-align: middle;\"> <span style=\"color: #0081c2;\">Zugriff auf ungeeignete Inhalte<\/span><\/strong><\/span><\/p>\n<p><span style=\"font-size: large;\"><img loading=\"lazy\" decoding=\"async\" src=\"https:\/\/www.imtlazarus.com\/wp-content\/uploads\/menu_comportamiento.svg\" width=\"48\" height=\"48\" alt=\"\" class=\"wp-image-167 alignnone size-medium\" style=\"vertical-align: middle;\"> <span style=\"color: #ff9901;\"><strong>F\u00fcr angemessene Gewohnheiten sorgen<\/strong><\/span><\/span><\/p>\n<p>[\/et_pb_text][\/et_pb_column][\/et_pb_row][et_pb_row _builder_version=&#8220;4.27.5&#8243; _module_preset=&#8220;default&#8220; height=&#8220;80px&#8220; global_colors_info=&#8220;{}&#8220;][et_pb_column type=&#8220;4_4&#8243; _builder_version=&#8220;4.27.5&#8243; _module_preset=&#8220;default&#8220; global_colors_info=&#8220;{}&#8220;][\/et_pb_column][\/et_pb_row][\/et_pb_section]<\/p>\n","protected":false},"excerpt":{"rendered":"<p>Rechtliche VorschriftenWir denken den Schutz der Sch\u00fcler neu Ihre Rechte zu sch\u00fctzen ist eine Notwendigkeit f\u00fcr alle und insbesondere eine Verantwortung der Erziehungsberechtigten und der Familien. Datenschutz das Grundrecht auf Schutz personenbezogener Daten.Sicherheit vor ungeeigneten Inhalten. Recht auf Schutz des Minderj\u00e4hrigen. Verhalten des Minderj\u00e4hrigen gegen\u00fcber m\u00f6glichen Risiken und Ablenkungen.Gemeinsam eine Zukunft der geteilten Verantwortung gestaltenDie [&hellip;]<\/p>\n","protected":false},"author":1,"featured_media":0,"parent":0,"menu_order":0,"comment_status":"closed","ping_status":"closed","template":"","meta":{"_et_pb_use_builder":"on","_et_pb_old_content":"","_et_gb_content_width":"","content-type":"","inline_featured_image":false,"footnotes":""},"class_list":["post-5092","page","type-page","status-publish","hentry"],"yoast_head":"<!-- This site is optimized with the Yoast SEO plugin v26.2 - https:\/\/yoast.com\/wordpress\/plugins\/seo\/ -->\n<title>Rechtliche Vorschriften - IMTLazarus<\/title>\n<meta name=\"robots\" content=\"index, follow, max-snippet:-1, max-image-preview:large, max-video-preview:-1\" \/>\n<link rel=\"canonical\" href=\"https:\/\/www.imtlazarus.com\/de\/rechtliche-vorschriften\/\" \/>\n<meta property=\"og:locale\" content=\"de_DE\" \/>\n<meta property=\"og:type\" content=\"article\" \/>\n<meta property=\"og:title\" content=\"Rechtliche Vorschriften - IMTLazarus\" \/>\n<meta property=\"og:description\" content=\"Rechtliche VorschriftenWir denken den Schutz der Sch\u00fcler neu Ihre Rechte zu sch\u00fctzen ist eine Notwendigkeit f\u00fcr alle und insbesondere eine Verantwortung der Erziehungsberechtigten und der Familien. Datenschutz das Grundrecht auf Schutz personenbezogener Daten.Sicherheit vor ungeeigneten Inhalten. Recht auf Schutz des Minderj\u00e4hrigen. Verhalten des Minderj\u00e4hrigen gegen\u00fcber m\u00f6glichen Risiken und Ablenkungen.Gemeinsam eine Zukunft der geteilten Verantwortung gestaltenDie [&hellip;]\" \/>\n<meta property=\"og:url\" content=\"https:\/\/www.imtlazarus.com\/de\/rechtliche-vorschriften\/\" \/>\n<meta property=\"og:site_name\" content=\"IMTLazarus\" \/>\n<meta property=\"article:modified_time\" content=\"2026-04-22T15:03:41+00:00\" \/>\n<meta name=\"twitter:card\" content=\"summary_large_image\" \/>\n<meta name=\"twitter:label1\" content=\"Gesch\u00e4tzte Lesezeit\" \/>\n\t<meta name=\"twitter:data1\" content=\"5\u00a0Minuten\" \/>\n<script type=\"application\/ld+json\" class=\"yoast-schema-graph\">{\"@context\":\"https:\/\/schema.org\",\"@graph\":[{\"@type\":\"WebPage\",\"@id\":\"https:\/\/www.imtlazarus.com\/de\/rechtliche-vorschriften\/\",\"url\":\"https:\/\/www.imtlazarus.com\/de\/rechtliche-vorschriften\/\",\"name\":\"Rechtliche Vorschriften - IMTLazarus\",\"isPartOf\":{\"@id\":\"https:\/\/www.imtlazarus.com\/#website\"},\"primaryImageOfPage\":{\"@id\":\"https:\/\/www.imtlazarus.com\/de\/rechtliche-vorschriften\/#primaryimage\"},\"image\":{\"@id\":\"https:\/\/www.imtlazarus.com\/de\/rechtliche-vorschriften\/#primaryimage\"},\"thumbnailUrl\":\"https:\/\/www.imtlazarus.com\/wp-content\/uploads\/menu_privacidad.svg\",\"datePublished\":\"2024-04-30T17:59:58+00:00\",\"dateModified\":\"2026-04-22T15:03:41+00:00\",\"breadcrumb\":{\"@id\":\"https:\/\/www.imtlazarus.com\/de\/rechtliche-vorschriften\/#breadcrumb\"},\"inLanguage\":\"de\",\"potentialAction\":[{\"@type\":\"ReadAction\",\"target\":[\"https:\/\/www.imtlazarus.com\/de\/rechtliche-vorschriften\/\"]}]},{\"@type\":\"ImageObject\",\"inLanguage\":\"de\",\"@id\":\"https:\/\/www.imtlazarus.com\/de\/rechtliche-vorschriften\/#primaryimage\",\"url\":\"https:\/\/www.imtlazarus.com\/wp-content\/uploads\/menu_privacidad.svg\",\"contentUrl\":\"https:\/\/www.imtlazarus.com\/wp-content\/uploads\/menu_privacidad.svg\"},{\"@type\":\"BreadcrumbList\",\"@id\":\"https:\/\/www.imtlazarus.com\/de\/rechtliche-vorschriften\/#breadcrumb\",\"itemListElement\":[{\"@type\":\"ListItem\",\"position\":1,\"name\":\"Portada\",\"item\":\"https:\/\/www.imtlazarus.com\/de\/imtlazarus-oekosystem\/\"},{\"@type\":\"ListItem\",\"position\":2,\"name\":\"Rechtliche Vorschriften\"}]},{\"@type\":\"WebSite\",\"@id\":\"https:\/\/www.imtlazarus.com\/#website\",\"url\":\"https:\/\/www.imtlazarus.com\/\",\"name\":\"IMTLazarus\",\"description\":\"\",\"potentialAction\":[{\"@type\":\"SearchAction\",\"target\":{\"@type\":\"EntryPoint\",\"urlTemplate\":\"https:\/\/www.imtlazarus.com\/?s={search_term_string}\"},\"query-input\":{\"@type\":\"PropertyValueSpecification\",\"valueRequired\":true,\"valueName\":\"search_term_string\"}}],\"inLanguage\":\"de\"}]}<\/script>\n<!-- \/ Yoast SEO plugin. -->","yoast_head_json":{"title":"Rechtliche Vorschriften - IMTLazarus","robots":{"index":"index","follow":"follow","max-snippet":"max-snippet:-1","max-image-preview":"max-image-preview:large","max-video-preview":"max-video-preview:-1"},"canonical":"https:\/\/www.imtlazarus.com\/de\/rechtliche-vorschriften\/","og_locale":"de_DE","og_type":"article","og_title":"Rechtliche Vorschriften - IMTLazarus","og_description":"Rechtliche VorschriftenWir denken den Schutz der Sch\u00fcler neu Ihre Rechte zu sch\u00fctzen ist eine Notwendigkeit f\u00fcr alle und insbesondere eine Verantwortung der Erziehungsberechtigten und der Familien. Datenschutz das Grundrecht auf Schutz personenbezogener Daten.Sicherheit vor ungeeigneten Inhalten. Recht auf Schutz des Minderj\u00e4hrigen. Verhalten des Minderj\u00e4hrigen gegen\u00fcber m\u00f6glichen Risiken und Ablenkungen.Gemeinsam eine Zukunft der geteilten Verantwortung gestaltenDie [&hellip;]","og_url":"https:\/\/www.imtlazarus.com\/de\/rechtliche-vorschriften\/","og_site_name":"IMTLazarus","article_modified_time":"2026-04-22T15:03:41+00:00","twitter_card":"summary_large_image","twitter_misc":{"Gesch\u00e4tzte Lesezeit":"5\u00a0Minuten"},"schema":{"@context":"https:\/\/schema.org","@graph":[{"@type":"WebPage","@id":"https:\/\/www.imtlazarus.com\/de\/rechtliche-vorschriften\/","url":"https:\/\/www.imtlazarus.com\/de\/rechtliche-vorschriften\/","name":"Rechtliche Vorschriften - IMTLazarus","isPartOf":{"@id":"https:\/\/www.imtlazarus.com\/#website"},"primaryImageOfPage":{"@id":"https:\/\/www.imtlazarus.com\/de\/rechtliche-vorschriften\/#primaryimage"},"image":{"@id":"https:\/\/www.imtlazarus.com\/de\/rechtliche-vorschriften\/#primaryimage"},"thumbnailUrl":"https:\/\/www.imtlazarus.com\/wp-content\/uploads\/menu_privacidad.svg","datePublished":"2024-04-30T17:59:58+00:00","dateModified":"2026-04-22T15:03:41+00:00","breadcrumb":{"@id":"https:\/\/www.imtlazarus.com\/de\/rechtliche-vorschriften\/#breadcrumb"},"inLanguage":"de","potentialAction":[{"@type":"ReadAction","target":["https:\/\/www.imtlazarus.com\/de\/rechtliche-vorschriften\/"]}]},{"@type":"ImageObject","inLanguage":"de","@id":"https:\/\/www.imtlazarus.com\/de\/rechtliche-vorschriften\/#primaryimage","url":"https:\/\/www.imtlazarus.com\/wp-content\/uploads\/menu_privacidad.svg","contentUrl":"https:\/\/www.imtlazarus.com\/wp-content\/uploads\/menu_privacidad.svg"},{"@type":"BreadcrumbList","@id":"https:\/\/www.imtlazarus.com\/de\/rechtliche-vorschriften\/#breadcrumb","itemListElement":[{"@type":"ListItem","position":1,"name":"Portada","item":"https:\/\/www.imtlazarus.com\/de\/imtlazarus-oekosystem\/"},{"@type":"ListItem","position":2,"name":"Rechtliche Vorschriften"}]},{"@type":"WebSite","@id":"https:\/\/www.imtlazarus.com\/#website","url":"https:\/\/www.imtlazarus.com\/","name":"IMTLazarus","description":"","potentialAction":[{"@type":"SearchAction","target":{"@type":"EntryPoint","urlTemplate":"https:\/\/www.imtlazarus.com\/?s={search_term_string}"},"query-input":{"@type":"PropertyValueSpecification","valueRequired":true,"valueName":"search_term_string"}}],"inLanguage":"de"}]}},"_links":{"self":[{"href":"https:\/\/www.imtlazarus.com\/de\/wp-json\/wp\/v2\/pages\/5092","targetHints":{"allow":["GET"]}}],"collection":[{"href":"https:\/\/www.imtlazarus.com\/de\/wp-json\/wp\/v2\/pages"}],"about":[{"href":"https:\/\/www.imtlazarus.com\/de\/wp-json\/wp\/v2\/types\/page"}],"author":[{"embeddable":true,"href":"https:\/\/www.imtlazarus.com\/de\/wp-json\/wp\/v2\/users\/1"}],"replies":[{"embeddable":true,"href":"https:\/\/www.imtlazarus.com\/de\/wp-json\/wp\/v2\/comments?post=5092"}],"version-history":[{"count":2,"href":"https:\/\/www.imtlazarus.com\/de\/wp-json\/wp\/v2\/pages\/5092\/revisions"}],"predecessor-version":[{"id":5094,"href":"https:\/\/www.imtlazarus.com\/de\/wp-json\/wp\/v2\/pages\/5092\/revisions\/5094"}],"wp:attachment":[{"href":"https:\/\/www.imtlazarus.com\/de\/wp-json\/wp\/v2\/media?parent=5092"}],"curies":[{"name":"wp","href":"https:\/\/api.w.org\/{rel}","templated":true}]}}