{"id":5095,"date":"2024-04-28T15:35:19","date_gmt":"2024-04-28T13:35:19","guid":{"rendered":"https:\/\/www.imtlazarus.com\/digitales-wohlbefinden\/"},"modified":"2026-04-22T17:04:27","modified_gmt":"2026-04-22T15:04:27","slug":"digitales-wohlbefinden","status":"publish","type":"page","link":"https:\/\/www.imtlazarus.com\/de\/digitales-wohlbefinden\/","title":{"rendered":"Digitales Wohlbefinden"},"content":{"rendered":"<p>[et_pb_section fb_built=&#8220;1&#8243; module_class=&#8220;wpt-divi-forms&#8220; _builder_version=&#8220;4.27.5&#8243; _module_preset=&#8220;default&#8220; background_image=&#8220;https:\/\/www.imtlazarus.com\/wp-content\/uploads\/bienestar_digital.png&#8220; height=&#8220;410px&#8220; global_colors_info=&#8220;{}&#8220;][\/et_pb_section][et_pb_section fb_built=&#8220;1&#8243; admin_label=&#8220;Fondo hex\u00e1gonos&#8220; module_class=&#8220;wpt-divi-forms wpt-divi-forms wpt-divi-forms wpt-divi-forms wpt-divi-forms wpt-divi-forms&#8220; _builder_version=&#8220;4.25.0&#8243; _module_preset=&#8220;default&#8220; background_color=&#8220;rgba(254,248,232,0.1899)&#8220; background_image=&#8220;https:\/\/www.imtlazarus.com\/wp-content\/uploads\/Fondo-Hexagonos.svg&#8220; parallax=&#8220;on&#8220; height=&#8220;1124px&#8220; global_colors_info=&#8220;{}&#8220;][\/et_pb_section][et_pb_section fb_built=&#8220;1&#8243; admin_label=&#8220;Contenido&#8220; module_class=&#8220;wpt-divi-forms wpt-divi-forms wpt-divi-forms wpt-divi-forms wpt-divi-forms wpt-divi-forms&#8220; _builder_version=&#8220;4.25.0&#8243; _module_preset=&#8220;default&#8220; background_color=&#8220;RGBA(255,255,255,0)&#8220; background_enable_image=&#8220;off&#8220; custom_margin=&#8220;-1124px||||false|false&#8220; custom_padding=&#8220;19px||0px|||&#8220; global_colors_info=&#8220;{}&#8220;][et_pb_row column_structure=&#8220;1_3,2_3&#8243; _builder_version=&#8220;4.25.1&#8243; _module_preset=&#8220;default&#8220; custom_margin=&#8220;20px||||false|false&#8220; global_colors_info=&#8220;{}&#8220;][et_pb_column type=&#8220;1_3&#8243; _builder_version=&#8220;4.25.0&#8243; _module_preset=&#8220;default&#8220; global_colors_info=&#8220;{}&#8220;][et_pb_image src=&#8220;https:\/\/www.imtlazarus.com\/wp-content\/uploads\/imagen_fuerza_pagina_comportamiento.svg&#8220; title_text=&#8220;bild_st\u00e4rke_seite_verhalten&#8220; align=&#8220;center&#8220; _builder_version=&#8220;4.25.1&#8243; _module_preset=&#8220;default&#8220; height=&#8220;150px&#8220; custom_margin=&#8220;-10px||10px||false|false&#8220; global_colors_info=&#8220;{}&#8220;][\/et_pb_image][\/et_pb_column][et_pb_column type=&#8220;2_3&#8243; _builder_version=&#8220;4.25.0&#8243; _module_preset=&#8220;default&#8220; global_colors_info=&#8220;{}&#8220;][et_pb_text _builder_version=&#8220;4.27.5&#8243; _module_preset=&#8220;default&#8220; global_colors_info=&#8220;{}&#8220;]<\/p>\n<h1><strong>Digitales Wohlbefinden  <\/strong><\/h1>\n<h3><strong>Orientierung zu verantwortungsvollen Gewohnheiten<\/strong><\/h3>\n<p><span style=\"font-weight: 400;\">Das Online-Verhalten des Minderj\u00e4hrigen kann auf unangemessene Verhaltensweisen oder Probleme hinweisen. Es liegt in der Verantwortung der Erziehungsberechtigten und Eltern, aufmerksam zu bleiben und bei jeder Auff\u00e4lligkeit zu handeln. <\/span><\/p>\n<p>[\/et_pb_text][\/et_pb_column][\/et_pb_row][et_pb_row column_structure=&#8220;1_3,2_3&#8243; _builder_version=&#8220;4.25.0&#8243; _module_preset=&#8220;default&#8220; global_colors_info=&#8220;{}&#8220;][et_pb_column type=&#8220;1_3&#8243; _builder_version=&#8220;4.25.0&#8243; _module_preset=&#8220;default&#8220; global_colors_info=&#8220;{}&#8220;][et_pb_text _builder_version=&#8220;4.25.0&#8243; _module_preset=&#8220;default&#8220; text_font=&#8220;|600|||||||&#8220; text_text_color=&#8220;#FFFFFF&#8220; background_color=&#8220;#783f03&#8243; custom_margin=&#8220;||||false|false&#8220; custom_padding=&#8220;20px|20px|20px|20px|false|true&#8220; border_radii=&#8220;off|12px|12px||&#8220; border_width_all=&#8220;3px&#8220; border_color_all=&#8220;#FFFFFF&#8220; global_colors_info=&#8220;{}&#8220;]<\/p>\n<p>Risiken<\/p>\n<p>[\/et_pb_text][et_pb_text _builder_version=&#8220;4.25.0&#8243; _module_preset=&#8220;default&#8220; text_font=&#8220;|600|||||||&#8220; text_text_color=&#8220;#FFFFFF&#8220; background_color=&#8220;#b45f06&#8243; custom_margin=&#8220;-35px||||false|false&#8220; custom_padding=&#8220;20px|20px|20px|20px|true|true&#8220; border_radii=&#8220;off|12px|12px||&#8220; border_width_all=&#8220;3px&#8220; border_color_all=&#8220;#FFFFFF&#8220; global_colors_info=&#8220;{}&#8220;]<\/p>\n<p>Ablenkungen<\/p>\n<p>[\/et_pb_text][et_pb_text _builder_version=&#8220;4.25.0&#8243; _module_preset=&#8220;default&#8220; text_font=&#8220;|600|||||||&#8220; text_text_color=&#8220;#FFFFFF&#8220; background_color=&#8220;#e59138&#8243; custom_margin=&#8220;-35px||||false|false&#8220; custom_padding=&#8220;20px|20px|20px|20px|true|true&#8220; border_radii=&#8220;off|12px|12px||&#8220; border_width_all=&#8220;3px&#8220; border_color_all=&#8220;#FFFFFF&#8220; global_colors_info=&#8220;{}&#8220;]<\/p>\n<p>Verst\u00f6\u00dfe<\/p>\n<p>[\/et_pb_text][et_pb_text _builder_version=&#8220;4.25.0&#8243; _module_preset=&#8220;default&#8220; text_font=&#8220;|600|||||||&#8220; text_text_color=&#8220;#FFFFFF&#8220; background_color=&#8220;#f6b26b&#8220; custom_margin=&#8220;-35px||||false|false&#8220; custom_padding=&#8220;20px|20px|20px|20px|true|true&#8220; border_radii=&#8220;on|12px|12px|12px|12px&#8220; border_width_all=&#8220;3px&#8220; border_color_all=&#8220;#FFFFFF&#8220; global_colors_info=&#8220;{}&#8220;]<\/p>\n<p>Ereignisse<\/p>\n<p>[\/et_pb_text][\/et_pb_column][et_pb_column type=&#8220;2_3&#8243; _builder_version=&#8220;4.25.0&#8243; _module_preset=&#8220;default&#8220; global_colors_info=&#8220;{}&#8220;][et_pb_text _builder_version=&#8220;4.25.0&#8243; _module_preset=&#8220;default&#8220; background_color=&#8220;#FFFFFF&#8220; custom_padding=&#8220;20px|20px|20px|20px|true|true&#8220; border_radii=&#8220;on|12px|12px|12px|12px&#8220; box_shadow_style=&#8220;preset2&#8243; global_colors_info=&#8220;{}&#8220;]<\/p>\n<ul>\n<li style=\"font-weight: 400;\" aria-level=\"1\"><span style=\"font-weight: 400;\"><span style=\"font-weight: 400;\">Aktivit\u00e4ten, die sch\u00e4dlich oder toxisch sind oder die k\u00f6rperliche wie psychische Unversehrtheit des Minderj\u00e4hrigen beeintr\u00e4chtigen.<\/span><\/span>\n<p><span style=\"font-weight: 400;\"><\/span><\/p>\n<\/li>\n<li style=\"font-weight: 400;\" aria-level=\"1\"><span style=\"font-weight: 400;\"><span style=\"font-weight: 400;\">Elemente, die Unkonzentriertheit verursachen und sogar zu einer Abkopplung von der Bildung des Minderj\u00e4hrigen f\u00fchren k\u00f6nnen [Soziale Netzwerke, Online-Spiele \u2026]<\/span><\/span>\n<p>&nbsp;<\/p>\n<\/li>\n<li style=\"font-weight: 400;\" aria-level=\"1\"><span style=\"font-weight: 400;\">Sanktionsf\u00e4hige Handlungen, die der Minderj\u00e4hrige bewusst begeht und die ihn in Gefahr bringen.<\/span><\/li>\n<li style=\"font-weight: 400;\" aria-level=\"1\"><span style=\"font-weight: 400;\">Nachverfolgbarkeit aller Aktivit\u00e4ten des Minderj\u00e4hrigen im Bildungsrahmen, um eine Bewertung seiner Entwicklung zu erm\u00f6glichen.<\/span><span style=\"font-weight: 400;\"><\/span><\/li>\n<\/ul>\n<p>[\/et_pb_text][\/et_pb_column][\/et_pb_row][et_pb_row _builder_version=&#8220;4.25.0&#8243; _module_preset=&#8220;default&#8220; global_colors_info=&#8220;{}&#8220;][et_pb_column type=&#8220;4_4&#8243; _builder_version=&#8220;4.25.0&#8243; _module_preset=&#8220;default&#8220; global_colors_info=&#8220;{}&#8220;][et_pb_divider color=&#8220;#ff9901&#8243; divider_position=&#8220;center&#8220; _builder_version=&#8220;4.25.0&#8243; _module_preset=&#8220;default&#8220; global_colors_info=&#8220;{}&#8220;][\/et_pb_divider][et_pb_text _builder_version=&#8220;4.25.0&#8243; _module_preset=&#8220;default&#8220; custom_padding=&#8220;|20px||20px|false|true&#8220; global_colors_info=&#8220;{}&#8220;]<\/p>\n<h1><span style=\"color: #ff9901;\"><b>Engagiert <\/b><\/span><b>bei der Beobachtung der Aktivit\u00e4ten des Sch\u00fclers<\/b><\/h1>\n<p>[\/et_pb_text][et_pb_text _builder_version=&#8220;4.25.0&#8243; _module_preset=&#8220;default&#8220; custom_padding=&#8220;|20px||20px|false|true&#8220; global_colors_info=&#8220;{}&#8220;]<\/p>\n<ul>\n<li style=\"font-weight: 400;\" aria-level=\"1\"><b>Bildungsverantwortliche<\/b><span style=\"font-weight: 400;\">. Bereitstellung von Tools zur Bewertung der Situation bei der Entscheidungsfindung.<\/span><\/li>\n<li style=\"font-weight: 400;\" aria-level=\"1\"><b>Lehrkr\u00e4fte<\/b><span style=\"font-weight: 400;\">. Transparenz \u00fcber die Entwicklung der Aktivit\u00e4ten des Sch\u00fclers mit dem Ziel, die Dynamik im Klassenzimmer zu verbessern.<\/span><\/li>\n<li style=\"font-weight: 400;\" aria-level=\"1\"><b>Familien<\/b><span>. Einbeziehung des famili\u00e4ren Umfelds, um m\u00f6gliche unangemessene Verhaltensweisen zu \u00e4ndern.<\/span><\/li>\n<\/ul>\n<p>[\/et_pb_text][\/et_pb_column][\/et_pb_row][et_pb_row _builder_version=&#8220;4.25.0&#8243; _module_preset=&#8220;default&#8220; global_colors_info=&#8220;{}&#8220;][et_pb_column type=&#8220;4_4&#8243; _builder_version=&#8220;4.25.0&#8243; _module_preset=&#8220;default&#8220; global_colors_info=&#8220;{}&#8220;][et_pb_divider color=&#8220;#ff9901&#8243; divider_position=&#8220;center&#8220; _builder_version=&#8220;4.25.0&#8243; _module_preset=&#8220;default&#8220; global_colors_info=&#8220;{}&#8220;][\/et_pb_divider][et_pb_text _builder_version=&#8220;4.25.0&#8243; _module_preset=&#8220;default&#8220; custom_padding=&#8220;0px|20px||20px|false|true&#8220; global_colors_info=&#8220;{}&#8220;]<\/p>\n<h1><span style=\"color: #ff9901;\"><b>Verhalten<span style=\"color: #000000;\">, das f\u00fcr die Normalisierung der Arbeit im Klassenzimmer und zu Hause angemessen ist<\/span><\/b><\/span><\/h1>\n<p>[\/et_pb_text][et_pb_text _builder_version=&#8220;4.25.0&#8243; _module_preset=&#8220;default&#8220; background_color=&#8220;RGBA(255,255,255,0)&#8220; custom_padding=&#8220;|20px||20px|false|true&#8220; global_colors_info=&#8220;{}&#8220;]<\/p>\n<ul>\n<li style=\"font-weight: 400;\" aria-level=\"1\"><span style=\"font-weight: 400;\">Wahrung der Unversehrtheit des Sch\u00fclers durch Vermeidung unangemessener Aktivit\u00e4ten.<\/span><\/li>\n<li style=\"font-weight: 400;\" aria-level=\"1\"><span style=\"font-weight: 400;\">Vorbeugung unerw\u00fcnschter Situationen.<\/span><\/li>\n<li style=\"font-weight: 400;\" aria-level=\"1\"><span style=\"font-weight: 400;\">Beobachtung der Aktivit\u00e4ten des Minderj\u00e4hrigen zur Bewertung.<\/span><\/li>\n<\/ul>\n<p>[\/et_pb_text][\/et_pb_column][\/et_pb_row][et_pb_row _builder_version=&#8220;4.27.5&#8243; _module_preset=&#8220;default&#8220; height=&#8220;80px&#8220; hover_enabled=&#8220;0&#8243; sticky_enabled=&#8220;0&#8243;][et_pb_column _builder_version=&#8220;4.27.5&#8243; _module_preset=&#8220;default&#8220; type=&#8220;4_4&#8243;][\/et_pb_column][\/et_pb_row][\/et_pb_section]<\/p>\n","protected":false},"excerpt":{"rendered":"<p>Digitales Wohlbefinden Orientierung zu verantwortungsvollen Gewohnheiten Das Online-Verhalten des Minderj\u00e4hrigen kann auf unangemessene Verhaltensweisen oder Probleme hinweisen. Es liegt in der Verantwortung der Erziehungsberechtigten und Eltern, aufmerksam zu bleiben und bei jeder Auff\u00e4lligkeit zu handeln. RisikenAblenkungenVerst\u00f6\u00dfeEreignisse Aktivit\u00e4ten, die sch\u00e4dlich oder toxisch sind oder die k\u00f6rperliche wie psychische Unversehrtheit des Minderj\u00e4hrigen beeintr\u00e4chtigen. Elemente, die Unkonzentriertheit verursachen [&hellip;]<\/p>\n","protected":false},"author":1,"featured_media":0,"parent":0,"menu_order":0,"comment_status":"closed","ping_status":"closed","template":"","meta":{"_et_pb_use_builder":"on","_et_pb_old_content":"","_et_gb_content_width":"","content-type":"","inline_featured_image":false,"footnotes":""},"class_list":["post-5095","page","type-page","status-publish","hentry"],"yoast_head":"<!-- This site is optimized with the Yoast SEO plugin v26.2 - https:\/\/yoast.com\/wordpress\/plugins\/seo\/ -->\n<title>Digitales Wohlbefinden - IMTLazarus<\/title>\n<meta name=\"robots\" content=\"index, follow, max-snippet:-1, max-image-preview:large, max-video-preview:-1\" \/>\n<link rel=\"canonical\" href=\"https:\/\/www.imtlazarus.com\/de\/digitales-wohlbefinden\/\" \/>\n<meta property=\"og:locale\" content=\"de_DE\" \/>\n<meta property=\"og:type\" content=\"article\" \/>\n<meta property=\"og:title\" content=\"Digitales Wohlbefinden - IMTLazarus\" \/>\n<meta property=\"og:description\" content=\"Digitales Wohlbefinden Orientierung zu verantwortungsvollen Gewohnheiten Das Online-Verhalten des Minderj\u00e4hrigen kann auf unangemessene Verhaltensweisen oder Probleme hinweisen. Es liegt in der Verantwortung der Erziehungsberechtigten und Eltern, aufmerksam zu bleiben und bei jeder Auff\u00e4lligkeit zu handeln. RisikenAblenkungenVerst\u00f6\u00dfeEreignisse Aktivit\u00e4ten, die sch\u00e4dlich oder toxisch sind oder die k\u00f6rperliche wie psychische Unversehrtheit des Minderj\u00e4hrigen beeintr\u00e4chtigen. Elemente, die Unkonzentriertheit verursachen [&hellip;]\" \/>\n<meta property=\"og:url\" content=\"https:\/\/www.imtlazarus.com\/de\/digitales-wohlbefinden\/\" \/>\n<meta property=\"og:site_name\" content=\"IMTLazarus\" \/>\n<meta property=\"article:modified_time\" content=\"2026-04-22T15:04:27+00:00\" \/>\n<meta name=\"twitter:card\" content=\"summary_large_image\" \/>\n<meta name=\"twitter:label1\" content=\"Gesch\u00e4tzte Lesezeit\" \/>\n\t<meta name=\"twitter:data1\" content=\"5\u00a0Minuten\" \/>\n<script type=\"application\/ld+json\" class=\"yoast-schema-graph\">{\"@context\":\"https:\/\/schema.org\",\"@graph\":[{\"@type\":\"WebPage\",\"@id\":\"https:\/\/www.imtlazarus.com\/de\/digitales-wohlbefinden\/\",\"url\":\"https:\/\/www.imtlazarus.com\/de\/digitales-wohlbefinden\/\",\"name\":\"Digitales Wohlbefinden - IMTLazarus\",\"isPartOf\":{\"@id\":\"https:\/\/www.imtlazarus.com\/#website\"},\"datePublished\":\"2024-04-28T13:35:19+00:00\",\"dateModified\":\"2026-04-22T15:04:27+00:00\",\"breadcrumb\":{\"@id\":\"https:\/\/www.imtlazarus.com\/de\/digitales-wohlbefinden\/#breadcrumb\"},\"inLanguage\":\"de\",\"potentialAction\":[{\"@type\":\"ReadAction\",\"target\":[\"https:\/\/www.imtlazarus.com\/de\/digitales-wohlbefinden\/\"]}]},{\"@type\":\"BreadcrumbList\",\"@id\":\"https:\/\/www.imtlazarus.com\/de\/digitales-wohlbefinden\/#breadcrumb\",\"itemListElement\":[{\"@type\":\"ListItem\",\"position\":1,\"name\":\"Portada\",\"item\":\"https:\/\/www.imtlazarus.com\/de\/imtlazarus-oekosystem\/\"},{\"@type\":\"ListItem\",\"position\":2,\"name\":\"Digitales Wohlbefinden\"}]},{\"@type\":\"WebSite\",\"@id\":\"https:\/\/www.imtlazarus.com\/#website\",\"url\":\"https:\/\/www.imtlazarus.com\/\",\"name\":\"IMTLazarus\",\"description\":\"\",\"potentialAction\":[{\"@type\":\"SearchAction\",\"target\":{\"@type\":\"EntryPoint\",\"urlTemplate\":\"https:\/\/www.imtlazarus.com\/?s={search_term_string}\"},\"query-input\":{\"@type\":\"PropertyValueSpecification\",\"valueRequired\":true,\"valueName\":\"search_term_string\"}}],\"inLanguage\":\"de\"}]}<\/script>\n<!-- \/ Yoast SEO plugin. -->","yoast_head_json":{"title":"Digitales Wohlbefinden - IMTLazarus","robots":{"index":"index","follow":"follow","max-snippet":"max-snippet:-1","max-image-preview":"max-image-preview:large","max-video-preview":"max-video-preview:-1"},"canonical":"https:\/\/www.imtlazarus.com\/de\/digitales-wohlbefinden\/","og_locale":"de_DE","og_type":"article","og_title":"Digitales Wohlbefinden - IMTLazarus","og_description":"Digitales Wohlbefinden Orientierung zu verantwortungsvollen Gewohnheiten Das Online-Verhalten des Minderj\u00e4hrigen kann auf unangemessene Verhaltensweisen oder Probleme hinweisen. Es liegt in der Verantwortung der Erziehungsberechtigten und Eltern, aufmerksam zu bleiben und bei jeder Auff\u00e4lligkeit zu handeln. RisikenAblenkungenVerst\u00f6\u00dfeEreignisse Aktivit\u00e4ten, die sch\u00e4dlich oder toxisch sind oder die k\u00f6rperliche wie psychische Unversehrtheit des Minderj\u00e4hrigen beeintr\u00e4chtigen. Elemente, die Unkonzentriertheit verursachen [&hellip;]","og_url":"https:\/\/www.imtlazarus.com\/de\/digitales-wohlbefinden\/","og_site_name":"IMTLazarus","article_modified_time":"2026-04-22T15:04:27+00:00","twitter_card":"summary_large_image","twitter_misc":{"Gesch\u00e4tzte Lesezeit":"5\u00a0Minuten"},"schema":{"@context":"https:\/\/schema.org","@graph":[{"@type":"WebPage","@id":"https:\/\/www.imtlazarus.com\/de\/digitales-wohlbefinden\/","url":"https:\/\/www.imtlazarus.com\/de\/digitales-wohlbefinden\/","name":"Digitales Wohlbefinden - IMTLazarus","isPartOf":{"@id":"https:\/\/www.imtlazarus.com\/#website"},"datePublished":"2024-04-28T13:35:19+00:00","dateModified":"2026-04-22T15:04:27+00:00","breadcrumb":{"@id":"https:\/\/www.imtlazarus.com\/de\/digitales-wohlbefinden\/#breadcrumb"},"inLanguage":"de","potentialAction":[{"@type":"ReadAction","target":["https:\/\/www.imtlazarus.com\/de\/digitales-wohlbefinden\/"]}]},{"@type":"BreadcrumbList","@id":"https:\/\/www.imtlazarus.com\/de\/digitales-wohlbefinden\/#breadcrumb","itemListElement":[{"@type":"ListItem","position":1,"name":"Portada","item":"https:\/\/www.imtlazarus.com\/de\/imtlazarus-oekosystem\/"},{"@type":"ListItem","position":2,"name":"Digitales Wohlbefinden"}]},{"@type":"WebSite","@id":"https:\/\/www.imtlazarus.com\/#website","url":"https:\/\/www.imtlazarus.com\/","name":"IMTLazarus","description":"","potentialAction":[{"@type":"SearchAction","target":{"@type":"EntryPoint","urlTemplate":"https:\/\/www.imtlazarus.com\/?s={search_term_string}"},"query-input":{"@type":"PropertyValueSpecification","valueRequired":true,"valueName":"search_term_string"}}],"inLanguage":"de"}]}},"_links":{"self":[{"href":"https:\/\/www.imtlazarus.com\/de\/wp-json\/wp\/v2\/pages\/5095","targetHints":{"allow":["GET"]}}],"collection":[{"href":"https:\/\/www.imtlazarus.com\/de\/wp-json\/wp\/v2\/pages"}],"about":[{"href":"https:\/\/www.imtlazarus.com\/de\/wp-json\/wp\/v2\/types\/page"}],"author":[{"embeddable":true,"href":"https:\/\/www.imtlazarus.com\/de\/wp-json\/wp\/v2\/users\/1"}],"replies":[{"embeddable":true,"href":"https:\/\/www.imtlazarus.com\/de\/wp-json\/wp\/v2\/comments?post=5095"}],"version-history":[{"count":2,"href":"https:\/\/www.imtlazarus.com\/de\/wp-json\/wp\/v2\/pages\/5095\/revisions"}],"predecessor-version":[{"id":5097,"href":"https:\/\/www.imtlazarus.com\/de\/wp-json\/wp\/v2\/pages\/5095\/revisions\/5097"}],"wp:attachment":[{"href":"https:\/\/www.imtlazarus.com\/de\/wp-json\/wp\/v2\/media?parent=5095"}],"curies":[{"name":"wp","href":"https:\/\/api.w.org\/{rel}","templated":true}]}}