{"id":5119,"date":"2024-05-17T12:06:14","date_gmt":"2024-05-17T10:06:14","guid":{"rendered":"https:\/\/www.imtlazarus.com\/nutzungsbedingungen\/"},"modified":"2026-04-22T21:36:14","modified_gmt":"2026-04-22T19:36:14","slug":"nutzungsbedingungen","status":"publish","type":"page","link":"https:\/\/www.imtlazarus.com\/de\/nutzungsbedingungen\/","title":{"rendered":"Nutzungsbedingungen"},"content":{"rendered":"<p>[et_pb_section fb_built=&#8220;1&#8243; module_class=&#8220;wpt-divi-forms wpt-divi-forms wpt-divi-forms wpt-divi-forms wpt-divi-forms wpt-divi-forms&#8220; _builder_version=&#8220;4.25.1&#8243; background_image=&#8220;https:\/\/www.imtlazarus.com\/wp-content\/uploads\/Fondo-Hexagonos.svg&#8220; parallax=&#8220;on&#8220; global_colors_info=&#8220;{}&#8220;][et_pb_row _builder_version=&#8220;4.16&#8243; locked=&#8220;off&#8220; global_colors_info=&#8220;{}&#8220;][et_pb_column type=&#8220;4_4&#8243; _builder_version=&#8220;4.16&#8243; global_colors_info=&#8220;{}&#8220;][et_pb_text _builder_version=&#8220;4.25.1&#8243; _dynamic_attributes=&#8220;content&#8220; _module_preset=&#8220;default&#8220; text_font=&#8220;|700|||||||&#8220; text_font_size=&#8220;30px&#8220; text_orientation=&#8220;center&#8220; global_colors_info=&#8220;{}&#8220;]@ET-DC@eyJkeW5hbWljIjp0cnVlLCJjb250ZW50IjoicG9zdF90aXRsZSIsInNldHRpbmdzIjp7ImJlZm9yZSI6IiIsImFmdGVyIjoiIiwiZW5hYmxlX2h0bWwiOiJvZmYifX0=@[\/et_pb_text][et_pb_accordion open_toggle_background_color=&#8220;#ffffff&#8220; closed_toggle_background_color=&#8220;#ffffff&#8220; icon_color=&#8220;#007aff&#8220; _builder_version=&#8220;4.27.2&#8243; toggle_font=&#8220;Lato|700|||||||&#8220; toggle_line_height=&#8220;1.3em&#8220; body_font=&#8220;Lato||||||||&#8220; body_font_size=&#8220;15px&#8220; body_line_height=&#8220;1.9em&#8220; hover_enabled=&#8220;0&#8243; border_radii=&#8220;on|6px|6px|6px|6px&#8220; border_width_all=&#8220;0px&#8220; box_shadow_style=&#8220;preset1&#8243; box_shadow_color=&#8220;rgba(12,113,195,0.13)&#8220; global_colors_info=&#8220;{}&#8220; sticky_enabled=&#8220;0&#8243;][et_pb_accordion_item title=&#8220;Definitionen&#8220; _builder_version=&#8220;4.25.1&#8243; custom_padding=&#8220;30px||30px|30px|true|false&#8220; filter_opacity=&#8220;75%&#8220; global_colors_info=&#8220;{}&#8220; open=&#8220;off&#8220;]<\/p>\n<p>SaaS: Software als Dienstleistung. Ein Anwendungsdienstanbieter bietet die M\u00f6glichkeit, eine Webanwendung ausschlie\u00dflich \u00fcber das Internet zu nutzen. <\/p>\n<p>Webanwendung: Jede Abfolge von Anweisungen oder Befehlen, die dazu bestimmt sind, direkt oder indirekt in einem Computersystem verwendet zu werden, um eine Funktion oder Aufgabe auszuf\u00fchren oder ein bestimmtes Ergebnis zu erzielen, unabh\u00e4ngig von ihrer Ausdrucks- und Fixierungsform. Die Schnittstelle ist ein Webbrowser, und die Ausf\u00fchrung erfolgt beim Anwendungsdienstanbieter. <\/p>\n<p>Kundendaten \/ Datenbank: Sammlung von Daten, die systematisch oder methodisch angeordnet und nur vom Kunden \u00fcber die Webanwendung individuell zug\u00e4nglich sind.<\/p>\n<p>Benutzer: Eine Person, die berechtigt ist, das Programm ausschlie\u00dflich \u00fcber das Internet mittels eines Webbrowsers zu nutzen.<\/p>\n<p>[\/et_pb_accordion_item][et_pb_accordion_item title=&#8220;Inhalt des Dienstes&#8220; open=&#8220;on&#8220; _builder_version=&#8220;4.27.2&#8243; custom_padding=&#8220;30px||30px|30px|true|false&#8220; filter_opacity=&#8220;75%&#8220; hover_enabled=&#8220;0&#8243; global_colors_info=&#8220;{}&#8220; sticky_enabled=&#8220;0&#8243;]<\/p>\n<p>&#8211; Der Dienst umfasst:<\/p>\n<ol>\n<li>Zugang \u00fcber das Internet zum Dienst, zu den Anwendungen und den vertraglich vereinbarten Benutzern, unter Verwendung eines Browsers und Erm\u00f6glichung des Zugangs mittels eines Zugangsschl\u00fcssels f\u00fcr jeden Benutzer. Diese Schl\u00fcssel werden von IMTLazarus bereitgestellt.<\/li>\n<li>Zugang zum Support-Service w\u00e4hrend der Gesch\u00e4ftszeiten gem\u00e4\u00df dem Arbeitskalender von IMTLazarus (falls ein autorisierter IMTLazarus-Vertriebspartner die Dienstleistungen in Rechnung stellt, werden die in dieser Klausel genannten Dienstleistungen direkt von diesem erbracht).<\/li>\n<li>Der Kunde erh\u00e4lt lediglich zu Informationszwecken den Text der Neuerungen im Zusammenhang mit dem vertraglich vereinbarten Dienst und eine kurze Zusammenfassung deren Inhalts, wobei ausschlie\u00dflich E-Mail als Kommunikationskanal verwendet wird (IMTLazarus \u00fcbernimmt keine Verantwortung f\u00fcr die bereitgestellten Informationen, da die einzigen g\u00fcltigen Texte diejenigen sind, die auf der Website old.imtlazarus.com ver\u00f6ffentlicht werden).<\/li>\n<li>Systemadministration des Servers im Internet: einschlie\u00dflich seiner Aktualisierungen.<\/li>\n<\/ol>\n<p>&#8211; NICHT im Dienstleistungsmietvertrag enthalten sind:<\/p>\n<ol>\n<li>Die Anpassung der Webanwendung an die besonderen Umst\u00e4nde des Kunden oder an neue, durch die Nutzung entstandene Bed\u00fcrfnisse.<\/li>\n<li>Die Integration der notwendigen Elemente zur Anpassung an die technologische Entwicklung auf dem Ger\u00e4t des Benutzers: neueste Versionen von Betriebssystemen, Internetbrowser, Internetverbindung usw.<\/li>\n<li>Die Reisekosten der Techniker, falls diese infolge der Dienstleistungserbringung vereinbart werden.<\/li>\n<li>Die notwendigen Aufgaben zur Wiederherstellung des vorherigen Zustands, der durch fehlerhafte Operationen des Kunden oder Dritter verursacht wurde, die zu Informationsverlust, Zerst\u00f6rung oder Desorganisation der Daten f\u00fchren.<\/li>\n<li>Die Korrektur von Anomalien, die in keinem kausalen Zusammenhang mit dem Dienst stehen.<\/li>\n<\/ol>\n<p>[\/et_pb_accordion_item][et_pb_accordion_item title=&#8220;Beschreibung und Zugangsbedingungen zum Dienst&#8220; _builder_version=&#8220;4.25.1&#8243; custom_padding=&#8220;30px||30px|30px|true|false&#8220; filter_opacity=&#8220;75%&#8220; global_colors_info=&#8220;{}&#8220; open=&#8220;off&#8220;]<\/p>\n<ol>\n<li>Zugangsbedingungen: Der Kunde erh\u00e4lt die Zugangsdaten, um den Dienst nutzen zu k\u00f6nnen (Zus\u00e4tzlich erh\u00e4lt der Kunde einen Code und einen zus\u00e4tzlichen Schl\u00fcssel zur Verwaltung seiner Kundenkontodaten, wie z.B. die Zuweisung von Zugriffsrechten an Benutzer, die \u00dcberpr\u00fcfung von Zugriffsprotokollen usw.).<\/li>\n<li>Die Benutzer k\u00f6nnen \u00fcber die Webanwendung alle bereitgestellten Daten gem\u00e4\u00df den vorstehenden Klauseln verarbeiten und alle mit diesem Vertrag verbundenen Berechnungen und Prozesse durchf\u00fchren.<\/li>\n<li>Der Kunde darf den Dienst oder den Inhalt nicht lizenzieren, unterlizenzieren, verkaufen, weiterverkaufen, \u00fcbertragen, abtreten, vertreiben, anderweitig kommerziell nutzen oder Dritten zur Verf\u00fcgung stellen.<\/li>\n<li>Der Kunde darf den Dienst oder den Inhalt nicht modifizieren oder davon abgeleitete Werke erstellen.<\/li>\n<li>Die Informationen der Datenbank des IMTLazarus-Webdienstes geh\u00f6ren ausschlie\u00dflich dem Kunden.<\/li>\n<\/ol>\n<p>[\/et_pb_accordion_item][et_pb_accordion_item title=&#8220;Garantie, Haftung und Vertraulichkeit&#8220; _builder_version=&#8220;4.25.1&#8243; custom_padding=&#8220;30px||30px|30px|true|false&#8220; filter_opacity=&#8220;75%&#8220; global_colors_info=&#8220;{}&#8220; open=&#8220;off&#8220;]<\/p>\n<ol type=\"a\">\n<li>Der \u00fcber das Internet bereitgestellte Webdienst kann St\u00f6rungen in der Serverinfrastruktur, im Internetnetzwerk und bei anderen auf dem Ger\u00e4t des Kunden installierten Programmen, von denen aus eine Verbindung zum Dienst hergestellt wird, unterliegen.<br \/>Solche Fehler k\u00f6nnen auch auf die hohe Anzahl unterschiedlicher Fallkonstellationen zur\u00fcckzuf\u00fchren sein, die auftreten k\u00f6nnen, und auf die Notwendigkeit des Kunden, den Dienst sofort zu nutzen, sodass zwischen der Ver\u00f6ffentlichung der Norm und ihrer Aufnahme in neue Versionen keine ausreichende Zeitspanne zur Verf\u00fcgung steht, um alle M\u00f6glichkeiten oder Fallkonstellationen zu testen.<br \/>IMTLazarus garantiert die kostenlose Korrektur aller nachweislich mitgeteilten Fehler f\u00fcr Kunden, die den vorliegenden Dienstleistungsvertrag abgeschlossen haben. Die Korrekturen werden automatisch integriert und somit den Kunden in der Webanwendung zur Verf\u00fcgung gestellt.  <\/li>\n<li>Auch die Beeintr\u00e4chtigung der Geschwindigkeit und Qualit\u00e4t der Kommunikationsverbindungen ist IMTLazarus nicht zuzurechnen.<\/li>\n<li>In jedem Fall haftet IMTLazarus nicht f\u00fcr Sch\u00e4den oder Verluste, die nicht ausschlie\u00dflich und allein IMTLazarus zuzurechnen sind, noch f\u00fcr entgangenen Gewinn des Kunden.<br \/>Aus diesem Grund liegt es in der Verantwortung und Sorgfaltspflicht des Kunden, die Versicherungen abzuschlie\u00dfen, die er zur Deckung der oben genannten Situationen f\u00fcr notwendig erachtet.<\/li>\n<li>IMTLazarus verpflichtet sich auf unbestimmte Zeit, \u00fcber alle Informationen, die Eigentum des Kunden sind und zu denen IMTLazarus infolge dieses Vertrages Zugang erh\u00e4lt, strengste Vertraulichkeit zu wahren.<\/li>\n<li>IMTLazarus wird ohne die vorherige ausdr\u00fcckliche Zustimmung des Kunden keine Aktivit\u00e4ten, sei es Reproduktion, Nutzung, Aufbewahrung, \u00c4nderung oder anderer Art, mit den erhaltenen Informationen, die Eigentum des Kunden sind, f\u00fcr andere Zwecke als die strikte Erf\u00fcllung dieses Vertrages durchf\u00fchren.<\/li>\n<li>In keinem Fall d\u00fcrfen Dritte ohne die ausdr\u00fcckliche Zustimmung des Kunden auf die Daten des Kunden zugreifen, zu denen IMTLazarus Zugang hat.<\/li>\n<li>Abgesehen von den vorstehenden Bestimmungen ist die Haftung von IMTLazarus f\u00fcr Sch\u00e4den, die direkt auf die vertraglich vereinbarte Dienstleistung zur\u00fcckzuf\u00fchren sind, auf den anf\u00e4nglichen Einrichtungspreis und die Geb\u00fchren f\u00fcr einen Zeitraum von einem Jahr begrenzt.<\/li>\n<li>In jedem Fall akzeptiert der Benutzer, dass der vertraglich vereinbarte Dienst ein Werkzeug darstellt, das die menschliche Arbeit erg\u00e4nzen, aber nicht ersetzen soll. Aus diesem Grund ist es die Pflicht des Benutzers, eine Stichprobenpr\u00fcfung der mit der Anwendung erzielten Ergebnisse durchzuf\u00fchren. Sollte der Benutzer einen Fehler feststellen, muss er diesen der Firma IMTLazarus mitteilen, die ihn f\u00fcr Kunden, die einen Wartungsvertrag abgeschlossen haben, kostenlos beheben wird. Der Kunde ist allein verantwortlich f\u00fcr das ordnungsgem\u00e4\u00dfe Funktionieren seiner Ger\u00e4te und Systeme und kann IMTLazarus aus diesen Gr\u00fcnden keine Verantwortung zuschreiben.  <\/li>\n<\/ol>\n<p>[\/et_pb_accordion_item][et_pb_accordion_item title=&#8220;H\u00f6here Gewalt&#8220; _builder_version=&#8220;4.25.1&#8243; custom_padding=&#8220;30px||30px|30px|true|false&#8220; filter_opacity=&#8220;75%&#8220; global_colors_info=&#8220;{}&#8220; open=&#8220;off&#8220;]<\/p>\n<p>Keine der Parteien haftet gegen\u00fcber der anderen Partei oder Dritten f\u00fcr Sch\u00e4den oder Verluste, die sich aus der Verz\u00f6gerung oder Unm\u00f6glichkeit der Erf\u00fcllung ihrer gesetzlichen oder vertraglichen Verpflichtungen ergeben, falls unvorhergesehene Umst\u00e4nde eintreten oder Umst\u00e4nde, die zwar vorhersehbar waren, aber aufgrund ihrer Unkontrollierbarkeit unvermeidbar waren.<\/p>\n<p>In Bezug auf die Nutzung des Dienstes garantiert IMTLazarus nicht:<\/p>\n<ol>\n<li>Dass dieser immer sicher, zeitgerecht, ununterbrochen und fehlerfrei sein wird oder in Kombination mit anderer Hardware, Software, Systemen oder anderen Daten funktioniert.<\/li>\n<li>Dass er die Anforderungen oder Erwartungen des Kunden erf\u00fcllt.<\/li>\n<li>Dass die gespeicherten Daten genau und zuverl\u00e4ssig sind.<\/li>\n<li>Dass die Qualit\u00e4t der Produkte, Dienstleistungen, Informationen oder sonstigen Materialien, die der Kunde \u00fcber den SaaS-Dienst erwirbt oder erh\u00e4lt, den Anforderungen oder Erwartungen des Benutzers entsprechen.<\/li>\n<li>Dass der\/die von anderen Telekommunikationsbetreibern erbrachte\/n Dienst\/e, die den IMTLazarus-Dienst verf\u00fcgbar machen, keine M\u00e4ngel oder andere sch\u00e4dliche Komponenten aufweisen werden.<\/li>\n<\/ol>\n<p>Die Dienste von IMTLazarus k\u00f6nnen Einschr\u00e4nkungen, Verz\u00f6gerungen und andere Vorf\u00e4lle unterliegen, die mit der Nutzung des Internets verbunden sind. IMTLazarus haftet nicht f\u00fcr Sch\u00e4den, die aus solchen Vorf\u00e4llen entstehen. <\/p>\n<p>[\/et_pb_accordion_item][et_pb_accordion_item title=&#8220;Datenschutz&#8220; _builder_version=&#8220;4.25.1&#8243; custom_padding=&#8220;30px||30px|30px|true|false&#8220; filter_opacity=&#8220;75%&#8220; global_colors_info=&#8220;{}&#8220; open=&#8220;off&#8220;]<\/p>\n<p>VERARBEITUNG PERSONENBEZOGENER DATEN DES KUNDEN.<\/p>\n<p>Der Dienst erm\u00f6glicht die Eingabe eigener Dokumente und Informationen, die Eigentum und ausschlie\u00dfliche Verantwortung des Kunden sind. IMTLazarus ist als Anbieter von Anwendungsdiensten verpflichtet, die Bestimmungen der DSGVO\/LOPD und die geltenden gesetzlichen Bestimmungen in dieser Angelegenheit einzuhalten. <\/p>\n<p>[\/et_pb_accordion_item][et_pb_accordion_item title=&#8220;Cloud Computing&#8220; _builder_version=&#8220;4.25.1&#8243; custom_padding=&#8220;30px||30px|30px|true|false&#8220; filter_opacity=&#8220;75%&#8220; global_colors_info=&#8220;{}&#8220; open=&#8220;off&#8220;]<\/p>\n<p>IMTLazarus oder gegebenenfalls seine Anbieter k\u00f6nnen zur Bereitstellung von Cloud-Computing-Diensten Zugang zu personenbezogenen Daten erhalten. Es handelt sich um eine gemischte Cloud-Computing-Modalit\u00e4t, eine private Cloud, in der unabh\u00e4ngige Netzwerke f\u00fcr Kunden innerhalb einer hochverf\u00fcgbaren Plattform erstellt werden. <\/p>\n<p>\u00dcber IMTLazarus wird den Kunden ein SaaS-Dienst (Software as a Service-Modell) angeboten.<\/p>\n<p>Zur Erbringung des Dienstes hat IMTLazarus einen Teil davon an verschiedene Anbieter untervergeben.<\/p>\n<p>[\/et_pb_accordion_item][et_pb_accordion_item title=&#8220;Verantwortung des Endkunden&#8220; _builder_version=&#8220;4.25.1&#8243; custom_padding=&#8220;30px||30px|30px|true|false&#8220; filter_opacity=&#8220;75%&#8220; global_colors_info=&#8220;{}&#8220; open=&#8220;off&#8220;]<\/p>\n<ol>\n<li>a) Erleichterung der Wartungsarbeiten. Der Kunde gew\u00e4hrt den Spezialisten von IMTLazarus w\u00e4hrend der Laufzeit dieses Vertrages Zugang zu seinen Webanwendungsseiten und Schl\u00fcsseln, um die vertraglich vereinbarten Supportleistungen zu erleichtern. <\/li>\n<li>b) Der Kunde ist f\u00fcr alle Aktivit\u00e4ten verantwortlich, die mit seinen Benutzerkonten und deren Nutzung durchgef\u00fchrt werden.<\/li>\n<\/ol>\n<p>Aus diesem Grund ist der Kunde allein verantwortlich f\u00fcr die Richtigkeit, Qualit\u00e4t, Integrit\u00e4t, Rechtm\u00e4\u00dfigkeit und Zuverl\u00e4ssigkeit seiner Daten sowie f\u00fcr das geistige Eigentum oder das Recht zur Nutzung derselben, und IMTLazarus ist in keinem Fall verantwortlich f\u00fcr die L\u00f6schung, Korrektur, Zerst\u00f6rung, Sch\u00e4den oder den Verlust der Kundendaten oder daf\u00fcr, dass diese Daten nicht gespeichert wurden. Nach Beendigung des Vertrages aus einem berechtigten Grund verliert der Kunde sofort das Recht, auf seine Daten zuzugreifen und diese zu nutzen. <\/p>\n<p>IMTLazarus ist nicht verpflichtet, diese Daten aufzubewahren oder zu versenden. IMTLazarus beh\u00e4lt sich das Recht vor, Kundendaten ohne vorherige Ank\u00fcndigung zur\u00fcckzuhalten, zu l\u00f6schen und\/oder zu verwerfen, wenn der Kunde eine Vertragsverletzung begeht, einschlie\u00dflich, aber nicht beschr\u00e4nkt auf, Nichtzahlung. <\/p>\n<p>[\/et_pb_accordion_item][et_pb_accordion_item title=&#8220;Laufzeit des Lizenzvertrags, Aussetzung des Vertrags&#8220; _builder_version=&#8220;4.25.1&#8243; custom_padding=&#8220;30px||30px|30px|true|false&#8220; filter_opacity=&#8220;75%&#8220; global_colors_info=&#8220;{}&#8220; open=&#8220;off&#8220;]<\/p>\n<p>Dieser Vertrag hat eine Laufzeit von einem oder zwei Jahren, je nach der vom Kunden w\u00e4hrend des Kauf-\/Abonnementprozesses gew\u00e4hlten Option.<\/p>\n<p>Im Falle der Nichtzahlung einer von IMTLazarus an den Kunden ausgestellten Rate oder Geb\u00fchr ist IMTLazarus berechtigt, den vertraglich vereinbarten Dienst ohne vorherige Mitteilung auszusetzen, bis der Kunde die ausstehenden Betr\u00e4ge beglichen hat. W\u00e4hrend der Dauer der Nichtzahlung ist IMTLazarus daher nicht verpflichtet, den vertraglich vereinbarten Dienst zu erbringen. <\/p>\n<p>[\/et_pb_accordion_item][et_pb_accordion_item title=&#8220;Beendigung des Lizenzvertrags&#8220; _builder_version=&#8220;4.25.1&#8243; custom_padding=&#8220;30px||30px|30px|true|false&#8220; filter_opacity=&#8220;75%&#8220; global_colors_info=&#8220;{}&#8220; open=&#8220;off&#8220;]<\/p>\n<p>Dieser Vertrag erlischt aus den allgemein gesetzlich festgelegten Gr\u00fcnden und insbesondere bei Nichterf\u00fcllung der darin vorgesehenen Pflichten.<\/p>\n<p>Nach Genehmigung des Projekts wird eine Stornierung nicht akzeptiert. Der Kunde kann es w\u00e4hrend seiner Verweildauer nutzen oder nicht. <\/p>\n<p>[\/et_pb_accordion_item][\/et_pb_accordion][\/et_pb_column][\/et_pb_row][\/et_pb_section]<\/p>\n","protected":false},"excerpt":{"rendered":"<p>SaaS: Software als Dienstleistung. Ein Anwendungsdienstanbieter bietet die M\u00f6glichkeit, eine Webanwendung ausschlie\u00dflich \u00fcber das Internet zu nutzen. Webanwendung: Jede Abfolge von Anweisungen oder Befehlen, die dazu bestimmt sind, direkt oder indirekt in einem Computersystem verwendet zu werden, um eine Funktion oder Aufgabe auszuf\u00fchren oder ein bestimmtes Ergebnis zu erzielen, unabh\u00e4ngig von ihrer Ausdrucks- und Fixierungsform. [&hellip;]<\/p>\n","protected":false},"author":1,"featured_media":0,"parent":0,"menu_order":0,"comment_status":"closed","ping_status":"closed","template":"","meta":{"_et_pb_use_builder":"on","_et_pb_old_content":"","_et_gb_content_width":"","content-type":"","inline_featured_image":false,"footnotes":""},"class_list":["post-5119","page","type-page","status-publish","hentry"],"yoast_head":"<!-- This site is optimized with the Yoast SEO plugin v26.2 - https:\/\/yoast.com\/wordpress\/plugins\/seo\/ -->\n<title>Nutzungsbedingungen - IMTLazarus<\/title>\n<meta name=\"robots\" content=\"index, follow, max-snippet:-1, max-image-preview:large, max-video-preview:-1\" \/>\n<link rel=\"canonical\" href=\"https:\/\/www.imtlazarus.com\/de\/nutzungsbedingungen\/\" \/>\n<meta property=\"og:locale\" content=\"de_DE\" \/>\n<meta property=\"og:type\" content=\"article\" \/>\n<meta property=\"og:title\" content=\"Nutzungsbedingungen - IMTLazarus\" \/>\n<meta property=\"og:description\" content=\"SaaS: Software als Dienstleistung. Ein Anwendungsdienstanbieter bietet die M\u00f6glichkeit, eine Webanwendung ausschlie\u00dflich \u00fcber das Internet zu nutzen. Webanwendung: Jede Abfolge von Anweisungen oder Befehlen, die dazu bestimmt sind, direkt oder indirekt in einem Computersystem verwendet zu werden, um eine Funktion oder Aufgabe auszuf\u00fchren oder ein bestimmtes Ergebnis zu erzielen, unabh\u00e4ngig von ihrer Ausdrucks- und Fixierungsform. [&hellip;]\" \/>\n<meta property=\"og:url\" content=\"https:\/\/www.imtlazarus.com\/de\/nutzungsbedingungen\/\" \/>\n<meta property=\"og:site_name\" content=\"IMTLazarus\" \/>\n<meta property=\"article:modified_time\" content=\"2026-04-22T19:36:14+00:00\" \/>\n<meta name=\"twitter:card\" content=\"summary_large_image\" \/>\n<meta name=\"twitter:label1\" content=\"Gesch\u00e4tzte Lesezeit\" \/>\n\t<meta name=\"twitter:data1\" content=\"10\u00a0Minuten\" \/>\n<script type=\"application\/ld+json\" class=\"yoast-schema-graph\">{\"@context\":\"https:\/\/schema.org\",\"@graph\":[{\"@type\":\"WebPage\",\"@id\":\"https:\/\/www.imtlazarus.com\/de\/nutzungsbedingungen\/\",\"url\":\"https:\/\/www.imtlazarus.com\/de\/nutzungsbedingungen\/\",\"name\":\"Nutzungsbedingungen - IMTLazarus\",\"isPartOf\":{\"@id\":\"https:\/\/www.imtlazarus.com\/#website\"},\"datePublished\":\"2024-05-17T10:06:14+00:00\",\"dateModified\":\"2026-04-22T19:36:14+00:00\",\"breadcrumb\":{\"@id\":\"https:\/\/www.imtlazarus.com\/de\/nutzungsbedingungen\/#breadcrumb\"},\"inLanguage\":\"de\",\"potentialAction\":[{\"@type\":\"ReadAction\",\"target\":[\"https:\/\/www.imtlazarus.com\/de\/nutzungsbedingungen\/\"]}]},{\"@type\":\"BreadcrumbList\",\"@id\":\"https:\/\/www.imtlazarus.com\/de\/nutzungsbedingungen\/#breadcrumb\",\"itemListElement\":[{\"@type\":\"ListItem\",\"position\":1,\"name\":\"Portada\",\"item\":\"https:\/\/www.imtlazarus.com\/de\/imtlazarus-oekosystem\/\"},{\"@type\":\"ListItem\",\"position\":2,\"name\":\"Nutzungsbedingungen\"}]},{\"@type\":\"WebSite\",\"@id\":\"https:\/\/www.imtlazarus.com\/#website\",\"url\":\"https:\/\/www.imtlazarus.com\/\",\"name\":\"IMTLazarus\",\"description\":\"\",\"potentialAction\":[{\"@type\":\"SearchAction\",\"target\":{\"@type\":\"EntryPoint\",\"urlTemplate\":\"https:\/\/www.imtlazarus.com\/?s={search_term_string}\"},\"query-input\":{\"@type\":\"PropertyValueSpecification\",\"valueRequired\":true,\"valueName\":\"search_term_string\"}}],\"inLanguage\":\"de\"}]}<\/script>\n<!-- \/ Yoast SEO plugin. -->","yoast_head_json":{"title":"Nutzungsbedingungen - IMTLazarus","robots":{"index":"index","follow":"follow","max-snippet":"max-snippet:-1","max-image-preview":"max-image-preview:large","max-video-preview":"max-video-preview:-1"},"canonical":"https:\/\/www.imtlazarus.com\/de\/nutzungsbedingungen\/","og_locale":"de_DE","og_type":"article","og_title":"Nutzungsbedingungen - IMTLazarus","og_description":"SaaS: Software als Dienstleistung. Ein Anwendungsdienstanbieter bietet die M\u00f6glichkeit, eine Webanwendung ausschlie\u00dflich \u00fcber das Internet zu nutzen. Webanwendung: Jede Abfolge von Anweisungen oder Befehlen, die dazu bestimmt sind, direkt oder indirekt in einem Computersystem verwendet zu werden, um eine Funktion oder Aufgabe auszuf\u00fchren oder ein bestimmtes Ergebnis zu erzielen, unabh\u00e4ngig von ihrer Ausdrucks- und Fixierungsform. [&hellip;]","og_url":"https:\/\/www.imtlazarus.com\/de\/nutzungsbedingungen\/","og_site_name":"IMTLazarus","article_modified_time":"2026-04-22T19:36:14+00:00","twitter_card":"summary_large_image","twitter_misc":{"Gesch\u00e4tzte Lesezeit":"10\u00a0Minuten"},"schema":{"@context":"https:\/\/schema.org","@graph":[{"@type":"WebPage","@id":"https:\/\/www.imtlazarus.com\/de\/nutzungsbedingungen\/","url":"https:\/\/www.imtlazarus.com\/de\/nutzungsbedingungen\/","name":"Nutzungsbedingungen - IMTLazarus","isPartOf":{"@id":"https:\/\/www.imtlazarus.com\/#website"},"datePublished":"2024-05-17T10:06:14+00:00","dateModified":"2026-04-22T19:36:14+00:00","breadcrumb":{"@id":"https:\/\/www.imtlazarus.com\/de\/nutzungsbedingungen\/#breadcrumb"},"inLanguage":"de","potentialAction":[{"@type":"ReadAction","target":["https:\/\/www.imtlazarus.com\/de\/nutzungsbedingungen\/"]}]},{"@type":"BreadcrumbList","@id":"https:\/\/www.imtlazarus.com\/de\/nutzungsbedingungen\/#breadcrumb","itemListElement":[{"@type":"ListItem","position":1,"name":"Portada","item":"https:\/\/www.imtlazarus.com\/de\/imtlazarus-oekosystem\/"},{"@type":"ListItem","position":2,"name":"Nutzungsbedingungen"}]},{"@type":"WebSite","@id":"https:\/\/www.imtlazarus.com\/#website","url":"https:\/\/www.imtlazarus.com\/","name":"IMTLazarus","description":"","potentialAction":[{"@type":"SearchAction","target":{"@type":"EntryPoint","urlTemplate":"https:\/\/www.imtlazarus.com\/?s={search_term_string}"},"query-input":{"@type":"PropertyValueSpecification","valueRequired":true,"valueName":"search_term_string"}}],"inLanguage":"de"}]}},"_links":{"self":[{"href":"https:\/\/www.imtlazarus.com\/de\/wp-json\/wp\/v2\/pages\/5119","targetHints":{"allow":["GET"]}}],"collection":[{"href":"https:\/\/www.imtlazarus.com\/de\/wp-json\/wp\/v2\/pages"}],"about":[{"href":"https:\/\/www.imtlazarus.com\/de\/wp-json\/wp\/v2\/types\/page"}],"author":[{"embeddable":true,"href":"https:\/\/www.imtlazarus.com\/de\/wp-json\/wp\/v2\/users\/1"}],"replies":[{"embeddable":true,"href":"https:\/\/www.imtlazarus.com\/de\/wp-json\/wp\/v2\/comments?post=5119"}],"version-history":[{"count":2,"href":"https:\/\/www.imtlazarus.com\/de\/wp-json\/wp\/v2\/pages\/5119\/revisions"}],"predecessor-version":[{"id":5121,"href":"https:\/\/www.imtlazarus.com\/de\/wp-json\/wp\/v2\/pages\/5119\/revisions\/5121"}],"wp:attachment":[{"href":"https:\/\/www.imtlazarus.com\/de\/wp-json\/wp\/v2\/media?parent=5119"}],"curies":[{"name":"wp","href":"https:\/\/api.w.org\/{rel}","templated":true}]}}