{"id":5122,"date":"2024-04-28T11:57:10","date_gmt":"2024-04-28T09:57:10","guid":{"rendered":"https:\/\/www.imtlazarus.com\/datenschutzrichtlinie-und-datenverarbeitung\/"},"modified":"2026-04-22T21:40:57","modified_gmt":"2026-04-22T19:40:57","slug":"datenschutzrichtlinie-und-datenverarbeitung","status":"publish","type":"page","link":"https:\/\/www.imtlazarus.com\/de\/datenschutzrichtlinie-und-datenverarbeitung\/","title":{"rendered":"Datenschutzrichtlinie und Datenverarbeitung"},"content":{"rendered":"<p>[et_pb_section fb_built=&#8220;1&#8243; module_class=&#8220;wpt-divi-forms wpt-divi-forms wpt-divi-forms wpt-divi-forms wpt-divi-forms wpt-divi-forms wpt-divi-forms&#8220; _builder_version=&#8220;4.25.1&#8243; background_image=&#8220;https:\/\/www.imtlazarus.com\/wp-content\/uploads\/Fondo-Hexagonos.svg&#8220; parallax=&#8220;on&#8220; global_colors_info=&#8220;{}&#8220;][et_pb_row _builder_version=&#8220;4.25.1&#8243; locked=&#8220;off&#8220; global_colors_info=&#8220;{}&#8220;][et_pb_column type=&#8220;4_4&#8243; _builder_version=&#8220;4.16&#8243; global_colors_info=&#8220;{}&#8220;][et_pb_text _builder_version=&#8220;4.25.1&#8243; _dynamic_attributes=&#8220;content&#8220; _module_preset=&#8220;default&#8220; text_font=&#8220;|700|||||||&#8220; text_font_size=&#8220;30px&#8220; text_orientation=&#8220;center&#8220; locked=&#8220;off&#8220; global_colors_info=&#8220;{}&#8220;]@ET-DC@eyJkeW5hbWljIjp0cnVlLCJjb250ZW50IjoicG9zdF90aXRsZSIsInNldHRpbmdzIjp7ImJlZm9yZSI6IiIsImFmdGVyIjoiIiwiZW5hYmxlX2h0bWwiOiJvZmYifX0=@[\/et_pb_text][et_pb_accordion open_toggle_background_color=&#8220;#ffffff&#8220; closed_toggle_background_color=&#8220;#ffffff&#8220; icon_color=&#8220;#007aff&#8220; _builder_version=&#8220;4.16&#8243; toggle_font=&#8220;Lato|700|||||||&#8220; toggle_line_height=&#8220;1.3em&#8220; body_font=&#8220;Lato||||||||&#8220; body_font_size=&#8220;15px&#8220; body_line_height=&#8220;1.9em&#8220; border_radii=&#8220;on|6px|6px|6px|6px&#8220; border_width_all=&#8220;0px&#8220; box_shadow_style=&#8220;preset1&#8243; box_shadow_color=&#8220;rgba(12,113,195,0.13)&#8220; global_colors_info=&#8220;{}&#8220;][et_pb_accordion_item title=&#8220;IMTLazarus, IMTHome, IMT4family, IMTSync Add-on, IMTFusion, IMTSwitch&#8220; _builder_version=&#8220;4.25.1&#8243; custom_padding=&#8220;30px||30px|30px|true|false&#8220; filter_opacity=&#8220;75%&#8220; global_colors_info=&#8220;{}&#8220; open=&#8220;on&#8220;]<\/p>\n<p>LAZARUS INTEGRACI\u00d3N, S.L.<\/p>\n<p>PL. DEL BOMBERO ETXANIZ, 4. 48010 BILBAO- BIZKAIA CIF: B95843744<\/p>\n<p>&nbsp;<\/p>\n<p>LAZARUS INTEGRACI\u00d3N, S.L. informiert die Betroffenen \u00fcber ihre Datenschutzrichtlinie f\u00fcr personenbezogene Daten.<\/p>\n<p>In Anwendung der geltenden Vorschriften zum Schutz personenbezogener Daten wird darauf hingewiesen, dass die personenbezogenen Daten, die \u00fcber die Formulare der Website https:\/\/www.imtlazarus.com erhoben werden, in die spezifischen automatisierten Verarbeitungen von Personen einbezogen werden, die Kontakt aufnehmen, um Informationen \u00fcber die von uns erbrachten Dienstleistungen oder die von uns angebotenen Produkte zu erhalten.<\/p>\n<p>Die Erhebung und automatisierte Verarbeitung personenbezogener Daten dient der Aufrechterhaltung der Gesch\u00e4ftsbeziehung und der Durchf\u00fchrung von Informations-, Schulungs-, Beratungs- und sonstigen T\u00e4tigkeiten, die dieser Einrichtung eigen sind.<\/p>\n<p>Diese Daten werden nicht an Dritte weitergegeben, es sei denn, es besteht eine gesetzliche Verpflichtung oder an zust\u00e4ndige \u00f6ffentliche Stellen in dieser Angelegenheit.<\/p>\n<p>LAZARUS INTEGRACI\u00d3N, S.L. ergreift die erforderlichen Ma\u00dfnahmen, um die Sicherheit, Integrit\u00e4t und Vertraulichkeit der Daten gem\u00e4\u00df der Verordnung (EU) 2016\/679 des Europ\u00e4ischen Parlaments und des Rates vom 27. April 2016 zum Schutz nat\u00fcrlicher Personen bei der Verarbeitung personenbezogener Daten und zum freien Datenverkehr zu gew\u00e4hrleisten.<\/p>\n<p>[\/et_pb_accordion_item][et_pb_accordion_item title=&#8220;Welche Rechte haben Sie, wenn Sie uns Ihre Daten zur Verf\u00fcgung stellen?&#8220; _builder_version=&#8220;4.16&#8243; custom_padding=&#8220;30px||30px|30px|true|false&#8220; filter_opacity=&#8220;75%&#8220; global_colors_info=&#8220;{}&#8220; open=&#8220;off&#8220;]<\/p>\n<p>Der Nutzer kann jederzeit die in der genannten Verordnung (EU) anerkannten Rechte auf Auskunft, Widerspruch, Berichtigung, L\u00f6schung, Einschr\u00e4nkung und Daten\u00fcbertragbarkeit aus\u00fcben. Die Aus\u00fcbung dieser Rechte kann der Nutzer selbst an folgende Adresse richten: LAZARUS INTEGRACI\u00d3N, S.L., PL. DEL BOMBERO ETXANIZ, 4. &#8211; 48010 BILBAO (BIZKAIA) mittels eines Schreibens zusammen mit einem Ausweisdokument oder alternativ an die E-Mail-Adresse info@imtlazarus.com   <\/p>\n<p>&nbsp;<\/p>\n<p>Der Nutzer erkl\u00e4rt, dass alle von ihm bereitgestellten Daten wahr und korrekt sind, und verpflichtet sich, diese aktuell zu halten, indem er \u00c4nderungen an die oben genannte Adresse mitteilt.<\/p>\n<p>Auskunft, Berichtigung und L\u00f6schung. \u2013 Die betroffenen Personen haben das Recht, auf ihre personenbezogenen Daten zuzugreifen sowie die Berichtigung unrichtiger Daten zu verlangen oder gegebenenfalls deren L\u00f6schung zu beantragen, wenn unter anderem die Daten f\u00fcr die Zwecke der Erhebung nicht mehr erforderlich sind. <\/p>\n<p>Einschr\u00e4nkung. \u2013 Unter bestimmten Umst\u00e4nden k\u00f6nnen die Betroffenen die Einschr\u00e4nkung der Verarbeitung beantragen, in diesem Fall werden wir sie nur zur Geltendmachung oder Verteidigung von Anspr\u00fcchen aufbewahren. <\/p>\n<p>Widerspruch. \u2013 Die Betroffenen k\u00f6nnen der Verarbeitung ihrer Daten widersprechen. LAZARUS INTEGRACI\u00d3N, S.L. wird die Verarbeitung der Daten einstellen, es sei denn, es liegen zwingende berechtigte Gr\u00fcnde vor, oder die Geltendmachung oder Verteidigung m\u00f6glicher Anspr\u00fcche, und wir werden sie w\u00e4hrend der entsprechenden Frist ordnungsgem\u00e4\u00df gesperrt halten, solange die gesetzlichen Verpflichtungen bestehen. Ebenso hat der Betroffene das Recht, der Annahme automatisierter Einzelentscheidungen zu widersprechen, die rechtliche Wirkung entfalten oder ihn erheblich beeintr\u00e4chtigen k\u00f6nnten.   <\/p>\n<p>Widerspruch gegen den Versand von Werbung. \u2013 Die Betroffenen k\u00f6nnen dem Versand von Werbung durch LAZARUS INTEGRACI\u00d3N, S.L. widersprechen. Im Falle der Aus\u00fcbung des Widerspruchsrechts gegen den Versand von Werbung werden Ihre Daten in eine Werbeausschlussliste aufgenommen, die darauf abzielt, die von Ihnen erhaltene Werbung zu reduzieren.  <\/p>\n<p>Daten\u00fcbertragbarkeit. \u2013 Die betroffenen Personen k\u00f6nnen verlangen, die sie betreffenden Daten zu erhalten, die sie uns zur Verf\u00fcgung gestellt haben, oder beantragen, dass wir diese an einen anderen Verantwortlichen ihrer Wahl in einem strukturierten, g\u00e4ngigen und maschinenlesbaren Format \u00fcbermitteln. <\/p>\n<p>Dar\u00fcber hinaus hat der Betroffene das Recht, die erteilte Einwilligung jederzeit zu widerrufen, ohne dass dies die Rechtm\u00e4\u00dfigkeit der auf der zum Zeitpunkt der Erteilung der Einwilligung erteilten Einwilligung beruhenden Verarbeitung ber\u00fchrt.<\/p>\n<p>[\/et_pb_accordion_item][et_pb_accordion_item title=&#8220;Wir werden Ihre personenbezogenen Daten zu folgenden Zwecken verarbeiten:&#8220; _builder_version=&#8220;4.16&#8243; custom_padding=&#8220;30px||30px|30px|true|false&#8220; filter_opacity=&#8220;75%&#8220; global_colors_info=&#8220;{}&#8220; open=&#8220;off&#8220;]<\/p>\n<ol>\n<li>Im Falle der Beauftragung der angebotenen Waren und Dienstleistungen zur Aufrechterhaltung der Vertragsbeziehung sowie zur Verwaltung, Administration, Information, Erbringung und Verbesserung der Dienstleistung.<\/li>\n<li>Versand der \u00fcber die zu diesem Zweck bereitgestellten Formulare angeforderten Informationen.<\/li>\n<li>Versand von Newslettern sowie kommerziellen Mitteilungen \u00fcber Werbeaktionen und\/oder Werbung und der Branche auf elektronischem Wege.<\/li>\n<\/ol>\n<p>Wir erinnern Sie daran, dass Sie dem Versand kommerzieller Mitteilungen auf jedem Weg und zu jedem Zeitpunkt widersprechen k\u00f6nnen, indem Sie eine E-Mail an info@imtlazarus.com senden.<\/p>\n<p>Die Felder dieser Formulare sind obligatorisch auszuf\u00fcllen, wobei es unm\u00f6glich ist, die genannten Zwecke zu erf\u00fcllen, wenn diese Daten nicht bereitgestellt werden.<\/p>\n<p>[\/et_pb_accordion_item][et_pb_accordion_item title=&#8220;Empf\u00e4nger&#8220; _builder_version=&#8220;4.16&#8243; _module_preset=&#8220;default&#8220; custom_padding=&#8220;30px||30px|30px|true|false&#8220; filter_opacity=&#8220;75%&#8220; global_colors_info=&#8220;{}&#8220; open=&#8220;off&#8220;]<\/p>\n<p>Die Daten werden nicht an Dritte au\u00dferhalb unseres Unternehmens weitergegeben, es sei denn, es besteht eine gesetzliche Verpflichtung.<\/p>\n<p>&nbsp;<\/p>\n<p>[\/et_pb_accordion_item][et_pb_accordion_item title=&#8220;Von Nutzern der Dienste erhobene Daten&#8220; open=&#8220;off&#8220; _builder_version=&#8220;4.16&#8243; _module_preset=&#8220;default&#8220; custom_padding=&#8220;30px||30px|30px|true|false&#8220; filter_opacity=&#8220;75%&#8220; global_colors_info=&#8220;{}&#8220;]<\/p>\n<p>In F\u00e4llen, in denen der Nutzer Dateien mit personenbezogenen Daten auf Shared-Hosting-Servern speichert, \u00fcbernehmen wir keine Verantwortung f\u00fcr die Nichteinhaltung der DSGVO durch den Nutzer.<\/p>\n<p>Gespeicherte identifizierende und sensible Daten:<\/p>\n<ul>\n<li>Benutzername<\/li>\n<li>E-Mail-Adresse<\/li>\n<li>Seriennummer<\/li>\n<\/ul>\n<p>[\/et_pb_accordion_item][et_pb_accordion_item title=&#8220;Rechte des geistigen Eigentums&#8220; _builder_version=&#8220;4.16&#8243; _module_preset=&#8220;default&#8220; custom_padding=&#8220;30px||30px|30px|true|false&#8220; filter_opacity=&#8220;75%&#8220; global_colors_info=&#8220;{}&#8220; open=&#8220;off&#8220;]<\/p>\n<p>LAZARUS INTEGRACI\u00d3N, S.L. ist Inhaber aller Urheberrechte, geistigen Eigentumsrechte, gewerblichen Schutzrechte, Know-how und aller sonstigen Rechte, die sich auf die Inhalte unserer Website und die dort angebotenen Dienstleistungen sowie auf die f\u00fcr deren Implementierung erforderlichen Programme und die damit verbundenen Informationen beziehen.<\/p>\n<p>Die Vervielf\u00e4ltigung, Ver\u00f6ffentlichung und\/oder nicht ausschlie\u00dflich private Nutzung der Inhalte, ganz oder teilweise, unserer Website ist ohne vorherige schriftliche Zustimmung nicht gestattet.<\/p>\n<p>[\/et_pb_accordion_item][et_pb_accordion_item title=&#8220;Geistiges Eigentum an der Software&#8220; _builder_version=&#8220;4.16&#8243; _module_preset=&#8220;default&#8220; custom_padding=&#8220;30px||30px|30px|true|false&#8220; filter_opacity=&#8220;75%&#8220; global_colors_info=&#8220;{}&#8220; open=&#8220;off&#8220;]<\/p>\n<p>Der Nutzer muss die von LAZARUS INTEGRACI\u00d3N, S.L. zur Verf\u00fcgung gestellten Programme Dritter respektieren, auch wenn diese kostenlos und\/oder \u00f6ffentlich zug\u00e4nglich sind.<\/p>\n<p>LAZARUS INTEGRACI\u00d3N, S.L. verf\u00fcgt \u00fcber die erforderlichen Verwertungs- und geistigen Eigentumsrechte an der Software.<\/p>\n<p>Der Nutzer erwirbt durch die beauftragte Dienstleistung keinerlei Rechte oder Lizenzen an der f\u00fcr die Erbringung der Dienstleistung erforderlichen Software, noch an den technischen Informationen zur \u00dcberwachung der Dienstleistung, mit Ausnahme der f\u00fcr die Erf\u00fcllung der beauftragten Dienstleistungen erforderlichen Rechte und Lizenzen und nur f\u00fcr deren Dauer.<\/p>\n<p>F\u00fcr jede Handlung, die \u00fcber die Erf\u00fcllung des Vertrags hinausgeht, ben\u00f6tigt der Nutzer unsere schriftliche Genehmigung. Es ist dem Nutzer untersagt, auf die Konfiguration, Struktur und Dateien der Server in unserem Eigentum zuzugreifen, diese zu \u00e4ndern oder einzusehen. Er \u00fcbernimmt die zivil- und strafrechtliche Verantwortung f\u00fcr jeden Vorfall, der auf den Servern und Sicherheitssystemen als direkte Folge einer fahrl\u00e4ssigen oder b\u00f6swilligen Handlung seinerseits auftreten k\u00f6nnte.<\/p>\n<p>[\/et_pb_accordion_item][et_pb_accordion_item title=&#8220;Geistiges Eigentum an den gehosteten Inhalten&#8220; _builder_version=&#8220;4.16&#8243; _module_preset=&#8220;default&#8220; custom_padding=&#8220;30px||30px|30px|true|false&#8220; filter_opacity=&#8220;75%&#8220; global_colors_info=&#8220;{}&#8220; open=&#8220;off&#8220;]<\/p>\n<p>Die Nutzung der von LAZARUS INTEGRACI\u00d3N, S.L. erbrachten Dienstleistungen in einer Weise, die gegen die Gesetzgebung zum geistigen Eigentum verst\u00f6\u00dft, ist untersagt, insbesondere:<\/p>\n<ul>\n<li>Die Nutzung, die gegen spanische Gesetze verst\u00f6\u00dft oder die Rechte Dritter verletzt.<\/li>\n<li>Die Ver\u00f6ffentlichung oder \u00dcbertragung jeglicher Inhalte, die nach unserem Ermessen gewaltt\u00e4tig, obsz\u00f6n, missbr\u00e4uchlich, illegal, rassistisch, fremdenfeindlich oder diffamierend sind.<\/li>\n<li>Cracks, Seriennummern von Programmen oder jegliche anderen Inhalte, die die geistigen Eigentumsrechte Dritter verletzen.<\/li>\n<li>Die Erhebung und\/oder Nutzung personenbezogener Daten anderer Nutzer ohne deren ausdr\u00fcckliche Zustimmung oder unter Versto\u00df gegen die Verordnung (EU) 2016\/679 des Europ\u00e4ischen Parlaments und des Rates vom 27. April 2016 zum Schutz nat\u00fcrlicher Personen bei der Verarbeitung personenbezogener Daten und zum freien Datenverkehr.<\/li>\n<li>Die Nutzung des Mailservers der Domain und der E-Mail-Adressen zum Versand unerw\u00fcnschter Massen-E-Mails.<\/li>\n<\/ul>\n<p>Der Nutzer tr\u00e4gt die volle Verantwortung f\u00fcr den Inhalt seiner Website, die \u00fcbermittelten und gespeicherten Informationen, die Hyperlinks, die Anspr\u00fcche Dritter und die rechtlichen Schritte in Bezug auf geistiges Eigentum, Rechte Dritter und Jugendschutz.<\/p>\n<p>Der Nutzer ist verantwortlich f\u00fcr die Einhaltung der geltenden Gesetze und Vorschriften sowie der Regeln, die den Betrieb des Online-Dienstes, den elektronischen Handel, Urheberrechte, die Aufrechterhaltung der \u00f6ffentlichen Ordnung sowie die universellen Grunds\u00e4tze der Internetnutzung betreffen.<\/p>\n<p>Der Nutzer wird LAZARUS INTEGRACI\u00d3N, S.L. f\u00fcr die Kosten entsch\u00e4digen, die durch die Inanspruchnahme von LAZARUS INTEGRACI\u00d3N, S.L. in einem Verfahren entstehen, dessen Verantwortung dem Nutzer zuzuschreiben ist, einschlie\u00dflich Honorare und Kosten der Rechtsverteidigung, auch im Falle einer nicht rechtskr\u00e4ftigen gerichtlichen Entscheidung.<\/p>\n<p>[\/et_pb_accordion_item][et_pb_accordion_item title=&#8220;Schutz der gehosteten Informationen&#8220; _builder_version=&#8220;4.16&#8243; _module_preset=&#8220;default&#8220; custom_padding=&#8220;30px||30px|30px|true|false&#8220; filter_opacity=&#8220;75%&#8220; global_colors_info=&#8220;{}&#8220; open=&#8220;off&#8220;]<\/p>\n<p>LAZARUS INTEGRACI\u00d3N, S.L. erstellt Sicherungskopien der auf seinen Servern gehosteten Inhalte, \u00fcbernimmt jedoch keine Verantwortung f\u00fcr den versehentlichen Verlust oder die L\u00f6schung von Daten durch die Nutzer. Ebenso garantiert sie nicht die vollst\u00e4ndige Wiederherstellung der von den Nutzern gel\u00f6schten Daten, da diese Daten w\u00e4hrend des Zeitraums seit der letzten Sicherungskopie gel\u00f6scht und\/oder ge\u00e4ndert worden sein k\u00f6nnten. <\/p>\n<p>Die angebotenen Dienstleistungen, mit Ausnahme spezifischer Backup-Dienste, umfassen nicht die Wiederherstellung der in den von LAZARUS INTEGRACI\u00d3N, S.L. erstellten Sicherungskopien aufbewahrten Inhalte, wenn dieser Verlust dem Nutzer zuzurechnen ist; in diesem Fall wird ein Tarif entsprechend der Komplexit\u00e4t und dem Umfang der Wiederherstellung festgelegt, stets vorbehaltlich der Zustimmung des Nutzers.<\/p>\n<p>Die Wiederherstellung gel\u00f6schter Daten ist nur dann im Preis der Dienstleistung enthalten, wenn der Verlust des Inhalts auf LAZARUS INTEGRACI\u00d3N, S.L. zur\u00fcckzuf\u00fchrende Ursachen zur\u00fcckzuf\u00fchren ist.<\/p>\n<p>[\/et_pb_accordion_item][et_pb_accordion_item title=&#8220;Kommerzielle Mitteilungen&#8220; _builder_version=&#8220;4.16&#8243; _module_preset=&#8220;default&#8220; custom_padding=&#8220;30px||30px|30px|true|false&#8220; filter_opacity=&#8220;75%&#8220; global_colors_info=&#8220;{}&#8220; open=&#8220;off&#8220;]<\/p>\n<p>In Anwendung des LSSI wird LAZARUS INTEGRACI\u00d3N, S.L. keine Werbe- oder Verkaufsf\u00f6rderungsmitteilungen per E-Mail oder einem anderen gleichwertigen elektronischen Kommunikationsmittel versenden, die nicht zuvor von den Empf\u00e4ngern angefordert oder ausdr\u00fccklich genehmigt wurden. <\/p>\n<p>Im Falle von Nutzern, mit denen eine vorherige Vertragsbeziehung besteht, ist LAZARUS INTEGRACI\u00d3N, S.L. zum Versand kommerzieller Mitteilungen \u00fcber Produkte oder Dienstleistungen von LAZARUS INTEGRACI\u00d3N, S.L. berechtigt, die denen \u00e4hnlich sind, die urspr\u00fcnglich Gegenstand der Beauftragung durch den Kunden waren.<\/p>\n<p>In jedem Fall kann der Nutzer nach Nachweis seiner Identit\u00e4t \u00fcber die Kundenbetreuungskan\u00e4le beantragen, dass ihm keine weiteren kommerziellen Informationen zugesandt werden.<\/p>\n<p>[\/et_pb_accordion_item][\/et_pb_accordion][\/et_pb_column][\/et_pb_row][\/et_pb_section]<\/p>\n","protected":false},"excerpt":{"rendered":"<p>LAZARUS INTEGRACI\u00d3N, S.L. PL. DEL BOMBERO ETXANIZ, 4. 48010 BILBAO- BIZKAIA CIF: B95843744 &nbsp; LAZARUS INTEGRACI\u00d3N, S.L. informiert die Betroffenen \u00fcber ihre Datenschutzrichtlinie f\u00fcr personenbezogene Daten. In Anwendung der geltenden Vorschriften zum Schutz personenbezogener Daten wird darauf hingewiesen, dass die personenbezogenen Daten, die \u00fcber die Formulare der Website https:\/\/www.imtlazarus.com erhoben werden, in die spezifischen automatisierten [&hellip;]<\/p>\n","protected":false},"author":1,"featured_media":0,"parent":0,"menu_order":0,"comment_status":"closed","ping_status":"closed","template":"","meta":{"_et_pb_use_builder":"on","_et_pb_old_content":"","_et_gb_content_width":"","content-type":"","inline_featured_image":false,"footnotes":""},"class_list":["post-5122","page","type-page","status-publish","hentry"],"yoast_head":"<!-- This site is optimized with the Yoast SEO plugin v26.2 - https:\/\/yoast.com\/wordpress\/plugins\/seo\/ -->\n<title>Datenschutzrichtlinie und Datenverarbeitung - IMTLazarus<\/title>\n<meta name=\"robots\" content=\"index, follow, max-snippet:-1, max-image-preview:large, max-video-preview:-1\" \/>\n<link rel=\"canonical\" href=\"https:\/\/www.imtlazarus.com\/de\/datenschutzrichtlinie-und-datenverarbeitung\/\" \/>\n<meta property=\"og:locale\" content=\"de_DE\" \/>\n<meta property=\"og:type\" content=\"article\" \/>\n<meta property=\"og:title\" content=\"Datenschutzrichtlinie und Datenverarbeitung - IMTLazarus\" \/>\n<meta property=\"og:description\" content=\"LAZARUS INTEGRACI\u00d3N, S.L. PL. DEL BOMBERO ETXANIZ, 4. 48010 BILBAO- BIZKAIA CIF: B95843744 &nbsp; LAZARUS INTEGRACI\u00d3N, S.L. informiert die Betroffenen \u00fcber ihre Datenschutzrichtlinie f\u00fcr personenbezogene Daten. In Anwendung der geltenden Vorschriften zum Schutz personenbezogener Daten wird darauf hingewiesen, dass die personenbezogenen Daten, die \u00fcber die Formulare der Website https:\/\/www.imtlazarus.com erhoben werden, in die spezifischen automatisierten [&hellip;]\" \/>\n<meta property=\"og:url\" content=\"https:\/\/www.imtlazarus.com\/de\/datenschutzrichtlinie-und-datenverarbeitung\/\" \/>\n<meta property=\"og:site_name\" content=\"IMTLazarus\" \/>\n<meta property=\"article:modified_time\" content=\"2026-04-22T19:40:57+00:00\" \/>\n<meta name=\"twitter:card\" content=\"summary_large_image\" \/>\n<meta name=\"twitter:label1\" content=\"Gesch\u00e4tzte Lesezeit\" \/>\n\t<meta name=\"twitter:data1\" content=\"10\u00a0Minuten\" \/>\n<script type=\"application\/ld+json\" class=\"yoast-schema-graph\">{\"@context\":\"https:\/\/schema.org\",\"@graph\":[{\"@type\":\"WebPage\",\"@id\":\"https:\/\/www.imtlazarus.com\/de\/datenschutzrichtlinie-und-datenverarbeitung\/\",\"url\":\"https:\/\/www.imtlazarus.com\/de\/datenschutzrichtlinie-und-datenverarbeitung\/\",\"name\":\"Datenschutzrichtlinie und Datenverarbeitung - IMTLazarus\",\"isPartOf\":{\"@id\":\"https:\/\/www.imtlazarus.com\/#website\"},\"datePublished\":\"2024-04-28T09:57:10+00:00\",\"dateModified\":\"2026-04-22T19:40:57+00:00\",\"breadcrumb\":{\"@id\":\"https:\/\/www.imtlazarus.com\/de\/datenschutzrichtlinie-und-datenverarbeitung\/#breadcrumb\"},\"inLanguage\":\"de\",\"potentialAction\":[{\"@type\":\"ReadAction\",\"target\":[\"https:\/\/www.imtlazarus.com\/de\/datenschutzrichtlinie-und-datenverarbeitung\/\"]}]},{\"@type\":\"BreadcrumbList\",\"@id\":\"https:\/\/www.imtlazarus.com\/de\/datenschutzrichtlinie-und-datenverarbeitung\/#breadcrumb\",\"itemListElement\":[{\"@type\":\"ListItem\",\"position\":1,\"name\":\"Portada\",\"item\":\"https:\/\/www.imtlazarus.com\/de\/imtlazarus-oekosystem\/\"},{\"@type\":\"ListItem\",\"position\":2,\"name\":\"Datenschutzrichtlinie und Datenverarbeitung\"}]},{\"@type\":\"WebSite\",\"@id\":\"https:\/\/www.imtlazarus.com\/#website\",\"url\":\"https:\/\/www.imtlazarus.com\/\",\"name\":\"IMTLazarus\",\"description\":\"\",\"potentialAction\":[{\"@type\":\"SearchAction\",\"target\":{\"@type\":\"EntryPoint\",\"urlTemplate\":\"https:\/\/www.imtlazarus.com\/?s={search_term_string}\"},\"query-input\":{\"@type\":\"PropertyValueSpecification\",\"valueRequired\":true,\"valueName\":\"search_term_string\"}}],\"inLanguage\":\"de\"}]}<\/script>\n<!-- \/ Yoast SEO plugin. -->","yoast_head_json":{"title":"Datenschutzrichtlinie und Datenverarbeitung - IMTLazarus","robots":{"index":"index","follow":"follow","max-snippet":"max-snippet:-1","max-image-preview":"max-image-preview:large","max-video-preview":"max-video-preview:-1"},"canonical":"https:\/\/www.imtlazarus.com\/de\/datenschutzrichtlinie-und-datenverarbeitung\/","og_locale":"de_DE","og_type":"article","og_title":"Datenschutzrichtlinie und Datenverarbeitung - IMTLazarus","og_description":"LAZARUS INTEGRACI\u00d3N, S.L. PL. DEL BOMBERO ETXANIZ, 4. 48010 BILBAO- BIZKAIA CIF: B95843744 &nbsp; LAZARUS INTEGRACI\u00d3N, S.L. informiert die Betroffenen \u00fcber ihre Datenschutzrichtlinie f\u00fcr personenbezogene Daten. In Anwendung der geltenden Vorschriften zum Schutz personenbezogener Daten wird darauf hingewiesen, dass die personenbezogenen Daten, die \u00fcber die Formulare der Website https:\/\/www.imtlazarus.com erhoben werden, in die spezifischen automatisierten [&hellip;]","og_url":"https:\/\/www.imtlazarus.com\/de\/datenschutzrichtlinie-und-datenverarbeitung\/","og_site_name":"IMTLazarus","article_modified_time":"2026-04-22T19:40:57+00:00","twitter_card":"summary_large_image","twitter_misc":{"Gesch\u00e4tzte Lesezeit":"10\u00a0Minuten"},"schema":{"@context":"https:\/\/schema.org","@graph":[{"@type":"WebPage","@id":"https:\/\/www.imtlazarus.com\/de\/datenschutzrichtlinie-und-datenverarbeitung\/","url":"https:\/\/www.imtlazarus.com\/de\/datenschutzrichtlinie-und-datenverarbeitung\/","name":"Datenschutzrichtlinie und Datenverarbeitung - IMTLazarus","isPartOf":{"@id":"https:\/\/www.imtlazarus.com\/#website"},"datePublished":"2024-04-28T09:57:10+00:00","dateModified":"2026-04-22T19:40:57+00:00","breadcrumb":{"@id":"https:\/\/www.imtlazarus.com\/de\/datenschutzrichtlinie-und-datenverarbeitung\/#breadcrumb"},"inLanguage":"de","potentialAction":[{"@type":"ReadAction","target":["https:\/\/www.imtlazarus.com\/de\/datenschutzrichtlinie-und-datenverarbeitung\/"]}]},{"@type":"BreadcrumbList","@id":"https:\/\/www.imtlazarus.com\/de\/datenschutzrichtlinie-und-datenverarbeitung\/#breadcrumb","itemListElement":[{"@type":"ListItem","position":1,"name":"Portada","item":"https:\/\/www.imtlazarus.com\/de\/imtlazarus-oekosystem\/"},{"@type":"ListItem","position":2,"name":"Datenschutzrichtlinie und Datenverarbeitung"}]},{"@type":"WebSite","@id":"https:\/\/www.imtlazarus.com\/#website","url":"https:\/\/www.imtlazarus.com\/","name":"IMTLazarus","description":"","potentialAction":[{"@type":"SearchAction","target":{"@type":"EntryPoint","urlTemplate":"https:\/\/www.imtlazarus.com\/?s={search_term_string}"},"query-input":{"@type":"PropertyValueSpecification","valueRequired":true,"valueName":"search_term_string"}}],"inLanguage":"de"}]}},"_links":{"self":[{"href":"https:\/\/www.imtlazarus.com\/de\/wp-json\/wp\/v2\/pages\/5122","targetHints":{"allow":["GET"]}}],"collection":[{"href":"https:\/\/www.imtlazarus.com\/de\/wp-json\/wp\/v2\/pages"}],"about":[{"href":"https:\/\/www.imtlazarus.com\/de\/wp-json\/wp\/v2\/types\/page"}],"author":[{"embeddable":true,"href":"https:\/\/www.imtlazarus.com\/de\/wp-json\/wp\/v2\/users\/1"}],"replies":[{"embeddable":true,"href":"https:\/\/www.imtlazarus.com\/de\/wp-json\/wp\/v2\/comments?post=5122"}],"version-history":[{"count":2,"href":"https:\/\/www.imtlazarus.com\/de\/wp-json\/wp\/v2\/pages\/5122\/revisions"}],"predecessor-version":[{"id":5124,"href":"https:\/\/www.imtlazarus.com\/de\/wp-json\/wp\/v2\/pages\/5122\/revisions\/5124"}],"wp:attachment":[{"href":"https:\/\/www.imtlazarus.com\/de\/wp-json\/wp\/v2\/media?parent=5122"}],"curies":[{"name":"wp","href":"https:\/\/api.w.org\/{rel}","templated":true}]}}