{"id":1026,"date":"2024-05-17T12:37:42","date_gmt":"2024-05-17T10:37:42","guid":{"rendered":"https:\/\/www.imtlazarus.com\/legal-notice\/"},"modified":"2026-01-20T10:13:17","modified_gmt":"2026-01-20T09:13:17","slug":"legal-notice","status":"publish","type":"page","link":"https:\/\/www.imtlazarus.com\/en\/legal-notice\/","title":{"rendered":"Legal notice"},"content":{"rendered":"<p>[et_pb_section fb_built=&#8221;1&#8243; module_class=&#8221;wpt-divi-forms&#8221; _builder_version=&#8221;4.25.1&#8243; _module_preset=&#8221;default&#8221; background_image=&#8221;https:\/\/www.imtlazarus.com\/wp-content\/uploads\/\/Fondo-Hexagonos.svg&#8221; parallax=&#8221;on&#8221; global_colors_info=&#8221;{}&#8221;][et_pb_row _builder_version=&#8221;4.25.1&#8243; _module_preset=&#8221;default&#8221; global_colors_info=&#8221;{}&#8221;][et_pb_column type=&#8221;4_4&#8243; _builder_version=&#8221;4.25.1&#8243; _module_preset=&#8221;default&#8221; global_colors_info=&#8221;{}&#8221;][et_pb_text _builder_version=&#8221;4.25.1&#8243; _dynamic_attributes=&#8221;content&#8221; _module_preset=&#8221;default&#8221; text_font=&#8221;|700|||||||&#8221; text_font_size=&#8221;30px&#8221; text_orientation=&#8221;center&#8221; global_colors_info=&#8221;{}&#8221; custom_margin=&#8221;||30px||false|false&#8221;]@ET-DC@eyJkeW5hbWljIjp0cnVlLCJjb250ZW50IjoicG9zdF90aXRsZSIsInNldHRpbmdzIjp7ImJlZm9yZSI6IiIsImFmdGVyIjoiIiwiZW5hYmxlX2h0bWwiOiJvZmYifX0=@[\/et_pb_text][\/et_pb_column][\/et_pb_row][et_pb_row _builder_version=&#8221;4.25.1&#8243; _module_preset=&#8221;default&#8221; custom_padding=&#8221;30px|30px|30px|30px|true|true&#8221; filter_opacity=&#8221;75%&#8221; global_colors_info=&#8221;{}&#8221; background_color=&#8221;#FFFFFF&#8221; border_radii=&#8221;on|12px|12px|12px|12px&#8221; box_shadow_style=&#8221;preset2&#8243;][et_pb_column type=&#8221;4_4&#8243; _builder_version=&#8221;4.25.1&#8243; _module_preset=&#8221;default&#8221; global_colors_info=&#8221;{}&#8221;][et_pb_text _builder_version=&#8221;4.25.1&#8243; _module_preset=&#8221;default&#8221; global_colors_info=&#8221;{}&#8221;]<\/p>\n<p style=\"text-align: justify;\">This website is owned by LAZARUS INTEGRACI\u00d3N, S.L., and is intended to provide our customers and any other user with information regarding the products or services of LAZARUS INTEGRACI\u00d3N, S.L.<\/p>\n<p style=\"text-align: justify;\">Le rogamos lea atentamente la siguiente informaci\u00f3n antes de hacer uso de esta p\u00e1gina web, ya que la utilizaci\u00f3n de la misma est\u00e1 sujeta a las siguientes condiciones de uso:<\/p>\n<p style=\"text-align: justify;\">I. La totalidad del contenido de la p\u00e1gina web est\u00e1 protegido por los derechos de propiedad industrial e intelectual titularidad de LAZARUS INTEGRACI\u00d3N, S.L. o, en su caso, de sus licencias, que el usuario de \u00e9sta p\u00e1gina web debe respetar.<\/p>\n<p style=\"text-align: justify;\">II. La reproducci\u00f3n, copia, uso, distribuci\u00f3n, comercializaci\u00f3n, comunicaci\u00f3n p\u00fablica o cualquier otra actividad que se pueda llevar a cabo con la informaci\u00f3n contenida en estas p\u00e1ginas web y que se realice sin autorizaci\u00f3n expresa por parte de LAZARUS INTEGRACI\u00d3N, S.L. y\/o de los propietarios de las marcas, es una infracci\u00f3n que castiga la legislaci\u00f3n vigente. <\/p>\n<p style=\"text-align: justify;\">III. Queda prohibida su reproducci\u00f3n, copia, uso, distribuci\u00f3n, comercializaci\u00f3n, comunicaci\u00f3n p\u00fablica o cualquier otra actividad que se pueda llevar a cabo con la informaci\u00f3n contenida en estas p\u00e1ginas web de forma total o parcial sin la autorizaci\u00f3n expresa de LAZARUS INTEGRACI\u00d3N, S.L. y de los propietarios de las marcas. <\/p>\n<p style=\"text-align: justify;\">IV. Los nombres y logotipos expuestos en estas p\u00e1ginas son marcas comerciales registradas, propiedad de LAZARUS INTEGRACI\u00d3N, S.L. <\/p>\n<p style=\"text-align: justify;\">V. es un dominio registrado de LAZARUS INTEGRACI\u00d3N, S.L. , los dominios de LAZARUS INTEGRACI\u00d3N, S.L. no pueden ser empleados en relaci\u00f3n con otros productos o servicios que no sean de LAZARUS INTEGRACI\u00d3N, S.L. , y que bajo ning\u00fan concepto pueda causar confusi\u00f3n entre los usuarios o descr\u00e9dito de LAZARUS INTEGRACI\u00d3N, S.L.<\/p>\n<p style=\"text-align: justify;\">VI. LAZARUS INTEGRACI\u00d3N, S.L. , rechaza toda responsabilidad que se derive de la mala utilizaci\u00f3n de los contenidos expuestos en estas p\u00e1ginas y se reserva el derecho a actualizarlos, eliminarlos, establecer limitaciones o restringir su acceso en cualquier momento, de manera temporal o permanente. <\/p>\n<p style=\"text-align: justify;\">VII. LAZARUS INTEGRACI\u00d3N, S.L. no se hace responsable de los posibles errores de seguridad que se pudieran producir por el hecho de utilizar ordenadores infectados con Virus inform\u00e1ticos o de las consecuencias que se pudieran derivar del mal funcionamiento del navegador o por el uso de versiones no actualizadas de \u00e9ste. <\/p>\n<p style=\"text-align: justify;\">VIII. LAZARUS INTEGRACI\u00d3N, S.L. se reserva la facultad de en cualquier momento y sin necesidad de previo aviso, realizar modificaciones y actualizaciones sobre la informaci\u00f3n contenida en su p\u00e1gina web o en su configuraci\u00f3n o en su presentaci\u00f3n. <\/p>\n<p style=\"text-align: justify;\">IX. To use some of the services offered on this website, users must provide LAZARUS INTEGRACI\u00d3N, S.L. with certain personal data. Therefore, LAZARUS INTEGRACI\u00d3N, S.L. is committed to respecting the confidentiality of said data in accordance with the provisions of the GDPR (EU) 2016\/679 and LOPDGDD 03\/2018 of December 5, and to comply with Law 34\/2002 of July 11, on Services of the Information Society and Electronic Commerce regarding the sending of commercial communications (<a href=\"https:\/\/old.imtlazarus.com\/politica-de-privacidad\/\">Privacy Policy<\/a>). <\/p>\n<p style=\"text-align: justify;\">X. El usuario es consciente y acepta voluntariamente que tanto el acceso a la p\u00e1gina web como el uso de cualesquiera de los contenidos en ella contenida tiene lugar, en todo caso, bajo su \u00fanica y exclusiva responsabilidad, y que se obliga a utilizarla de manera plenamente conforme con las leyes, los usos de tr\u00e1fico y las presentes condiciones por lo que responder\u00e1 frente a LAZARUS INTEGRACI\u00d3N, S.L. o frente a terceros, de cualesquiera da\u00f1os y perjuicios que pudieran causarse como consecuencia del incumplimiento de dichas obligaciones.<\/p>\n<p style=\"text-align: justify;\"><strong>COMPANY INFORMATION:<\/strong><br \/>Registered office:<br \/>LAZARUS INTEGRACI\u00d3N, S.L.<br \/>PL. DEL BOMBERO ETXANIZ, 4. 48010 BILBAO &#8211; BIZKAIA \u2013 Spain<br \/>Tel. 944377801  <\/p>\n<p style=\"text-align: justify;\">VAT ID: B95843744<br \/>Registered in the BIZKAIA Commercial Registry, volume 5608, page 0, sheet BI-68012, page 197 section 8.<br \/>The LAZARUS INTEGRACI\u00d3N, S.L. logo is a registered trademark.<br \/>Website: www.imtlazarus.com<\/p>\n<p>[\/et_pb_text][\/et_pb_column][\/et_pb_row][\/et_pb_section]<\/p>\n","protected":false},"excerpt":{"rendered":"<p>This website is owned by LAZARUS INTEGRACI\u00d3N, S.L., and is intended to provide our customers and any other user with information regarding the products or services of LAZARUS INTEGRACI\u00d3N, S.L. Le rogamos lea atentamente la siguiente informaci\u00f3n antes de hacer uso de esta p\u00e1gina web, ya que la utilizaci\u00f3n de la misma est\u00e1 sujeta a [&hellip;]<\/p>\n","protected":false},"author":1,"featured_media":0,"parent":0,"menu_order":0,"comment_status":"closed","ping_status":"closed","template":"","meta":{"_et_pb_use_builder":"on","_et_pb_old_content":"","_et_gb_content_width":"","content-type":"","inline_featured_image":false,"footnotes":""},"class_list":["post-1026","page","type-page","status-publish","hentry"],"yoast_head":"<!-- This site is optimized with the Yoast SEO plugin v26.2 - https:\/\/yoast.com\/wordpress\/plugins\/seo\/ -->\n<title>Legal notice - IMTLazarus<\/title>\n<meta name=\"robots\" content=\"index, follow, max-snippet:-1, max-image-preview:large, max-video-preview:-1\" \/>\n<link rel=\"canonical\" href=\"https:\/\/www.imtlazarus.com\/en\/legal-notice\/\" \/>\n<meta property=\"og:locale\" content=\"en_US\" \/>\n<meta property=\"og:type\" content=\"article\" \/>\n<meta property=\"og:title\" content=\"Legal notice - IMTLazarus\" \/>\n<meta property=\"og:description\" content=\"This website is owned by LAZARUS INTEGRACI\u00d3N, S.L., and is intended to provide our customers and any other user with information regarding the products or services of LAZARUS INTEGRACI\u00d3N, S.L. Le rogamos lea atentamente la siguiente informaci\u00f3n antes de hacer uso de esta p\u00e1gina web, ya que la utilizaci\u00f3n de la misma est\u00e1 sujeta a [&hellip;]\" \/>\n<meta property=\"og:url\" content=\"https:\/\/www.imtlazarus.com\/en\/legal-notice\/\" \/>\n<meta property=\"og:site_name\" content=\"IMTLazarus\" \/>\n<meta property=\"article:modified_time\" content=\"2026-01-20T09:13:17+00:00\" \/>\n<meta name=\"twitter:card\" content=\"summary_large_image\" \/>\n<meta name=\"twitter:label1\" content=\"Est. reading time\" \/>\n\t<meta name=\"twitter:data1\" content=\"4 minutes\" \/>\n<script type=\"application\/ld+json\" class=\"yoast-schema-graph\">{\"@context\":\"https:\/\/schema.org\",\"@graph\":[{\"@type\":\"WebPage\",\"@id\":\"https:\/\/www.imtlazarus.com\/en\/legal-notice\/\",\"url\":\"https:\/\/www.imtlazarus.com\/en\/legal-notice\/\",\"name\":\"Legal notice - IMTLazarus\",\"isPartOf\":{\"@id\":\"https:\/\/www.imtlazarus.com\/#website\"},\"datePublished\":\"2024-05-17T10:37:42+00:00\",\"dateModified\":\"2026-01-20T09:13:17+00:00\",\"breadcrumb\":{\"@id\":\"https:\/\/www.imtlazarus.com\/en\/legal-notice\/#breadcrumb\"},\"inLanguage\":\"en-US\",\"potentialAction\":[{\"@type\":\"ReadAction\",\"target\":[\"https:\/\/www.imtlazarus.com\/en\/legal-notice\/\"]}]},{\"@type\":\"BreadcrumbList\",\"@id\":\"https:\/\/www.imtlazarus.com\/en\/legal-notice\/#breadcrumb\",\"itemListElement\":[{\"@type\":\"ListItem\",\"position\":1,\"name\":\"Portada\",\"item\":\"https:\/\/www.imtlazarus.com\/\"},{\"@type\":\"ListItem\",\"position\":2,\"name\":\"Legal notice\"}]},{\"@type\":\"WebSite\",\"@id\":\"https:\/\/www.imtlazarus.com\/#website\",\"url\":\"https:\/\/www.imtlazarus.com\/\",\"name\":\"IMTLazarus\",\"description\":\"\",\"potentialAction\":[{\"@type\":\"SearchAction\",\"target\":{\"@type\":\"EntryPoint\",\"urlTemplate\":\"https:\/\/www.imtlazarus.com\/?s={search_term_string}\"},\"query-input\":{\"@type\":\"PropertyValueSpecification\",\"valueRequired\":true,\"valueName\":\"search_term_string\"}}],\"inLanguage\":\"en-US\"}]}<\/script>\n<!-- \/ Yoast SEO plugin. -->","yoast_head_json":{"title":"Legal notice - IMTLazarus","robots":{"index":"index","follow":"follow","max-snippet":"max-snippet:-1","max-image-preview":"max-image-preview:large","max-video-preview":"max-video-preview:-1"},"canonical":"https:\/\/www.imtlazarus.com\/en\/legal-notice\/","og_locale":"en_US","og_type":"article","og_title":"Legal notice - IMTLazarus","og_description":"This website is owned by LAZARUS INTEGRACI\u00d3N, S.L., and is intended to provide our customers and any other user with information regarding the products or services of LAZARUS INTEGRACI\u00d3N, S.L. Le rogamos lea atentamente la siguiente informaci\u00f3n antes de hacer uso de esta p\u00e1gina web, ya que la utilizaci\u00f3n de la misma est\u00e1 sujeta a [&hellip;]","og_url":"https:\/\/www.imtlazarus.com\/en\/legal-notice\/","og_site_name":"IMTLazarus","article_modified_time":"2026-01-20T09:13:17+00:00","twitter_card":"summary_large_image","twitter_misc":{"Est. reading time":"4 minutes"},"schema":{"@context":"https:\/\/schema.org","@graph":[{"@type":"WebPage","@id":"https:\/\/www.imtlazarus.com\/en\/legal-notice\/","url":"https:\/\/www.imtlazarus.com\/en\/legal-notice\/","name":"Legal notice - IMTLazarus","isPartOf":{"@id":"https:\/\/www.imtlazarus.com\/#website"},"datePublished":"2024-05-17T10:37:42+00:00","dateModified":"2026-01-20T09:13:17+00:00","breadcrumb":{"@id":"https:\/\/www.imtlazarus.com\/en\/legal-notice\/#breadcrumb"},"inLanguage":"en-US","potentialAction":[{"@type":"ReadAction","target":["https:\/\/www.imtlazarus.com\/en\/legal-notice\/"]}]},{"@type":"BreadcrumbList","@id":"https:\/\/www.imtlazarus.com\/en\/legal-notice\/#breadcrumb","itemListElement":[{"@type":"ListItem","position":1,"name":"Portada","item":"https:\/\/www.imtlazarus.com\/"},{"@type":"ListItem","position":2,"name":"Legal notice"}]},{"@type":"WebSite","@id":"https:\/\/www.imtlazarus.com\/#website","url":"https:\/\/www.imtlazarus.com\/","name":"IMTLazarus","description":"","potentialAction":[{"@type":"SearchAction","target":{"@type":"EntryPoint","urlTemplate":"https:\/\/www.imtlazarus.com\/?s={search_term_string}"},"query-input":{"@type":"PropertyValueSpecification","valueRequired":true,"valueName":"search_term_string"}}],"inLanguage":"en-US"}]}},"_links":{"self":[{"href":"https:\/\/www.imtlazarus.com\/en\/wp-json\/wp\/v2\/pages\/1026","targetHints":{"allow":["GET"]}}],"collection":[{"href":"https:\/\/www.imtlazarus.com\/en\/wp-json\/wp\/v2\/pages"}],"about":[{"href":"https:\/\/www.imtlazarus.com\/en\/wp-json\/wp\/v2\/types\/page"}],"author":[{"embeddable":true,"href":"https:\/\/www.imtlazarus.com\/en\/wp-json\/wp\/v2\/users\/1"}],"replies":[{"embeddable":true,"href":"https:\/\/www.imtlazarus.com\/en\/wp-json\/wp\/v2\/comments?post=1026"}],"version-history":[{"count":12,"href":"https:\/\/www.imtlazarus.com\/en\/wp-json\/wp\/v2\/pages\/1026\/revisions"}],"predecessor-version":[{"id":3581,"href":"https:\/\/www.imtlazarus.com\/en\/wp-json\/wp\/v2\/pages\/1026\/revisions\/3581"}],"wp:attachment":[{"href":"https:\/\/www.imtlazarus.com\/en\/wp-json\/wp\/v2\/media?parent=1026"}],"curies":[{"name":"wp","href":"https:\/\/api.w.org\/{rel}","templated":true}]}}