{"id":2084,"date":"2024-04-30T19:59:58","date_gmt":"2024-04-30T17:59:58","guid":{"rendered":"https:\/\/www.imtlazarus.com\/responsabilite\/"},"modified":"2026-04-14T16:25:50","modified_gmt":"2026-04-14T14:25:50","slug":"responsabilite","status":"publish","type":"page","link":"https:\/\/www.imtlazarus.com\/fr\/responsabilite\/","title":{"rendered":"Responsabilit\u00e9"},"content":{"rendered":"<p>[et_pb_section fb_built=\u00a0\u00bb1&Prime; admin_label=\u00a0\u00bbFondo hex\u00e1gonos\u00a0\u00bb module_class=\u00a0\u00bbwpt-divi-forms wpt-divi-forms wpt-divi-forms wpt-divi-forms wpt-divi-forms\u00a0\u00bb _builder_version=\u00a0\u00bb4.25.0&Prime; _module_preset=\u00a0\u00bbdefault\u00a0\u00bb background_color=\u00a0\u00bbrgba(234,209,220,0.1519)\u00a0\u00bb background_image=\u00a0\u00bbhttps:\/\/www.imtlazarus.com\/wp-content\/uploads\/Fondo-Hexagonos.svg\u00a0\u00bb parallax=\u00a0\u00bbon\u00a0\u00bb height=\u00a0\u00bb1500px\u00a0\u00bb global_colors_info=\u00a0\u00bb{}\u00a0\u00bb][\/et_pb_section][et_pb_section fb_built=\u00a0\u00bb1&Prime; admin_label=\u00a0\u00bbContenido\u00a0\u00bb module_class=\u00a0\u00bbwpt-divi-forms wpt-divi-forms wpt-divi-forms wpt-divi-forms wpt-divi-forms\u00a0\u00bb _builder_version=\u00a0\u00bb4.25.1&Prime; _module_preset=\u00a0\u00bbdefault\u00a0\u00bb background_color=\u00a0\u00bbRGBA(255,255,255,0)\u00a0\u00bb background_enable_image=\u00a0\u00bboff\u00a0\u00bb custom_margin=\u00a0\u00bb-1520px||||false|false\u00a0\u00bb custom_padding=\u00a0\u00bb||||false|false\u00a0\u00bb global_colors_info=\u00a0\u00bb{}\u00a0\u00bb][et_pb_row column_structure=\u00a0\u00bb1_3,2_3&Prime; _builder_version=\u00a0\u00bb4.25.1&Prime; _module_preset=\u00a0\u00bbdefault\u00a0\u00bb custom_margin=\u00a0\u00bb20px||||false|false\u00a0\u00bb global_colors_info=\u00a0\u00bb{}\u00a0\u00bb][et_pb_column type=\u00a0\u00bb1_3&Prime; _builder_version=\u00a0\u00bb4.25.0&Prime; _module_preset=\u00a0\u00bbdefault\u00a0\u00bb global_colors_info=\u00a0\u00bb{}\u00a0\u00bb][et_pb_image src=\u00a0\u00bbhttps:\/\/www.imtlazarus.com\/wp-content\/uploads\/icono_servicios_responsabilidad.svg\u00a0\u00bb title_text=\u00a0\u00bbicono_servicios_responsabilidad\u00a0\u00bb align=\u00a0\u00bbcenter\u00a0\u00bb _builder_version=\u00a0\u00bb4.25.1&Prime; _module_preset=\u00a0\u00bbdefault\u00a0\u00bb transform_scale=\u00a0\u00bb130%|130%\u00a0\u00bb height=\u00a0\u00bb150px\u00a0\u00bb custom_margin=\u00a0\u00bb-10px||10px||false|false\u00a0\u00bb global_colors_info=\u00a0\u00bb{}\u00a0\u00bb][\/et_pb_image][\/et_pb_column][et_pb_column type=\u00a0\u00bb2_3&Prime; _builder_version=\u00a0\u00bb4.25.0&Prime; _module_preset=\u00a0\u00bbdefault\u00a0\u00bb global_colors_info=\u00a0\u00bb{}\u00a0\u00bb][et_pb_text _builder_version=\u00a0\u00bb4.27.5&Prime; _module_preset=\u00a0\u00bbdefault\u00a0\u00bb display_conditions=\u00a0\u00bbW10=\u00a0\u00bb custom_margin=\u00a0\u00bb0px||0px||false|false\u00a0\u00bb custom_padding=\u00a0\u00bb0px||||false|false\u00a0\u00bb hover_enabled=\u00a0\u00bb0&Prime; global_colors_info=\u00a0\u00bb{}\u00a0\u00bb sticky_enabled=\u00a0\u00bb0&Prime;]<\/p>\n<h1><strong>Cadre juridique<\/strong><\/h1>\n<p>[\/et_pb_text][et_pb_text _builder_version=\u00a0\u00bb4.25.0&Prime; _module_preset=\u00a0\u00bbdefault\u00a0\u00bb global_colors_info=\u00a0\u00bb{}\u00a0\u00bb]<\/p>\n<h3><strong>Repenser la protection des \u00e9l\u00e8ves<\/strong><\/h3>\n<p><span style=\"font-weight: 400; font-size: large;\">La protection de leurs droits est une n\u00e9cessit\u00e9 pour tous et, en particulier, une responsabilit\u00e9 des tuteurs et des familles. <\/span><\/p>\n<p>[\/et_pb_text][\/et_pb_column][\/et_pb_row][et_pb_row column_structure=\u00a0\u00bb1_3,1_3,1_3&Prime; make_equal=\u00a0\u00bbon\u00a0\u00bb _builder_version=\u00a0\u00bb4.25.1&Prime; _module_preset=\u00a0\u00bbdefault\u00a0\u00bb custom_margin=\u00a0\u00bb30px||30px||true|false\u00a0\u00bb global_colors_info=\u00a0\u00bb{}\u00a0\u00bb][et_pb_column type=\u00a0\u00bb1_3&Prime; _builder_version=\u00a0\u00bb4.25.0&Prime; _module_preset=\u00a0\u00bbdefault\u00a0\u00bb global_colors_info=\u00a0\u00bb{}\u00a0\u00bb][et_pb_text _builder_version=\u00a0\u00bb4.25.0&Prime; _module_preset=\u00a0\u00bbdefault\u00a0\u00bb background_color=\u00a0\u00bb#f8f9fa\u00a0\u00bb height=\u00a0\u00bb120px\u00a0\u00bb custom_padding=\u00a0\u00bb20px|20px|20px|20px|false|false\u00a0\u00bb border_radii=\u00a0\u00bbon|12px|12px|12px|12px\u00a0\u00bb border_width_all=\u00a0\u00bb3px\u00a0\u00bb border_color_all=\u00a0\u00bb#34a853&Prime; box_shadow_style=\u00a0\u00bbpreset2&Prime; global_colors_info=\u00a0\u00bb{}\u00a0\u00bb]<\/p>\n<p><span style=\"font-size: large;\"><b><span style=\"color: #34a853;\">Vie priv\u00e9e<\/span><\/b><span style=\"font-weight: 400;\"> le droit fondamental \u00e0 la protection des donn\u00e9es personnelles.<\/span><\/span><\/p>\n<p>[\/et_pb_text][\/et_pb_column][et_pb_column type=\u00a0\u00bb1_3&Prime; _builder_version=\u00a0\u00bb4.25.0&Prime; _module_preset=\u00a0\u00bbdefault\u00a0\u00bb global_colors_info=\u00a0\u00bb{}\u00a0\u00bb][et_pb_text _builder_version=\u00a0\u00bb4.25.0&Prime; _module_preset=\u00a0\u00bbdefault\u00a0\u00bb background_color=\u00a0\u00bb#f8f9fa\u00a0\u00bb height=\u00a0\u00bb120px\u00a0\u00bb custom_padding=\u00a0\u00bb20px|20px|20px|20px|false|false\u00a0\u00bb border_radii=\u00a0\u00bbon|12px|12px|12px|12px\u00a0\u00bb border_width_all=\u00a0\u00bb3px\u00a0\u00bb border_color_all=\u00a0\u00bb#0081c2&Prime; box_shadow_style=\u00a0\u00bbpreset2&Prime; global_colors_info=\u00a0\u00bb{}\u00a0\u00bb]<\/p>\n<p><span style=\"font-size: large;\"><span style=\"color: #4285f4;\"><b>S\u00e9curit\u00e9<\/b><\/span><span style=\"font-weight: 400;\"> face \u00e0 un contenu inappropri\u00e9.. Droit \u00e0 la protection du mineur. <\/span><\/span><\/p>\n<p>[\/et_pb_text][\/et_pb_column][et_pb_column type=\u00a0\u00bb1_3&Prime; _builder_version=\u00a0\u00bb4.25.0&Prime; _module_preset=\u00a0\u00bbdefault\u00a0\u00bb global_colors_info=\u00a0\u00bb{}\u00a0\u00bb][et_pb_text _builder_version=\u00a0\u00bb4.25.0&Prime; _module_preset=\u00a0\u00bbdefault\u00a0\u00bb background_color=\u00a0\u00bb#f8f9fa\u00a0\u00bb height=\u00a0\u00bb120px\u00a0\u00bb custom_padding=\u00a0\u00bb20px|20px|20px|20px|false|false\u00a0\u00bb border_radii=\u00a0\u00bbon|12px|12px|12px|12px\u00a0\u00bb border_width_all=\u00a0\u00bb3px\u00a0\u00bb border_color_all=\u00a0\u00bb#ff9901&Prime; box_shadow_style=\u00a0\u00bbpreset2&Prime; global_colors_info=\u00a0\u00bb{}\u00a0\u00bb]<\/p>\n<p><span style=\"font-size: large;\"><b><span style=\"color: #ff9901;\">Comportement<\/span><\/b> <span style=\"font-weight: 400;\">du mineur face aux risques et distractions possibles<\/span><span style=\"font-weight: 400;\">.<\/span><\/span><\/p>\n<p>[\/et_pb_text][\/et_pb_column][\/et_pb_row][et_pb_row column_structure=\u00a0\u00bb3_4,1_4&Prime; _builder_version=\u00a0\u00bb4.25.0&Prime; _module_preset=\u00a0\u00bbdefault\u00a0\u00bb global_colors_info=\u00a0\u00bb{}\u00a0\u00bb][et_pb_column type=\u00a0\u00bb3_4&Prime; _builder_version=\u00a0\u00bb4.25.0&Prime; _module_preset=\u00a0\u00bbdefault\u00a0\u00bb global_colors_info=\u00a0\u00bb{}\u00a0\u00bb][et_pb_text _builder_version=\u00a0\u00bb4.25.0&Prime; _module_preset=\u00a0\u00bbdefault\u00a0\u00bb global_colors_info=\u00a0\u00bb{}\u00a0\u00bb]<\/p>\n<h1><b>Forger ensemble un avenir de <\/b><span style=\"color: #a64d79;\"><b>coresponsabilit\u00e9<\/b><\/span><\/h1>\n<p>[\/et_pb_text][\/et_pb_column][et_pb_column type=\u00a0\u00bb1_4&Prime; _builder_version=\u00a0\u00bb4.25.0&Prime; _module_preset=\u00a0\u00bbdefault\u00a0\u00bb global_colors_info=\u00a0\u00bb{}\u00a0\u00bb][\/et_pb_column][\/et_pb_row][et_pb_row column_structure=\u00a0\u00bb1_2,1_2&Prime; _builder_version=\u00a0\u00bb4.25.0&Prime; _module_preset=\u00a0\u00bbdefault\u00a0\u00bb global_colors_info=\u00a0\u00bb{}\u00a0\u00bb][et_pb_column type=\u00a0\u00bb1_2&Prime; _builder_version=\u00a0\u00bb4.25.0&Prime; _module_preset=\u00a0\u00bbdefault\u00a0\u00bb global_colors_info=\u00a0\u00bb{}\u00a0\u00bb][et_pb_text _builder_version=\u00a0\u00bb4.25.0&Prime; _module_preset=\u00a0\u00bbdefault\u00a0\u00bb background_color=\u00a0\u00bbRGBA(255,255,255,0)\u00a0\u00bb custom_padding=\u00a0\u00bb20px|20px|20px|20px|true|true\u00a0\u00bb global_colors_info=\u00a0\u00bb{}\u00a0\u00bb]<\/p>\n<p><span style=\"font-size: large;\"><b>Les \u00e9l\u00e8ves <\/b><span style=\"font-weight: 400;\">naviguent en s\u00e9curit\u00e9 et prot\u00e9g\u00e9s contre des endroits non pertinents dans l\u2019\u00e9ducation.<\/span><\/span><\/p>\n<p><span style=\"font-size: large;\"><b>Les enseignants<\/b><span style=\"font-weight: 400;\"> disposent de statistiques, de donn\u00e9es sur les risques et d\u2019un suivi num\u00e9rique complet des \u00e9l\u00e8ves.<\/span><\/span><\/p>\n<p><span style=\"font-size: large;\"><b>Les responsables de l\u2019\u00e9ducation<\/b> <span style=\"font-weight: 400;\">analysent les donn\u00e9es du centre pour prendre des d\u00e9cisions et \u00e9valuer les risques comportementaux.<\/span><\/span><\/p>\n<p><span style=\"font-size: large;\"><b>Les administrateurs informatiques<\/b> <span style=\"font-weight: 400;\">g\u00e8rent et prot\u00e8gent les donn\u00e9es des \u00e9tablissements scolaires.<\/span><\/span><\/p>\n<p><span style=\"font-size: large;\"><b>Les familles <\/b><span style=\"font-weight: 400;\">peuvent surveiller le comportement num\u00e9rique de leurs enfants.<\/span><\/span><\/p>\n<p>[\/et_pb_text][\/et_pb_column][et_pb_column type=\u00a0\u00bb1_2&Prime; _builder_version=\u00a0\u00bb4.25.0&Prime; _module_preset=\u00a0\u00bbdefault\u00a0\u00bb global_colors_info=\u00a0\u00bb{}\u00a0\u00bb][et_pb_image src=\u00a0\u00bbhttps:\/\/www.imtlazarus.com\/wp-content\/uploads\/Imagen-responsabilidad.svg\u00a0\u00bb title_text=\u00a0\u00bbImage responsabilit\u00e9\u00a0\u00bb _builder_version=\u00a0\u00bb4.25.0&Prime; _module_preset=\u00a0\u00bbdefault\u00a0\u00bb custom_margin=\u00a0\u00bb-40px||||false|false\u00a0\u00bb global_colors_info=\u00a0\u00bb{}\u00a0\u00bb][\/et_pb_image][\/et_pb_column][\/et_pb_row][et_pb_row _builder_version=\u00a0\u00bb4.25.0&Prime; _module_preset=\u00a0\u00bbdefault\u00a0\u00bb global_colors_info=\u00a0\u00bb{}\u00a0\u00bb][et_pb_column type=\u00a0\u00bb4_4&Prime; _builder_version=\u00a0\u00bb4.25.0&Prime; _module_preset=\u00a0\u00bbdefault\u00a0\u00bb global_colors_info=\u00a0\u00bb{}\u00a0\u00bb][et_pb_divider color=\u00a0\u00bb#a64d79&Prime; divider_position=\u00a0\u00bbcenter\u00a0\u00bb _builder_version=\u00a0\u00bb4.25.0&Prime; _module_preset=\u00a0\u00bbdefault\u00a0\u00bb global_colors_info=\u00a0\u00bb{}\u00a0\u00bb][\/et_pb_divider][et_pb_text _builder_version=\u00a0\u00bb4.25.0&Prime; _module_preset=\u00a0\u00bbdefault\u00a0\u00bb custom_padding=\u00a0\u00bb0px|20px|0px|20px|false|true\u00a0\u00bb global_colors_info=\u00a0\u00bb{}\u00a0\u00bb]<\/p>\n<h1><b><span style=\"color: #a64d79;\">Ax\u00e9s<\/span> sur le traitement des donn\u00e9es personnelles<\/b><\/h1>\n<p>[\/et_pb_text][et_pb_text _builder_version=\u00a0\u00bb4.25.0&Prime; _module_preset=\u00a0\u00bbdefault\u00a0\u00bb custom_padding=\u00a0\u00bb|20px||20px|false|true\u00a0\u00bb global_colors_info=\u00a0\u00bb{}\u00a0\u00bb]<\/p>\n<p><span style=\"font-size: large;\"><img loading=\"lazy\" decoding=\"async\" src=\"https:\/\/www.imtlazarus.com\/wp-content\/uploads\/menu_privacidad.svg\" width=\"48\" height=\"48\" alt=\"\" class=\"wp-image-165 alignnone size-medium\" style=\"vertical-align: middle;\"> <span style=\"color: #34a853;\"><strong>Prot\u00e9geant vos donn\u00e9es<\/strong><\/span><\/span><\/p>\n<p><span style=\"font-size: large;\"><strong><img loading=\"lazy\" decoding=\"async\" src=\"https:\/\/www.imtlazarus.com\/wp-content\/uploads\/menu_seguridad.svg\" width=\"50\" height=\"50\" alt=\"\" class=\"wp-image-168 alignnone size-medium\" style=\"vertical-align: middle;\"> <span style=\"color: #0081c2;\">Acc\u00e8s \u00e0 du contenu inappropri\u00e9<\/span><\/strong><\/span><\/p>\n<p><span style=\"font-size: large;\"><img loading=\"lazy\" decoding=\"async\" src=\"https:\/\/www.imtlazarus.com\/wp-content\/uploads\/menu_comportamiento.svg\" width=\"48\" height=\"48\" alt=\"\" class=\"wp-image-167 alignnone size-medium\" style=\"vertical-align: middle;\"> <span style=\"color: #ff9901;\"><strong>Veiller \u00e0 des habitudes appropri\u00e9es<\/strong><\/span><\/span><\/p>\n<p>[\/et_pb_text][\/et_pb_column][\/et_pb_row][\/et_pb_section]<\/p>\n","protected":false},"excerpt":{"rendered":"<p>Cadre juridiqueRepenser la protection des \u00e9l\u00e8ves La protection de leurs droits est une n\u00e9cessit\u00e9 pour tous et, en particulier, une responsabilit\u00e9 des tuteurs et des familles. Vie priv\u00e9e le droit fondamental \u00e0 la protection des donn\u00e9es personnelles.S\u00e9curit\u00e9 face \u00e0 un contenu inappropri\u00e9.. Droit \u00e0 la protection du mineur. Comportement du mineur face aux risques et [&hellip;]<\/p>\n","protected":false},"author":1,"featured_media":0,"parent":0,"menu_order":0,"comment_status":"closed","ping_status":"closed","template":"","meta":{"_et_pb_use_builder":"on","_et_pb_old_content":"","_et_gb_content_width":"","content-type":"","inline_featured_image":false,"footnotes":""},"class_list":["post-2084","page","type-page","status-publish","hentry"],"yoast_head":"<!-- This site is optimized with the Yoast SEO plugin v26.2 - https:\/\/yoast.com\/wordpress\/plugins\/seo\/ -->\n<title>Responsabilit\u00e9 - IMTLazarus<\/title>\n<meta name=\"robots\" content=\"index, follow, max-snippet:-1, max-image-preview:large, max-video-preview:-1\" \/>\n<link rel=\"canonical\" href=\"https:\/\/www.imtlazarus.com\/fr\/responsabilite\/\" \/>\n<meta property=\"og:locale\" content=\"fr_FR\" \/>\n<meta property=\"og:type\" content=\"article\" \/>\n<meta property=\"og:title\" content=\"Responsabilit\u00e9 - IMTLazarus\" \/>\n<meta property=\"og:description\" content=\"Cadre juridiqueRepenser la protection des \u00e9l\u00e8ves La protection de leurs droits est une n\u00e9cessit\u00e9 pour tous et, en particulier, une responsabilit\u00e9 des tuteurs et des familles. Vie priv\u00e9e le droit fondamental \u00e0 la protection des donn\u00e9es personnelles.S\u00e9curit\u00e9 face \u00e0 un contenu inappropri\u00e9.. Droit \u00e0 la protection du mineur. Comportement du mineur face aux risques et [&hellip;]\" \/>\n<meta property=\"og:url\" content=\"https:\/\/www.imtlazarus.com\/fr\/responsabilite\/\" \/>\n<meta property=\"og:site_name\" content=\"IMTLazarus\" \/>\n<meta property=\"article:modified_time\" content=\"2026-04-14T14:25:50+00:00\" \/>\n<meta name=\"twitter:card\" content=\"summary_large_image\" \/>\n<meta name=\"twitter:label1\" content=\"Dur\u00e9e de lecture estim\u00e9e\" \/>\n\t<meta name=\"twitter:data1\" content=\"4 minutes\" \/>\n<script type=\"application\/ld+json\" class=\"yoast-schema-graph\">{\"@context\":\"https:\/\/schema.org\",\"@graph\":[{\"@type\":\"WebPage\",\"@id\":\"https:\/\/www.imtlazarus.com\/fr\/responsabilite\/\",\"url\":\"https:\/\/www.imtlazarus.com\/fr\/responsabilite\/\",\"name\":\"Responsabilit\u00e9 - IMTLazarus\",\"isPartOf\":{\"@id\":\"https:\/\/www.imtlazarus.com\/#website\"},\"primaryImageOfPage\":{\"@id\":\"https:\/\/www.imtlazarus.com\/fr\/responsabilite\/#primaryimage\"},\"image\":{\"@id\":\"https:\/\/www.imtlazarus.com\/fr\/responsabilite\/#primaryimage\"},\"thumbnailUrl\":\"https:\/\/www.imtlazarus.com\/wp-content\/uploads\/menu_privacidad.svg\",\"datePublished\":\"2024-04-30T17:59:58+00:00\",\"dateModified\":\"2026-04-14T14:25:50+00:00\",\"breadcrumb\":{\"@id\":\"https:\/\/www.imtlazarus.com\/fr\/responsabilite\/#breadcrumb\"},\"inLanguage\":\"fr-FR\",\"potentialAction\":[{\"@type\":\"ReadAction\",\"target\":[\"https:\/\/www.imtlazarus.com\/fr\/responsabilite\/\"]}]},{\"@type\":\"ImageObject\",\"inLanguage\":\"fr-FR\",\"@id\":\"https:\/\/www.imtlazarus.com\/fr\/responsabilite\/#primaryimage\",\"url\":\"https:\/\/www.imtlazarus.com\/wp-content\/uploads\/menu_privacidad.svg\",\"contentUrl\":\"https:\/\/www.imtlazarus.com\/wp-content\/uploads\/menu_privacidad.svg\"},{\"@type\":\"BreadcrumbList\",\"@id\":\"https:\/\/www.imtlazarus.com\/fr\/responsabilite\/#breadcrumb\",\"itemListElement\":[{\"@type\":\"ListItem\",\"position\":1,\"name\":\"Portada\",\"item\":\"https:\/\/www.imtlazarus.com\/\"},{\"@type\":\"ListItem\",\"position\":2,\"name\":\"Responsabilit\u00e9\"}]},{\"@type\":\"WebSite\",\"@id\":\"https:\/\/www.imtlazarus.com\/#website\",\"url\":\"https:\/\/www.imtlazarus.com\/\",\"name\":\"IMTLazarus\",\"description\":\"\",\"potentialAction\":[{\"@type\":\"SearchAction\",\"target\":{\"@type\":\"EntryPoint\",\"urlTemplate\":\"https:\/\/www.imtlazarus.com\/?s={search_term_string}\"},\"query-input\":{\"@type\":\"PropertyValueSpecification\",\"valueRequired\":true,\"valueName\":\"search_term_string\"}}],\"inLanguage\":\"fr-FR\"}]}<\/script>\n<!-- \/ Yoast SEO plugin. -->","yoast_head_json":{"title":"Responsabilit\u00e9 - IMTLazarus","robots":{"index":"index","follow":"follow","max-snippet":"max-snippet:-1","max-image-preview":"max-image-preview:large","max-video-preview":"max-video-preview:-1"},"canonical":"https:\/\/www.imtlazarus.com\/fr\/responsabilite\/","og_locale":"fr_FR","og_type":"article","og_title":"Responsabilit\u00e9 - IMTLazarus","og_description":"Cadre juridiqueRepenser la protection des \u00e9l\u00e8ves La protection de leurs droits est une n\u00e9cessit\u00e9 pour tous et, en particulier, une responsabilit\u00e9 des tuteurs et des familles. Vie priv\u00e9e le droit fondamental \u00e0 la protection des donn\u00e9es personnelles.S\u00e9curit\u00e9 face \u00e0 un contenu inappropri\u00e9.. Droit \u00e0 la protection du mineur. Comportement du mineur face aux risques et [&hellip;]","og_url":"https:\/\/www.imtlazarus.com\/fr\/responsabilite\/","og_site_name":"IMTLazarus","article_modified_time":"2026-04-14T14:25:50+00:00","twitter_card":"summary_large_image","twitter_misc":{"Dur\u00e9e de lecture estim\u00e9e":"4 minutes"},"schema":{"@context":"https:\/\/schema.org","@graph":[{"@type":"WebPage","@id":"https:\/\/www.imtlazarus.com\/fr\/responsabilite\/","url":"https:\/\/www.imtlazarus.com\/fr\/responsabilite\/","name":"Responsabilit\u00e9 - IMTLazarus","isPartOf":{"@id":"https:\/\/www.imtlazarus.com\/#website"},"primaryImageOfPage":{"@id":"https:\/\/www.imtlazarus.com\/fr\/responsabilite\/#primaryimage"},"image":{"@id":"https:\/\/www.imtlazarus.com\/fr\/responsabilite\/#primaryimage"},"thumbnailUrl":"https:\/\/www.imtlazarus.com\/wp-content\/uploads\/menu_privacidad.svg","datePublished":"2024-04-30T17:59:58+00:00","dateModified":"2026-04-14T14:25:50+00:00","breadcrumb":{"@id":"https:\/\/www.imtlazarus.com\/fr\/responsabilite\/#breadcrumb"},"inLanguage":"fr-FR","potentialAction":[{"@type":"ReadAction","target":["https:\/\/www.imtlazarus.com\/fr\/responsabilite\/"]}]},{"@type":"ImageObject","inLanguage":"fr-FR","@id":"https:\/\/www.imtlazarus.com\/fr\/responsabilite\/#primaryimage","url":"https:\/\/www.imtlazarus.com\/wp-content\/uploads\/menu_privacidad.svg","contentUrl":"https:\/\/www.imtlazarus.com\/wp-content\/uploads\/menu_privacidad.svg"},{"@type":"BreadcrumbList","@id":"https:\/\/www.imtlazarus.com\/fr\/responsabilite\/#breadcrumb","itemListElement":[{"@type":"ListItem","position":1,"name":"Portada","item":"https:\/\/www.imtlazarus.com\/"},{"@type":"ListItem","position":2,"name":"Responsabilit\u00e9"}]},{"@type":"WebSite","@id":"https:\/\/www.imtlazarus.com\/#website","url":"https:\/\/www.imtlazarus.com\/","name":"IMTLazarus","description":"","potentialAction":[{"@type":"SearchAction","target":{"@type":"EntryPoint","urlTemplate":"https:\/\/www.imtlazarus.com\/?s={search_term_string}"},"query-input":{"@type":"PropertyValueSpecification","valueRequired":true,"valueName":"search_term_string"}}],"inLanguage":"fr-FR"}]}},"_links":{"self":[{"href":"https:\/\/www.imtlazarus.com\/fr\/wp-json\/wp\/v2\/pages\/2084","targetHints":{"allow":["GET"]}}],"collection":[{"href":"https:\/\/www.imtlazarus.com\/fr\/wp-json\/wp\/v2\/pages"}],"about":[{"href":"https:\/\/www.imtlazarus.com\/fr\/wp-json\/wp\/v2\/types\/page"}],"author":[{"embeddable":true,"href":"https:\/\/www.imtlazarus.com\/fr\/wp-json\/wp\/v2\/users\/1"}],"replies":[{"embeddable":true,"href":"https:\/\/www.imtlazarus.com\/fr\/wp-json\/wp\/v2\/comments?post=2084"}],"version-history":[{"count":7,"href":"https:\/\/www.imtlazarus.com\/fr\/wp-json\/wp\/v2\/pages\/2084\/revisions"}],"predecessor-version":[{"id":4670,"href":"https:\/\/www.imtlazarus.com\/fr\/wp-json\/wp\/v2\/pages\/2084\/revisions\/4670"}],"wp:attachment":[{"href":"https:\/\/www.imtlazarus.com\/fr\/wp-json\/wp\/v2\/media?parent=2084"}],"curies":[{"name":"wp","href":"https:\/\/api.w.org\/{rel}","templated":true}]}}