{"id":2127,"date":"2024-04-28T11:57:10","date_gmt":"2024-04-28T09:57:10","guid":{"rendered":"https:\/\/www.imtlazarus.com\/politique-de-confidentialite-et-traitement-des-donnees\/"},"modified":"2025-11-06T13:09:57","modified_gmt":"2025-11-06T12:09:57","slug":"politique-de-confidentialite-et-traitement-des-donnees","status":"publish","type":"page","link":"https:\/\/www.imtlazarus.com\/fr\/politique-de-confidentialite-et-traitement-des-donnees\/","title":{"rendered":"Politique de confidentialit\u00e9 et traitement des donn\u00e9es"},"content":{"rendered":"<p>[et_pb_section fb_built=\u00a0\u00bb1&Prime; module_class=\u00a0\u00bbwpt-divi-forms wpt-divi-forms wpt-divi-forms wpt-divi-forms wpt-divi-forms wpt-divi-forms wpt-divi-forms\u00a0\u00bb _builder_version=\u00a0\u00bb4.25.1&Prime; background_image=\u00a0\u00bbhttps:\/\/www.imtlazarus.com\/wp-content\/uploads\/Fondo-Hexagonos.svg\u00a0\u00bb parallax=\u00a0\u00bbon\u00a0\u00bb global_colors_info=\u00a0\u00bb{}\u00a0\u00bb][et_pb_row _builder_version=\u00a0\u00bb4.25.1&Prime; locked=\u00a0\u00bboff\u00a0\u00bb global_colors_info=\u00a0\u00bb{}\u00a0\u00bb][et_pb_column type=\u00a0\u00bb4_4&Prime; _builder_version=\u00a0\u00bb4.16&Prime; global_colors_info=\u00a0\u00bb{}\u00a0\u00bb][et_pb_text _builder_version=\u00a0\u00bb4.25.1&Prime; _dynamic_attributes=\u00a0\u00bbcontent\u00a0\u00bb _module_preset=\u00a0\u00bbdefault\u00a0\u00bb text_font=\u00a0\u00bb|700|||||||\u00a0\u00bb text_font_size=\u00a0\u00bb30px\u00a0\u00bb text_orientation=\u00a0\u00bbcenter\u00a0\u00bb locked=\u00a0\u00bboff\u00a0\u00bb global_colors_info=\u00a0\u00bb{}\u00a0\u00bb]@ET-DC@eyJkeW5hbWljIjp0cnVlLCJjb250ZW50IjoicG9zdF90aXRsZSIsInNldHRpbmdzIjp7ImJlZm9yZSI6IiIsImFmdGVyIjoiIn19@[\/et_pb_text][et_pb_accordion open_toggle_background_color=\u00a0\u00bb#ffffff\u00a0\u00bb closed_toggle_background_color=\u00a0\u00bb#ffffff\u00a0\u00bb icon_color=\u00a0\u00bb#007aff\u00a0\u00bb _builder_version=\u00a0\u00bb4.16&Prime; toggle_font=\u00a0\u00bbLato|700|||||||\u00a0\u00bb toggle_line_height=\u00a0\u00bb1.3em\u00a0\u00bb body_font=\u00a0\u00bbLato||||||||\u00a0\u00bb body_font_size=\u00a0\u00bb15px\u00a0\u00bb body_line_height=\u00a0\u00bb1.9em\u00a0\u00bb border_radii=\u00a0\u00bbon|6px|6px|6px|6px\u00a0\u00bb border_width_all=\u00a0\u00bb0px\u00a0\u00bb box_shadow_style=\u00a0\u00bbpreset1&Prime; box_shadow_color=\u00a0\u00bbrgba(12,113,195,0.13)\u00a0\u00bb global_colors_info=\u00a0\u00bb{}\u00a0\u00bb][et_pb_accordion_item title=\u00a0\u00bbIMTLazarus, IMTHome, IMT4family,\u00a0 IMTSync Add-on, IMTFusion, IMTSwitch\u00a0\u00bb _builder_version=\u00a0\u00bb4.25.1&Prime; custom_padding=\u00a0\u00bb30px||30px|30px|true|false\u00a0\u00bb filter_opacity=\u00a0\u00bb75%\u00a0\u00bb global_colors_info=\u00a0\u00bb{}\u00a0\u00bb open=\u00a0\u00bbon\u00a0\u00bb]<\/p>\n<p>LAZARUS INTEGRACI\u00d3N, S.L.<\/p>\n<p>PL. DEL BOMBERO ETXANIZ, 4. 48010 BILBAO- BIZKAIA CIF: B95843744  <\/p>\n<p>&nbsp;<\/p>\n<p>LAZARUS INTEGRACI\u00d3N, S.L. informe les personnes concern\u00e9es de sa politique de protection des donn\u00e9es \u00e0 caract\u00e8re personnel.<\/p>\n<p>En application de la r\u00e9glementation en vigueur en mati\u00e8re de protection des donn\u00e9es \u00e0 caract\u00e8re personnel, vous informez que les donn\u00e9es personnelles collect\u00e9es par le biais des formulaires du site Web : https:\/\/www.imtlazarus.com, Cela inclut les traitements automatis\u00e9s sp\u00e9cifiques des personnes contact\u00e9es pour obtenir des informations sur les services que nous fournissons ou les produits que nous offrons.<\/p>\n<p>La collecte et le traitement automatis\u00e9 des donn\u00e9es \u00e0 caract\u00e8re personnel ont pour but le maintien de la relation commerciale et l\u2019ex\u00e9cution de t\u00e2ches d\u2019information, de formation, de conseil et d\u2019autres activit\u00e9s propres \u00e0 cette entit\u00e9.<\/p>\n<p>Ces donn\u00e9es ne seront pas c\u00e9d\u00e9es \u00e0 des tiers sauf obligation l\u00e9gale ou aux organismes publics comp\u00e9tents en la mati\u00e8re.<\/p>\n<p>LAZARUS INTEGRACI\u00d3N, S.L. prend les mesures n\u00e9cessaires pour garantir la s\u00e9curit\u00e9, l\u2019int\u00e9grit\u00e9 et la confidentialit\u00e9 des donn\u00e9es conform\u00e9ment au r\u00e8glement (UE) 2016\/679 du Parlement europ\u00e9en et du Conseil du 27 avril 2016, relatif \u00e0 la protection des personnes physiques en ce qui concerne le traitement de donn\u00e9es \u00e0 caract\u00e8re personnel et la libre circulation de ces donn\u00e9es.<\/p>\n<p>[\/et_pb_accordion_item][et_pb_accordion_item title=\u00a0\u00bbQuels sont vos droits lorsque vous nous fournissez vos donn\u00e9es ?\u00a0\u00bb _builder_version=\u00a0\u00bb4.16&Prime; custom_padding=\u00a0\u00bb30px||30px|30px|true|false\u00a0\u00bb filter_opacity=\u00a0\u00bb75%\u00a0\u00bb global_colors_info=\u00a0\u00bb{}\u00a0\u00bb open=\u00a0\u00bboff\u00a0\u00bb]<\/p>\n<p>L\u2019utilisateur peut \u00e0 tout moment exercer les droits d\u2019acc\u00e8s, opposition, rectification, annulation, limitation et portabilit\u00e9 reconnus dans le r\u00e8glement (UE) pr\u00e9cit\u00e9. L\u2019exercice de ces droits peut \u00eatre effectu\u00e9 par l\u2019utilisateur lui-m\u00eame \u00e0 l\u2019adresse suivante LAZARUS INTEGRACI\u00d3N, S.L., PL. DEL BOMBERO ETXANIZ, 4. &#8211; 48010 BILBAO (BIZKAIA) par \u00e9crit accompagn\u00e9 d\u2019un document d\u2019identification ou \u00e0 d\u00e9faut \u00e0 l\u2019adresse \u00e9lectronique info@imtlazarus.com   <\/p>\n<p>&nbsp;<\/p>\n<p>L\u2019utilisateur d\u00e9clare que toutes les donn\u00e9es fournies par lui sont vraies et correctes, et s\u2019engage \u00e0 les maintenir \u00e0 jour en communiquant les changements \u00e0 l\u2019adresse pr\u00e9c\u00e9dente<\/p>\n<p>Acc\u00e8s, rectification et suppression. &#8211; les personnes concern\u00e9es ont le droit d\u2019acc\u00e9der \u00e0 leurs donn\u00e9es personnelles, ainsi que de demander la rectification des donn\u00e9es inexactes ou, le cas \u00e9ch\u00e9ant, leur suppression lorsque, entre autres raisons, les donn\u00e9es ne sont plus n\u00e9cessaires aux fins de la collecte. <\/p>\n<p>Limitation. &#8211; dans certaines circonstances, les personnes concern\u00e9es peuvent demander la limitation du traitement, auquel cas nous ne les conserverons que pour l\u2019exercice ou la d\u00e9fense de r\u00e9clamations. <\/p>\n<p>Opposition. &#8211; les personnes concern\u00e9es peuvent s\u2019opposer au traitement de leurs donn\u00e9es. LAZARUS INTEGRACI\u00d3N, S.L., cessera de traiter les donn\u00e9es, sauf pour des motifs l\u00e9gitimes et imp\u00e9rieux ou l\u2019exercice ou la d\u00e9fense d\u2019\u00e9ventuelles r\u00e9clamations, et nous les maintiendrons d\u00fbment bloqu\u00e9s pendant le d\u00e9lai correspondant tant que subsistent les obligations l\u00e9gales. De m\u00eame, la personne concern\u00e9e a le droit de s\u2019opposer \u00e0 la prise de d\u00e9cisions individuelles automatis\u00e9es qui pourraient produire des effets juridiques ou l\u2019affecter sensiblement   <\/p>\n<p>Opposition \u00e0 l\u2019envoi de publicit\u00e9. &#8211; les int\u00e9ress\u00e9s peuvent s\u2019opposer \u00e0 l\u2019envoi de publicit\u00e9 par LAZARUS INTEGRACI\u00d3N, S.L.. Si vous exercez le droit d\u2019opposition \u00e0 l\u2019envoi de publicit\u00e9, vos donn\u00e9es seront incluses dans une liste d\u2019exclusion publicitaire qui vise \u00e0 diminuer la publicit\u00e9 que vous recevez.  <\/p>\n<p>Portabilit\u00e9. &#8211; les personnes int\u00e9ress\u00e9es peuvent demander \u00e0 recevoir les donn\u00e9es qui leur concernent et qu\u2019elles nous ont fournies ou demander que nous les envoyions \u00e0 un autre responsable du traitement de leur choix, dans un format structur\u00e9 d\u2019usage commun et de lecture m\u00e9canique. <\/p>\n<p>La personne concern\u00e9e a \u00e9galement le droit de retirer \u00e0 tout moment son consentement, sans que cela n\u2019affecte la lic\u00e9it\u00e9 du traitement fond\u00e9 sur le consentement donn\u00e9 au moment de la souscription du consentement.<\/p>\n<p>[\/et_pb_accordion_item][et_pb_accordion_item title=\u00a0\u00bbNous traiterons vos donn\u00e9es personnelles aux fins suivantes :\u00a0\u00bb _builder_version=\u00a0\u00bb4.16&Prime; custom_padding=\u00a0\u00bb30px||30px|30px|true|false\u00a0\u00bb filter_opacity=\u00a0\u00bb75%\u00a0\u00bb global_colors_info=\u00a0\u00bb{}\u00a0\u00bb open=\u00a0\u00bboff\u00a0\u00bb]<\/p>\n<ol>\n<li>En cas de passation de march\u00e9s pour les biens et services offerts, afin de maintenir la relation contractuelle ainsi que la gestion, l\u2019administration, l\u2019information, la prestation et l\u2019am\u00e9lioration du service.<\/li>\n<li>Envoi des informations demand\u00e9es au moyen des formulaires pr\u00e9vus \u00e0 cet effet.<\/li>\n<li>Envoyer des bulletins (newsletters), ainsi que des communications commerciales de promotions et\/ou publicit\u00e9 et du secteur par voie \u00e9lectronique.<\/li>\n<\/ol>\n<p>Nous vous rappelons que vous pouvez vous opposer \u00e0 l\u2019envoi de communications commerciales par tout moyen et \u00e0 tout moment, en envoyant un e-mail \u00e0 info@imtlazarus.com.<\/p>\n<p>Les champs de ces registres sont obligatoires, il est impossible d\u2019atteindre les objectifs exprim\u00e9s si ces donn\u00e9es ne sont pas fournies.<\/p>\n<p>[\/et_pb_accordion_item][et_pb_accordion_item title=\u00a0\u00bbDestinataires\u00a0\u00bb _builder_version=\u00a0\u00bb4.16&Prime; _module_preset=\u00a0\u00bbdefault\u00a0\u00bb custom_padding=\u00a0\u00bb30px||30px|30px|true|false\u00a0\u00bb filter_opacity=\u00a0\u00bb75%\u00a0\u00bb global_colors_info=\u00a0\u00bb{}\u00a0\u00bb open=\u00a0\u00bboff\u00a0\u00bb]<\/p>\n<p>Les donn\u00e9es ne seront pas communiqu\u00e9es \u00e0 des tiers, sauf obligation l\u00e9gale.<\/p>\n<p>&nbsp;<\/p>\n<p>[\/et_pb_accordion_item][et_pb_accordion_item title=\u00a0\u00bbDonn\u00e9es collect\u00e9es par les utilisateurs des services\u00a0\u00bb open=\u00a0\u00bboff\u00a0\u00bb _builder_version=\u00a0\u00bb4.16&Prime; _module_preset=\u00a0\u00bbdefault\u00a0\u00bb custom_padding=\u00a0\u00bb30px||30px|30px|true|false\u00a0\u00bb filter_opacity=\u00a0\u00bb75%\u00a0\u00bb global_colors_info=\u00a0\u00bb{}\u00a0\u00bb]<\/p>\n<p>Dans les cas o\u00f9 l\u2019utilisateur inclut des fichiers avec des donn\u00e9es \u00e0 caract\u00e8re personnel sur les serveurs d\u2019h\u00e9bergement partag\u00e9, nous ne serons pas responsables du non-respect par l\u2019utilisateur du RGPD.<\/p>\n<p>Donn\u00e9es d\u2019identification et sensibles stock\u00e9es :<\/p>\n<ul>\n<li>Nom d&rsquo;utilisateur<\/li>\n<li>Adresse de courrier \u00e9lectronique<\/li>\n<li>N\u00fam\u00e9ro de s\u00e9rie<\/li>\n<\/ul>\n<p>[\/et_pb_accordion_item][et_pb_accordion_item title=\u00a0\u00bbDroits de propri\u00e9t\u00e9 intellectuelle\u00a0\u00bb _builder_version=\u00a0\u00bb4.16&Prime; _module_preset=\u00a0\u00bbdefault\u00a0\u00bb custom_padding=\u00a0\u00bb30px||30px|30px|true|false\u00a0\u00bb filter_opacity=\u00a0\u00bb75%\u00a0\u00bb global_colors_info=\u00a0\u00bb{}\u00a0\u00bb open=\u00a0\u00bboff\u00a0\u00bb]<\/p>\n<p>LAZARUS INTEGRACI\u00d3N, S.L. est titulaire de tous les droits d\u2019auteur, propri\u00e9t\u00e9 intellectuelle, industrielle, \u00ab\u00a0savoir-faire\u00a0\u00bb et tous autres droits relatifs aux contenus de notre site Web et des services offerts sur celui-ci, ainsi que des programmes n\u00e9cessaires \u00e0 leur mise en \u0153uvre et les informations connexes.<\/p>\n<p>La reproduction, publication et\/ou utilisation non strictement priv\u00e9e de tout ou partie du contenu de notre site web sans le consentement \u00e9crit pr\u00e9alable n\u2019est pas autoris\u00e9e.<\/p>\n<p>[\/et_pb_accordion_item][et_pb_accordion_item title=\u00a0\u00bbPropri\u00e9t\u00e9 intellectuelle du logiciel\u00a0\u00bb _builder_version=\u00a0\u00bb4.16&Prime; _module_preset=\u00a0\u00bbdefault\u00a0\u00bb custom_padding=\u00a0\u00bb30px||30px|30px|true|false\u00a0\u00bb filter_opacity=\u00a0\u00bb75%\u00a0\u00bb global_colors_info=\u00a0\u00bb{}\u00a0\u00bb open=\u00a0\u00bboff\u00a0\u00bb]<\/p>\n<p>L\u2019utilisateur doit respecter les programmes de tiers mis \u00e0 sa disposition par LAZARUS INTEGRACI\u00d3N, S.L., m\u00eame s\u2019ils sont gratuits et\/ou de disponibilit\u00e9 publique.<\/p>\n<p>LAZARUS INTEGRACI\u00d3N, S.L. dispose des droits d\u2019exploitation et de propri\u00e9t\u00e9 intellectuelle n\u00e9cessaires du logiciel.<\/p>\n<p>L\u2019utilisateur n\u2019acquiert aucun droit ou licence pour le service contractuel, sur le logiciel n\u00e9cessaire \u00e0 la prestation du service, ni sur les informations techniques de suivi du service, \u00e0 l\u2019exception des droits et licences n\u00e9cessaires pour l\u2019ex\u00e9cution des services contract\u00e9s et uniquement pendant la dur\u00e9e de ceux-ci.<\/p>\n<p>Pour toute action qui d\u00e9passe l\u2019ex\u00e9cution du contrat, l\u2019utilisateur aura besoin de notre autorisation \u00e9crite, il est interdit \u00e0 l\u2019utilisateur d\u2019acc\u00e9der, modifier, visualiser la configuration, structure et fichiers des serveurs de notre propri\u00e9t\u00e9, assumant la responsabilit\u00e9 civile et p\u00e9nale d\u00e9coulant de toute incidence qui pourrait se produire sur les serveurs et syst\u00e8mes de s\u00e9curit\u00e9 en cons\u00e9quence directe d\u2019une action n\u00e9gligente ou malveillante de sa part.<\/p>\n<p>[\/et_pb_accordion_item][et_pb_accordion_item title=\u00a0\u00bbPropri\u00e9t\u00e9 intellectuelle des contenus h\u00e9berg\u00e9s\u00a0\u00bb _builder_version=\u00a0\u00bb4.16&Prime; _module_preset=\u00a0\u00bbdefault\u00a0\u00bb custom_padding=\u00a0\u00bb30px||30px|30px|true|false\u00a0\u00bb filter_opacity=\u00a0\u00bb75%\u00a0\u00bb global_colors_info=\u00a0\u00bb{}\u00a0\u00bb open=\u00a0\u00bboff\u00a0\u00bb]<\/p>\n<p>Il est interdit d\u2019utiliser les services fournis par LAZARUS INTEGRACI\u00d3N, S.L. en violation de la l\u00e9gislation sur la propri\u00e9t\u00e9 intellectuelle et notamment :<\/p>\n<ul>\n<li>Utilisation contraire \u00e0 la l\u00e9gislation espagnole ou qui viole les droits de tiers.<\/li>\n<li>La publication ou la transmission de tout contenu qui, \u00e0 notre avis, est violent, obsc\u00e8ne, abusif, ill\u00e9gal, raciste, x\u00e9nophobe ou diffamatoire.<\/li>\n<li>Les cracks, num\u00e9ros de s\u00e9rie de programmes ou tout autre contenu qui viole les droits de propri\u00e9t\u00e9 intellectuelle d\u2019un tiers.<\/li>\n<li>La collecte et\/ou l\u2019utilisation de donn\u00e9es personnelles d\u2019autres utilisateurs sans leur consentement expr\u00e8s ou en violation du r\u00e8glement (UE) 2016\/679 du Parlement europ\u00e9en et du Conseil du 27 avril 2016, relatif \u00e0 la protection des personnes physiques en ce qui concerne le traitement de donn\u00e9es \u00e0 caract\u00e8re personnel et la libre circulation de ces donn\u00e9es.<\/li>\n<li>Utilisation du serveur de messagerie du domaine et des adresses e-mail pour l\u2019envoi de courrier ind\u00e9sirable.<\/li>\n<\/ul>\n<p>L\u2019utilisateur est enti\u00e8rement responsable du contenu de son site, des informations transmises et stock\u00e9es, des liens hypertextes, des r\u00e9clamations de tiers et des actions l\u00e9gales en mati\u00e8re de propri\u00e9t\u00e9 intellectuelle, droits de tiers et protection des mineurs.<\/p>\n<p>L\u2019utilisateur est responsable des lois et r\u00e8glements en vigueur et des r\u00e8gles concernant le fonctionnement du service en ligne, le commerce \u00e9lectronique, les droits d\u2019auteur, le maintien de l\u2019ordre public ainsi que les principes universels d\u2019utilisation d\u2019Internet.<\/p>\n<p>L\u2019utilisateur indemnisera LAZARUS INTEGRACI\u00d3N, S.L. pour les frais occasionn\u00e9s par l\u2019imputation de LAZARUS INTEGRACI\u00d3N, S.L. dans toute cause dont la responsabilit\u00e9 serait imputable \u00e0 l\u2019utilisateur, y compris les honoraires et les frais de d\u00e9fense juridique, m\u00eame dans le cas d\u2019une d\u00e9cision judiciaire non d\u00e9finitive.<\/p>\n<p>[\/et_pb_accordion_item][et_pb_accordion_item title=\u00a0\u00bbProtection des informations h\u00e9berg\u00e9es\u00a0\u00bb _builder_version=\u00a0\u00bb4.16&Prime; _module_preset=\u00a0\u00bbdefault\u00a0\u00bb custom_padding=\u00a0\u00bb30px||30px|30px|true|false\u00a0\u00bb filter_opacity=\u00a0\u00bb75%\u00a0\u00bb global_colors_info=\u00a0\u00bb{}\u00a0\u00bb open=\u00a0\u00bboff\u00a0\u00bb]<\/p>\n<p>LAZARUS INTEGRACI\u00d3N, S.L. effectue des copies de sauvegarde des contenus h\u00e9berg\u00e9s sur ses serveurs, mais n\u2019est pas responsable de la perte ou de l\u2019effacement accidentel des donn\u00e9es par les utilisateurs. De m\u00eame, ne garantit pas la restauration totale des donn\u00e9es supprim\u00e9es par les utilisateurs, car ces donn\u00e9es auraient pu \u00eatre supprim\u00e9es et\/ou modifi\u00e9es pendant la p\u00e9riode \u00e9coul\u00e9e depuis la derni\u00e8re sauvegarde. <\/p>\n<p>Les services offerts, \u00e0 l\u2019exception des services sp\u00e9cifiques de sauvegarde, n\u2019incluent pas la restauration des contenus conserv\u00e9s dans les copies de sauvegarde r\u00e9alis\u00e9es par LAZARUS INTEGRACI\u00d3N, S.L., lorsque cette perte est imputable \u00e0 l\u2019utilisateur ; Dans ce cas, un tarif sera d\u00e9termin\u00e9 en fonction de la complexit\u00e9 et du volume de la r\u00e9cup\u00e9ration, toujours apr\u00e8s acceptation par l\u2019utilisateur.<\/p>\n<p>La restauration des donn\u00e9es supprim\u00e9es n\u2019est incluse dans le prix du service que si la perte du contenu est due \u00e0 des causes attribuables \u00e0 LAZARUS INTEGRACI\u00d3N, S.L.<\/p>\n<p>[\/et_pb_accordion_item][et_pb_accordion_item title=\u00a0\u00bbCommunications commerciales\u00a0\u00bb _builder_version=\u00a0\u00bb4.16&Prime; _module_preset=\u00a0\u00bbdefault\u00a0\u00bb custom_padding=\u00a0\u00bb30px||30px|30px|true|false\u00a0\u00bb filter_opacity=\u00a0\u00bb75%\u00a0\u00bb global_colors_info=\u00a0\u00bb{}\u00a0\u00bb open=\u00a0\u00bboff\u00a0\u00bb]<\/p>\n<p>En application de la LSSI. LAZARUS INTEGRACI\u00d3N, S.L. ne transmettra pas de communications publicitaires ou promotionnelles par courrier \u00e9lectronique ou tout autre moyen de communication \u00e9lectronique \u00e9quivalent qui n\u2019ont pas \u00e9t\u00e9 pr\u00e9alablement demand\u00e9es ou express\u00e9ment autoris\u00e9es par les destinataires des m\u00eames. <\/p>\n<p>Dans le cas d\u2019utilisateurs avec lesquels il existe une relation contractuelle ant\u00e9rieure, LAZARUS INTEGRACI\u00d3N, S.L. est autoris\u00e9 \u00e0 envoyer des communications commerciales concernant les produits ou services de LAZARUS INTEGRACI\u00d3N, S.L. qui sont similaires \u00e0 ceux qui ont \u00e9t\u00e9 initialement contract\u00e9s avec le client.<\/p>\n<p>Dans tous les cas, l\u2019utilisateur, apr\u00e8s avoir prouv\u00e9 son identit\u00e9, peut demander que plus d\u2019informations commerciales ne lui soient pas envoy\u00e9es par le biais des canaux de Service \u00e0 la client\u00e8le.<\/p>\n<p>[\/et_pb_accordion_item][\/et_pb_accordion][\/et_pb_column][\/et_pb_row][\/et_pb_section]<\/p>\n","protected":false},"excerpt":{"rendered":"<p>LAZARUS INTEGRACI\u00d3N, S.L. PL. DEL BOMBERO ETXANIZ, 4. 48010 BILBAO- BIZKAIA CIF: B95843744 &nbsp; LAZARUS INTEGRACI\u00d3N, S.L. informe les personnes concern\u00e9es de sa politique de protection des donn\u00e9es \u00e0 caract\u00e8re personnel. En application de la r\u00e9glementation en vigueur en mati\u00e8re de protection des donn\u00e9es \u00e0 caract\u00e8re personnel, vous informez que les donn\u00e9es personnelles collect\u00e9es par [&hellip;]<\/p>\n","protected":false},"author":1,"featured_media":0,"parent":0,"menu_order":0,"comment_status":"closed","ping_status":"closed","template":"","meta":{"_et_pb_use_builder":"on","_et_pb_old_content":"","_et_gb_content_width":"","content-type":"","inline_featured_image":false,"footnotes":""},"class_list":["post-2127","page","type-page","status-publish","hentry"],"yoast_head":"<!-- This site is optimized with the Yoast SEO plugin v26.2 - https:\/\/yoast.com\/wordpress\/plugins\/seo\/ -->\n<title>Politique de confidentialit\u00e9 et traitement des donn\u00e9es - IMTLazarus<\/title>\n<meta name=\"robots\" content=\"index, follow, max-snippet:-1, max-image-preview:large, max-video-preview:-1\" \/>\n<link rel=\"canonical\" href=\"https:\/\/www.imtlazarus.com\/politica-de-privacidad\/\" \/>\n<meta property=\"og:locale\" content=\"fr_FR\" \/>\n<meta property=\"og:type\" content=\"article\" \/>\n<meta property=\"og:title\" content=\"Politique de confidentialit\u00e9 et traitement des donn\u00e9es - IMTLazarus\" \/>\n<meta property=\"og:description\" content=\"LAZARUS INTEGRACI\u00d3N, S.L. PL. DEL BOMBERO ETXANIZ, 4. 48010 BILBAO- BIZKAIA CIF: B95843744 &nbsp; LAZARUS INTEGRACI\u00d3N, S.L. informe les personnes concern\u00e9es de sa politique de protection des donn\u00e9es \u00e0 caract\u00e8re personnel. En application de la r\u00e9glementation en vigueur en mati\u00e8re de protection des donn\u00e9es \u00e0 caract\u00e8re personnel, vous informez que les donn\u00e9es personnelles collect\u00e9es par [&hellip;]\" \/>\n<meta property=\"og:url\" content=\"https:\/\/www.imtlazarus.com\/politica-de-privacidad\/\" \/>\n<meta property=\"og:site_name\" content=\"IMTLazarus\" \/>\n<meta property=\"article:modified_time\" content=\"2025-11-06T12:09:57+00:00\" \/>\n<meta name=\"twitter:card\" content=\"summary_large_image\" \/>\n<meta name=\"twitter:label1\" content=\"Dur\u00e9e de lecture estim\u00e9e\" \/>\n\t<meta name=\"twitter:data1\" content=\"11 minutes\" \/>\n<script type=\"application\/ld+json\" class=\"yoast-schema-graph\">{\"@context\":\"https:\/\/schema.org\",\"@graph\":[{\"@type\":\"WebPage\",\"@id\":\"https:\/\/www.imtlazarus.com\/politica-de-privacidad\/\",\"url\":\"https:\/\/www.imtlazarus.com\/politica-de-privacidad\/\",\"name\":\"Politique de confidentialit\u00e9 et traitement des donn\u00e9es - IMTLazarus\",\"isPartOf\":{\"@id\":\"https:\/\/www.imtlazarus.com\/#website\"},\"datePublished\":\"2024-04-28T09:57:10+00:00\",\"dateModified\":\"2025-11-06T12:09:57+00:00\",\"breadcrumb\":{\"@id\":\"https:\/\/www.imtlazarus.com\/politica-de-privacidad\/#breadcrumb\"},\"inLanguage\":\"fr-FR\",\"potentialAction\":[{\"@type\":\"ReadAction\",\"target\":[\"https:\/\/www.imtlazarus.com\/politica-de-privacidad\/\"]}]},{\"@type\":\"BreadcrumbList\",\"@id\":\"https:\/\/www.imtlazarus.com\/politica-de-privacidad\/#breadcrumb\",\"itemListElement\":[{\"@type\":\"ListItem\",\"position\":1,\"name\":\"Portada\",\"item\":\"https:\/\/www.imtlazarus.com\/\"},{\"@type\":\"ListItem\",\"position\":2,\"name\":\"Politique de confidentialit\u00e9 et traitement des donn\u00e9es\"}]},{\"@type\":\"WebSite\",\"@id\":\"https:\/\/www.imtlazarus.com\/#website\",\"url\":\"https:\/\/www.imtlazarus.com\/\",\"name\":\"IMTLazarus\",\"description\":\"\",\"potentialAction\":[{\"@type\":\"SearchAction\",\"target\":{\"@type\":\"EntryPoint\",\"urlTemplate\":\"https:\/\/www.imtlazarus.com\/?s={search_term_string}\"},\"query-input\":{\"@type\":\"PropertyValueSpecification\",\"valueRequired\":true,\"valueName\":\"search_term_string\"}}],\"inLanguage\":\"fr-FR\"}]}<\/script>\n<!-- \/ Yoast SEO plugin. -->","yoast_head_json":{"title":"Politique de confidentialit\u00e9 et traitement des donn\u00e9es - IMTLazarus","robots":{"index":"index","follow":"follow","max-snippet":"max-snippet:-1","max-image-preview":"max-image-preview:large","max-video-preview":"max-video-preview:-1"},"canonical":"https:\/\/www.imtlazarus.com\/politica-de-privacidad\/","og_locale":"fr_FR","og_type":"article","og_title":"Politique de confidentialit\u00e9 et traitement des donn\u00e9es - IMTLazarus","og_description":"LAZARUS INTEGRACI\u00d3N, S.L. PL. DEL BOMBERO ETXANIZ, 4. 48010 BILBAO- BIZKAIA CIF: B95843744 &nbsp; LAZARUS INTEGRACI\u00d3N, S.L. informe les personnes concern\u00e9es de sa politique de protection des donn\u00e9es \u00e0 caract\u00e8re personnel. En application de la r\u00e9glementation en vigueur en mati\u00e8re de protection des donn\u00e9es \u00e0 caract\u00e8re personnel, vous informez que les donn\u00e9es personnelles collect\u00e9es par [&hellip;]","og_url":"https:\/\/www.imtlazarus.com\/politica-de-privacidad\/","og_site_name":"IMTLazarus","article_modified_time":"2025-11-06T12:09:57+00:00","twitter_card":"summary_large_image","twitter_misc":{"Dur\u00e9e de lecture estim\u00e9e":"11 minutes"},"schema":{"@context":"https:\/\/schema.org","@graph":[{"@type":"WebPage","@id":"https:\/\/www.imtlazarus.com\/politica-de-privacidad\/","url":"https:\/\/www.imtlazarus.com\/politica-de-privacidad\/","name":"Politique de confidentialit\u00e9 et traitement des donn\u00e9es - IMTLazarus","isPartOf":{"@id":"https:\/\/www.imtlazarus.com\/#website"},"datePublished":"2024-04-28T09:57:10+00:00","dateModified":"2025-11-06T12:09:57+00:00","breadcrumb":{"@id":"https:\/\/www.imtlazarus.com\/politica-de-privacidad\/#breadcrumb"},"inLanguage":"fr-FR","potentialAction":[{"@type":"ReadAction","target":["https:\/\/www.imtlazarus.com\/politica-de-privacidad\/"]}]},{"@type":"BreadcrumbList","@id":"https:\/\/www.imtlazarus.com\/politica-de-privacidad\/#breadcrumb","itemListElement":[{"@type":"ListItem","position":1,"name":"Portada","item":"https:\/\/www.imtlazarus.com\/"},{"@type":"ListItem","position":2,"name":"Politique de confidentialit\u00e9 et traitement des donn\u00e9es"}]},{"@type":"WebSite","@id":"https:\/\/www.imtlazarus.com\/#website","url":"https:\/\/www.imtlazarus.com\/","name":"IMTLazarus","description":"","potentialAction":[{"@type":"SearchAction","target":{"@type":"EntryPoint","urlTemplate":"https:\/\/www.imtlazarus.com\/?s={search_term_string}"},"query-input":{"@type":"PropertyValueSpecification","valueRequired":true,"valueName":"search_term_string"}}],"inLanguage":"fr-FR"}]}},"_links":{"self":[{"href":"https:\/\/www.imtlazarus.com\/fr\/wp-json\/wp\/v2\/pages\/2127","targetHints":{"allow":["GET"]}}],"collection":[{"href":"https:\/\/www.imtlazarus.com\/fr\/wp-json\/wp\/v2\/pages"}],"about":[{"href":"https:\/\/www.imtlazarus.com\/fr\/wp-json\/wp\/v2\/types\/page"}],"author":[{"embeddable":true,"href":"https:\/\/www.imtlazarus.com\/fr\/wp-json\/wp\/v2\/users\/1"}],"replies":[{"embeddable":true,"href":"https:\/\/www.imtlazarus.com\/fr\/wp-json\/wp\/v2\/comments?post=2127"}],"version-history":[{"count":3,"href":"https:\/\/www.imtlazarus.com\/fr\/wp-json\/wp\/v2\/pages\/2127\/revisions"}],"predecessor-version":[{"id":2815,"href":"https:\/\/www.imtlazarus.com\/fr\/wp-json\/wp\/v2\/pages\/2127\/revisions\/2815"}],"wp:attachment":[{"href":"https:\/\/www.imtlazarus.com\/fr\/wp-json\/wp\/v2\/media?parent=2127"}],"curies":[{"name":"wp","href":"https:\/\/api.w.org\/{rel}","templated":true}]}}