{"id":3595,"date":"2024-04-28T15:35:19","date_gmt":"2024-04-28T13:35:19","guid":{"rendered":"https:\/\/www.imtlazarus.com\/comportamento\/"},"modified":"2026-04-14T16:34:21","modified_gmt":"2026-04-14T14:34:21","slug":"comportamento","status":"publish","type":"page","link":"https:\/\/www.imtlazarus.com\/it\/comportamento\/","title":{"rendered":"Comportamento"},"content":{"rendered":"<p>[et_pb_section fb_built=&#8221;1&#8243; admin_label=&#8221;Fondo hex\u00e1gonos&#8221; module_class=&#8221;wpt-divi-forms wpt-divi-forms wpt-divi-forms wpt-divi-forms&#8221; _builder_version=&#8221;4.25.0&#8243; _module_preset=&#8221;default&#8221; background_color=&#8221;rgba(254,248,232,0.1899)&#8221; background_image=&#8221;https:\/\/www.imtlazarus.com\/wp-content\/uploads\/Fondo-Hexagonos.svg&#8221; parallax=&#8221;on&#8221; height=&#8221;1124px&#8221; global_colors_info=&#8221;{}&#8221;][\/et_pb_section][et_pb_section fb_built=&#8221;1&#8243; admin_label=&#8221;Contenido&#8221; module_class=&#8221;wpt-divi-forms wpt-divi-forms wpt-divi-forms wpt-divi-forms&#8221; _builder_version=&#8221;4.25.0&#8243; _module_preset=&#8221;default&#8221; background_color=&#8221;RGBA(255,255,255,0)&#8221; background_enable_image=&#8221;off&#8221; custom_margin=&#8221;-1124px||||false|false&#8221; custom_padding=&#8221;19px||0px|||&#8221; global_colors_info=&#8221;{}&#8221;][et_pb_row column_structure=&#8221;1_3,2_3&#8243; _builder_version=&#8221;4.25.1&#8243; _module_preset=&#8221;default&#8221; custom_margin=&#8221;20px||||false|false&#8221; global_colors_info=&#8221;{}&#8221;][et_pb_column type=&#8221;1_3&#8243; _builder_version=&#8221;4.25.0&#8243; _module_preset=&#8221;default&#8221; global_colors_info=&#8221;{}&#8221;][et_pb_image src=&#8221;https:\/\/www.imtlazarus.com\/wp-content\/uploads\/imagen_fuerza_pagina_comportamiento.svg&#8221; title_text=&#8221;imagen_fuerza_pagina_comportamiento&#8221; align=&#8221;center&#8221; _builder_version=&#8221;4.25.1&#8243; _module_preset=&#8221;default&#8221; height=&#8221;150px&#8221; custom_margin=&#8221;-10px||10px||false|false&#8221; global_colors_info=&#8221;{}&#8221;][\/et_pb_image][\/et_pb_column][et_pb_column type=&#8221;2_3&#8243; _builder_version=&#8221;4.25.0&#8243; _module_preset=&#8221;default&#8221; global_colors_info=&#8221;{}&#8221;][et_pb_text _builder_version=&#8221;4.27.5&#8243; _module_preset=&#8221;default&#8221; hover_enabled=&#8221;0&#8243; global_colors_info=&#8221;{}&#8221; sticky_enabled=&#8221;0&#8243;]<\/p>\n<h1><strong>Bienestar digital <\/strong><\/h1>\n<h3><strong>Orientare verso abitudini responsabili<\/strong><\/h3>\n<p><span style=\"font-weight: 400;\">Il comportamento online del minore pu\u00f2 segnalare comportamenti inappropriati o problemi. \u00c8 responsabilit\u00e0 dei tutori e dei genitori rimanere vigili e agire di fronte a qualsiasi anomalia. <\/span><\/p>\n<p>[\/et_pb_text][\/et_pb_column][\/et_pb_row][et_pb_row column_structure=&#8221;1_3,2_3&#8243; _builder_version=&#8221;4.25.0&#8243; _module_preset=&#8221;default&#8221; global_colors_info=&#8221;{}&#8221;][et_pb_column type=&#8221;1_3&#8243; _builder_version=&#8221;4.25.0&#8243; _module_preset=&#8221;default&#8221; global_colors_info=&#8221;{}&#8221;][et_pb_text _builder_version=&#8221;4.25.0&#8243; _module_preset=&#8221;default&#8221; text_font=&#8221;|600|||||||&#8221; text_text_color=&#8221;#FFFFFF&#8221; background_color=&#8221;#783f03&#8243; custom_margin=&#8221;||||false|false&#8221; custom_padding=&#8221;20px|20px|20px|20px|false|true&#8221; border_radii=&#8221;off|12px|12px||&#8221; border_width_all=&#8221;3px&#8221; border_color_all=&#8221;#FFFFFF&#8221; global_colors_info=&#8221;{}&#8221;]<\/p>\n<p>Rischi<\/p>\n<p>[\/et_pb_text][et_pb_text _builder_version=&#8221;4.25.0&#8243; _module_preset=&#8221;default&#8221; text_font=&#8221;|600|||||||&#8221; text_text_color=&#8221;#FFFFFF&#8221; background_color=&#8221;#b45f06&#8243; custom_margin=&#8221;-35px||||false|false&#8221; custom_padding=&#8221;20px|20px|20px|20px|true|true&#8221; border_radii=&#8221;off|12px|12px||&#8221; border_width_all=&#8221;3px&#8221; border_color_all=&#8221;#FFFFFF&#8221; global_colors_info=&#8221;{}&#8221;]<\/p>\n<p>Distrazioni<\/p>\n<p>[\/et_pb_text][et_pb_text _builder_version=&#8221;4.25.0&#8243; _module_preset=&#8221;default&#8221; text_font=&#8221;|600|||||||&#8221; text_text_color=&#8221;#FFFFFF&#8221; background_color=&#8221;#e59138&#8243; custom_margin=&#8221;-35px||||false|false&#8221; custom_padding=&#8221;20px|20px|20px|20px|true|true&#8221; border_radii=&#8221;off|12px|12px||&#8221; border_width_all=&#8221;3px&#8221; border_color_all=&#8221;#FFFFFF&#8221; global_colors_info=&#8221;{}&#8221;]<\/p>\n<p>Infrazioni<\/p>\n<p>[\/et_pb_text][et_pb_text _builder_version=&#8221;4.25.0&#8243; _module_preset=&#8221;default&#8221; text_font=&#8221;|600|||||||&#8221; text_text_color=&#8221;#FFFFFF&#8221; background_color=&#8221;#f6b26b&#8221; custom_margin=&#8221;-35px||||false|false&#8221; custom_padding=&#8221;20px|20px|20px|20px|true|true&#8221; border_radii=&#8221;on|12px|12px|12px|12px&#8221; border_width_all=&#8221;3px&#8221; border_color_all=&#8221;#FFFFFF&#8221; global_colors_info=&#8221;{}&#8221;]<\/p>\n<p>Eventi<\/p>\n<p>[\/et_pb_text][\/et_pb_column][et_pb_column type=&#8221;2_3&#8243; _builder_version=&#8221;4.25.0&#8243; _module_preset=&#8221;default&#8221; global_colors_info=&#8221;{}&#8221;][et_pb_text _builder_version=&#8221;4.25.0&#8243; _module_preset=&#8221;default&#8221; background_color=&#8221;#FFFFFF&#8221; custom_padding=&#8221;20px|20px|20px|20px|true|true&#8221; border_radii=&#8221;on|12px|12px|12px|12px&#8221; box_shadow_style=&#8221;preset2&#8243; global_colors_info=&#8221;{}&#8221;]<\/p>\n<ul>\n<li style=\"font-weight: 400;\" aria-level=\"1\"><span style=\"font-weight: 400;\"><span style=\"font-weight: 400;\">Attivit\u00e0 che comportano qualcosa di dannoso o tossico o che pregiudica l&#8217;integrit\u00e0 fisica e psichica del minore.<\/span><\/span>\n<p><span style=\"font-weight: 400;\"><\/span><\/p>\n<\/li>\n<li style=\"font-weight: 400;\" aria-level=\"1\"><span style=\"font-weight: 400;\"><span style=\"font-weight: 400;\">Elementi che provocano deconcentrazione e persino disconnessione nell&#8217;educazione del minore [RRSS, Giochi online&#8230;]<\/span><\/span>\n<p>&nbsp;<\/p>\n<\/li>\n<li style=\"font-weight: 400;\" aria-level=\"1\"><span style=\"font-weight: 400;\">Azioni sanzionabili che espongono deliberatamente il minore e lo mettono in pericolo.<\/span><\/li>\n<li style=\"font-weight: 400;\" aria-level=\"1\"><span style=\"font-weight: 400;\">Tracciabilit\u00e0 di tutte le attivit\u00e0 del minore nel quadro educativo per ottenere una valutazione della sua progressione.<\/span><span style=\"font-weight: 400;\"><\/span><\/li>\n<\/ul>\n<p>[\/et_pb_text][\/et_pb_column][\/et_pb_row][et_pb_row _builder_version=&#8221;4.25.0&#8243; _module_preset=&#8221;default&#8221; global_colors_info=&#8221;{}&#8221;][et_pb_column type=&#8221;4_4&#8243; _builder_version=&#8221;4.25.0&#8243; _module_preset=&#8221;default&#8221; global_colors_info=&#8221;{}&#8221;][et_pb_divider color=&#8221;#ff9901&#8243; divider_position=&#8221;center&#8221; _builder_version=&#8221;4.25.0&#8243; _module_preset=&#8221;default&#8221; global_colors_info=&#8221;{}&#8221;][\/et_pb_divider][et_pb_text _builder_version=&#8221;4.25.0&#8243; _module_preset=&#8221;default&#8221; custom_padding=&#8221;|20px||20px|false|true&#8221; global_colors_info=&#8221;{}&#8221;]<\/p>\n<h1>Impegnati nell&#8217;osservazione delle attivit\u00e0 dello studente<\/h1>\n<p>[\/et_pb_text][et_pb_text _builder_version=&#8221;4.25.0&#8243; _module_preset=&#8221;default&#8221; custom_padding=&#8221;|20px||20px|false|true&#8221; global_colors_info=&#8221;{}&#8221;]<\/p>\n<ul>\n<li style=\"font-weight: 400;\" aria-level=\"1\"><b>Responsabili del l&#8217;istruzione<\/b><span style=\"font-weight: 400;\">. Fornendo strumenti per valutare la situazione nel processo decisionale.<\/span><\/li>\n<li style=\"font-weight: 400;\" aria-level=\"1\"><b>Insegnanti<\/b><span style=\"font-weight: 400;\">. Facendo conoscere lo sviluppo dell&#8217;attivit\u00e0 dello studente al fine di migliorare la dinamica in classe.<\/span><\/li>\n<li style=\"font-weight: 400;\" aria-level=\"1\"><b>Famiglie<\/b><span>. Considerando l&#8217;ambito familiare per modificare eventuali comportamenti inappropriati.<\/span><\/li>\n<\/ul>\n<p>[\/et_pb_text][\/et_pb_column][\/et_pb_row][et_pb_row _builder_version=&#8221;4.25.0&#8243; _module_preset=&#8221;default&#8221; global_colors_info=&#8221;{}&#8221;][et_pb_column type=&#8221;4_4&#8243; _builder_version=&#8221;4.25.0&#8243; _module_preset=&#8221;default&#8221; global_colors_info=&#8221;{}&#8221;][et_pb_divider color=&#8221;#ff9901&#8243; divider_position=&#8221;center&#8221; _builder_version=&#8221;4.25.0&#8243; _module_preset=&#8221;default&#8221; global_colors_info=&#8221;{}&#8221;][\/et_pb_divider][et_pb_text _builder_version=&#8221;4.25.0&#8243; _module_preset=&#8221;default&#8221; custom_padding=&#8221;0px|20px||20px|false|true&#8221; global_colors_info=&#8221;{}&#8221;]<\/p>\n<h1><span style=\"color: #ff9901;\"><b>Comportamento adeguato per la normalizzazione del lavoro in classe e a casa<\/b><\/span><\/h1>\n<p>[\/et_pb_text][et_pb_text _builder_version=&#8221;4.25.0&#8243; _module_preset=&#8221;default&#8221; background_color=&#8221;RGBA(255,255,255,0)&#8221; custom_padding=&#8221;|20px||20px|false|true&#8221; global_colors_info=&#8221;{}&#8221;]<\/p>\n<ul>\n<li style=\"font-weight: 400;\" aria-level=\"1\"><span style=\"font-weight: 400;\">Garantire l&#8217;integrit\u00e0 dello studente evitando attivit\u00e0 inappropriate.<\/span><\/li>\n<li style=\"font-weight: 400;\" aria-level=\"1\"><span style=\"font-weight: 400;\">Prevenire situazioni indesiderate.<\/span><\/li>\n<li style=\"font-weight: 400;\" aria-level=\"1\"><span style=\"font-weight: 400;\">Osservando l&#8217;attivit\u00e0 del minore per la valutazione.<\/span><\/li>\n<\/ul>\n<p>[\/et_pb_text][\/et_pb_column][\/et_pb_row][\/et_pb_section]<\/p>\n","protected":false},"excerpt":{"rendered":"<p>Bienestar digital Orientare verso abitudini responsabili Il comportamento online del minore pu\u00f2 segnalare comportamenti inappropriati o problemi. \u00c8 responsabilit\u00e0 dei tutori e dei genitori rimanere vigili e agire di fronte a qualsiasi anomalia. RischiDistrazioniInfrazioniEventi Attivit\u00e0 che comportano qualcosa di dannoso o tossico o che pregiudica l&#8217;integrit\u00e0 fisica e psichica del minore. Elementi che provocano deconcentrazione [&hellip;]<\/p>\n","protected":false},"author":1,"featured_media":0,"parent":0,"menu_order":0,"comment_status":"closed","ping_status":"closed","template":"","meta":{"_et_pb_use_builder":"on","_et_pb_old_content":"","_et_gb_content_width":"","content-type":"","inline_featured_image":false,"footnotes":""},"class_list":["post-3595","page","type-page","status-publish","hentry"],"yoast_head":"<!-- This site is optimized with the Yoast SEO plugin v26.2 - https:\/\/yoast.com\/wordpress\/plugins\/seo\/ -->\n<title>Comportamento - IMTLazarus<\/title>\n<meta name=\"robots\" content=\"index, follow, max-snippet:-1, max-image-preview:large, max-video-preview:-1\" \/>\n<link rel=\"canonical\" href=\"https:\/\/www.imtlazarus.com\/it\/comportamento\/\" \/>\n<meta property=\"og:locale\" content=\"it_IT\" \/>\n<meta property=\"og:type\" content=\"article\" \/>\n<meta property=\"og:title\" content=\"Comportamento - IMTLazarus\" \/>\n<meta property=\"og:description\" content=\"Bienestar digital Orientare verso abitudini responsabili Il comportamento online del minore pu\u00f2 segnalare comportamenti inappropriati o problemi. \u00c8 responsabilit\u00e0 dei tutori e dei genitori rimanere vigili e agire di fronte a qualsiasi anomalia. RischiDistrazioniInfrazioniEventi Attivit\u00e0 che comportano qualcosa di dannoso o tossico o che pregiudica l&#039;integrit\u00e0 fisica e psichica del minore. Elementi che provocano deconcentrazione [&hellip;]\" \/>\n<meta property=\"og:url\" content=\"https:\/\/www.imtlazarus.com\/it\/comportamento\/\" \/>\n<meta property=\"og:site_name\" content=\"IMTLazarus\" \/>\n<meta property=\"article:modified_time\" content=\"2026-04-14T14:34:21+00:00\" \/>\n<meta name=\"twitter:card\" content=\"summary_large_image\" \/>\n<meta name=\"twitter:label1\" content=\"Tempo di lettura stimato\" \/>\n\t<meta name=\"twitter:data1\" content=\"4 minuti\" \/>\n<script type=\"application\/ld+json\" class=\"yoast-schema-graph\">{\"@context\":\"https:\/\/schema.org\",\"@graph\":[{\"@type\":\"WebPage\",\"@id\":\"https:\/\/www.imtlazarus.com\/it\/comportamento\/\",\"url\":\"https:\/\/www.imtlazarus.com\/it\/comportamento\/\",\"name\":\"Comportamento - IMTLazarus\",\"isPartOf\":{\"@id\":\"https:\/\/www.imtlazarus.com\/#website\"},\"datePublished\":\"2024-04-28T13:35:19+00:00\",\"dateModified\":\"2026-04-14T14:34:21+00:00\",\"breadcrumb\":{\"@id\":\"https:\/\/www.imtlazarus.com\/it\/comportamento\/#breadcrumb\"},\"inLanguage\":\"it-IT\",\"potentialAction\":[{\"@type\":\"ReadAction\",\"target\":[\"https:\/\/www.imtlazarus.com\/it\/comportamento\/\"]}]},{\"@type\":\"BreadcrumbList\",\"@id\":\"https:\/\/www.imtlazarus.com\/it\/comportamento\/#breadcrumb\",\"itemListElement\":[{\"@type\":\"ListItem\",\"position\":1,\"name\":\"Portada\",\"item\":\"https:\/\/www.imtlazarus.com\/\"},{\"@type\":\"ListItem\",\"position\":2,\"name\":\"Comportamento\"}]},{\"@type\":\"WebSite\",\"@id\":\"https:\/\/www.imtlazarus.com\/#website\",\"url\":\"https:\/\/www.imtlazarus.com\/\",\"name\":\"IMTLazarus\",\"description\":\"\",\"potentialAction\":[{\"@type\":\"SearchAction\",\"target\":{\"@type\":\"EntryPoint\",\"urlTemplate\":\"https:\/\/www.imtlazarus.com\/?s={search_term_string}\"},\"query-input\":{\"@type\":\"PropertyValueSpecification\",\"valueRequired\":true,\"valueName\":\"search_term_string\"}}],\"inLanguage\":\"it-IT\"}]}<\/script>\n<!-- \/ Yoast SEO plugin. -->","yoast_head_json":{"title":"Comportamento - IMTLazarus","robots":{"index":"index","follow":"follow","max-snippet":"max-snippet:-1","max-image-preview":"max-image-preview:large","max-video-preview":"max-video-preview:-1"},"canonical":"https:\/\/www.imtlazarus.com\/it\/comportamento\/","og_locale":"it_IT","og_type":"article","og_title":"Comportamento - IMTLazarus","og_description":"Bienestar digital Orientare verso abitudini responsabili Il comportamento online del minore pu\u00f2 segnalare comportamenti inappropriati o problemi. \u00c8 responsabilit\u00e0 dei tutori e dei genitori rimanere vigili e agire di fronte a qualsiasi anomalia. RischiDistrazioniInfrazioniEventi Attivit\u00e0 che comportano qualcosa di dannoso o tossico o che pregiudica l'integrit\u00e0 fisica e psichica del minore. Elementi che provocano deconcentrazione [&hellip;]","og_url":"https:\/\/www.imtlazarus.com\/it\/comportamento\/","og_site_name":"IMTLazarus","article_modified_time":"2026-04-14T14:34:21+00:00","twitter_card":"summary_large_image","twitter_misc":{"Tempo di lettura stimato":"4 minuti"},"schema":{"@context":"https:\/\/schema.org","@graph":[{"@type":"WebPage","@id":"https:\/\/www.imtlazarus.com\/it\/comportamento\/","url":"https:\/\/www.imtlazarus.com\/it\/comportamento\/","name":"Comportamento - IMTLazarus","isPartOf":{"@id":"https:\/\/www.imtlazarus.com\/#website"},"datePublished":"2024-04-28T13:35:19+00:00","dateModified":"2026-04-14T14:34:21+00:00","breadcrumb":{"@id":"https:\/\/www.imtlazarus.com\/it\/comportamento\/#breadcrumb"},"inLanguage":"it-IT","potentialAction":[{"@type":"ReadAction","target":["https:\/\/www.imtlazarus.com\/it\/comportamento\/"]}]},{"@type":"BreadcrumbList","@id":"https:\/\/www.imtlazarus.com\/it\/comportamento\/#breadcrumb","itemListElement":[{"@type":"ListItem","position":1,"name":"Portada","item":"https:\/\/www.imtlazarus.com\/"},{"@type":"ListItem","position":2,"name":"Comportamento"}]},{"@type":"WebSite","@id":"https:\/\/www.imtlazarus.com\/#website","url":"https:\/\/www.imtlazarus.com\/","name":"IMTLazarus","description":"","potentialAction":[{"@type":"SearchAction","target":{"@type":"EntryPoint","urlTemplate":"https:\/\/www.imtlazarus.com\/?s={search_term_string}"},"query-input":{"@type":"PropertyValueSpecification","valueRequired":true,"valueName":"search_term_string"}}],"inLanguage":"it-IT"}]}},"_links":{"self":[{"href":"https:\/\/www.imtlazarus.com\/it\/wp-json\/wp\/v2\/pages\/3595","targetHints":{"allow":["GET"]}}],"collection":[{"href":"https:\/\/www.imtlazarus.com\/it\/wp-json\/wp\/v2\/pages"}],"about":[{"href":"https:\/\/www.imtlazarus.com\/it\/wp-json\/wp\/v2\/types\/page"}],"author":[{"embeddable":true,"href":"https:\/\/www.imtlazarus.com\/it\/wp-json\/wp\/v2\/users\/1"}],"replies":[{"embeddable":true,"href":"https:\/\/www.imtlazarus.com\/it\/wp-json\/wp\/v2\/comments?post=3595"}],"version-history":[{"count":4,"href":"https:\/\/www.imtlazarus.com\/it\/wp-json\/wp\/v2\/pages\/3595\/revisions"}],"predecessor-version":[{"id":4681,"href":"https:\/\/www.imtlazarus.com\/it\/wp-json\/wp\/v2\/pages\/3595\/revisions\/4681"}],"wp:attachment":[{"href":"https:\/\/www.imtlazarus.com\/it\/wp-json\/wp\/v2\/media?parent=3595"}],"curies":[{"name":"wp","href":"https:\/\/api.w.org\/{rel}","templated":true}]}}