{"id":3598,"date":"2024-04-30T19:59:58","date_gmt":"2024-04-30T17:59:58","guid":{"rendered":"https:\/\/www.imtlazarus.com\/responsabilita\/"},"modified":"2026-04-14T16:27:54","modified_gmt":"2026-04-14T14:27:54","slug":"responsabilita","status":"publish","type":"page","link":"https:\/\/www.imtlazarus.com\/it\/responsabilita\/","title":{"rendered":"Responsabilit\u00e0"},"content":{"rendered":"<p>[et_pb_section fb_built=&#8221;1&#8243; admin_label=&#8221;Fondo hex\u00e1gonos&#8221; module_class=&#8221;wpt-divi-forms wpt-divi-forms wpt-divi-forms wpt-divi-forms wpt-divi-forms&#8221; _builder_version=&#8221;4.25.0&#8243; _module_preset=&#8221;default&#8221; background_color=&#8221;rgba(234,209,220,0.1519)&#8221; background_image=&#8221;https:\/\/www.imtlazarus.com\/wp-content\/uploads\/Fondo-Hexagonos.svg&#8221; parallax=&#8221;on&#8221; height=&#8221;1500px&#8221; global_colors_info=&#8221;{}&#8221;][\/et_pb_section][et_pb_section fb_built=&#8221;1&#8243; admin_label=&#8221;Contenido&#8221; module_class=&#8221;wpt-divi-forms wpt-divi-forms wpt-divi-forms wpt-divi-forms wpt-divi-forms&#8221; _builder_version=&#8221;4.25.1&#8243; _module_preset=&#8221;default&#8221; background_color=&#8221;RGBA(255,255,255,0)&#8221; background_enable_image=&#8221;off&#8221; custom_margin=&#8221;-1520px||||false|false&#8221; custom_padding=&#8221;||||false|false&#8221; global_colors_info=&#8221;{}&#8221;][et_pb_row column_structure=&#8221;1_3,2_3&#8243; _builder_version=&#8221;4.25.1&#8243; _module_preset=&#8221;default&#8221; custom_margin=&#8221;20px||||false|false&#8221; global_colors_info=&#8221;{}&#8221;][et_pb_column type=&#8221;1_3&#8243; _builder_version=&#8221;4.25.0&#8243; _module_preset=&#8221;default&#8221; global_colors_info=&#8221;{}&#8221;][et_pb_image src=&#8221;https:\/\/www.imtlazarus.com\/wp-content\/uploads\/icono_servicios_responsabilidad.svg&#8221; title_text=&#8221;icono_servizi_responsabilit\u00e0&#8221; align=&#8221;center&#8221; _builder_version=&#8221;4.25.1&#8243; _module_preset=&#8221;default&#8221; transform_scale=&#8221;130%|130%&#8221; height=&#8221;150px&#8221; custom_margin=&#8221;-10px||10px||false|false&#8221; global_colors_info=&#8221;{}&#8221;][\/et_pb_image][\/et_pb_column][et_pb_column type=&#8221;2_3&#8243; _builder_version=&#8221;4.25.0&#8243; _module_preset=&#8221;default&#8221; global_colors_info=&#8221;{}&#8221;][et_pb_text _builder_version=&#8221;4.27.5&#8243; _module_preset=&#8221;default&#8221; display_conditions=&#8221;W10=&#8221; custom_margin=&#8221;0px||0px||false|false&#8221; custom_padding=&#8221;0px||||false|false&#8221; hover_enabled=&#8221;0&#8243; global_colors_info=&#8221;{}&#8221; sticky_enabled=&#8221;0&#8243;]<\/p>\n<h1><strong>Normativa legale<\/strong><\/h1>\n<p>[\/et_pb_text][et_pb_text _builder_version=&#8221;4.25.0&#8243; _module_preset=&#8221;default&#8221; global_colors_info=&#8221;{}&#8221;]<\/p>\n<h3><strong>Ripensiamo la protezione degli studenti<\/strong><\/h3>\n<p><span style=\"font-weight: 400; font-size: large;\">Proteggere i loro diritti \u00e8 una necessit\u00e0 di tutti e soprattutto responsabilit\u00e0 dei tutori e delle famiglie. <\/span><\/p>\n<p>[\/et_pb_text][\/et_pb_column][\/et_pb_row][et_pb_row column_structure=&#8221;1_3,1_3,1_3&#8243; make_equal=&#8221;on&#8221; _builder_version=&#8221;4.25.1&#8243; _module_preset=&#8221;default&#8221; custom_margin=&#8221;30px||30px||true|false&#8221; global_colors_info=&#8221;{}&#8221;][et_pb_column type=&#8221;1_3&#8243; _builder_version=&#8221;4.25.0&#8243; _module_preset=&#8221;default&#8221; global_colors_info=&#8221;{}&#8221;][et_pb_text _builder_version=&#8221;4.25.0&#8243; _module_preset=&#8221;default&#8221; background_color=&#8221;#f8f9fa&#8221; height=&#8221;120px&#8221; custom_padding=&#8221;20px|20px|20px|20px|false|false&#8221; border_radii=&#8221;on|12px|12px|12px|12px&#8221; border_width_all=&#8221;3px&#8221; border_color_all=&#8221;#34a853&#8243; box_shadow_style=&#8221;preset2&#8243; global_colors_info=&#8221;{}&#8221;]<\/p>\n<p><span style=\"font-size: large;\"><span style=\"color: #34a853;\"><b>Privacy<\/b><\/span> <span style=\"font-weight: 400;\">il diritto fondamentale alla protezione dei dati personali.<\/span><\/span><\/p>\n<p>[\/et_pb_text][\/et_pb_column][et_pb_column type=&#8221;1_3&#8243; _builder_version=&#8221;4.25.0&#8243; _module_preset=&#8221;default&#8221; global_colors_info=&#8221;{}&#8221;][et_pb_text _builder_version=&#8221;4.25.0&#8243; _module_preset=&#8221;default&#8221; background_color=&#8221;#f8f9fa&#8221; height=&#8221;120px&#8221; custom_padding=&#8221;20px|20px|20px|20px|false|false&#8221; border_radii=&#8221;on|12px|12px|12px|12px&#8221; border_width_all=&#8221;3px&#8221; border_color_all=&#8221;#0081c2&#8243; box_shadow_style=&#8221;preset2&#8243; global_colors_info=&#8221;{}&#8221;]<\/p>\n<p><span style=\"font-size: large;\"><span style=\"color: #4285f4;\"><b>Sicurezza<\/b><\/span><span style=\"font-weight: 400;\"> frente a contenidos inadecuados. Diritto alla protezione del minore. <\/span><\/span><\/p>\n<p>[\/et_pb_text][\/et_pb_column][et_pb_column type=&#8221;1_3&#8243; _builder_version=&#8221;4.25.0&#8243; _module_preset=&#8221;default&#8221; global_colors_info=&#8221;{}&#8221;][et_pb_text _builder_version=&#8221;4.25.0&#8243; _module_preset=&#8221;default&#8221; background_color=&#8221;#f8f9fa&#8221; height=&#8221;120px&#8221; custom_padding=&#8221;20px|20px|20px|20px|false|false&#8221; border_radii=&#8221;on|12px|12px|12px|12px&#8221; border_width_all=&#8221;3px&#8221; border_color_all=&#8221;#ff9901&#8243; box_shadow_style=&#8221;preset2&#8243; global_colors_info=&#8221;{}&#8221;]<\/p>\n<p><span style=\"font-size: large;\"><span style=\"color: #ff9901;\"><b>Comportamento<\/b><\/span> <span style=\"font-weight: 400;\">del minore di fronte a possibili rischi e distrazioni<\/span><span style=\"font-weight: 400;\">.<\/span><\/span><\/p>\n<p>[\/et_pb_text][\/et_pb_column][\/et_pb_row][et_pb_row column_structure=&#8221;3_4,1_4&#8243; _builder_version=&#8221;4.25.0&#8243; _module_preset=&#8221;default&#8221; global_colors_info=&#8221;{}&#8221;][et_pb_column type=&#8221;3_4&#8243; _builder_version=&#8221;4.25.0&#8243; _module_preset=&#8221;default&#8221; global_colors_info=&#8221;{}&#8221;][et_pb_text _builder_version=&#8221;4.25.0&#8243; _module_preset=&#8221;default&#8221; global_colors_info=&#8221;{}&#8221;]<\/p>\n<h1><b>Forgiando insieme un futuro di <\/b><span style=\"color: #a64d79;\"><b>corresponsabilit\u00e0<\/b><\/span><\/h1>\n<p>[\/et_pb_text][\/et_pb_column][et_pb_column type=&#8221;1_4&#8243; _builder_version=&#8221;4.25.0&#8243; _module_preset=&#8221;default&#8221; global_colors_info=&#8221;{}&#8221;][\/et_pb_column][\/et_pb_row][et_pb_row column_structure=&#8221;1_2,1_2&#8243; _builder_version=&#8221;4.25.0&#8243; _module_preset=&#8221;default&#8221; global_colors_info=&#8221;{}&#8221;][et_pb_column type=&#8221;1_2&#8243; _builder_version=&#8221;4.25.0&#8243; _module_preset=&#8221;default&#8221; global_colors_info=&#8221;{}&#8221;][et_pb_text _builder_version=&#8221;4.25.0&#8243; _module_preset=&#8221;default&#8221; background_color=&#8221;RGBA(255,255,255,0)&#8221; custom_padding=&#8221;20px|20px|20px|20px|true|true&#8221; global_colors_info=&#8221;{}&#8221;]<\/p>\n<p><span style=\"font-size: large;\"><b>Gli alunni<\/b><span style=\"font-weight: 400;\"> navigano in modo sicuro e protetto da luoghi non rilevanti per l&#8217;istruzione.<\/span><\/span><\/p>\n<p><span style=\"font-size: large;\"><b>I docenti<\/b><span style=\"font-weight: 400;\"> dispongono di statistiche, dati sui rischi e supervisione digitale completa degli studenti.<\/span><\/span><\/p>\n<p><span style=\"font-size: large;\"><b>I responsabili educativi<\/b><span style=\"font-weight: 400;\"> analizzano i dati del centro per basare le proprie decisioni e valutano i rischi di comportamento.<\/span><\/span><\/p>\n<p><span style=\"font-size: large;\"><b>Gli amministratori IT<\/b><span style=\"font-weight: 400;\"> gestiscono e proteggono i dati del centro educativo.<\/span><\/span><\/p>\n<p><span style=\"font-size: large;\"><b>Le famiglie <\/b><span style=\"font-weight: 400;\">possono monitorare il comportamento digitale dei propri figli.<\/span><\/span><\/p>\n<p>[\/et_pb_text][\/et_pb_column][et_pb_column type=&#8221;1_2&#8243; _builder_version=&#8221;4.25.0&#8243; _module_preset=&#8221;default&#8221; global_colors_info=&#8221;{}&#8221;][et_pb_image src=&#8221;https:\/\/www.imtlazarus.com\/wp-content\/uploads\/Imagen-responsabilidad.svg&#8221; title_text=&#8221;Immagine responsabilit\u00e0&#8221; _builder_version=&#8221;4.25.0&#8243; _module_preset=&#8221;default&#8221; custom_margin=&#8221;-40px||||false|false&#8221; global_colors_info=&#8221;{}&#8221;][\/et_pb_image][\/et_pb_column][\/et_pb_row][et_pb_row _builder_version=&#8221;4.25.0&#8243; _module_preset=&#8221;default&#8221; global_colors_info=&#8221;{}&#8221;][et_pb_column type=&#8221;4_4&#8243; _builder_version=&#8221;4.25.0&#8243; _module_preset=&#8221;default&#8221; global_colors_info=&#8221;{}&#8221;][et_pb_divider color=&#8221;#a64d79&#8243; divider_position=&#8221;center&#8221; _builder_version=&#8221;4.25.0&#8243; _module_preset=&#8221;default&#8221; global_colors_info=&#8221;{}&#8221;][\/et_pb_divider][et_pb_text _builder_version=&#8221;4.25.0&#8243; _module_preset=&#8221;default&#8221; custom_padding=&#8221;0px|20px|0px|20px|false|true&#8221; global_colors_info=&#8221;{}&#8221;]<\/p>\n<h1><b><span style=\"color: #a64d79;\">Concentrati <\/span>sul trattamento dei dati personali<\/b><\/h1>\n<p>[\/et_pb_text][et_pb_text _builder_version=&#8221;4.25.0&#8243; _module_preset=&#8221;default&#8221; custom_padding=&#8221;|20px||20px|false|true&#8221; global_colors_info=&#8221;{}&#8221;]<\/p>\n<p><span style=\"font-size: large;\"><img loading=\"lazy\" decoding=\"async\" src=\"https:\/\/www.imtlazarus.com\/wp-content\/uploads\/menu_privacidad.svg\" width=\"48\" height=\"48\" alt=\"\" class=\"wp-image-165 alignnone size-medium\" style=\"vertical-align: middle;\"> <span style=\"color: #34a853;\"><strong>Proteggendo i loro dati<\/strong><\/span><\/span><\/p>\n<p><span style=\"font-size: large;\"><strong><img loading=\"lazy\" decoding=\"async\" src=\"https:\/\/www.imtlazarus.com\/wp-content\/uploads\/menu_seguridad.svg\" width=\"50\" height=\"50\" alt=\"\" class=\"wp-image-168 alignnone size-medium\" style=\"vertical-align: middle;\"> <span style=\"color: #0081c2;\">Accesso a contenuti inadeguati<\/span><\/strong><\/span><\/p>\n<p><span style=\"font-size: large;\"><img loading=\"lazy\" decoding=\"async\" src=\"https:\/\/www.imtlazarus.com\/wp-content\/uploads\/menu_comportamiento.svg\" width=\"48\" height=\"48\" alt=\"\" class=\"wp-image-167 alignnone size-medium\" style=\"vertical-align: middle;\"> <span style=\"color: #ff9901;\"><strong>Garantire abitudini appropriate<\/strong><\/span><\/span><\/p>\n<p>[\/et_pb_text][\/et_pb_column][\/et_pb_row][\/et_pb_section]<\/p>\n","protected":false},"excerpt":{"rendered":"<p>Normativa legaleRipensiamo la protezione degli studenti Proteggere i loro diritti \u00e8 una necessit\u00e0 di tutti e soprattutto responsabilit\u00e0 dei tutori e delle famiglie. Privacy il diritto fondamentale alla protezione dei dati personali.Sicurezza frente a contenidos inadecuados. Diritto alla protezione del minore. Comportamento del minore di fronte a possibili rischi e distrazioni.Forgiando insieme un futuro di [&hellip;]<\/p>\n","protected":false},"author":1,"featured_media":0,"parent":0,"menu_order":0,"comment_status":"closed","ping_status":"closed","template":"","meta":{"_et_pb_use_builder":"on","_et_pb_old_content":"","_et_gb_content_width":"","content-type":"","inline_featured_image":false,"footnotes":""},"class_list":["post-3598","page","type-page","status-publish","hentry"],"yoast_head":"<!-- This site is optimized with the Yoast SEO plugin v26.2 - https:\/\/yoast.com\/wordpress\/plugins\/seo\/ -->\n<title>Responsabilit\u00e0 - IMTLazarus<\/title>\n<meta name=\"robots\" content=\"index, follow, max-snippet:-1, max-image-preview:large, max-video-preview:-1\" \/>\n<link rel=\"canonical\" href=\"https:\/\/www.imtlazarus.com\/it\/responsabilita\/\" \/>\n<meta property=\"og:locale\" content=\"it_IT\" \/>\n<meta property=\"og:type\" content=\"article\" \/>\n<meta property=\"og:title\" content=\"Responsabilit\u00e0 - IMTLazarus\" \/>\n<meta property=\"og:description\" content=\"Normativa legaleRipensiamo la protezione degli studenti Proteggere i loro diritti \u00e8 una necessit\u00e0 di tutti e soprattutto responsabilit\u00e0 dei tutori e delle famiglie. Privacy il diritto fondamentale alla protezione dei dati personali.Sicurezza frente a contenidos inadecuados. Diritto alla protezione del minore. Comportamento del minore di fronte a possibili rischi e distrazioni.Forgiando insieme un futuro di [&hellip;]\" \/>\n<meta property=\"og:url\" content=\"https:\/\/www.imtlazarus.com\/it\/responsabilita\/\" \/>\n<meta property=\"og:site_name\" content=\"IMTLazarus\" \/>\n<meta property=\"article:modified_time\" content=\"2026-04-14T14:27:54+00:00\" \/>\n<meta name=\"twitter:card\" content=\"summary_large_image\" \/>\n<meta name=\"twitter:label1\" content=\"Tempo di lettura stimato\" \/>\n\t<meta name=\"twitter:data1\" content=\"4 minuti\" \/>\n<script type=\"application\/ld+json\" class=\"yoast-schema-graph\">{\"@context\":\"https:\/\/schema.org\",\"@graph\":[{\"@type\":\"WebPage\",\"@id\":\"https:\/\/www.imtlazarus.com\/it\/responsabilita\/\",\"url\":\"https:\/\/www.imtlazarus.com\/it\/responsabilita\/\",\"name\":\"Responsabilit\u00e0 - IMTLazarus\",\"isPartOf\":{\"@id\":\"https:\/\/www.imtlazarus.com\/#website\"},\"primaryImageOfPage\":{\"@id\":\"https:\/\/www.imtlazarus.com\/it\/responsabilita\/#primaryimage\"},\"image\":{\"@id\":\"https:\/\/www.imtlazarus.com\/it\/responsabilita\/#primaryimage\"},\"thumbnailUrl\":\"https:\/\/www.imtlazarus.com\/wp-content\/uploads\/menu_privacidad.svg\",\"datePublished\":\"2024-04-30T17:59:58+00:00\",\"dateModified\":\"2026-04-14T14:27:54+00:00\",\"breadcrumb\":{\"@id\":\"https:\/\/www.imtlazarus.com\/it\/responsabilita\/#breadcrumb\"},\"inLanguage\":\"it-IT\",\"potentialAction\":[{\"@type\":\"ReadAction\",\"target\":[\"https:\/\/www.imtlazarus.com\/it\/responsabilita\/\"]}]},{\"@type\":\"ImageObject\",\"inLanguage\":\"it-IT\",\"@id\":\"https:\/\/www.imtlazarus.com\/it\/responsabilita\/#primaryimage\",\"url\":\"https:\/\/www.imtlazarus.com\/wp-content\/uploads\/menu_privacidad.svg\",\"contentUrl\":\"https:\/\/www.imtlazarus.com\/wp-content\/uploads\/menu_privacidad.svg\"},{\"@type\":\"BreadcrumbList\",\"@id\":\"https:\/\/www.imtlazarus.com\/it\/responsabilita\/#breadcrumb\",\"itemListElement\":[{\"@type\":\"ListItem\",\"position\":1,\"name\":\"Portada\",\"item\":\"https:\/\/www.imtlazarus.com\/\"},{\"@type\":\"ListItem\",\"position\":2,\"name\":\"Responsabilit\u00e0\"}]},{\"@type\":\"WebSite\",\"@id\":\"https:\/\/www.imtlazarus.com\/#website\",\"url\":\"https:\/\/www.imtlazarus.com\/\",\"name\":\"IMTLazarus\",\"description\":\"\",\"potentialAction\":[{\"@type\":\"SearchAction\",\"target\":{\"@type\":\"EntryPoint\",\"urlTemplate\":\"https:\/\/www.imtlazarus.com\/?s={search_term_string}\"},\"query-input\":{\"@type\":\"PropertyValueSpecification\",\"valueRequired\":true,\"valueName\":\"search_term_string\"}}],\"inLanguage\":\"it-IT\"}]}<\/script>\n<!-- \/ Yoast SEO plugin. -->","yoast_head_json":{"title":"Responsabilit\u00e0 - IMTLazarus","robots":{"index":"index","follow":"follow","max-snippet":"max-snippet:-1","max-image-preview":"max-image-preview:large","max-video-preview":"max-video-preview:-1"},"canonical":"https:\/\/www.imtlazarus.com\/it\/responsabilita\/","og_locale":"it_IT","og_type":"article","og_title":"Responsabilit\u00e0 - IMTLazarus","og_description":"Normativa legaleRipensiamo la protezione degli studenti Proteggere i loro diritti \u00e8 una necessit\u00e0 di tutti e soprattutto responsabilit\u00e0 dei tutori e delle famiglie. Privacy il diritto fondamentale alla protezione dei dati personali.Sicurezza frente a contenidos inadecuados. Diritto alla protezione del minore. Comportamento del minore di fronte a possibili rischi e distrazioni.Forgiando insieme un futuro di [&hellip;]","og_url":"https:\/\/www.imtlazarus.com\/it\/responsabilita\/","og_site_name":"IMTLazarus","article_modified_time":"2026-04-14T14:27:54+00:00","twitter_card":"summary_large_image","twitter_misc":{"Tempo di lettura stimato":"4 minuti"},"schema":{"@context":"https:\/\/schema.org","@graph":[{"@type":"WebPage","@id":"https:\/\/www.imtlazarus.com\/it\/responsabilita\/","url":"https:\/\/www.imtlazarus.com\/it\/responsabilita\/","name":"Responsabilit\u00e0 - IMTLazarus","isPartOf":{"@id":"https:\/\/www.imtlazarus.com\/#website"},"primaryImageOfPage":{"@id":"https:\/\/www.imtlazarus.com\/it\/responsabilita\/#primaryimage"},"image":{"@id":"https:\/\/www.imtlazarus.com\/it\/responsabilita\/#primaryimage"},"thumbnailUrl":"https:\/\/www.imtlazarus.com\/wp-content\/uploads\/menu_privacidad.svg","datePublished":"2024-04-30T17:59:58+00:00","dateModified":"2026-04-14T14:27:54+00:00","breadcrumb":{"@id":"https:\/\/www.imtlazarus.com\/it\/responsabilita\/#breadcrumb"},"inLanguage":"it-IT","potentialAction":[{"@type":"ReadAction","target":["https:\/\/www.imtlazarus.com\/it\/responsabilita\/"]}]},{"@type":"ImageObject","inLanguage":"it-IT","@id":"https:\/\/www.imtlazarus.com\/it\/responsabilita\/#primaryimage","url":"https:\/\/www.imtlazarus.com\/wp-content\/uploads\/menu_privacidad.svg","contentUrl":"https:\/\/www.imtlazarus.com\/wp-content\/uploads\/menu_privacidad.svg"},{"@type":"BreadcrumbList","@id":"https:\/\/www.imtlazarus.com\/it\/responsabilita\/#breadcrumb","itemListElement":[{"@type":"ListItem","position":1,"name":"Portada","item":"https:\/\/www.imtlazarus.com\/"},{"@type":"ListItem","position":2,"name":"Responsabilit\u00e0"}]},{"@type":"WebSite","@id":"https:\/\/www.imtlazarus.com\/#website","url":"https:\/\/www.imtlazarus.com\/","name":"IMTLazarus","description":"","potentialAction":[{"@type":"SearchAction","target":{"@type":"EntryPoint","urlTemplate":"https:\/\/www.imtlazarus.com\/?s={search_term_string}"},"query-input":{"@type":"PropertyValueSpecification","valueRequired":true,"valueName":"search_term_string"}}],"inLanguage":"it-IT"}]}},"_links":{"self":[{"href":"https:\/\/www.imtlazarus.com\/it\/wp-json\/wp\/v2\/pages\/3598","targetHints":{"allow":["GET"]}}],"collection":[{"href":"https:\/\/www.imtlazarus.com\/it\/wp-json\/wp\/v2\/pages"}],"about":[{"href":"https:\/\/www.imtlazarus.com\/it\/wp-json\/wp\/v2\/types\/page"}],"author":[{"embeddable":true,"href":"https:\/\/www.imtlazarus.com\/it\/wp-json\/wp\/v2\/users\/1"}],"replies":[{"embeddable":true,"href":"https:\/\/www.imtlazarus.com\/it\/wp-json\/wp\/v2\/comments?post=3598"}],"version-history":[{"count":4,"href":"https:\/\/www.imtlazarus.com\/it\/wp-json\/wp\/v2\/pages\/3598\/revisions"}],"predecessor-version":[{"id":4672,"href":"https:\/\/www.imtlazarus.com\/it\/wp-json\/wp\/v2\/pages\/3598\/revisions\/4672"}],"wp:attachment":[{"href":"https:\/\/www.imtlazarus.com\/it\/wp-json\/wp\/v2\/media?parent=3598"}],"curies":[{"name":"wp","href":"https:\/\/api.w.org\/{rel}","templated":true}]}}