{"id":3604,"date":"2024-05-17T12:37:42","date_gmt":"2024-05-17T10:37:42","guid":{"rendered":"https:\/\/www.imtlazarus.com\/avviso-legale\/"},"modified":"2026-01-20T12:37:48","modified_gmt":"2026-01-20T11:37:48","slug":"avviso-legale","status":"publish","type":"page","link":"https:\/\/www.imtlazarus.com\/it\/avviso-legale\/","title":{"rendered":"Avviso legale"},"content":{"rendered":"<p>[et_pb_section fb_built=&#8221;1&#8243; module_class=&#8221;wpt-divi-forms&#8221; _builder_version=&#8221;4.25.1&#8243; _module_preset=&#8221;default&#8221; background_image=&#8221;https:\/\/www.imtlazarus.com\/wp-content\/uploads\/Fondo-Hexagonos.svg&#8221; parallax=&#8221;on&#8221; global_colors_info=&#8221;{}&#8221;][et_pb_row _builder_version=&#8221;4.25.1&#8243; _module_preset=&#8221;default&#8221; global_colors_info=&#8221;{}&#8221;][et_pb_column type=&#8221;4_4&#8243; _builder_version=&#8221;4.25.1&#8243; _module_preset=&#8221;default&#8221; global_colors_info=&#8221;{}&#8221;][et_pb_text _builder_version=&#8221;4.25.1&#8243; _dynamic_attributes=&#8221;content&#8221; _module_preset=&#8221;default&#8221; text_font=&#8221;|700|||||||&#8221; text_font_size=&#8221;30px&#8221; text_orientation=&#8221;center&#8221; global_colors_info=&#8221;{}&#8221; custom_margin=&#8221;||30px||false|false&#8221;]@ET-DC@eyJkeW5hbWljIjp0cnVlLCJjb250ZW50IjoicG9zdF90aXRsZSIsInNldHRpbmdzIjp7ImJlZm9yZSI6IiIsImFmdGVyIjoiIiwiZW5hYmxlX2h0bWwiOiJvZmYifX0=@[\/et_pb_text][\/et_pb_column][\/et_pb_row][et_pb_row _builder_version=&#8221;4.25.1&#8243; _module_preset=&#8221;default&#8221; custom_padding=&#8221;30px|30px|30px|30px|true|true&#8221; filter_opacity=&#8221;75%&#8221; global_colors_info=&#8221;{}&#8221; background_color=&#8221;#FFFFFF&#8221; border_radii=&#8221;on|12px|12px|12px|12px&#8221; box_shadow_style=&#8221;preset2&#8243;][et_pb_column type=&#8221;4_4&#8243; _builder_version=&#8221;4.25.1&#8243; _module_preset=&#8221;default&#8221; global_colors_info=&#8221;{}&#8221;][et_pb_text _builder_version=&#8221;4.25.1&#8243; _module_preset=&#8221;default&#8221; global_colors_info=&#8221;{}&#8221;]<\/p>\n<p style=\"text-align: justify;\">Il presente sito web \u00e8 di propriet\u00e0 di LAZARUS INTEGRACI\u00d3N, S.L. e ha lo scopo di fornire ai nostri clienti e a qualsiasi altro utente informazioni relative ai prodotti o servizi di LAZARUS INTEGRACI\u00d3N, S.L.<\/p>\n<p style=\"text-align: justify;\">Si prega di leggere attentamente le seguenti informazioni prima di utilizzare questo sito web, poich\u00e9 l&#8217;utilizzo dello stesso \u00e8 soggetto alle seguenti condizioni d&#8217;uso:<\/p>\n<p style=\"text-align: justify;\">I. Tutto il contenuto del sito web \u00e8 protetto dai diritti di propriet\u00e0 industriale e intellettuale posseduti da LAZARUS INTEGRACI\u00d3N, S.L. o, se del caso, dalle sue licenze, che l&#8217;utente di questo sito deve rispettare.<\/p>\n<p style=\"text-align: justify;\">II. La riproduzione, copia, uso, distribuzione, commercializzazione, comunicazione pubblica o qualsiasi altra attivit\u00e0 che possa essere effettuata con le informazioni contenute in queste pagine web e che sia effettuata senza espressa autorizzazione da parte di LAZARUS INTEGRACI\u00d3N, S.L. e\/o dei proprietari dei marchi, \u00e8 un&#8217;infrazione che sanziona la legislazione vigente. <\/p>\n<p style=\"text-align: justify;\">III. \u00c8 vietata la riproduzione, copia, uso, distribuzione, commercializzazione, comunicazione pubblica o qualsiasi altra attivit\u00e0 che possa essere effettuata con le informazioni contenute in queste pagine web in forma totale o parziale senza l&#8217;espressa autorizzazione di LAZARUS INTEGRACI\u00d3N, S.L. e dai proprietari dei marchi. <\/p>\n<p style=\"text-align: justify;\">IV. I nomi e i loghi esposti in queste pagine sono marchi registrati, di propriet\u00e0 di LAZARUS INTEGRACI\u00d3N, S.L. <\/p>\n<p style=\"text-align: justify;\">V. \u00e8 un dominio registrato di LAZARUS INTEGRACI\u00d3N, S.L. i domini di LAZARUS INTEGRACI\u00d3N, S.L. non possono essere utilizzati in relazione ad altri prodotti o servizi che non siano di LAZARUS INTEGRACI\u00d3N, S.L. e che in nessun modo possa causare confusione tra gli utenti o screditare LAZARUS INTEGRACI\u00d3N, S.L.<\/p>\n<p style=\"text-align: justify;\">VI. LAZARUS INTEGRACI\u00d3N, S.L. declina ogni responsabilit\u00e0 derivante dall&#8217;uso improprio dei contenuti esposti in queste pagine e si riserva il diritto di aggiornarli, eliminarli, stabilire limitazioni o limitare l&#8217;accesso in qualsiasi momento, in modo temporaneo o permanente. <\/p>\n<p style=\"text-align: justify;\">VII. LAZARUS INTEGRAZIONE, S.L. non \u00e8 responsabile per eventuali errori di sicurezza che potrebbero verificarsi a causa dell&#8217;utilizzo di computer infetti da virus informatici o delle conseguenze che potrebbero derivare dal malfunzionamento del browser o dall&#8217;uso di versioni non aggiornate dello stesso. <\/p>\n<p style=\"text-align: justify;\">VIII. LAZARUS INTEGRACI\u00d3N, S.L. si riserva il diritto in qualsiasi momento e senza preavviso di apportare modifiche e aggiornamenti alle informazioni contenute nel suo sito web o nella sua configurazione o presentazione. <\/p>\n<p style=\"text-align: justify;\">IX. Per utilizzare alcuni dei servizi offerti su questo sito web, gli utenti devono fornire a LAZARUS INTEGRACI\u00d3N, S.L. alcuni dati personali, pertanto LAZARUS INTEGRACI\u00d3N, S.L. si impegna a rispettare la riservatezza di tali dati in applicazione delle disposizioni del RGPD (EU) 2016\/679 e LOPDGDD 03\/2018 del 5 dicembre e di conformarsi alla Legge 34\/2002 dell&#8217;11 luglio, dei Servizi della Societ\u00e0 dell&#8217;Informazione e del Commercio Elettronico per quanto riguarda l&#8217;invio di comunicazioni commerciali (<a href=\"https:\/\/old.imtlazarus.com\/politica-de-privacidad\/\">Politica di Privacy<\/a>). <\/p>\n<p style=\"text-align: justify;\">X. L&#8217;utente \u00e8 consapevole e accetta volontariamente che sia l&#8217;accesso al sito web che l&#8217;uso di qualsiasi contenuto in esso contenuto avviene, in ogni caso, sotto la sua sola ed esclusiva responsabilit\u00e0, e che si impegna a utilizzarlo in modo pienamente conforme alle leggi, gli usi di traffico e le presenti condizioni per cui sar\u00e0 responsabile nei confronti di LAZARUS INTEGRACI\u00d3N, S.L. o nei confronti di terzi, di qualsiasi danno che possa essere causato a seguito della violazione di tali obblighi.<\/p>\n<p style=\"text-align: justify;\">INFORMAZIONI SULLA SOCIET\u00c0:<br \/>Sede legale:<br \/>LAZARUS INTEGRACI\u00d3N, S.L.<br \/>PL. DEL POMPIERE ETXANIZ, 4. 48010 BILBAO &#8211; BIZKAIA &#8211; Spagna<br \/>Tel. 944377801  <\/p>\n<p style=\"text-align: justify;\">CIF: B95843744<br \/>Iscritta nel registro delle imprese di BIZKAIA , tomo 5608, foglio 0, foglio BI-68012, foglio 197 sezione 8.<br \/>Il logo LAZARUS INTEGRACI\u00d3N, S.L. \u00e8 un marchio registrato.<br \/>Sito web: www.imtlazarus.com<\/p>\n<p>[\/et_pb_text][\/et_pb_column][\/et_pb_row][\/et_pb_section]<\/p>\n","protected":false},"excerpt":{"rendered":"<p>Il presente sito web \u00e8 di propriet\u00e0 di LAZARUS INTEGRACI\u00d3N, S.L. e ha lo scopo di fornire ai nostri clienti e a qualsiasi altro utente informazioni relative ai prodotti o servizi di LAZARUS INTEGRACI\u00d3N, S.L. Si prega di leggere attentamente le seguenti informazioni prima di utilizzare questo sito web, poich\u00e9 l&#8217;utilizzo dello stesso \u00e8 soggetto [&hellip;]<\/p>\n","protected":false},"author":1,"featured_media":0,"parent":0,"menu_order":0,"comment_status":"closed","ping_status":"closed","template":"","meta":{"_et_pb_use_builder":"on","_et_pb_old_content":"","_et_gb_content_width":"","content-type":"","inline_featured_image":false,"footnotes":""},"class_list":["post-3604","page","type-page","status-publish","hentry"],"yoast_head":"<!-- This site is optimized with the Yoast SEO plugin v26.2 - https:\/\/yoast.com\/wordpress\/plugins\/seo\/ -->\n<title>Avviso legale - IMTLazarus<\/title>\n<meta name=\"robots\" content=\"index, follow, max-snippet:-1, max-image-preview:large, max-video-preview:-1\" \/>\n<link rel=\"canonical\" href=\"https:\/\/www.imtlazarus.com\/it\/avviso-legale\/\" \/>\n<meta property=\"og:locale\" content=\"it_IT\" \/>\n<meta property=\"og:type\" content=\"article\" \/>\n<meta property=\"og:title\" content=\"Avviso legale - IMTLazarus\" \/>\n<meta property=\"og:description\" content=\"Il presente sito web \u00e8 di propriet\u00e0 di LAZARUS INTEGRACI\u00d3N, S.L. e ha lo scopo di fornire ai nostri clienti e a qualsiasi altro utente informazioni relative ai prodotti o servizi di LAZARUS INTEGRACI\u00d3N, S.L. Si prega di leggere attentamente le seguenti informazioni prima di utilizzare questo sito web, poich\u00e9 l&#039;utilizzo dello stesso \u00e8 soggetto [&hellip;]\" \/>\n<meta property=\"og:url\" content=\"https:\/\/www.imtlazarus.com\/it\/avviso-legale\/\" \/>\n<meta property=\"og:site_name\" content=\"IMTLazarus\" \/>\n<meta property=\"article:modified_time\" content=\"2026-01-20T11:37:48+00:00\" \/>\n<meta name=\"twitter:card\" content=\"summary_large_image\" \/>\n<meta name=\"twitter:label1\" content=\"Tempo di lettura stimato\" \/>\n\t<meta name=\"twitter:data1\" content=\"4 minuti\" \/>\n<script type=\"application\/ld+json\" class=\"yoast-schema-graph\">{\"@context\":\"https:\/\/schema.org\",\"@graph\":[{\"@type\":\"WebPage\",\"@id\":\"https:\/\/www.imtlazarus.com\/it\/avviso-legale\/\",\"url\":\"https:\/\/www.imtlazarus.com\/it\/avviso-legale\/\",\"name\":\"Avviso legale - IMTLazarus\",\"isPartOf\":{\"@id\":\"https:\/\/www.imtlazarus.com\/#website\"},\"datePublished\":\"2024-05-17T10:37:42+00:00\",\"dateModified\":\"2026-01-20T11:37:48+00:00\",\"breadcrumb\":{\"@id\":\"https:\/\/www.imtlazarus.com\/it\/avviso-legale\/#breadcrumb\"},\"inLanguage\":\"it-IT\",\"potentialAction\":[{\"@type\":\"ReadAction\",\"target\":[\"https:\/\/www.imtlazarus.com\/it\/avviso-legale\/\"]}]},{\"@type\":\"BreadcrumbList\",\"@id\":\"https:\/\/www.imtlazarus.com\/it\/avviso-legale\/#breadcrumb\",\"itemListElement\":[{\"@type\":\"ListItem\",\"position\":1,\"name\":\"Portada\",\"item\":\"https:\/\/www.imtlazarus.com\/\"},{\"@type\":\"ListItem\",\"position\":2,\"name\":\"Avviso legale\"}]},{\"@type\":\"WebSite\",\"@id\":\"https:\/\/www.imtlazarus.com\/#website\",\"url\":\"https:\/\/www.imtlazarus.com\/\",\"name\":\"IMTLazarus\",\"description\":\"\",\"potentialAction\":[{\"@type\":\"SearchAction\",\"target\":{\"@type\":\"EntryPoint\",\"urlTemplate\":\"https:\/\/www.imtlazarus.com\/?s={search_term_string}\"},\"query-input\":{\"@type\":\"PropertyValueSpecification\",\"valueRequired\":true,\"valueName\":\"search_term_string\"}}],\"inLanguage\":\"it-IT\"}]}<\/script>\n<!-- \/ Yoast SEO plugin. -->","yoast_head_json":{"title":"Avviso legale - IMTLazarus","robots":{"index":"index","follow":"follow","max-snippet":"max-snippet:-1","max-image-preview":"max-image-preview:large","max-video-preview":"max-video-preview:-1"},"canonical":"https:\/\/www.imtlazarus.com\/it\/avviso-legale\/","og_locale":"it_IT","og_type":"article","og_title":"Avviso legale - IMTLazarus","og_description":"Il presente sito web \u00e8 di propriet\u00e0 di LAZARUS INTEGRACI\u00d3N, S.L. e ha lo scopo di fornire ai nostri clienti e a qualsiasi altro utente informazioni relative ai prodotti o servizi di LAZARUS INTEGRACI\u00d3N, S.L. Si prega di leggere attentamente le seguenti informazioni prima di utilizzare questo sito web, poich\u00e9 l'utilizzo dello stesso \u00e8 soggetto [&hellip;]","og_url":"https:\/\/www.imtlazarus.com\/it\/avviso-legale\/","og_site_name":"IMTLazarus","article_modified_time":"2026-01-20T11:37:48+00:00","twitter_card":"summary_large_image","twitter_misc":{"Tempo di lettura stimato":"4 minuti"},"schema":{"@context":"https:\/\/schema.org","@graph":[{"@type":"WebPage","@id":"https:\/\/www.imtlazarus.com\/it\/avviso-legale\/","url":"https:\/\/www.imtlazarus.com\/it\/avviso-legale\/","name":"Avviso legale - IMTLazarus","isPartOf":{"@id":"https:\/\/www.imtlazarus.com\/#website"},"datePublished":"2024-05-17T10:37:42+00:00","dateModified":"2026-01-20T11:37:48+00:00","breadcrumb":{"@id":"https:\/\/www.imtlazarus.com\/it\/avviso-legale\/#breadcrumb"},"inLanguage":"it-IT","potentialAction":[{"@type":"ReadAction","target":["https:\/\/www.imtlazarus.com\/it\/avviso-legale\/"]}]},{"@type":"BreadcrumbList","@id":"https:\/\/www.imtlazarus.com\/it\/avviso-legale\/#breadcrumb","itemListElement":[{"@type":"ListItem","position":1,"name":"Portada","item":"https:\/\/www.imtlazarus.com\/"},{"@type":"ListItem","position":2,"name":"Avviso legale"}]},{"@type":"WebSite","@id":"https:\/\/www.imtlazarus.com\/#website","url":"https:\/\/www.imtlazarus.com\/","name":"IMTLazarus","description":"","potentialAction":[{"@type":"SearchAction","target":{"@type":"EntryPoint","urlTemplate":"https:\/\/www.imtlazarus.com\/?s={search_term_string}"},"query-input":{"@type":"PropertyValueSpecification","valueRequired":true,"valueName":"search_term_string"}}],"inLanguage":"it-IT"}]}},"_links":{"self":[{"href":"https:\/\/www.imtlazarus.com\/it\/wp-json\/wp\/v2\/pages\/3604","targetHints":{"allow":["GET"]}}],"collection":[{"href":"https:\/\/www.imtlazarus.com\/it\/wp-json\/wp\/v2\/pages"}],"about":[{"href":"https:\/\/www.imtlazarus.com\/it\/wp-json\/wp\/v2\/types\/page"}],"author":[{"embeddable":true,"href":"https:\/\/www.imtlazarus.com\/it\/wp-json\/wp\/v2\/users\/1"}],"replies":[{"embeddable":true,"href":"https:\/\/www.imtlazarus.com\/it\/wp-json\/wp\/v2\/comments?post=3604"}],"version-history":[{"count":2,"href":"https:\/\/www.imtlazarus.com\/it\/wp-json\/wp\/v2\/pages\/3604\/revisions"}],"predecessor-version":[{"id":3606,"href":"https:\/\/www.imtlazarus.com\/it\/wp-json\/wp\/v2\/pages\/3604\/revisions\/3606"}],"wp:attachment":[{"href":"https:\/\/www.imtlazarus.com\/it\/wp-json\/wp\/v2\/media?parent=3604"}],"curies":[{"name":"wp","href":"https:\/\/api.w.org\/{rel}","templated":true}]}}