{"id":3607,"date":"2024-04-28T11:57:10","date_gmt":"2024-04-28T09:57:10","guid":{"rendered":"https:\/\/www.imtlazarus.com\/informativa-sulla-privacy-e-sul-trattamento-dei-dati\/"},"modified":"2026-01-27T10:25:30","modified_gmt":"2026-01-27T09:25:30","slug":"informativa-sulla-privacy-e-sul-trattamento-dei-dati","status":"publish","type":"page","link":"https:\/\/www.imtlazarus.com\/it\/informativa-sulla-privacy-e-sul-trattamento-dei-dati\/","title":{"rendered":"Informativa sulla privacy e sul trattamento dei dati"},"content":{"rendered":"<p>[et_pb_section fb_built=&#8221;1&#8243; module_class=&#8221;wpt-divi-forms wpt-divi-forms wpt-divi-forms wpt-divi-forms wpt-divi-forms wpt-divi-forms wpt-divi-forms&#8221; _builder_version=&#8221;4.25.1&#8243; background_image=&#8221;https:\/\/www.imtlazarus.com\/wp-content\/uploads\/Fondo-Hexagonos.svg&#8221; parallax=&#8221;on&#8221; global_colors_info=&#8221;{}&#8221;][et_pb_row _builder_version=&#8221;4.25.1&#8243; locked=&#8221;off&#8221; global_colors_info=&#8221;{}&#8221;][et_pb_column type=&#8221;4_4&#8243; _builder_version=&#8221;4.16&#8243; global_colors_info=&#8221;{}&#8221;][et_pb_text _builder_version=&#8221;4.25.1&#8243; _dynamic_attributes=&#8221;content&#8221; _module_preset=&#8221;default&#8221; text_font=&#8221;|700|||||||&#8221; text_font_size=&#8221;30px&#8221; text_orientation=&#8221;center&#8221; locked=&#8221;off&#8221; global_colors_info=&#8221;{}&#8221;]@ET-DC@eyJkeW5hbWljIjp0cnVlLCJjb250ZW50IjoicG9zdF90aXRsZSIsInNldHRpbmdzIjp7ImJlZm9yZSI6IiIsImFmdGVyIjoiIiwiZW5hYmxlX2h0bWwiOiJvZmYifX0=@[\/et_pb_text][et_pb_accordion open_toggle_background_color=&#8221;#ffffff&#8221; closed_toggle_background_color=&#8221;#ffffff&#8221; icon_color=&#8221;#007aff&#8221; _builder_version=&#8221;4.16&#8243; toggle_font=&#8221;Lato|700|||||||&#8221; toggle_line_height=&#8221;1.3em&#8221; body_font=&#8221;Lato||||||||&#8221; body_font_size=&#8221;15px&#8221; body_line_height=&#8221;1.9em&#8221; border_radii=&#8221;on|6px|6px|6px|6px&#8221; border_width_all=&#8221;0px&#8221; box_shadow_style=&#8221;preset1&#8243; box_shadow_color=&#8221;rgba(12,113,195,0.13)&#8221; global_colors_info=&#8221;{}&#8221;][et_pb_accordion_item title=&#8221;IMTLazarus, IMTHome, IMT4family, IMTSync Add-on, IMTFusion, IMTSwitch&#8221; _builder_version=&#8221;4.25.1&#8243; custom_padding=&#8221;30px||30px|30px|true|false&#8221; filter_opacity=&#8221;75%&#8221; global_colors_info=&#8221;{}&#8221; open=&#8221;on&#8221;]<\/p>\n<p>LAZARUS INTEGRACI\u00d3N, S.L.<\/p>\n<p>PL. DEL BOMBERO ETXANIZ, 4. 48010 BILBAO- BIZKAIA CIF: B95843744  <\/p>\n<p>&nbsp;<\/p>\n<p>LAZARUS INTEGRACI\u00d3N, S.L. informa gli interessati sulla sua politica di protezione dei dati personali.<\/p>\n<p>In applicazione della normativa vigente in materia di protezione dei dati personali, informa che i dati personali raccolti tramite i moduli del sito web: https:\/\/www.imtlazarus.com, sono inclusi i trattamenti automatizzati specifici di persone che contattano per ottenere informazioni sui servizi che forniamo o sui prodotti che offriamo.<\/p>\n<p>In applicazione della normativa vigente in materia di protezione dei dati personali, informa che i dati personali raccolti attraverso i moduli del sito web: https:\/\/www.imtlazarus.com, Sono inclusi i trattamenti automatizzati specifici delle persone che contattano per ottenere informazioni sui servizi che forniamo o sui prodotti che offriamo.<\/p>\n<p>Questi dati non saranno ceduti a terzi salvo obbligo legale o ad Enti Pubblici competenti in materia.<\/p>\n<p>LAZARUS INTEGRACI\u00d3N, S.L. adotta le misure necessarie per garantire la sicurezza, l&#8217;integrit\u00e0 e la riservatezza dei dati conformemente alle disposizioni del Regolamento (UE) 2016\/679 del Parlamento europeo e del Consiglio, del 27 aprile 2016, relativa alla protezione delle persone fisiche per quanto riguarda il trattamento dei dati personali e la libera circolazione di tali dati.<\/p>\n<p>[\/et_pb_accordion_item][et_pb_accordion_item title=&#8221;Quali sono i tuoi diritti quando ci fornisci i tuoi dati?&#8221; _builder_version=&#8221;4.16&#8243; custom_padding=&#8221;30px||30px|30px|true|false&#8221; filter_opacity=&#8221;75%&#8221; global_colors_info=&#8221;{}&#8221; open=&#8221;off&#8221;]<\/p>\n<p>L&#8217;utente pu\u00f2 in qualsiasi momento esercitare i diritti di accesso, opposizione, rettifica, cancellazione, limitazione e portabilit\u00e0 riconosciuti nel suddetto Regolamento (UE). L&#8217;esercizio di questi diritti pu\u00f2 essere effettuato dall&#8217;utente stesso al seguente indirizzo LAZARUS INTEGRACI\u00d3N, S.L., PL. DEL BOMBERO ETXANIZ, 4. &#8211; 48010 BILBAO (BIZKAIA) inviando una lettera accompagnata da un documento di identificazione o, in mancanza, all&#8217;indirizzo e-mail info@imtlazarus.com   <\/p>\n<p>&nbsp;<\/p>\n<p>L&#8217;utente dichiara che tutti i dati da lui forniti sono veritieri e corretti, e si impegna a mantenerli aggiornati, comunicando le modifiche all&#8217;indirizzo precedente<\/p>\n<p>Accesso, rettifica e cancellazione. &#8211; gli interessati hanno il diritto di accedere ai propri dati personali, nonch\u00e9 di chiedere la rettifica dei dati inesatti o, se del caso, la loro cancellazione quando, tra l&#8217;altro, i dati non sono pi\u00f9 necessari per lo scopo della raccolta. <\/p>\n<p>Limitazione. &#8211; in determinate circostanze, gli interessati possono richiedere la limitazione del trattamento, nel qual caso li conserveremo solo per l&#8217;esercizio o la difesa di reclami. <\/p>\n<p>Opposizione. &#8211; gli interessati possono opporsi al trattamento dei loro dati. LAZARUS INTEGRACI\u00d3N, S.L., cesser\u00e0 di trattare i dati, tranne che per motivi legittimi, imperiosi o l&#8217;esercizio o la difesa di eventuali reclami, e li manterremo debitamente bloccati durante il periodo corrispondente finch\u00e9 persistono gli obblighi legali. Inoltre, l&#8217;interessato ha il diritto di opporsi all&#8217;adozione di decisioni individuali automatizzate che potrebbero produrre effetti giuridici o incidere in modo significativo su di lui   <\/p>\n<p>Opposizione all&#8217;invio di pubblicit\u00e0. &#8211; gli interessati possono opporsi all&#8217;invio di pubblicit\u00e0 da parte di LAZARUS INTEGRACI\u00d3N, S.L.. In caso di esercizio del diritto di opposizione all&#8217;invio di pubblicit\u00e0, i suoi dati saranno inclusi in un elenco di esclusione pubblicitaria che ha lo scopo di diminuire la pubblicit\u00e0 ricevuta.  <\/p>\n<p>Portabilit\u00e0. &#8211; le persone interessate possono richiedere di ricevere i dati che riguardano loro e che ci hanno fornito o chiedere di inviarli a un altro Responsabile del Trattamento di loro scelta, in un formato strutturato di uso comune e lettura meccanica. <\/p>\n<p>Inoltre, l&#8217;interessato ha il diritto di revocare in qualsiasi momento il consenso prestato, senza che ci\u00f2 pregiudichi la liceit\u00e0 del trattamento basato sul consenso fornito al momento della sottoscrizione del consenso.<\/p>\n<p>[\/et_pb_accordion_item][et_pb_accordion_item title=&#8221;Tratteremo i tuoi dati personali per le seguenti finalit\u00e0:&#8221; _builder_version=&#8221;4.16&#8243; custom_padding=&#8221;30px||30px|30px|true|false&#8221; filter_opacity=&#8221;75%&#8221; global_colors_info=&#8221;{}&#8221; open=&#8221;off&#8221;]<\/p>\n<ol>\n<li>In caso di contrattazione dei beni e servizi offerti, per mantenere il rapporto contrattuale, nonch\u00e9 la gestione, l&#8217;amministrazione, le informazioni, la fornitura e il miglioramento del servizio.<\/li>\n<li>Invio delle informazioni richieste tramite i moduli predisposti a tal fine.<\/li>\n<li>Inviare newsletter (newsletters), nonch\u00e9 comunicazioni commerciali di promozioni e\/o pubblicit\u00e0 e del settore per via elettronica.<\/li>\n<\/ol>\n<p>Ti ricordiamo che puoi opporti all&#8217;invio di comunicazioni commerciali in qualsiasi modo e in qualsiasi momento, inviando un&#8217;e-mail a info@imtlazarus.com.<\/p>\n<p>I campi di tali registri sono obbligatori da compilare, essendo impossibile realizzare le finalit\u00e0 espresse se non si forniscono questi dati.<\/p>\n<p>[\/et_pb_accordion_item][et_pb_accordion_item title=&#8221;Destinatari&#8221; _builder_version=&#8221;4.16&#8243; _module_preset=&#8221;default&#8221; custom_padding=&#8221;30px||30px|30px|true|false&#8221; filter_opacity=&#8221;75%&#8221; global_colors_info=&#8221;{}&#8221; open=&#8221;off&#8221;]<\/p>\n<p>I dati non saranno comunicati a terzi diversi da noi, salvo obbligo legale.<\/p>\n<p>&nbsp;<\/p>\n<p>[\/et_pb_accordion_item][et_pb_accordion_item title=&#8221;Dati raccolti dagli utenti dei servizi&#8221; open=&#8221;off&#8221; _builder_version=&#8221;4.16&#8243; _module_preset=&#8221;default&#8221; custom_padding=&#8221;30px||30px|30px|true|false&#8221; filter_opacity=&#8221;75%&#8221; global_colors_info=&#8221;{}&#8221;]<\/p>\n<p>Nei casi in cui l&#8217;utente includa file con dati personali sui server di hosting condiviso, non saremo responsabili per la violazione del GDPR da parte dell&#8217;utente.<\/p>\n<p>Dati identificativi e sensibili memorizzati:<\/p>\n<ul>\n<li>Username<\/li>\n<li>Indirizzo email<\/li>\n<li>Numero di serie<\/li>\n<\/ul>\n<p>[\/et_pb_accordion_item][et_pb_accordion_item title=&#8221;Diritti di propriet\u00e0 intellettuale&#8221; _builder_version=&#8221;4.16&#8243; _module_preset=&#8221;default&#8221; custom_padding=&#8221;30px||30px|30px|true|false&#8221; filter_opacity=&#8221;75%&#8221; global_colors_info=&#8221;{}&#8221; open=&#8221;off&#8221;]<\/p>\n<p>LAZARUS INTEGRACI\u00d3N, S.L. \u00e8 titolare di tutti i diritti d&#8217;autore, propriet\u00e0 intellettuale, industriale, &#8220;know how&#8221; e tutti gli altri diritti relativi ai contenuti del nostro sito web e dei servizi offerti in esso, e dei programmi necessari per la sua attuazione e le relative informazioni.<\/p>\n<p>Non \u00e8 consentita la riproduzione, pubblicazione e\/o uso non strettamente privato dei contenuti, totali o parziali, del nostro sito web senza previo consenso scritto.<\/p>\n<p>[\/et_pb_accordion_item][et_pb_accordion_item title=&#8221;Propriet\u00e0 intellettuale del software&#8221; _builder_version=&#8221;4.16&#8243; _module_preset=&#8221;default&#8221; custom_padding=&#8221;30px||30px|30px|true|false&#8221; filter_opacity=&#8221;75%&#8221; global_colors_info=&#8221;{}&#8221; open=&#8221;off&#8221;]<\/p>\n<p>L&#8217;utente deve rispettare i programmi di terze parti messi a sua disposizione da LAZARUS INTEGRACI\u00d3N, S.L., anche se sono gratuiti e\/o disponibili al pubblico.<\/p>\n<p>LAZARUS INTEGRACI\u00d3N, S.L. dispone dei diritti di sfruttamento e della propriet\u00e0 intellettuale necessari del software.<\/p>\n<p>L&#8217;utente non acquisisce alcun diritto o licenza per il servizio contrattuale, sul software necessario per la fornitura del servizio, n\u00e9 sulle informazioni tecniche di monitoraggio del servizio, fatta eccezione per i diritti e le licenze necessari per l&#8217;esecuzione dei servizi contrattuali e solo per la durata degli stessi.<\/p>\n<p>Per qualsiasi azione che ecceda l&#8217;adempimento del contratto, l&#8217;utente avr\u00e0 bisogno di autorizzazione scritta da parte nostra, essendo vietato all&#8217;utente accedere, modificare, visualizzare la configurazione, struttura e file dei server di nostra propriet\u00e0, assumendosi la responsabilit\u00e0 civile e penale derivante da qualsiasi incidente che possa verificarsi sui server e sistemi di sicurezza come conseguenza diretta di un&#8217;azione negligente o maliziosa da parte sua.<\/p>\n<p>[\/et_pb_accordion_item][et_pb_accordion_item title=&#8221;Propriet\u00e0 intellettuale dei contenuti ospitati&#8221; _builder_version=&#8221;4.16&#8243; _module_preset=&#8221;default&#8221; custom_padding=&#8221;30px||30px|30px|true|false&#8221; filter_opacity=&#8221;75%&#8221; global_colors_info=&#8221;{}&#8221; open=&#8221;off&#8221;]<\/p>\n<p>\u00c8 vietato l&#8217;uso contrario alla legislazione sulla propriet\u00e0 intellettuale dei servizi forniti da LAZARUS INTEGRACI\u00d3N, S.L. e in particolare:<\/p>\n<ul>\n<li>L&#8217;utilizzo che sia contrario alle leggi spagnole o violi i diritti di terzi.<\/li>\n<li>La pubblicazione o la trasmissione di qualsiasi contenuto che riteniamo violento, osceno, abusivo, illegale, razziale, xenofobo o diffamatorio.<\/li>\n<li>Gli cracks, i numeri di serie dei programmi o qualsiasi altro contenuto che violi i diritti di propriet\u00e0 intellettuale di terzi.<\/li>\n<li>La raccolta e\/o l&#8217;utilizzo di dati personali di altri utenti senza il loro esplicito consenso o in violazione del regolamento (UE) 2016\/679 del Parlamento europeo e del Consiglio, del 27 aprile 2016, relativa alla protezione delle persone fisiche per quanto riguarda il trattamento dei dati personali e la libera circolazione di tali dati.<\/li>\n<li>Utilizzo del server di posta del dominio e degli indirizzi e-mail per l&#8217;invio di spam.<\/li>\n<\/ul>\n<p>L&#8217;utente ha la piena responsabilit\u00e0 per il contenuto del suo sito web, le informazioni trasmesse e memorizzate, i collegamenti ipertestuali, le rivendicazioni di terzi e le azioni legali in riferimento alla propriet\u00e0 intellettuale, ai diritti di terzi e alla protezione dei minori.<\/p>\n<p>L&#8217;utente \u00e8 responsabile per le leggi e i regolamenti in vigore e le regole che hanno a che fare con il funzionamento del servizio online, commercio elettronico, diritti d&#8217;autore, mantenimento dell&#8217;ordine pubblico, nonch\u00e9 principi universali di utilizzo di Internet.<\/p>\n<p>L&#8217;utente indennizzer\u00e0 LAZARUS INTEGRACI\u00d3N, S.L. per le spese derivanti dall&#8217;imputazione di LAZARUS INTEGRACI\u00d3N, S.L. in qualsiasi causa la cui responsabilit\u00e0 fosse attribuibile all&#8217;utente, compresi gli onorari e le spese di difesa legale, anche nel caso di una decisione giudiziaria non definitiva.<\/p>\n<p>[\/et_pb_accordion_item][et_pb_accordion_item title=&#8221;Protezione delle informazioni ospitate&#8221; _builder_version=&#8221;4.16&#8243; _module_preset=&#8221;default&#8221; custom_padding=&#8221;30px||30px|30px|true|false&#8221; filter_opacity=&#8221;75%&#8221; global_colors_info=&#8221;{}&#8221; open=&#8221;off&#8221;]<\/p>\n<p>LAZARUS INTEGRACI\u00d3N, S.L. realizza copie di backup dei contenuti ospitati sui suoi server, tuttavia non \u00e8 responsabile della perdita o cancellazione accidentale dei dati da parte degli utenti. Allo stesso modo, non garantisce il ripristino completo dei dati cancellati dagli utenti, in quanto i suddetti dati potrebbero essere stati eliminati e\/o modificati durante il periodo di tempo trascorso dall&#8217;ultimo backup. <\/p>\n<p>I servizi offerti, ad eccezione dei servizi specifici di backup, non includono la sostituzione dei contenuti conservati nelle copie di sicurezza effettuate da LAZARUS INTEGRACI\u00d3N, S.L., quando tale perdita \u00e8 imputabile all&#8217;utente; In questo caso, sar\u00e0 determinata una tariffa in base alla complessit\u00e0 e al volume del recupero, sempre previa accettazione da parte dell&#8217;utente.<\/p>\n<p>Il ripristino dei dati cancellati \u00e8 incluso nel prezzo del servizio solo se la perdita del contenuto \u00e8 dovuta a cause attribuibili a LAZARUS INTEGRACI\u00d3N, S.L.<\/p>\n<p>[\/et_pb_accordion_item][et_pb_accordion_item title=&#8221;Comunicazioni commerciali&#8221; _builder_version=&#8221;4.16&#8243; _module_preset=&#8221;default&#8221; custom_padding=&#8221;30px||30px|30px|true|false&#8221; filter_opacity=&#8221;75%&#8221; global_colors_info=&#8221;{}&#8221; open=&#8221;off&#8221;]<\/p>\n<p>In applicazione della LSSI. LAZARUS INTEGRACI\u00d3N, S.L. non invier\u00e0 comunicazioni pubblicitarie o promozionali via e-mail o altro mezzo di comunicazione elettronica equivalente che non siano state precedentemente richieste o espressamente autorizzate dai destinatari delle stesse. <\/p>\n<p>Nel caso di utenti con i quali esiste un rapporto contrattuale precedente, LAZARUS INTEGRACI\u00d3N, S.L. \u00e8 autorizzata ad inviare comunicazioni commerciali relative a prodotti o servizi di LAZARUS INTEGRACI\u00d3N, S.L. che sono simili a quelli che inizialmente erano oggetto di contratto con il cliente.<\/p>\n<p>In ogni caso, l&#8217;utente, dopo aver dimostrato la propria identit\u00e0, potr\u00e0 richiedere di non ricevere ulteriori informazioni commerciali attraverso i canali del Servizio Clienti.<\/p>\n<p>[\/et_pb_accordion_item][\/et_pb_accordion][\/et_pb_column][\/et_pb_row][\/et_pb_section]<\/p>\n","protected":false},"excerpt":{"rendered":"<p>LAZARUS INTEGRACI\u00d3N, S.L. PL. DEL BOMBERO ETXANIZ, 4. 48010 BILBAO- BIZKAIA CIF: B95843744 &nbsp; LAZARUS INTEGRACI\u00d3N, S.L. informa gli interessati sulla sua politica di protezione dei dati personali. In applicazione della normativa vigente in materia di protezione dei dati personali, informa che i dati personali raccolti tramite i moduli del sito web: https:\/\/www.imtlazarus.com, sono inclusi [&hellip;]<\/p>\n","protected":false},"author":1,"featured_media":0,"parent":0,"menu_order":0,"comment_status":"closed","ping_status":"closed","template":"","meta":{"_et_pb_use_builder":"on","_et_pb_old_content":"","_et_gb_content_width":"","content-type":"","inline_featured_image":false,"footnotes":""},"class_list":["post-3607","page","type-page","status-publish","hentry"],"yoast_head":"<!-- This site is optimized with the Yoast SEO plugin v26.2 - https:\/\/yoast.com\/wordpress\/plugins\/seo\/ -->\n<title>Informativa sulla privacy e sul trattamento dei dati - IMTLazarus<\/title>\n<meta name=\"robots\" content=\"index, follow, max-snippet:-1, max-image-preview:large, max-video-preview:-1\" \/>\n<link rel=\"canonical\" href=\"https:\/\/www.imtlazarus.com\/it\/informativa-sulla-privacy-e-sul-trattamento-dei-dati\/\" \/>\n<meta property=\"og:locale\" content=\"it_IT\" \/>\n<meta property=\"og:type\" content=\"article\" \/>\n<meta property=\"og:title\" content=\"Informativa sulla privacy e sul trattamento dei dati - IMTLazarus\" \/>\n<meta property=\"og:description\" content=\"LAZARUS INTEGRACI\u00d3N, S.L. PL. DEL BOMBERO ETXANIZ, 4. 48010 BILBAO- BIZKAIA CIF: B95843744 &nbsp; LAZARUS INTEGRACI\u00d3N, S.L. informa gli interessati sulla sua politica di protezione dei dati personali. In applicazione della normativa vigente in materia di protezione dei dati personali, informa che i dati personali raccolti tramite i moduli del sito web: https:\/\/www.imtlazarus.com, sono inclusi [&hellip;]\" \/>\n<meta property=\"og:url\" content=\"https:\/\/www.imtlazarus.com\/it\/informativa-sulla-privacy-e-sul-trattamento-dei-dati\/\" \/>\n<meta property=\"og:site_name\" content=\"IMTLazarus\" \/>\n<meta property=\"article:modified_time\" content=\"2026-01-27T09:25:30+00:00\" \/>\n<meta name=\"twitter:card\" content=\"summary_large_image\" \/>\n<meta name=\"twitter:label1\" content=\"Tempo di lettura stimato\" \/>\n\t<meta name=\"twitter:data1\" content=\"10 minuti\" \/>\n<script type=\"application\/ld+json\" class=\"yoast-schema-graph\">{\"@context\":\"https:\/\/schema.org\",\"@graph\":[{\"@type\":\"WebPage\",\"@id\":\"https:\/\/www.imtlazarus.com\/it\/informativa-sulla-privacy-e-sul-trattamento-dei-dati\/\",\"url\":\"https:\/\/www.imtlazarus.com\/it\/informativa-sulla-privacy-e-sul-trattamento-dei-dati\/\",\"name\":\"Informativa sulla privacy e sul trattamento dei dati - IMTLazarus\",\"isPartOf\":{\"@id\":\"https:\/\/www.imtlazarus.com\/#website\"},\"datePublished\":\"2024-04-28T09:57:10+00:00\",\"dateModified\":\"2026-01-27T09:25:30+00:00\",\"breadcrumb\":{\"@id\":\"https:\/\/www.imtlazarus.com\/it\/informativa-sulla-privacy-e-sul-trattamento-dei-dati\/#breadcrumb\"},\"inLanguage\":\"it-IT\",\"potentialAction\":[{\"@type\":\"ReadAction\",\"target\":[\"https:\/\/www.imtlazarus.com\/it\/informativa-sulla-privacy-e-sul-trattamento-dei-dati\/\"]}]},{\"@type\":\"BreadcrumbList\",\"@id\":\"https:\/\/www.imtlazarus.com\/it\/informativa-sulla-privacy-e-sul-trattamento-dei-dati\/#breadcrumb\",\"itemListElement\":[{\"@type\":\"ListItem\",\"position\":1,\"name\":\"Portada\",\"item\":\"https:\/\/www.imtlazarus.com\/\"},{\"@type\":\"ListItem\",\"position\":2,\"name\":\"Informativa sulla privacy e sul trattamento dei dati\"}]},{\"@type\":\"WebSite\",\"@id\":\"https:\/\/www.imtlazarus.com\/#website\",\"url\":\"https:\/\/www.imtlazarus.com\/\",\"name\":\"IMTLazarus\",\"description\":\"\",\"potentialAction\":[{\"@type\":\"SearchAction\",\"target\":{\"@type\":\"EntryPoint\",\"urlTemplate\":\"https:\/\/www.imtlazarus.com\/?s={search_term_string}\"},\"query-input\":{\"@type\":\"PropertyValueSpecification\",\"valueRequired\":true,\"valueName\":\"search_term_string\"}}],\"inLanguage\":\"it-IT\"}]}<\/script>\n<!-- \/ Yoast SEO plugin. -->","yoast_head_json":{"title":"Informativa sulla privacy e sul trattamento dei dati - IMTLazarus","robots":{"index":"index","follow":"follow","max-snippet":"max-snippet:-1","max-image-preview":"max-image-preview:large","max-video-preview":"max-video-preview:-1"},"canonical":"https:\/\/www.imtlazarus.com\/it\/informativa-sulla-privacy-e-sul-trattamento-dei-dati\/","og_locale":"it_IT","og_type":"article","og_title":"Informativa sulla privacy e sul trattamento dei dati - IMTLazarus","og_description":"LAZARUS INTEGRACI\u00d3N, S.L. PL. DEL BOMBERO ETXANIZ, 4. 48010 BILBAO- BIZKAIA CIF: B95843744 &nbsp; LAZARUS INTEGRACI\u00d3N, S.L. informa gli interessati sulla sua politica di protezione dei dati personali. In applicazione della normativa vigente in materia di protezione dei dati personali, informa che i dati personali raccolti tramite i moduli del sito web: https:\/\/www.imtlazarus.com, sono inclusi [&hellip;]","og_url":"https:\/\/www.imtlazarus.com\/it\/informativa-sulla-privacy-e-sul-trattamento-dei-dati\/","og_site_name":"IMTLazarus","article_modified_time":"2026-01-27T09:25:30+00:00","twitter_card":"summary_large_image","twitter_misc":{"Tempo di lettura stimato":"10 minuti"},"schema":{"@context":"https:\/\/schema.org","@graph":[{"@type":"WebPage","@id":"https:\/\/www.imtlazarus.com\/it\/informativa-sulla-privacy-e-sul-trattamento-dei-dati\/","url":"https:\/\/www.imtlazarus.com\/it\/informativa-sulla-privacy-e-sul-trattamento-dei-dati\/","name":"Informativa sulla privacy e sul trattamento dei dati - IMTLazarus","isPartOf":{"@id":"https:\/\/www.imtlazarus.com\/#website"},"datePublished":"2024-04-28T09:57:10+00:00","dateModified":"2026-01-27T09:25:30+00:00","breadcrumb":{"@id":"https:\/\/www.imtlazarus.com\/it\/informativa-sulla-privacy-e-sul-trattamento-dei-dati\/#breadcrumb"},"inLanguage":"it-IT","potentialAction":[{"@type":"ReadAction","target":["https:\/\/www.imtlazarus.com\/it\/informativa-sulla-privacy-e-sul-trattamento-dei-dati\/"]}]},{"@type":"BreadcrumbList","@id":"https:\/\/www.imtlazarus.com\/it\/informativa-sulla-privacy-e-sul-trattamento-dei-dati\/#breadcrumb","itemListElement":[{"@type":"ListItem","position":1,"name":"Portada","item":"https:\/\/www.imtlazarus.com\/"},{"@type":"ListItem","position":2,"name":"Informativa sulla privacy e sul trattamento dei dati"}]},{"@type":"WebSite","@id":"https:\/\/www.imtlazarus.com\/#website","url":"https:\/\/www.imtlazarus.com\/","name":"IMTLazarus","description":"","potentialAction":[{"@type":"SearchAction","target":{"@type":"EntryPoint","urlTemplate":"https:\/\/www.imtlazarus.com\/?s={search_term_string}"},"query-input":{"@type":"PropertyValueSpecification","valueRequired":true,"valueName":"search_term_string"}}],"inLanguage":"it-IT"}]}},"_links":{"self":[{"href":"https:\/\/www.imtlazarus.com\/it\/wp-json\/wp\/v2\/pages\/3607","targetHints":{"allow":["GET"]}}],"collection":[{"href":"https:\/\/www.imtlazarus.com\/it\/wp-json\/wp\/v2\/pages"}],"about":[{"href":"https:\/\/www.imtlazarus.com\/it\/wp-json\/wp\/v2\/types\/page"}],"author":[{"embeddable":true,"href":"https:\/\/www.imtlazarus.com\/it\/wp-json\/wp\/v2\/users\/1"}],"replies":[{"embeddable":true,"href":"https:\/\/www.imtlazarus.com\/it\/wp-json\/wp\/v2\/comments?post=3607"}],"version-history":[{"count":5,"href":"https:\/\/www.imtlazarus.com\/it\/wp-json\/wp\/v2\/pages\/3607\/revisions"}],"predecessor-version":[{"id":3972,"href":"https:\/\/www.imtlazarus.com\/it\/wp-json\/wp\/v2\/pages\/3607\/revisions\/3972"}],"wp:attachment":[{"href":"https:\/\/www.imtlazarus.com\/it\/wp-json\/wp\/v2\/media?parent=3607"}],"curies":[{"name":"wp","href":"https:\/\/api.w.org\/{rel}","templated":true}]}}