{"id":3708,"date":"2024-04-28T15:36:59","date_gmt":"2024-04-28T13:36:59","guid":{"rendered":"https:\/\/www.imtlazarus.com\/scuole-di-riferimento\/"},"modified":"2026-01-21T10:42:40","modified_gmt":"2026-01-21T09:42:40","slug":"scuole-di-riferimento","status":"publish","type":"page","link":"https:\/\/www.imtlazarus.com\/it\/scuole-di-riferimento\/","title":{"rendered":"Scuole di riferimento"},"content":{"rendered":"<p>[et_pb_section fb_built=&#8221;1&#8243; fullwidth=&#8221;on&#8221; module_class=&#8221;wpt-divi-forms wpt-divi-forms wpt-divi-forms wpt-divi-forms&#8221; _builder_version=&#8221;4.25.1&#8243; _module_preset=&#8221;default&#8221; global_colors_info=&#8221;{}&#8221;][et_pb_fullwidth_post_title meta=&#8221;off&#8221; featured_image=&#8221;off&#8221; text_color=&#8221;light&#8221; _builder_version=&#8221;4.25.1&#8243; _module_preset=&#8221;default&#8221; title_font=&#8221;|700|||||||&#8221; title_text_align=&#8221;center&#8221; title_font_size=&#8221;30px&#8221; background_color=&#8221;rgba(0,106,193,0.9)&#8221; background_enable_image=&#8221;off&#8221; text_orientation=&#8221;center&#8221; custom_margin=&#8221;-50px||||false|false&#8221; custom_padding=&#8221;||50px||false|false&#8221; global_colors_info=&#8221;{}&#8221;][\/et_pb_fullwidth_post_title][\/et_pb_section][et_pb_section fb_built=&#8221;1&#8243; module_class=&#8221;wpt-divi-forms wpt-divi-forms wpt-divi-forms wpt-divi-forms&#8221; _builder_version=&#8221;4.25.1&#8243; _module_preset=&#8221;default&#8221; global_colors_info=&#8221;{}&#8221;][et_pb_row _builder_version=&#8221;4.25.1&#8243; _module_preset=&#8221;default&#8221; custom_margin=&#8221;||30px||false|false&#8221; global_colors_info=&#8221;{}&#8221;][et_pb_column type=&#8221;4_4&#8243; _builder_version=&#8221;4.25.1&#8243; _module_preset=&#8221;default&#8221; global_colors_info=&#8221;{}&#8221;][et_pb_text _builder_version=&#8221;4.25.1&#8243; _module_preset=&#8221;default&#8221; global_colors_info=&#8221;{}&#8221;]<\/p>\n<h1><span><strong>Riconosciuti come Reference Schools quei centri per il loro particolare contributo allo sviluppo e all&#8217;evoluzione di IMTLazarus<\/strong><\/span><\/h1>\n<p>[\/et_pb_text][et_pb_text _builder_version=&#8221;4.25.1&#8243; _module_preset=&#8221;default&#8221; global_colors_info=&#8221;{}&#8221;]<\/p>\n<p>&#8211; I centri Reference School sfruttano le funzionalit\u00e0 pi\u00f9 innovative offerte da IMTLazarus.<br \/>&#8211; Hanno collaborato in modo molto significativo ad almeno un&#8217;innovazione tecnologica che \u00e8 descritta di seguito.<br \/>&#8211; Per la loro importante collaborazione sono stati riconosciuti come centri strategici per il miglioramento e l&#8217;evoluzione di IMTLazarus.<\/p>\n<p>[\/et_pb_text][et_pb_video src=&#8221;https:\/\/www.youtube.com\/watch?v=nkTKcuRR7-8&#8243; image_src=&#8221;\/\/i.ytimg.com\/vi\/nkTKcuRR7-8\/hqdefault.jpg&#8221; _builder_version=&#8221;4.25.1&#8243; _module_preset=&#8221;default&#8221; max_width=&#8221;700px&#8221; module_alignment=&#8221;center&#8221; custom_margin=&#8221;||||false|true&#8221; border_radii=&#8221;on|20px|20px|20px|20px&#8221; box_shadow_style=&#8221;preset3&#8243; global_colors_info=&#8221;{}&#8221;][\/et_pb_video][\/et_pb_column][\/et_pb_row][et_pb_row _builder_version=&#8221;4.25.1&#8243; _module_preset=&#8221;default&#8221; global_colors_info=&#8221;{}&#8221;][et_pb_column type=&#8221;4_4&#8243; _builder_version=&#8221;4.25.1&#8243; _module_preset=&#8221;default&#8221; global_colors_info=&#8221;{}&#8221;][et_pb_text _builder_version=&#8221;4.25.1&#8243; _module_preset=&#8221;default&#8221; custom_margin=&#8221;||30px||false|false&#8221; global_colors_info=&#8221;{}&#8221;]<\/p>\n<h1><span><strong>Evoluzione del progetto IMTLazarus attraverso le Reference Schools:<\/strong><\/span><\/h1>\n<p>[\/et_pb_text][\/et_pb_column][\/et_pb_row][et_pb_row column_structure=&#8221;1_4,3_4&#8243; _builder_version=&#8221;4.25.1&#8243; _module_preset=&#8221;default&#8221; custom_margin=&#8221;||30px||false|false&#8221; global_colors_info=&#8221;{}&#8221;][et_pb_column type=&#8221;1_4&#8243; _builder_version=&#8221;4.25.1&#8243; _module_preset=&#8221;default&#8221; global_colors_info=&#8221;{}&#8221;][et_pb_image src=&#8221;https:\/\/www.imtlazarus.com\/wp-content\/uploads\/logo-apple.png&#8221; title_text=&#8221;logo-apple&#8221; _builder_version=&#8221;4.25.1&#8243; _module_preset=&#8221;default&#8221; width=&#8221;150px&#8221; module_alignment=&#8221;center&#8221; global_colors_info=&#8221;{}&#8221;][\/et_pb_image][\/et_pb_column][et_pb_column type=&#8221;3_4&#8243; _builder_version=&#8221;4.25.1&#8243; _module_preset=&#8221;default&#8221; global_colors_info=&#8221;{}&#8221;][et_pb_blurb title=&#8221;Gruppo Coas&#8221; content_max_width=&#8221;800px&#8221; _builder_version=&#8221;4.25.1&#8243; _module_preset=&#8221;default&#8221; header_font=&#8221;|700|||||||&#8221; header_font_size=&#8221;22px&#8221; global_colors_info=&#8221;{}&#8221;]<\/p>\n<p><span>Come pionieri nel 2017 attraverso il suo team \u00e8 stato realizzato il primo sviluppo per la comunicazione tra IMTLazarus e Cisco Meraki, per la gestione di Ipads, applicando filtri di navigazione su un sistema basato su categorie web e la presentazione dei report di navigazione. Collaborano in prima linea controllando ogni nuovo sviluppo su IMTLazarus per iOS e consigliandoci sui cambiamenti futuri. <\/span><\/p>\n<p>[\/et_pb_blurb][\/et_pb_column][\/et_pb_row][et_pb_row column_structure=&#8221;1_4,3_4&#8243; _builder_version=&#8221;4.25.1&#8243; _module_preset=&#8221;default&#8221; custom_margin=&#8221;||30px||false|false&#8221; global_colors_info=&#8221;{}&#8221;][et_pb_column type=&#8221;1_4&#8243; _builder_version=&#8221;4.25.1&#8243; _module_preset=&#8221;default&#8221; global_colors_info=&#8221;{}&#8221;][et_pb_image src=&#8221;https:\/\/www.imtlazarus.com\/wp-content\/uploads\/logo-chrome.png&#8221; title_text=&#8221;logo-chrome&#8221; _builder_version=&#8221;4.25.1&#8243; _module_preset=&#8221;default&#8221; width=&#8221;150px&#8221; module_alignment=&#8221;center&#8221; global_colors_info=&#8221;{}&#8221;][\/et_pb_image][\/et_pb_column][et_pb_column type=&#8221;3_4&#8243; _builder_version=&#8221;4.25.1&#8243; _module_preset=&#8221;default&#8221; global_colors_info=&#8221;{}&#8221;][et_pb_blurb title=&#8221;Corazonistas Vitoria&#8221; content_max_width=&#8221;800px&#8221; _builder_version=&#8221;4.25.1&#8243; _module_preset=&#8221;default&#8221; header_font=&#8221;|700|||||||&#8221; header_font_size=&#8221;22px&#8221; global_colors_info=&#8221;{}&#8221;]<\/p>\n<p><span>Abbiamo eseguito il primo test di fattibilit\u00e0 per garantire la sicurezza sui dispositivi Chromebook senza utilizzare inizialmente G Suite. Nella seconda fase \u00e8 stata decisa l&#8217;integrazione per la distribuzione solo da G Suite. Collabora in prima linea per verificare eventuali nuovi sviluppi su IMTLazarus per Chromebook e partecipa attivamente allo sviluppo del sistema di imaging per la licenza integrativa, cos\u00ec come il centro Juan de Lanuza.  <\/span><\/p>\n<p>[\/et_pb_blurb][\/et_pb_column][\/et_pb_row][et_pb_row column_structure=&#8221;1_4,3_4&#8243; _builder_version=&#8221;4.25.1&#8243; _module_preset=&#8221;default&#8221; custom_margin=&#8221;||30px||false|false&#8221; global_colors_info=&#8221;{}&#8221;][et_pb_column type=&#8221;1_4&#8243; _builder_version=&#8221;4.25.1&#8243; _module_preset=&#8221;default&#8221; global_colors_info=&#8221;{}&#8221;][et_pb_image src=&#8221;https:\/\/www.imtlazarus.com\/wp-content\/uploads\/logo-apple.png&#8221; title_text=&#8221;logo-apple&#8221; _builder_version=&#8221;4.25.1&#8243; _module_preset=&#8221;default&#8221; width=&#8221;150px&#8221; module_alignment=&#8221;center&#8221; global_colors_info=&#8221;{}&#8221;][\/et_pb_image][\/et_pb_column][et_pb_column type=&#8221;3_4&#8243; _builder_version=&#8221;4.25.1&#8243; _module_preset=&#8221;default&#8221; global_colors_info=&#8221;{}&#8221;][et_pb_blurb title=&#8221;Domus&#8221; content_max_width=&#8221;800px&#8221; _builder_version=&#8221;4.25.1&#8243; _module_preset=&#8221;default&#8221; header_font=&#8221;|700|||||||&#8221; header_font_size=&#8221;22px&#8221; global_colors_info=&#8221;{}&#8221;]<\/p>\n<p><span>\u00c8 uno dei centri con pi\u00f9 anni di esperienza nell&#8217;utilizzo dell&#8217;MDM Zuludesk-Jamf School. La sua collaborazione con IMTLazarus \u00e8 stata di grande aiuto durante le prime fasi della comunicazione tra IMTLazarus e Zuludesk-Jamf School sui dispositivi iPad. <\/span><\/p>\n<p>[\/et_pb_blurb][\/et_pb_column][\/et_pb_row][et_pb_row column_structure=&#8221;1_4,3_4&#8243; disabled_on=&#8221;on|on|on&#8221; _builder_version=&#8221;4.25.1&#8243; _module_preset=&#8221;default&#8221; custom_margin=&#8221;||30px||false|false&#8221; disabled=&#8221;on&#8221; global_colors_info=&#8221;{}&#8221;][et_pb_column type=&#8221;1_4&#8243; _builder_version=&#8221;4.25.1&#8243; _module_preset=&#8221;default&#8221; global_colors_info=&#8221;{}&#8221;][et_pb_image src=&#8221;https:\/\/www.imtlazarus.com\/wp-content\/uploads\/logo-windows.png&#8221; title_text=&#8221;logo-windows&#8221; _builder_version=&#8221;4.25.1&#8243; _module_preset=&#8221;default&#8221; width=&#8221;150px&#8221; module_alignment=&#8221;center&#8221; global_colors_info=&#8221;{}&#8221;][\/et_pb_image][\/et_pb_column][et_pb_column type=&#8221;3_4&#8243; _builder_version=&#8221;4.25.1&#8243; _module_preset=&#8221;default&#8221; global_colors_info=&#8221;{}&#8221;][et_pb_blurb title=&#8221;Ventura Gassol&#8221; content_max_width=&#8221;800px&#8221; _builder_version=&#8221;4.25.1&#8243; _module_preset=&#8221;default&#8221; header_font=&#8221;|700|||||||&#8221; header_font_size=&#8221;22px&#8221; global_colors_info=&#8221;{}&#8221;]<\/p>\n<p><span>Il suo contributo \u00e8 stato molto importante come primo centro riconosciuto per essere di alta complessit\u00e0 in relazione alla gestione con alunni e famiglie di classe bassa, il centro ha coinvolto insegnanti e famiglie attraverso IMTLazarus e hanno collaborato strettamente aiutando a perfezionare la versione di Windows nel processo di passaggio al modo servizio.<\/span><\/p>\n<p>[\/et_pb_blurb][\/et_pb_column][\/et_pb_row][et_pb_row column_structure=&#8221;1_4,3_4&#8243; _builder_version=&#8221;4.25.1&#8243; _module_preset=&#8221;default&#8221; custom_margin=&#8221;||30px||false|false&#8221; global_colors_info=&#8221;{}&#8221;][et_pb_column type=&#8221;1_4&#8243; _builder_version=&#8221;4.25.1&#8243; _module_preset=&#8221;default&#8221; global_colors_info=&#8221;{}&#8221;][et_pb_image src=&#8221;https:\/\/www.imtlazarus.com\/wp-content\/uploads\/logo-windows.png&#8221; title_text=&#8221;logo-windows&#8221; _builder_version=&#8221;4.25.1&#8243; _module_preset=&#8221;default&#8221; width=&#8221;150px&#8221; module_alignment=&#8221;center&#8221; global_colors_info=&#8221;{}&#8221;][\/et_pb_image][\/et_pb_column][et_pb_column type=&#8221;3_4&#8243; _builder_version=&#8221;4.25.1&#8243; _module_preset=&#8221;default&#8221; global_colors_info=&#8221;{}&#8221;][et_pb_blurb title=&#8221;Escolapios Aluche&#8221; content_max_width=&#8221;800px&#8221; _builder_version=&#8221;4.25.1&#8243; _module_preset=&#8221;default&#8221; header_font=&#8221;|700|||||||&#8221; header_font_size=&#8221;22px&#8221; global_colors_info=&#8221;{}&#8221;]<\/p>\n<p><span>Ha contribuito al miglioramento dell&#8217;agente di Windows da quando \u00e8 stata lanciata l&#8217;applicazione come servizio. Ha raccomandato modifiche di progettazione del pannello di controllo IMTLazarus, nonch\u00e9 eseguito test di stress per rilevare eventuali errori. Ha fornito consulenza su IMTLazarus per l&#8217;implementazione in Microsoft Intune e su Autopilot, ed \u00e8 stato coinvolto nella creazione di video tutorial per le famiglie sull&#8217;uso dello strumento come supervisori.  <\/span><\/p>\n<p>[\/et_pb_blurb][\/et_pb_column][\/et_pb_row][et_pb_row column_structure=&#8221;1_4,3_4&#8243; _builder_version=&#8221;4.25.1&#8243; _module_preset=&#8221;default&#8221; custom_margin=&#8221;||30px||false|false&#8221; global_colors_info=&#8221;{}&#8221;][et_pb_column type=&#8221;1_4&#8243; _builder_version=&#8221;4.25.1&#8243; _module_preset=&#8221;default&#8221; global_colors_info=&#8221;{}&#8221;][et_pb_image src=&#8221;https:\/\/www.imtlazarus.com\/wp-content\/uploads\/logo-windows.png&#8221; title_text=&#8221;logo-windows&#8221; _builder_version=&#8221;4.25.1&#8243; _module_preset=&#8221;default&#8221; width=&#8221;150px&#8221; module_alignment=&#8221;center&#8221; global_colors_info=&#8221;{}&#8221;][\/et_pb_image][\/et_pb_column][et_pb_column type=&#8221;3_4&#8243; _builder_version=&#8221;4.25.1&#8243; _module_preset=&#8221;default&#8221; global_colors_info=&#8221;{}&#8221;][et_pb_blurb title=&#8221;Jesuitinas Valladolid&#8221; content_max_width=&#8221;800px&#8221; _builder_version=&#8221;4.25.1&#8243; _module_preset=&#8221;default&#8221; header_font=&#8221;|700|||||||&#8221; header_font_size=&#8221;22px&#8221; global_colors_info=&#8221;{}&#8221;]<\/p>\n<p><span>Primo centro in cui \u00e8 stato sviluppato un modello di coesistenza mista di 3 tecnologie, gestite da Microsoft Intune e integrate con IMTLazarus.<br \/>Inoltre, il centro ha collaborato al miglioramento dell&#8217;agente di Windows da quando \u00e8 stato portato in modalit\u00e0 di servizio, proprio come Escolapios Aluche.<\/span><\/p>\n<p>[\/et_pb_blurb][\/et_pb_column][\/et_pb_row][et_pb_row column_structure=&#8221;1_4,3_4&#8243; _builder_version=&#8221;4.25.1&#8243; _module_preset=&#8221;default&#8221; custom_margin=&#8221;||30px||false|false&#8221; global_colors_info=&#8221;{}&#8221;][et_pb_column type=&#8221;1_4&#8243; _builder_version=&#8221;4.25.1&#8243; _module_preset=&#8221;default&#8221; global_colors_info=&#8221;{}&#8221;][et_pb_image src=&#8221;https:\/\/www.imtlazarus.com\/wp-content\/uploads\/logo-windows.png&#8221; title_text=&#8221;logo-windows&#8221; _builder_version=&#8221;4.25.1&#8243; _module_preset=&#8221;default&#8221; width=&#8221;150px&#8221; module_alignment=&#8221;center&#8221; global_colors_info=&#8221;{}&#8221;][\/et_pb_image][\/et_pb_column][et_pb_column type=&#8221;3_4&#8243; _builder_version=&#8221;4.25.1&#8243; _module_preset=&#8221;default&#8221; global_colors_info=&#8221;{}&#8221;][et_pb_blurb title=&#8221;Askartza Claret&#8221; content_max_width=&#8221;800px&#8221; _builder_version=&#8221;4.25.1&#8243; _module_preset=&#8221;default&#8221; header_font=&#8221;|700|||||||&#8221; header_font_size=&#8221;22px&#8221; global_colors_info=&#8221;{}&#8221;]<\/p>\n<p><span>Primo centro in cui \u00e8 stato sviluppato un modello di coesistenza mista di 3 tecnologie, gestite da Microsoft Intune e integrate con IMTLazarus.<br \/>Inoltre, il centro ha collaborato al miglioramento dell&#8217;agente di Windows da quando \u00e8 stato portato in modalit\u00e0 di servizio, proprio come Escolapios Aluche.  <\/span><\/p>\n<p>[\/et_pb_blurb][\/et_pb_column][\/et_pb_row][et_pb_row column_structure=&#8221;1_4,3_4&#8243; _builder_version=&#8221;4.25.1&#8243; _module_preset=&#8221;default&#8221; custom_margin=&#8221;||30px||false|false&#8221; global_colors_info=&#8221;{}&#8221;][et_pb_column type=&#8221;1_4&#8243; _builder_version=&#8221;4.25.1&#8243; _module_preset=&#8221;default&#8221; global_colors_info=&#8221;{}&#8221;][et_pb_image src=&#8221;https:\/\/www.imtlazarus.com\/wp-content\/uploads\/logo-apple.png&#8221; title_text=&#8221;logo-apple&#8221; _builder_version=&#8221;4.25.1&#8243; _module_preset=&#8221;default&#8221; width=&#8221;150px&#8221; module_alignment=&#8221;center&#8221; global_colors_info=&#8221;{}&#8221;][\/et_pb_image][\/et_pb_column][et_pb_column type=&#8221;3_4&#8243; _builder_version=&#8221;4.25.1&#8243; _module_preset=&#8221;default&#8221; global_colors_info=&#8221;{}&#8221;][et_pb_blurb title=&#8221;Nuestra Se\u00f1ora del Recuerdo&#8221; content_max_width=&#8221;800px&#8221; _builder_version=&#8221;4.25.1&#8243; _module_preset=&#8221;default&#8221; header_font=&#8221;|700|||||||&#8221; header_font_size=&#8221;22px&#8221; global_colors_info=&#8221;{}&#8221;]<\/p>\n<p><span>Accordo per il processo di comunicazione tra ERP Educamos Total e IMTLazarus. Inoltre ha collaborato a diverse correzioni per la corretta comunicazione tra IMTLazarus e il MDM Airwatch per iPad. <\/span><\/p>\n<p>[\/et_pb_blurb][\/et_pb_column][\/et_pb_row][et_pb_row column_structure=&#8221;1_4,3_4&#8243; _builder_version=&#8221;4.25.1&#8243; _module_preset=&#8221;default&#8221; custom_margin=&#8221;||30px||false|false&#8221; global_colors_info=&#8221;{}&#8221;][et_pb_column type=&#8221;1_4&#8243; _builder_version=&#8221;4.25.1&#8243; _module_preset=&#8221;default&#8221; global_colors_info=&#8221;{}&#8221;][et_pb_image src=&#8221;https:\/\/www.imtlazarus.com\/wp-content\/uploads\/logo-chrome.png&#8221; title_text=&#8221;logo-chrome&#8221; _builder_version=&#8221;4.25.1&#8243; _module_preset=&#8221;default&#8221; width=&#8221;150px&#8221; module_alignment=&#8221;center&#8221; global_colors_info=&#8221;{}&#8221;][\/et_pb_image][\/et_pb_column][et_pb_column type=&#8221;3_4&#8243; _builder_version=&#8221;4.25.1&#8243; _module_preset=&#8221;default&#8221; global_colors_info=&#8221;{}&#8221;][et_pb_blurb title=&#8221;Juan de Lanuza&#8221; content_max_width=&#8221;800px&#8221; _builder_version=&#8221;4.25.1&#8243; _module_preset=&#8221;default&#8221; header_font=&#8221;|700|||||||&#8221; header_font_size=&#8221;22px&#8221; global_colors_info=&#8221;{}&#8221;]<\/p>\n<p><span>Accordo per lo sviluppo del sistema di imaging per Chromebook nella licenza Integrator, al fine di poter disporre di un controllo storico degli schermi durante l&#8217;esecuzione degli esami.<\/span><\/p>\n<p>[\/et_pb_blurb][\/et_pb_column][\/et_pb_row][et_pb_row column_structure=&#8221;1_4,3_4&#8243; _builder_version=&#8221;4.25.1&#8243; _module_preset=&#8221;default&#8221; custom_margin=&#8221;||30px||false|false&#8221; global_colors_info=&#8221;{}&#8221;][et_pb_column type=&#8221;1_4&#8243; _builder_version=&#8221;4.25.1&#8243; _module_preset=&#8221;default&#8221; global_colors_info=&#8221;{}&#8221;][et_pb_image src=&#8221;https:\/\/www.imtlazarus.com\/wp-content\/uploads\/logo-apple.png&#8221; title_text=&#8221;logo-apple&#8221; _builder_version=&#8221;4.25.1&#8243; _module_preset=&#8221;default&#8221; width=&#8221;150px&#8221; module_alignment=&#8221;center&#8221; global_colors_info=&#8221;{}&#8221;][\/et_pb_image][\/et_pb_column][et_pb_column type=&#8221;3_4&#8243; _builder_version=&#8221;4.25.1&#8243; _module_preset=&#8221;default&#8221; global_colors_info=&#8221;{}&#8221;][et_pb_blurb title=&#8221;Escola Lleo XIII&#8221; content_max_width=&#8221;800px&#8221; _builder_version=&#8221;4.25.1&#8243; _module_preset=&#8221;default&#8221; header_font=&#8221;|700|||||||&#8221; header_font_size=&#8221;22px&#8221; global_colors_info=&#8221;{}&#8221;]<\/p>\n<p><span>Ha contribuito in modo significativo al miglioramento del MDM nativo di IMTLazarus per iPad, collaborando a tutti i controlli per correggere eventuali errori e inviarci dettagli.<\/span><\/p>\n<p>[\/et_pb_blurb][\/et_pb_column][\/et_pb_row][et_pb_row column_structure=&#8221;1_4,3_4&#8243; _builder_version=&#8221;4.25.1&#8243; _module_preset=&#8221;default&#8221; global_colors_info=&#8221;{}&#8221;][et_pb_column type=&#8221;1_4&#8243; _builder_version=&#8221;4.25.1&#8243; _module_preset=&#8221;default&#8221; global_colors_info=&#8221;{}&#8221;][et_pb_image src=&#8221;https:\/\/www.imtlazarus.com\/wp-content\/uploads\/logo-windows.png&#8221; title_text=&#8221;logo-windows&#8221; _builder_version=&#8221;4.25.1&#8243; _module_preset=&#8221;default&#8221; width=&#8221;150px&#8221; module_alignment=&#8221;center&#8221; global_colors_info=&#8221;{}&#8221;][\/et_pb_image][\/et_pb_column][et_pb_column type=&#8221;3_4&#8243; _builder_version=&#8221;4.25.1&#8243; _module_preset=&#8221;default&#8221; global_colors_info=&#8221;{}&#8221;][et_pb_blurb title=&#8221;British Council&#8221; content_max_width=&#8221;800px&#8221; _builder_version=&#8221;4.25.1&#8243; _module_preset=&#8221;default&#8221; header_font=&#8221;|700|||||||&#8221; header_font_size=&#8221;22px&#8221; global_colors_info=&#8221;{}&#8221;]<\/p>\n<p><span>Accordo per lo sviluppo del modello di condivisione multiutente su dispositivi Windows tramite Microsoft Intune e iPad tramite MDM Zuludesk\/Jamf School.<\/span><\/p>\n<p>[\/et_pb_blurb][\/et_pb_column][\/et_pb_row][\/et_pb_section]<\/p>\n","protected":false},"excerpt":{"rendered":"<p>Riconosciuti come Reference Schools quei centri per il loro particolare contributo allo sviluppo e all&#8217;evoluzione di IMTLazarus- I centri Reference School sfruttano le funzionalit\u00e0 pi\u00f9 innovative offerte da IMTLazarus.- Hanno collaborato in modo molto significativo ad almeno un&#8217;innovazione tecnologica che \u00e8 descritta di seguito.- Per la loro importante collaborazione sono stati riconosciuti come centri strategici [&hellip;]<\/p>\n","protected":false},"author":1,"featured_media":0,"parent":0,"menu_order":0,"comment_status":"closed","ping_status":"closed","template":"","meta":{"_et_pb_use_builder":"on","_et_pb_old_content":"","_et_gb_content_width":"","content-type":"","inline_featured_image":false,"footnotes":""},"class_list":["post-3708","page","type-page","status-publish","hentry"],"yoast_head":"<!-- This site is optimized with the Yoast SEO plugin v26.2 - https:\/\/yoast.com\/wordpress\/plugins\/seo\/ -->\n<title>Scuole di riferimento - IMTLazarus<\/title>\n<meta name=\"robots\" content=\"index, follow, max-snippet:-1, max-image-preview:large, max-video-preview:-1\" \/>\n<link rel=\"canonical\" href=\"https:\/\/www.imtlazarus.com\/it\/scuole-di-riferimento\/\" \/>\n<meta property=\"og:locale\" content=\"it_IT\" \/>\n<meta property=\"og:type\" content=\"article\" \/>\n<meta property=\"og:title\" content=\"Scuole di riferimento - IMTLazarus\" \/>\n<meta property=\"og:description\" content=\"Riconosciuti come Reference Schools quei centri per il loro particolare contributo allo sviluppo e all&#039;evoluzione di IMTLazarus- I centri Reference School sfruttano le funzionalit\u00e0 pi\u00f9 innovative offerte da IMTLazarus.- Hanno collaborato in modo molto significativo ad almeno un&#039;innovazione tecnologica che \u00e8 descritta di seguito.- Per la loro importante collaborazione sono stati riconosciuti come centri strategici [&hellip;]\" \/>\n<meta property=\"og:url\" content=\"https:\/\/www.imtlazarus.com\/it\/scuole-di-riferimento\/\" \/>\n<meta property=\"og:site_name\" content=\"IMTLazarus\" \/>\n<meta property=\"article:modified_time\" content=\"2026-01-21T09:42:40+00:00\" \/>\n<meta name=\"twitter:card\" content=\"summary_large_image\" \/>\n<meta name=\"twitter:label1\" content=\"Tempo di lettura stimato\" \/>\n\t<meta name=\"twitter:data1\" content=\"10 minuti\" \/>\n<script type=\"application\/ld+json\" class=\"yoast-schema-graph\">{\"@context\":\"https:\/\/schema.org\",\"@graph\":[{\"@type\":\"WebPage\",\"@id\":\"https:\/\/www.imtlazarus.com\/it\/scuole-di-riferimento\/\",\"url\":\"https:\/\/www.imtlazarus.com\/it\/scuole-di-riferimento\/\",\"name\":\"Scuole di riferimento - IMTLazarus\",\"isPartOf\":{\"@id\":\"https:\/\/www.imtlazarus.com\/#website\"},\"datePublished\":\"2024-04-28T13:36:59+00:00\",\"dateModified\":\"2026-01-21T09:42:40+00:00\",\"breadcrumb\":{\"@id\":\"https:\/\/www.imtlazarus.com\/it\/scuole-di-riferimento\/#breadcrumb\"},\"inLanguage\":\"it-IT\",\"potentialAction\":[{\"@type\":\"ReadAction\",\"target\":[\"https:\/\/www.imtlazarus.com\/it\/scuole-di-riferimento\/\"]}]},{\"@type\":\"BreadcrumbList\",\"@id\":\"https:\/\/www.imtlazarus.com\/it\/scuole-di-riferimento\/#breadcrumb\",\"itemListElement\":[{\"@type\":\"ListItem\",\"position\":1,\"name\":\"Portada\",\"item\":\"https:\/\/www.imtlazarus.com\/\"},{\"@type\":\"ListItem\",\"position\":2,\"name\":\"Scuole di riferimento\"}]},{\"@type\":\"WebSite\",\"@id\":\"https:\/\/www.imtlazarus.com\/#website\",\"url\":\"https:\/\/www.imtlazarus.com\/\",\"name\":\"IMTLazarus\",\"description\":\"\",\"potentialAction\":[{\"@type\":\"SearchAction\",\"target\":{\"@type\":\"EntryPoint\",\"urlTemplate\":\"https:\/\/www.imtlazarus.com\/?s={search_term_string}\"},\"query-input\":{\"@type\":\"PropertyValueSpecification\",\"valueRequired\":true,\"valueName\":\"search_term_string\"}}],\"inLanguage\":\"it-IT\"}]}<\/script>\n<!-- \/ Yoast SEO plugin. -->","yoast_head_json":{"title":"Scuole di riferimento - IMTLazarus","robots":{"index":"index","follow":"follow","max-snippet":"max-snippet:-1","max-image-preview":"max-image-preview:large","max-video-preview":"max-video-preview:-1"},"canonical":"https:\/\/www.imtlazarus.com\/it\/scuole-di-riferimento\/","og_locale":"it_IT","og_type":"article","og_title":"Scuole di riferimento - IMTLazarus","og_description":"Riconosciuti come Reference Schools quei centri per il loro particolare contributo allo sviluppo e all'evoluzione di IMTLazarus- I centri Reference School sfruttano le funzionalit\u00e0 pi\u00f9 innovative offerte da IMTLazarus.- Hanno collaborato in modo molto significativo ad almeno un'innovazione tecnologica che \u00e8 descritta di seguito.- Per la loro importante collaborazione sono stati riconosciuti come centri strategici [&hellip;]","og_url":"https:\/\/www.imtlazarus.com\/it\/scuole-di-riferimento\/","og_site_name":"IMTLazarus","article_modified_time":"2026-01-21T09:42:40+00:00","twitter_card":"summary_large_image","twitter_misc":{"Tempo di lettura stimato":"10 minuti"},"schema":{"@context":"https:\/\/schema.org","@graph":[{"@type":"WebPage","@id":"https:\/\/www.imtlazarus.com\/it\/scuole-di-riferimento\/","url":"https:\/\/www.imtlazarus.com\/it\/scuole-di-riferimento\/","name":"Scuole di riferimento - IMTLazarus","isPartOf":{"@id":"https:\/\/www.imtlazarus.com\/#website"},"datePublished":"2024-04-28T13:36:59+00:00","dateModified":"2026-01-21T09:42:40+00:00","breadcrumb":{"@id":"https:\/\/www.imtlazarus.com\/it\/scuole-di-riferimento\/#breadcrumb"},"inLanguage":"it-IT","potentialAction":[{"@type":"ReadAction","target":["https:\/\/www.imtlazarus.com\/it\/scuole-di-riferimento\/"]}]},{"@type":"BreadcrumbList","@id":"https:\/\/www.imtlazarus.com\/it\/scuole-di-riferimento\/#breadcrumb","itemListElement":[{"@type":"ListItem","position":1,"name":"Portada","item":"https:\/\/www.imtlazarus.com\/"},{"@type":"ListItem","position":2,"name":"Scuole di riferimento"}]},{"@type":"WebSite","@id":"https:\/\/www.imtlazarus.com\/#website","url":"https:\/\/www.imtlazarus.com\/","name":"IMTLazarus","description":"","potentialAction":[{"@type":"SearchAction","target":{"@type":"EntryPoint","urlTemplate":"https:\/\/www.imtlazarus.com\/?s={search_term_string}"},"query-input":{"@type":"PropertyValueSpecification","valueRequired":true,"valueName":"search_term_string"}}],"inLanguage":"it-IT"}]}},"_links":{"self":[{"href":"https:\/\/www.imtlazarus.com\/it\/wp-json\/wp\/v2\/pages\/3708","targetHints":{"allow":["GET"]}}],"collection":[{"href":"https:\/\/www.imtlazarus.com\/it\/wp-json\/wp\/v2\/pages"}],"about":[{"href":"https:\/\/www.imtlazarus.com\/it\/wp-json\/wp\/v2\/types\/page"}],"author":[{"embeddable":true,"href":"https:\/\/www.imtlazarus.com\/it\/wp-json\/wp\/v2\/users\/1"}],"replies":[{"embeddable":true,"href":"https:\/\/www.imtlazarus.com\/it\/wp-json\/wp\/v2\/comments?post=3708"}],"version-history":[{"count":2,"href":"https:\/\/www.imtlazarus.com\/it\/wp-json\/wp\/v2\/pages\/3708\/revisions"}],"predecessor-version":[{"id":3710,"href":"https:\/\/www.imtlazarus.com\/it\/wp-json\/wp\/v2\/pages\/3708\/revisions\/3710"}],"wp:attachment":[{"href":"https:\/\/www.imtlazarus.com\/it\/wp-json\/wp\/v2\/media?parent=3708"}],"curies":[{"name":"wp","href":"https:\/\/api.w.org\/{rel}","templated":true}]}}